{"id":199,"date":"2023-02-01T00:11:30","date_gmt":"2023-01-31T22:11:30","guid":{"rendered":"https:\/\/www.ub.edu\/FAAST\/?page_id=199"},"modified":"2025-11-16T21:47:37","modified_gmt":"2025-11-16T19:47:37","slug":"visiting-students","status":"publish","type":"page","link":"https:\/\/www.ub.edu\/FAAST\/index.php\/home\/training\/visiting-students\/","title":{"rendered":"VISITING STUDENTS"},"content":{"rendered":"\t\t<div data-elementor-type=\"wp-page\" data-elementor-id=\"199\" class=\"elementor elementor-199\">\n\t\t\t\t\t\t<section class=\"elementor-section elementor-top-section elementor-element elementor-element-1126298 elementor-section-boxed elementor-section-height-default elementor-section-height-default\" data-id=\"1126298\" data-element_type=\"section\">\n\t\t\t\t\t\t<div class=\"elementor-container elementor-column-gap-default\">\n\t\t\t\t\t<div class=\"elementor-column elementor-col-100 elementor-top-column elementor-element elementor-element-1f9ab23\" data-id=\"1f9ab23\" data-element_type=\"column\">\n\t\t\t<div class=\"elementor-widget-wrap elementor-element-populated\">\n\t\t\t\t\t\t<div class=\"elementor-element elementor-element-f41f148 elementor-widget elementor-widget-heading\" data-id=\"f41f148\" data-element_type=\"widget\" data-widget_type=\"heading.default\">\n\t\t\t\t<div class=\"elementor-widget-container\">\n\t\t\t\t\t<h2 class=\"elementor-heading-title elementor-size-default\">VISITING STUDENTS<\/h2>\t\t\t\t<\/div>\n\t\t\t\t<\/div>\n\t\t\t\t\t<\/div>\n\t\t<\/div>\n\t\t\t\t\t<\/div>\n\t\t<\/section>\n\t\t\t\t<section class=\"elementor-section elementor-top-section elementor-element elementor-element-769a504 elementor-section-boxed elementor-section-height-default elementor-section-height-default\" data-id=\"769a504\" data-element_type=\"section\">\n\t\t\t\t\t\t<div class=\"elementor-container elementor-column-gap-default\">\n\t\t\t\t\t<div class=\"elementor-column elementor-col-100 elementor-top-column elementor-element elementor-element-b3f75e1\" data-id=\"b3f75e1\" data-element_type=\"column\">\n\t\t\t<div class=\"elementor-widget-wrap elementor-element-populated\">\n\t\t\t\t\t\t<div class=\"elementor-element elementor-element-d65c322 elementor-widget elementor-widget-text-editor\" data-id=\"d65c322\" data-element_type=\"widget\" data-widget_type=\"text-editor.default\">\n\t\t\t\t<div class=\"elementor-widget-container\">\n\t\t\t\t\t\t\t\t\t<ul><li><strong>Ma\u00eblle Gasnier,<\/strong> SIGMA Clermont (Aubiere, France), May\u2013September 2025<br \/><br \/><\/li><li><strong>Mihaela \u0160mic,<\/strong> Faculty of Food Technology and Biotechnology. University of Zagreb (Zagreb, Croatia), March\u2013September 2025<br \/><br \/><\/li><li><strong>Pavel \u0160mak<\/strong>, Masaryk University (Brno, Czech Republic), June\u2013July 2025<br \/><br \/><\/li><li><strong>Wararat Sriprapat<\/strong>, Agricultural Biotechnology Research Group, Department of Agriculture (Thailand), September\u2013November 2025<br \/><br \/><\/li><li><strong>Fleur de Krijger<\/strong>, Avans University of Applied Sciences (The Netherlands), September 2024 \u2013 January 2025<br \/><br \/><\/li><li><strong>Niloufar Keivani, <\/strong>Universidad de Napoles Federico II (Italy), October 2023-March 2024<br \/><br \/><\/li><li><strong>Jared Mauricio L\u00f3pez T\u00e9llez<\/strong>, Universidad Nacional Aut\u00f3moa de M\u00e9xico (UNAM), (M\u00e9xico), September 2023-January 2024<br \/><br \/><\/li><li><strong>Ver\u00f3nica Ramos<\/strong> , Universitat Polit\u00e8cnica de Catalunya and Universidad Sim\u00f3n Bol\u00edvar (Venezuela),\u00a0 September 2022 \u2013 February 2023\u00a0\u00a0<br \/><br \/><\/li><li><strong>Thom Romers<\/strong>, Avans University of Applied Sciences (The Netherlands), September 2022 \u2013 February 2023<br \/><br \/><\/li><li><strong>Milena Vermeer<\/strong>, Technische Universit\u00e4t Braunschweig (Germany), April-July 2022<br \/><br \/><\/li><li><strong>Jennifer Dolghii<\/strong>, Technological University Dublin (Ireland), February-July 2022<br \/><br \/><\/li><li><strong>Eleonora Oliva<\/strong>, University de Teramo (Italy), March-July 2022<br \/><br \/><\/li><li><strong>Lenka Kubinyiov\u00e1<\/strong>, Masaryk University in Brno (Czech Republic), February-June 2022<br \/><br \/><\/li><li><strong>Alena Dole\u017ealov\u00e1<\/strong>, Masaryk University in Brno (Czech Republic) April 2022<br \/><br \/><\/li><li><strong>Niamh Bennett<\/strong>, Technological University Dublin (Ireland), March-July 2021<\/li><\/ul>\t\t\t\t\t\t\t\t<\/div>\n\t\t\t\t<\/div>\n\t\t\t\t\t<\/div>\n\t\t<\/div>\n\t\t\t\t\t<\/div>\n\t\t<\/section>\n\t\t\t\t<\/div>\n\t\t","protected":false},"excerpt":{"rendered":"<p>VISITING STUDENTS Ma\u00eblle Gasnier, SIGMA Clermont (Aubiere, France), May\u2013September 2025 Mihaela \u0160mic, Faculty of Food Technology and Biotechnology. University of Zagreb (Zagreb, Croatia), March\u2013September 2025 Pavel \u0160mak, Masaryk University (Brno, Czech Republic), June\u2013July 2025 Wararat Sriprapat, Agricultural Biotechnology Research Group, Department of Agriculture (Thailand), September\u2013November 2025 Fleur de Krijger, Avans University of Applied Sciences (The &hellip;<\/p>\n<p class=\"read-more\"> <a class=\"\" href=\"https:\/\/www.ub.edu\/FAAST\/index.php\/home\/training\/visiting-students\/\"> <span class=\"screen-reader-text\">VISITING STUDENTS<\/span> Llegeix m\u00e9s &raquo;<\/a><\/p>\n","protected":false},"author":2,"featured_media":0,"parent":39,"menu_order":4,"comment_status":"closed","ping_status":"closed","template":"","meta":{"site-sidebar-layout":"no-sidebar","site-content-layout":"page-builder","ast-global-header-display":"","ast-main-header-display":"","ast-hfb-above-header-display":"","ast-hfb-below-header-display":"","ast-hfb-mobile-header-display":"","site-post-title":"disabled","ast-breadcrumbs-content":"","ast-featured-img":"disabled","footer-sml-layout":"","theme-transparent-header-meta":"","adv-header-id-meta":"","stick-header-meta":"","header-above-stick-meta":"","header-main-stick-meta":"","header-below-stick-meta":"","footnotes":""},"class_list":["post-199","page","type-page","status-publish","hentry"],"_links":{"self":[{"href":"https:\/\/www.ub.edu\/FAAST\/index.php\/wp-json\/wp\/v2\/pages\/199","targetHints":{"allow":["GET"]}}],"collection":[{"href":"https:\/\/www.ub.edu\/FAAST\/index.php\/wp-json\/wp\/v2\/pages"}],"about":[{"href":"https:\/\/www.ub.edu\/FAAST\/index.php\/wp-json\/wp\/v2\/types\/page"}],"author":[{"embeddable":true,"href":"https:\/\/www.ub.edu\/FAAST\/index.php\/wp-json\/wp\/v2\/users\/2"}],"replies":[{"embeddable":true,"href":"https:\/\/www.ub.edu\/FAAST\/index.php\/wp-json\/wp\/v2\/comments?post=199"}],"version-history":[{"count":22,"href":"https:\/\/www.ub.edu\/FAAST\/index.php\/wp-json\/wp\/v2\/pages\/199\/revisions"}],"predecessor-version":[{"id":1248,"href":"https:\/\/www.ub.edu\/FAAST\/index.php\/wp-json\/wp\/v2\/pages\/199\/revisions\/1248"}],"up":[{"embeddable":true,"href":"https:\/\/www.ub.edu\/FAAST\/index.php\/wp-json\/wp\/v2\/pages\/39"}],"wp:attachment":[{"href":"https:\/\/www.ub.edu\/FAAST\/index.php\/wp-json\/wp\/v2\/media?parent=199"}],"curies":[{"name":"wp","href":"https:\/\/api.w.org\/{rel}","templated":true}]}}