{"id":66,"date":"2023-01-26T17:43:48","date_gmt":"2023-01-26T15:43:48","guid":{"rendered":"https:\/\/www.ub.edu\/FAAST\/?page_id=66"},"modified":"2023-01-27T23:12:11","modified_gmt":"2023-01-27T21:12:11","slug":"estils-elementor","status":"publish","type":"page","link":"https:\/\/www.ub.edu\/FAAST\/index.php\/estils-elementor\/","title":{"rendered":"Estils Elementor"},"content":{"rendered":"\t\t<div data-elementor-type=\"wp-page\" data-elementor-id=\"66\" class=\"elementor elementor-66\">\n\t\t\t\t\t\t<section class=\"elementor-section elementor-top-section elementor-element elementor-element-52bcda1 elementor-section-boxed elementor-section-height-default elementor-section-height-default\" data-id=\"52bcda1\" data-element_type=\"section\">\n\t\t\t\t\t\t<div class=\"elementor-container elementor-column-gap-default\">\n\t\t\t\t\t<div class=\"elementor-column elementor-col-100 elementor-top-column elementor-element elementor-element-a059c95\" data-id=\"a059c95\" data-element_type=\"column\">\n\t\t\t<div class=\"elementor-widget-wrap elementor-element-populated\">\n\t\t\t\t\t\t<div class=\"elementor-element elementor-element-cfec226 elementor-widget elementor-widget-heading\" data-id=\"cfec226\" data-element_type=\"widget\" data-widget_type=\"heading.default\">\n\t\t\t\t<div class=\"elementor-widget-container\">\n\t\t\t\t\t<h2 class=\"elementor-heading-title elementor-size-default\">T\u00edtol Principal<\/h2>\t\t\t\t<\/div>\n\t\t\t\t<\/div>\n\t\t\t\t\t<\/div>\n\t\t<\/div>\n\t\t\t\t\t<\/div>\n\t\t<\/section>\n\t\t\t\t<section class=\"elementor-section elementor-top-section elementor-element elementor-element-800b507 elementor-section-boxed elementor-section-height-default elementor-section-height-default\" data-id=\"800b507\" data-element_type=\"section\">\n\t\t\t\t\t\t<div class=\"elementor-container elementor-column-gap-default\">\n\t\t\t\t\t<div class=\"elementor-column elementor-col-100 elementor-top-column elementor-element elementor-element-490ad64\" data-id=\"490ad64\" data-element_type=\"column\">\n\t\t\t<div class=\"elementor-widget-wrap elementor-element-populated\">\n\t\t\t\t\t\t<div class=\"elementor-element elementor-element-ed8b6b2 elementor-widget elementor-widget-heading\" data-id=\"ed8b6b2\" data-element_type=\"widget\" data-widget_type=\"heading.default\">\n\t\t\t\t<div class=\"elementor-widget-container\">\n\t\t\t\t\t<h3 class=\"elementor-heading-title elementor-size-default\">Subt\u00edtol<\/h3>\t\t\t\t<\/div>\n\t\t\t\t<\/div>\n\t\t\t\t\t<\/div>\n\t\t<\/div>\n\t\t\t\t\t<\/div>\n\t\t<\/section>\n\t\t\t\t<section class=\"elementor-section elementor-top-section elementor-element elementor-element-4f9348e elementor-section-boxed elementor-section-height-default elementor-section-height-default\" data-id=\"4f9348e\" data-element_type=\"section\">\n\t\t\t\t\t\t<div class=\"elementor-container elementor-column-gap-default\">\n\t\t\t\t\t<div class=\"elementor-column elementor-col-100 elementor-top-column elementor-element elementor-element-5ced0b8\" data-id=\"5ced0b8\" data-element_type=\"column\">\n\t\t\t<div class=\"elementor-widget-wrap elementor-element-populated\">\n\t\t\t\t\t\t<div class=\"elementor-element elementor-element-4b3a0e8 elementor-widget elementor-widget-heading\" data-id=\"4b3a0e8\" data-element_type=\"widget\" data-widget_type=\"heading.default\">\n\t\t\t\t<div class=\"elementor-widget-container\">\n\t\t\t\t\t<h4 class=\"elementor-heading-title elementor-size-default\">Subt\u00edtol 2<\/h4>\t\t\t\t<\/div>\n\t\t\t\t<\/div>\n\t\t\t\t\t<\/div>\n\t\t<\/div>\n\t\t\t\t\t<\/div>\n\t\t<\/section>\n\t\t\t\t<section class=\"elementor-section elementor-top-section elementor-element elementor-element-4c22db4 elementor-section-boxed elementor-section-height-default elementor-section-height-default\" data-id=\"4c22db4\" data-element_type=\"section\">\n\t\t\t\t\t\t<div class=\"elementor-container elementor-column-gap-default\">\n\t\t\t\t\t<div class=\"elementor-column elementor-col-100 elementor-top-column elementor-element elementor-element-519c3f3\" data-id=\"519c3f3\" data-element_type=\"column\">\n\t\t\t<div class=\"elementor-widget-wrap elementor-element-populated\">\n\t\t\t\t\t\t<div class=\"elementor-element elementor-element-516dc29 elementor-widget elementor-widget-button\" data-id=\"516dc29\" data-element_type=\"widget\" data-widget_type=\"button.default\">\n\t\t\t\t<div class=\"elementor-widget-container\">\n\t\t\t\t\t\t\t\t\t<div class=\"elementor-button-wrapper\">\n\t\t\t\t\t<a class=\"elementor-button elementor-button-link elementor-size-xs\" href=\"#\">\n\t\t\t\t\t\t<span class=\"elementor-button-content-wrapper\">\n\t\t\t\t\t\t\t\t\t<span class=\"elementor-button-text\">Bot\u00f3 Clar<\/span>\n\t\t\t\t\t<\/span>\n\t\t\t\t\t<\/a>\n\t\t\t\t<\/div>\n\t\t\t\t\t\t\t\t<\/div>\n\t\t\t\t<\/div>\n\t\t\t\t\t<\/div>\n\t\t<\/div>\n\t\t\t\t\t<\/div>\n\t\t<\/section>\n\t\t\t\t<section class=\"elementor-section elementor-top-section elementor-element elementor-element-171085d elementor-section-boxed elementor-section-height-default elementor-section-height-default\" data-id=\"171085d\" data-element_type=\"section\">\n\t\t\t\t\t\t<div class=\"elementor-container elementor-column-gap-default\">\n\t\t\t\t\t<div class=\"elementor-column elementor-col-100 elementor-top-column elementor-element elementor-element-cc25b8e\" data-id=\"cc25b8e\" data-element_type=\"column\">\n\t\t\t<div class=\"elementor-widget-wrap elementor-element-populated\">\n\t\t\t\t\t\t<div class=\"elementor-element elementor-element-4135c48 elementor-widget elementor-widget-image\" data-id=\"4135c48\" data-element_type=\"widget\" data-widget_type=\"image.default\">\n\t\t\t\t<div class=\"elementor-widget-container\">\n\t\t\t\t\t\t\t\t\t\t\t\t\t\t\t<img decoding=\"async\" src=\"https:\/\/www.ub.edu\/FAAST\/wp-content\/uploads\/2023\/01\/Lago-Moraine-Parque-Nacional-Banff-Alberta-Canada.jpg\" title=\"\" alt=\"\" loading=\"lazy\" \/>\t\t\t\t\t\t\t\t\t\t\t\t\t\t\t<\/div>\n\t\t\t\t<\/div>\n\t\t\t\t\t<\/div>\n\t\t<\/div>\n\t\t\t\t\t<\/div>\n\t\t<\/section>\n\t\t\t\t<section class=\"elementor-section elementor-top-section elementor-element elementor-element-6c693ed elementor-section-boxed elementor-section-height-default elementor-section-height-default\" data-id=\"6c693ed\" data-element_type=\"section\">\n\t\t\t\t\t\t<div class=\"elementor-container elementor-column-gap-default\">\n\t\t\t\t\t<div class=\"elementor-column elementor-col-100 elementor-top-column elementor-element elementor-element-ca07025\" data-id=\"ca07025\" data-element_type=\"column\">\n\t\t\t<div class=\"elementor-widget-wrap elementor-element-populated\">\n\t\t\t\t\t\t<div class=\"elementor-element elementor-element-1a99715 elementor-widget elementor-widget-text-editor\" data-id=\"1a99715\" data-element_type=\"widget\" data-widget_type=\"text-editor.default\">\n\t\t\t\t<div class=\"elementor-widget-container\">\n\t\t\t\t\t\t\t\t\t<p>Lorem ipsum dolor sit amet, consectetur adipiscing elit. In sed mauris lectus. Donec pellentesque tristique congue. Suspendisse sed ante vehicula, venenatis leo vel, sodales arcu. Suspendisse in sem nec velit fermentum pretium sed at lacus. Aliquam erat volutpat. Donec ac risus eu ex finibus blandit. Donec eleifend orci tempor ultrices tincidunt. Nam vel tortor placerat mauris hendrerit venenatis. Lorem ipsum dolor sit amet, consectetur adipiscing elit.<\/p><p>Donec posuere enim libero, molestie aliquam quam accumsan a. Morbi molestie purus quis elit mattis, finibus varius sem aliquam. Pellentesque blandit, est ac volutpat ultricies, elit diam facilisis sem, in bibendum velit neque quis justo. Nam in mollis erat, quis mattis mi. Etiam felis nunc, semper nec sem eget, luctus pulvinar lectus. Integer condimentum volutpat lacinia. Phasellus finibus tellus non imperdiet consectetur. Vivamus enim odio, pharetra id tempus eu, convallis id leo. Nullam ac tortor dolor. Suspendisse magna felis, imperdiet eget augue non, tempor placerat felis.<\/p><p>Duis euismod eu nisl vel tempus. Sed dictum imperdiet dictum. Nunc placerat orci vel pretium euismod. Maecenas dignissim laoreet luctus. Duis bibendum tortor massa, eget dictum augue consequat tristique. Aliquam aliquam erat vitae neque aliquet pulvinar. Mauris posuere semper arcu nec efficitur. Pellentesque ut imperdiet nunc.<\/p><p>Orci varius natoque penatibus et magnis dis parturient montes, nascetur ridiculus mus. Ut lacinia ipsum nec consequat dapibus. Vestibulum posuere, risus suscipit gravida bibendum, orci ligula laoreet ipsum, vitae efficitur enim ligula at felis. Curabitur gravida diam mattis lacus dapibus tristique. Nunc ex mauris, condimentum a fermentum non, sodales a lectus. Proin convallis neque eget cursus viverra. Aliquam hendrerit bibendum metus, nec laoreet orci vehicula nec.<\/p>\t\t\t\t\t\t\t\t<\/div>\n\t\t\t\t<\/div>\n\t\t\t\t\t<\/div>\n\t\t<\/div>\n\t\t\t\t\t<\/div>\n\t\t<\/section>\n\t\t\t\t<\/div>\n\t\t","protected":false},"excerpt":{"rendered":"<p>T\u00edtol Principal Subt\u00edtol Subt\u00edtol 2 Bot\u00f3 Clar Lorem ipsum dolor sit amet, consectetur adipiscing elit. In sed mauris lectus. Donec pellentesque tristique congue. Suspendisse sed ante vehicula, venenatis leo vel, sodales arcu. Suspendisse in sem nec velit fermentum pretium sed at lacus. Aliquam erat volutpat. Donec ac risus eu ex finibus blandit. Donec eleifend orci &hellip;<\/p>\n<p class=\"read-more\"> <a class=\"\" href=\"https:\/\/www.ub.edu\/FAAST\/index.php\/estils-elementor\/\"> <span class=\"screen-reader-text\">Estils Elementor<\/span> Llegeix m\u00e9s &raquo;<\/a><\/p>\n","protected":false},"author":2,"featured_media":0,"parent":0,"menu_order":0,"comment_status":"closed","ping_status":"closed","template":"","meta":{"site-sidebar-layout":"no-sidebar","site-content-layout":"page-builder","ast-global-header-display":"","ast-main-header-display":"","ast-hfb-above-header-display":"","ast-hfb-below-header-display":"","ast-hfb-mobile-header-display":"","site-post-title":"disabled","ast-breadcrumbs-content":"","ast-featured-img":"disabled","footer-sml-layout":"","theme-transparent-header-meta":"","adv-header-id-meta":"","stick-header-meta":"","header-above-stick-meta":"","header-main-stick-meta":"","header-below-stick-meta":"","footnotes":""},"class_list":["post-66","page","type-page","status-publish","hentry"],"_links":{"self":[{"href":"https:\/\/www.ub.edu\/FAAST\/index.php\/wp-json\/wp\/v2\/pages\/66","targetHints":{"allow":["GET"]}}],"collection":[{"href":"https:\/\/www.ub.edu\/FAAST\/index.php\/wp-json\/wp\/v2\/pages"}],"about":[{"href":"https:\/\/www.ub.edu\/FAAST\/index.php\/wp-json\/wp\/v2\/types\/page"}],"author":[{"embeddable":true,"href":"https:\/\/www.ub.edu\/FAAST\/index.php\/wp-json\/wp\/v2\/users\/2"}],"replies":[{"embeddable":true,"href":"https:\/\/www.ub.edu\/FAAST\/index.php\/wp-json\/wp\/v2\/comments?post=66"}],"version-history":[{"count":16,"href":"https:\/\/www.ub.edu\/FAAST\/index.php\/wp-json\/wp\/v2\/pages\/66\/revisions"}],"predecessor-version":[{"id":154,"href":"https:\/\/www.ub.edu\/FAAST\/index.php\/wp-json\/wp\/v2\/pages\/66\/revisions\/154"}],"wp:attachment":[{"href":"https:\/\/www.ub.edu\/FAAST\/index.php\/wp-json\/wp\/v2\/media?parent=66"}],"curies":[{"name":"wp","href":"https:\/\/api.w.org\/{rel}","templated":true}]}}