{"id":22,"date":"2014-02-21T19:33:02","date_gmt":"2014-02-21T19:33:02","guid":{"rendered":"http:\/\/webfe05.ird.ub.es\/GEV\/?page_id=22"},"modified":"2020-02-04T11:01:08","modified_gmt":"2020-02-04T11:01:08","slug":"contacte","status":"publish","type":"page","link":"https:\/\/www.ub.edu\/GEV\/contacte\/","title":{"rendered":"Contacte"},"content":{"rendered":"<p><strong>Podeu fer-nos arribar qualsevol consulta o observaci\u00f3 mitjan\u00e7ant aquest formulari de contacte amb les vostres dades.<\/strong><\/p>\n\n<div class=\"wpcf7 no-js\" id=\"wpcf7-f218-o1\" lang=\"ca\" dir=\"ltr\" data-wpcf7-id=\"218\">\n<div class=\"screen-reader-response\"><p role=\"status\" aria-live=\"polite\" aria-atomic=\"true\"><\/p> <ul><\/ul><\/div>\n<form action=\"\/GEV\/wp-json\/wp\/v2\/pages\/22#wpcf7-f218-o1\" method=\"post\" class=\"wpcf7-form init\" aria-label=\"Formulari de contacte\" novalidate=\"novalidate\" data-status=\"init\">\n<fieldset class=\"hidden-fields-container\"><input type=\"hidden\" name=\"_wpcf7\" value=\"218\" \/><input type=\"hidden\" name=\"_wpcf7_version\" value=\"6.1.5\" \/><input type=\"hidden\" name=\"_wpcf7_locale\" value=\"ca\" \/><input type=\"hidden\" name=\"_wpcf7_unit_tag\" value=\"wpcf7-f218-o1\" \/><input type=\"hidden\" name=\"_wpcf7_container_post\" value=\"0\" \/><input type=\"hidden\" name=\"_wpcf7_posted_data_hash\" value=\"\" \/>\n<\/fieldset>\n<p>El vostre nom (obligatori)\n<\/p>\n<p><span class=\"wpcf7-form-control-wrap\" data-name=\"your-name\"><input size=\"40\" maxlength=\"400\" class=\"wpcf7-form-control wpcf7-text wpcf7-validates-as-required\" aria-required=\"true\" aria-invalid=\"false\" value=\"\" type=\"text\" name=\"your-name\" \/><\/span>\n<\/p>\n<p>El vostre correu (obligatori)\n<\/p>\n<p><span class=\"wpcf7-form-control-wrap\" data-name=\"your-email\"><input size=\"40\" maxlength=\"400\" class=\"wpcf7-form-control wpcf7-email wpcf7-validates-as-required wpcf7-text wpcf7-validates-as-email\" aria-required=\"true\" aria-invalid=\"false\" value=\"\" type=\"email\" name=\"your-email\" \/><\/span>\n<\/p>\n<p>Assumpte\n<\/p>\n<p><span class=\"wpcf7-form-control-wrap\" data-name=\"your-subject\"><input size=\"40\" maxlength=\"400\" class=\"wpcf7-form-control wpcf7-text\" aria-invalid=\"false\" value=\"\" type=\"text\" name=\"your-subject\" \/><\/span>\n<\/p>\n<p>El vostre missatge\n<\/p>\n<p><span class=\"wpcf7-form-control-wrap\" data-name=\"your-message\"><textarea cols=\"40\" rows=\"10\" maxlength=\"2000\" class=\"wpcf7-form-control wpcf7-textarea\" aria-invalid=\"false\" name=\"your-message\"><\/textarea><\/span>\n<\/p>\n<p>Les dades de car\u00e0cter personal facilitades seran tractades nom\u00e9s amb finalitat de donar resposta a la vostra sol\u00b7licitud. En cap cas se cediran a tercers. Per qualsevol dubte, podeu contactar mitjan\u00e7ant correu electr\u00f2nic a la seg\u00fcent adre\u00e7a: fil-secretaria@ub.edu. Per m\u00e9s informaci\u00f3, podeu consultar la <a href=\"https:\/\/www.ub.edu\/web\/portal\/ca\/legal\">Pol\u00edtica de Privacitat de la Universitat de Barcelona<\/a>\n<\/p>\n<p><span class=\"wpcf7-form-control-wrap\" data-name=\"acceptance-243\"><span class=\"wpcf7-form-control wpcf7-acceptance\"><span class=\"wpcf7-list-item\"><input type=\"checkbox\" name=\"acceptance-243\" value=\"1\" aria-invalid=\"false\" \/><\/span><\/span><\/span> He llegit i accepto la <a href=\"https:\/\/www.ub.edu\/web\/portal\/ca\/legal\">Pol\u00edtica de Privacitat de la Universitat de Barcelona<\/a>\n<\/p>\n<p><input class=\"wpcf7-form-control wpcf7-submit has-spinner\" type=\"submit\" value=\"Envia\" \/>\n<\/p><p style=\"display: none !important;\" class=\"akismet-fields-container\" data-prefix=\"_wpcf7_ak_\"><label>&#916;<textarea name=\"_wpcf7_ak_hp_textarea\" cols=\"45\" rows=\"8\" maxlength=\"100\"><\/textarea><\/label><input type=\"hidden\" id=\"ak_js_1\" name=\"_wpcf7_ak_js\" value=\"78\"\/><script>document.getElementById( \"ak_js_1\" ).setAttribute( \"value\", ( new Date() ).getTime() );<\/script><\/p><div class=\"wpcf7-response-output\" aria-hidden=\"true\"><\/div>\n<\/form>\n<\/div>\n\n","protected":false},"excerpt":{"rendered":"<p>Podeu fer-nos arribar qualsevol consulta o observaci\u00f3 mitjan\u00e7ant aquest formulari de contacte amb les vostres dades.<\/p>\n","protected":false},"author":1,"featured_media":0,"parent":0,"menu_order":0,"comment_status":"closed","ping_status":"open","template":"","meta":{"footnotes":""},"class_list":["post-22","page","type-page","status-publish","hentry"],"_links":{"self":[{"href":"https:\/\/www.ub.edu\/GEV\/wp-json\/wp\/v2\/pages\/22","targetHints":{"allow":["GET"]}}],"collection":[{"href":"https:\/\/www.ub.edu\/GEV\/wp-json\/wp\/v2\/pages"}],"about":[{"href":"https:\/\/www.ub.edu\/GEV\/wp-json\/wp\/v2\/types\/page"}],"author":[{"embeddable":true,"href":"https:\/\/www.ub.edu\/GEV\/wp-json\/wp\/v2\/users\/1"}],"replies":[{"embeddable":true,"href":"https:\/\/www.ub.edu\/GEV\/wp-json\/wp\/v2\/comments?post=22"}],"version-history":[{"count":4,"href":"https:\/\/www.ub.edu\/GEV\/wp-json\/wp\/v2\/pages\/22\/revisions"}],"predecessor-version":[{"id":219,"href":"https:\/\/www.ub.edu\/GEV\/wp-json\/wp\/v2\/pages\/22\/revisions\/219"}],"wp:attachment":[{"href":"https:\/\/www.ub.edu\/GEV\/wp-json\/wp\/v2\/media?parent=22"}],"curies":[{"name":"wp","href":"https:\/\/api.w.org\/{rel}","templated":true}]}}