{"id":362,"date":"2017-05-05T12:43:37","date_gmt":"2017-05-05T12:43:37","guid":{"rendered":"http:\/\/www.ub.edu\/GEV\/?page_id=362"},"modified":"2026-04-14T13:41:30","modified_gmt":"2026-04-14T13:41:30","slug":"publicacions","status":"publish","type":"page","link":"https:\/\/www.ub.edu\/GEV\/publicacions\/","title":{"rendered":"Publicacions"},"content":{"rendered":"\t\t<div data-elementor-type=\"wp-page\" data-elementor-id=\"362\" class=\"elementor elementor-362\">\n\t\t\t\t\t\t<section class=\"elementor-section elementor-top-section elementor-element elementor-element-1d94d2fc elementor-section-boxed elementor-section-height-default elementor-section-height-default\" data-id=\"1d94d2fc\" data-element_type=\"section\" data-e-type=\"section\">\n\t\t\t\t\t\t<div class=\"elementor-container elementor-column-gap-default\">\n\t\t\t\t\t<div class=\"elementor-column elementor-col-100 elementor-top-column elementor-element elementor-element-6130c2c8\" data-id=\"6130c2c8\" data-element_type=\"column\" data-e-type=\"column\">\n\t\t\t<div class=\"elementor-widget-wrap elementor-element-populated\">\n\t\t\t\t\t\t<div class=\"elementor-element elementor-element-2dac805c elementor-widget elementor-widget-text-editor\" data-id=\"2dac805c\" data-element_type=\"widget\" data-e-type=\"widget\" data-widget_type=\"text-editor.default\">\n\t\t\t\t<div class=\"elementor-widget-container\">\n\t\t\t\t\t\t\t\t\t<p>Podeu accedir a la col\u00b7lecci\u00f3 de publicacions de ling\u00fc\u00edstica catalana a la p\u00e0gina <a href=\"https:\/\/www.edicions.ub.edu\/colleccio\/linguistica-catalana\">Edicions de la Universitat de Barcelona<\/a>.<\/p>\t\t\t\t\t\t\t\t<\/div>\n\t\t\t\t<\/div>\n\t\t\t\t\t<\/div>\n\t\t<\/div>\n\t\t\t\t\t<\/div>\n\t\t<\/section>\n\t\t\t\t<section class=\"elementor-section elementor-top-section elementor-element elementor-element-0f2f0b2 elementor-section-boxed elementor-section-height-default elementor-section-height-default\" data-id=\"0f2f0b2\" data-element_type=\"section\" data-e-type=\"section\">\n\t\t\t\t\t\t<div class=\"elementor-container elementor-column-gap-default\">\n\t\t\t\t\t<div class=\"elementor-column elementor-col-100 elementor-top-column elementor-element elementor-element-88551b2\" data-id=\"88551b2\" data-element_type=\"column\" data-e-type=\"column\">\n\t\t\t<div class=\"elementor-widget-wrap\">\n\t\t\t\t\t\t\t<\/div>\n\t\t<\/div>\n\t\t\t\t\t<\/div>\n\t\t<\/section>\n\t\t\t\t<section class=\"elementor-section elementor-top-section elementor-element elementor-element-985ff4d elementor-section-boxed elementor-section-height-default elementor-section-height-default\" data-id=\"985ff4d\" data-element_type=\"section\" data-e-type=\"section\">\n\t\t\t\t\t\t<div class=\"elementor-container elementor-column-gap-default\">\n\t\t\t\t\t<div class=\"elementor-column elementor-col-100 elementor-top-column elementor-element elementor-element-4f570f8\" data-id=\"4f570f8\" data-element_type=\"column\" data-e-type=\"column\">\n\t\t\t<div class=\"elementor-widget-wrap elementor-element-populated\">\n\t\t\t\t\t\t<div class=\"elementor-element elementor-element-37b47da elementor-widget elementor-widget-image\" data-id=\"37b47da\" data-element_type=\"widget\" data-e-type=\"widget\" data-widget_type=\"image.default\">\n\t\t\t\t<div class=\"elementor-widget-container\">\n\t\t\t\t\t\t\t\t\t\t\t\t\t\t\t<img fetchpriority=\"high\" decoding=\"async\" width=\"474\" height=\"421\" src=\"https:\/\/www.ub.edu\/GEV\/wp-content\/uploads\/2026\/04\/Col.LingCat.png\" class=\"attachment-large size-large wp-image-1357\" alt=\"\" srcset=\"https:\/\/www.ub.edu\/GEV\/wp-content\/uploads\/2026\/04\/Col.LingCat.png 975w, https:\/\/www.ub.edu\/GEV\/wp-content\/uploads\/2026\/04\/Col.LingCat-300x266.png 300w, https:\/\/www.ub.edu\/GEV\/wp-content\/uploads\/2026\/04\/Col.LingCat-768x682.png 768w, https:\/\/www.ub.edu\/GEV\/wp-content\/uploads\/2026\/04\/Col.LingCat-350x311.png 350w\" sizes=\"(max-width: 474px) 100vw, 474px\" \/>\t\t\t\t\t\t\t\t\t\t\t\t\t\t\t<\/div>\n\t\t\t\t<\/div>\n\t\t\t\t\t<\/div>\n\t\t<\/div>\n\t\t\t\t\t<\/div>\n\t\t<\/section>\n\t\t\t\t<\/div>\n\t\t","protected":false},"excerpt":{"rendered":"<p>Podeu accedir a la col\u00b7lecci\u00f3 de publicacions de ling\u00fc\u00edstica catalana a la p\u00e0gina Edicions de la Universitat de Barcelona.<\/p>\n","protected":false},"author":1,"featured_media":260,"parent":0,"menu_order":0,"comment_status":"closed","ping_status":"closed","template":"","meta":{"footnotes":""},"class_list":["post-362","page","type-page","status-publish","has-post-thumbnail","hentry"],"_links":{"self":[{"href":"https:\/\/www.ub.edu\/GEV\/wp-json\/wp\/v2\/pages\/362","targetHints":{"allow":["GET"]}}],"collection":[{"href":"https:\/\/www.ub.edu\/GEV\/wp-json\/wp\/v2\/pages"}],"about":[{"href":"https:\/\/www.ub.edu\/GEV\/wp-json\/wp\/v2\/types\/page"}],"author":[{"embeddable":true,"href":"https:\/\/www.ub.edu\/GEV\/wp-json\/wp\/v2\/users\/1"}],"replies":[{"embeddable":true,"href":"https:\/\/www.ub.edu\/GEV\/wp-json\/wp\/v2\/comments?post=362"}],"version-history":[{"count":37,"href":"https:\/\/www.ub.edu\/GEV\/wp-json\/wp\/v2\/pages\/362\/revisions"}],"predecessor-version":[{"id":1363,"href":"https:\/\/www.ub.edu\/GEV\/wp-json\/wp\/v2\/pages\/362\/revisions\/1363"}],"wp:featuredmedia":[{"embeddable":true,"href":"https:\/\/www.ub.edu\/GEV\/wp-json\/wp\/v2\/media\/260"}],"wp:attachment":[{"href":"https:\/\/www.ub.edu\/GEV\/wp-json\/wp\/v2\/media?parent=362"}],"curies":[{"name":"wp","href":"https:\/\/api.w.org\/{rel}","templated":true}]}}