{"id":25949,"date":"2018-05-11T12:27:52","date_gmt":"2018-05-11T10:27:52","guid":{"rendered":"http:\/\/www.ub.edu\/InfoBBAA\/?page_id=25949"},"modified":"2018-05-31T16:42:37","modified_gmt":"2018-05-31T14:42:37","slug":"disseny-2","status":"publish","type":"page","link":"https:\/\/www.ub.edu\/InfoBBAA\/disseny-2\/","title":{"rendered":"Disseny"},"content":{"rendered":"\t\t<div data-elementor-type=\"wp-post\" data-elementor-id=\"25949\" class=\"elementor elementor-25949 elementor-bc-flex-widget\">\n\t\t\t\t\t\t<section class=\"elementor-section elementor-top-section elementor-element elementor-element-24be331 elementor-section-boxed elementor-section-height-default elementor-section-height-default\" data-id=\"24be331\" data-element_type=\"section\">\n\t\t\t\t\t\t<div class=\"elementor-container elementor-column-gap-default\">\n\t\t\t\t\t<div class=\"elementor-column elementor-col-100 elementor-top-column elementor-element elementor-element-2735c6b\" data-id=\"2735c6b\" data-element_type=\"column\">\n\t\t\t<div class=\"elementor-widget-wrap elementor-element-populated\">\n\t\t\t\t\t\t<div class=\"elementor-element elementor-element-86f2dc9 elementor-widget elementor-widget-image-carousel\" data-id=\"86f2dc9\" data-element_type=\"widget\" data-settings=\"{&quot;navigation&quot;:&quot;none&quot;,&quot;autoplay&quot;:&quot;yes&quot;,&quot;pause_on_hover&quot;:&quot;yes&quot;,&quot;pause_on_interaction&quot;:&quot;yes&quot;,&quot;autoplay_speed&quot;:5000,&quot;infinite&quot;:&quot;yes&quot;,&quot;speed&quot;:500}\" data-widget_type=\"image-carousel.default\">\n\t\t\t\t<div class=\"elementor-widget-container\">\n\t\t\t\t\t<div class=\"elementor-image-carousel-wrapper swiper-container\" dir=\"ltr\">\n\t\t\t<div class=\"elementor-image-carousel swiper-wrapper\" aria-live=\"off\">\n\t\t\t\t\t\t\t\t<div class=\"swiper-slide\" role=\"group\" aria-roledescription=\"slide\" aria-label=\"1 de 3\"><figure class=\"swiper-slide-inner\"><img decoding=\"async\" class=\"swiper-slide-image\" src=\"https:\/\/www.ub.edu\/InfoBBAA\/wp-content\/uploads\/elementor\/thumbs\/IMG_2649-1-nqn5i23ld75qi36jhtntcfunf8n4qiiv9p3qz4t60o.jpg\" alt=\"IMG_2649\" \/><\/figure><\/div><div class=\"swiper-slide\" role=\"group\" aria-roledescription=\"slide\" aria-label=\"2 de 3\"><figure class=\"swiper-slide-inner\"><img decoding=\"async\" class=\"swiper-slide-image\" src=\"https:\/\/www.ub.edu\/InfoBBAA\/wp-content\/uploads\/elementor\/thumbs\/IMG_2664-C\u00f2pia-1-nqn5i3z9qv8b5b3t6uh2hfdkm0dv5wqbxyepxoqdo8.jpg\" alt=\"IMG_2664 - C\u00f2pia\" \/><\/figure><\/div><div class=\"swiper-slide\" role=\"group\" aria-roledescription=\"slide\" aria-label=\"3 de 3\"><figure class=\"swiper-slide-inner\"><img decoding=\"async\" class=\"swiper-slide-image\" src=\"https:\/\/www.ub.edu\/InfoBBAA\/wp-content\/uploads\/elementor\/thumbs\/IMG_2652-1-nqn5i31fk170tp56cc2fwxm40mihy7mlltr8gerrug.jpg\" alt=\"IMG_2652\" \/><\/figure><\/div>\t\t\t<\/div>\n\t\t\t\t\t\t\t\n\t\t\t\t\t\t\t\t\t<\/div>\n\t\t\t\t<\/div>\n\t\t\t\t<\/div>\n\t\t\t\t\t<\/div>\n\t\t<\/div>\n\t\t\t\t\t<\/div>\n\t\t<\/section>\n\t\t\t\t<section class=\"elementor-section elementor-top-section elementor-element elementor-element-fef9d79 elementor-section-boxed elementor-section-height-default elementor-section-height-default\" data-id=\"fef9d79\" data-element_type=\"section\">\n\t\t\t\t\t\t<div class=\"elementor-container elementor-column-gap-default\">\n\t\t\t\t\t<div class=\"elementor-column elementor-col-100 elementor-top-column elementor-element elementor-element-8313ac4\" data-id=\"8313ac4\" data-element_type=\"column\">\n\t\t\t<div class=\"elementor-widget-wrap elementor-element-populated\">\n\t\t\t\t\t\t<div class=\"elementor-element elementor-element-ad37b9b elementor-widget-divider--view-line elementor-widget elementor-widget-divider\" data-id=\"ad37b9b\" data-element_type=\"widget\" data-widget_type=\"divider.default\">\n\t\t\t\t<div class=\"elementor-widget-container\">\n\t\t\t\t\t<div class=\"elementor-divider\">\n\t\t\t<span class=\"elementor-divider-separator\">\n\t\t\t\t\t\t<\/span>\n\t\t<\/div>\n\t\t\t\t<\/div>\n\t\t\t\t<\/div>\n\t\t\t\t\t<\/div>\n\t\t<\/div>\n\t\t\t\t\t<\/div>\n\t\t<\/section>\n\t\t\t\t<section class=\"elementor-section elementor-top-section elementor-element elementor-element-7101408 elementor-section-boxed elementor-section-height-default elementor-section-height-default\" data-id=\"7101408\" data-element_type=\"section\">\n\t\t\t\t\t\t<div class=\"elementor-container elementor-column-gap-default\">\n\t\t\t\t\t<div class=\"elementor-column elementor-col-100 elementor-top-column elementor-element elementor-element-8883abb\" data-id=\"8883abb\" data-element_type=\"column\">\n\t\t\t<div class=\"elementor-widget-wrap elementor-element-populated\">\n\t\t\t\t\t\t<div class=\"elementor-element elementor-element-76cc674 elementor-widget elementor-widget-posts\" data-id=\"76cc674\" data-element_type=\"widget\" data-widget_type=\"posts.cards\">\n\t\t\t\t<div class=\"elementor-widget-container\">\n\t\t\t \t\t<\/div>\n\t\t\t\t<\/div>\n\t\t\t\t\t<\/div>\n\t\t<\/div>\n\t\t\t\t\t<\/div>\n\t\t<\/section>\n\t\t\t\t<\/div>\n\t\t","protected":false},"excerpt":{"rendered":"<p>IMPRESES! Hola, amigues i amics! Impreses! ser\u00e0 una fira d&#8217;autoedici\u00f3 i art impr\u00e8s que comptar\u00e0 amb la participaci\u00f3 d&#8217;alumnes i exalumnes de la UB, a m\u00e9s d&#8217;altres artistes, que es dur\u00e0 a terme el 6 de juny al pati del bar de la Facultat de Belles Arts, durant tot el dia. Si voleu participar-hi nom\u00e9s &#8230; <a title=\"Disseny\" class=\"read-more\" href=\"https:\/\/www.ub.edu\/InfoBBAA\/disseny-2\/\">Leer m\u00e1s<\/a><\/p>\n","protected":false},"author":2,"featured_media":0,"parent":0,"menu_order":0,"comment_status":"closed","ping_status":"closed","template":"","meta":{"generate_page_header":"","_monsterinsights_skip_tracking":false,"_monsterinsights_sitenote_active":false,"_monsterinsights_sitenote_note":"","_monsterinsights_sitenote_category":0,"footnotes":""},"_links":{"self":[{"href":"https:\/\/www.ub.edu\/InfoBBAA\/wp-json\/wp\/v2\/pages\/25949"}],"collection":[{"href":"https:\/\/www.ub.edu\/InfoBBAA\/wp-json\/wp\/v2\/pages"}],"about":[{"href":"https:\/\/www.ub.edu\/InfoBBAA\/wp-json\/wp\/v2\/types\/page"}],"author":[{"embeddable":true,"href":"https:\/\/www.ub.edu\/InfoBBAA\/wp-json\/wp\/v2\/users\/2"}],"replies":[{"embeddable":true,"href":"https:\/\/www.ub.edu\/InfoBBAA\/wp-json\/wp\/v2\/comments?post=25949"}],"version-history":[{"count":9,"href":"https:\/\/www.ub.edu\/InfoBBAA\/wp-json\/wp\/v2\/pages\/25949\/revisions"}],"predecessor-version":[{"id":26350,"href":"https:\/\/www.ub.edu\/InfoBBAA\/wp-json\/wp\/v2\/pages\/25949\/revisions\/26350"}],"wp:attachment":[{"href":"https:\/\/www.ub.edu\/InfoBBAA\/wp-json\/wp\/v2\/media?parent=25949"}],"curies":[{"name":"wp","href":"https:\/\/api.w.org\/{rel}","templated":true}]}}