{"id":25951,"date":"2018-05-11T12:27:37","date_gmt":"2018-05-11T10:27:37","guid":{"rendered":"http:\/\/www.ub.edu\/InfoBBAA\/?page_id=25951"},"modified":"2022-11-10T13:38:59","modified_gmt":"2022-11-10T11:38:59","slug":"conservacio-restauracio","status":"publish","type":"page","link":"https:\/\/www.ub.edu\/InfoBBAA\/conservacio-restauracio\/","title":{"rendered":"Conservaci\u00f3-Restauraci\u00f3"},"content":{"rendered":"\t\t<div data-elementor-type=\"wp-post\" data-elementor-id=\"25951\" class=\"elementor elementor-25951 elementor-bc-flex-widget\">\n\t\t\t\t\t\t<section class=\"elementor-section elementor-top-section elementor-element elementor-element-fb95db0 elementor-section-boxed elementor-section-height-default elementor-section-height-default\" data-id=\"fb95db0\" data-element_type=\"section\">\n\t\t\t\t\t\t<div class=\"elementor-container elementor-column-gap-default\">\n\t\t\t\t\t<div class=\"elementor-column elementor-col-100 elementor-top-column elementor-element elementor-element-facaf39\" data-id=\"facaf39\" data-element_type=\"column\">\n\t\t\t<div class=\"elementor-widget-wrap elementor-element-populated\">\n\t\t\t\t\t\t<div class=\"elementor-element elementor-element-4eaf755 elementor-widget elementor-widget-image-carousel\" data-id=\"4eaf755\" data-element_type=\"widget\" data-settings=\"{&quot;navigation&quot;:&quot;none&quot;,&quot;autoplay&quot;:&quot;yes&quot;,&quot;pause_on_hover&quot;:&quot;yes&quot;,&quot;pause_on_interaction&quot;:&quot;yes&quot;,&quot;autoplay_speed&quot;:5000,&quot;infinite&quot;:&quot;yes&quot;,&quot;speed&quot;:500}\" data-widget_type=\"image-carousel.default\">\n\t\t\t\t<div class=\"elementor-widget-container\">\n\t\t\t\t\t<div class=\"elementor-image-carousel-wrapper swiper-container\" dir=\"ltr\">\n\t\t\t<div class=\"elementor-image-carousel swiper-wrapper\" aria-live=\"off\">\n\t\t\t\t\t\t\t\t<div class=\"swiper-slide\" role=\"group\" aria-roledescription=\"slide\" aria-label=\"1 de 3\"><figure class=\"swiper-slide-inner\"><img decoding=\"async\" class=\"swiper-slide-image\" src=\"https:\/\/www.ub.edu\/InfoBBAA\/wp-content\/uploads\/elementor\/thumbs\/IMG_2647-1-nqn5hqtj36qamrmxbosaiip4am6q65a3859x7t9w3c.jpg\" alt=\"IMG_2647\" \/><\/figure><\/div><div class=\"swiper-slide\" role=\"group\" aria-roledescription=\"slide\" aria-label=\"2 de 3\"><figure class=\"swiper-slide-inner\"><img decoding=\"async\" class=\"swiper-slide-image\" src=\"https:\/\/www.ub.edu\/InfoBBAA\/wp-content\/uploads\/elementor\/thumbs\/recurs_ensenyaments_06-1-nqn5hsp7gusv9zk70pljni81hdxgljhjwekw6d73qw.png\" alt=\"recurs_ensenyaments_06\" \/><\/figure><\/div><div class=\"swiper-slide\" role=\"group\" aria-roledescription=\"slide\" aria-label=\"3 de 3\"><figure class=\"swiper-slide-inner\"><img decoding=\"async\" class=\"swiper-slide-image\" src=\"https:\/\/www.ub.edu\/InfoBBAA\/wp-content\/uploads\/elementor\/thumbs\/IMG_2648-1-nqn5hrrda0rkydlk676x30gkw023dudtk9xep38hx4.jpg\" alt=\"IMG_2648\" \/><\/figure><\/div>\t\t\t<\/div>\n\t\t\t\t\t\t\t\n\t\t\t\t\t\t\t\t\t<\/div>\n\t\t\t\t<\/div>\n\t\t\t\t<\/div>\n\t\t\t\t<div class=\"elementor-element elementor-element-ac70b1d elementor-widget-divider--view-line elementor-widget elementor-widget-divider\" data-id=\"ac70b1d\" data-element_type=\"widget\" data-widget_type=\"divider.default\">\n\t\t\t\t<div class=\"elementor-widget-container\">\n\t\t\t\t\t<div class=\"elementor-divider\">\n\t\t\t<span class=\"elementor-divider-separator\">\n\t\t\t\t\t\t<\/span>\n\t\t<\/div>\n\t\t\t\t<\/div>\n\t\t\t\t<\/div>\n\t\t\t\t\t<\/div>\n\t\t<\/div>\n\t\t\t\t\t<\/div>\n\t\t<\/section>\n\t\t\t\t<section class=\"elementor-section elementor-top-section elementor-element elementor-element-94c1e14 elementor-section-boxed elementor-section-height-default elementor-section-height-default\" data-id=\"94c1e14\" data-element_type=\"section\">\n\t\t\t\t\t\t<div class=\"elementor-container elementor-column-gap-default\">\n\t\t\t\t\t<div class=\"elementor-column elementor-col-100 elementor-top-column elementor-element elementor-element-7abfa9c\" data-id=\"7abfa9c\" data-element_type=\"column\">\n\t\t\t<div class=\"elementor-widget-wrap elementor-element-populated\">\n\t\t\t\t\t\t<div class=\"elementor-element elementor-element-42687ea elementor-widget elementor-widget-posts\" data-id=\"42687ea\" data-element_type=\"widget\" data-widget_type=\"posts.cards\">\n\t\t\t\t<div class=\"elementor-widget-container\">\n\t\t\t \t\t<\/div>\n\t\t\t\t<\/div>\n\t\t\t\t\t<\/div>\n\t\t<\/div>\n\t\t\t\t\t<\/div>\n\t\t<\/section>\n\t\t\t\t<\/div>\n\t\t","protected":false},"excerpt":{"rendered":"<p>LLegida del Manifest \u201cPel patrimoni, per una professi\u00f3 necess\u00e0ria\u201d ACRE i GEIIC han impulsat l\u2019escrit del manifest \u201cPel patrimoni, per una professi\u00f3 necess\u00e0ria\u201d, al qual la Secci\u00f3 de Conservaci\u00f3 i Restauraci\u00f3 de la Facultat de Belles Arts de Barcelona s\u2019ha adherit. El manifest posa en evid\u00e8ncia la precarietat laboral del sector i&nbsp; proposa mesures per &#8230; <a title=\"Conservaci\u00f3-Restauraci\u00f3\" class=\"read-more\" href=\"https:\/\/www.ub.edu\/InfoBBAA\/conservacio-restauracio\/\">Leer m\u00e1s<\/a><\/p>\n","protected":false},"author":2,"featured_media":0,"parent":0,"menu_order":0,"comment_status":"closed","ping_status":"closed","template":"","meta":{"generate_page_header":"","_monsterinsights_skip_tracking":false,"_monsterinsights_sitenote_active":false,"_monsterinsights_sitenote_note":"","_monsterinsights_sitenote_category":0,"footnotes":""},"_links":{"self":[{"href":"https:\/\/www.ub.edu\/InfoBBAA\/wp-json\/wp\/v2\/pages\/25951"}],"collection":[{"href":"https:\/\/www.ub.edu\/InfoBBAA\/wp-json\/wp\/v2\/pages"}],"about":[{"href":"https:\/\/www.ub.edu\/InfoBBAA\/wp-json\/wp\/v2\/types\/page"}],"author":[{"embeddable":true,"href":"https:\/\/www.ub.edu\/InfoBBAA\/wp-json\/wp\/v2\/users\/2"}],"replies":[{"embeddable":true,"href":"https:\/\/www.ub.edu\/InfoBBAA\/wp-json\/wp\/v2\/comments?post=25951"}],"version-history":[{"count":15,"href":"https:\/\/www.ub.edu\/InfoBBAA\/wp-json\/wp\/v2\/pages\/25951\/revisions"}],"predecessor-version":[{"id":28031,"href":"https:\/\/www.ub.edu\/InfoBBAA\/wp-json\/wp\/v2\/pages\/25951\/revisions\/28031"}],"wp:attachment":[{"href":"https:\/\/www.ub.edu\/InfoBBAA\/wp-json\/wp\/v2\/media?parent=25951"}],"curies":[{"name":"wp","href":"https:\/\/api.w.org\/{rel}","templated":true}]}}