{"id":123,"date":"2021-02-21T10:29:14","date_gmt":"2021-02-21T10:29:14","guid":{"rendered":"https:\/\/www.ub.edu\/afm\/?page_id=123"},"modified":"2021-02-21T11:48:04","modified_gmt":"2021-02-21T11:48:04","slug":"anna-castanyer","status":"publish","type":"page","link":"https:\/\/www.ub.edu\/afm\/members\/anna-castanyer\/","title":{"rendered":"Anna Casta\u00f1er"},"content":{"rendered":"<p><div class=\"fusion-fullwidth fullwidth-box fusion-builder-row-1 nonhundred-percent-fullwidth non-hundred-percent-height-scrolling\"  style='background-color: rgba(255,255,255,0);background-position: center center;background-repeat: no-repeat;padding-top:0px;padding-right:0px;padding-bottom:0px;padding-left:0px;'><div class=\"fusion-builder-row fusion-row \"><div  class=\"fusion-layout-column fusion_builder_column fusion_builder_column_1_4 fusion-builder-column-0 fusion-one-fourth fusion-column-first 1_4\"  style='margin-top:0px;margin-bottom:20px;width:25%;width:calc(25% - ( ( 4% ) * 0.25 ) );margin-right: 4%;'><div class=\"fusion-column-wrapper\" style=\"padding: 0px 0px 0px 0px;background-position:left top;background-repeat:no-repeat;-webkit-background-size:cover;-moz-background-size:cover;-o-background-size:cover;background-size:cover;\"   data-bg-url=\"\"><span class=\"fusion-imageframe imageframe-none imageframe-1 hover-type-none\"><img decoding=\"async\" loading=\"lazy\" src=\"https:\/\/www.ub.edu\/afm\/wp-content\/uploads\/2021\/02\/anna-castaner.jpg\" width=\"200\" height=\"200\" alt=\"\" title=\"anna-castaner\" class=\"img-responsive wp-image-36\"\/><\/span><div class=\"fusion-clearfix\"><\/div><\/div><\/div><div  class=\"fusion-layout-column fusion_builder_column fusion_builder_column_3_4 fusion-builder-column-1 fusion-three-fourth fusion-column-last 3_4\"  style='margin-top:0px;margin-bottom:20px;width:75%;width:calc(75% - ( ( 4% ) * 0.75 ) );'><div class=\"fusion-column-wrapper\" style=\"padding: 0px 0px 0px 0px;background-position:left top;background-repeat:no-repeat;-webkit-background-size:cover;-moz-background-size:cover;-o-background-size:cover;background-size:cover;\"   data-bg-url=\"\"><div class=\"fusion-text\"><\/div><div class=\"fusion-clearfix\"><\/div><\/div><\/div><\/div><\/div><style type=\"text\/css\">.fusion-fullwidth.fusion-builder-row-1 a:not(.fusion-button):not(.fusion-builder-module-control):not(.fusion-social-network-icon):not(.fb-icon-element):not(.fusion-countdown-link):not(.fusion-rollover-link):not(.fusion-rollover-gallery):not(.fusion-button-bar):not(.add_to_cart_button):not(.show_details_button):not(.product_type_external):not(.fusion-quick-view):not(.fusion-rollover-title-link):not(.fusion-breadcrumb-link) , .fusion-fullwidth.fusion-builder-row-1 a:not(.fusion-button):not(.fusion-builder-module-control):not(.fusion-social-network-icon):not(.fb-icon-element):not(.fusion-countdown-link):not(.fusion-rollover-link):not(.fusion-rollover-gallery):not(.fusion-button-bar):not(.add_to_cart_button):not(.show_details_button):not(.product_type_external):not(.fusion-quick-view):not(.fusion-rollover-title-link):not(.fusion-breadcrumb-link):before, .fusion-fullwidth.fusion-builder-row-1 a:not(.fusion-button):not(.fusion-builder-module-control):not(.fusion-social-network-icon):not(.fb-icon-element):not(.fusion-countdown-link):not(.fusion-rollover-link):not(.fusion-rollover-gallery):not(.fusion-button-bar):not(.add_to_cart_button):not(.show_details_button):not(.product_type_external):not(.fusion-quick-view):not(.fusion-rollover-title-link):not(.fusion-breadcrumb-link):after {color: #03a9f4;}.fusion-fullwidth.fusion-builder-row-1 a:not(.fusion-button):not(.fusion-builder-module-control):not(.fusion-social-network-icon):not(.fb-icon-element):not(.fusion-countdown-link):not(.fusion-rollover-link):not(.fusion-rollover-gallery):not(.fusion-button-bar):not(.add_to_cart_button):not(.show_details_button):not(.product_type_external):not(.fusion-quick-view):not(.fusion-rollover-title-link):not(.fusion-breadcrumb-link):hover, .fusion-fullwidth.fusion-builder-row-1 a:not(.fusion-button):not(.fusion-builder-module-control):not(.fusion-social-network-icon):not(.fb-icon-element):not(.fusion-countdown-link):not(.fusion-rollover-link):not(.fusion-rollover-gallery):not(.fusion-button-bar):not(.add_to_cart_button):not(.show_details_button):not(.product_type_external):not(.fusion-quick-view):not(.fusion-rollover-title-link):not(.fusion-breadcrumb-link):hover:before, .fusion-fullwidth.fusion-builder-row-1 a:not(.fusion-button):not(.fusion-builder-module-control):not(.fusion-social-network-icon):not(.fb-icon-element):not(.fusion-countdown-link):not(.fusion-rollover-link):not(.fusion-rollover-gallery):not(.fusion-button-bar):not(.add_to_cart_button):not(.show_details_button):not(.product_type_external):not(.fusion-quick-view):not(.fusion-rollover-title-link):not(.fusion-breadcrumb-link):hover:after {color: #0083d7;}.fusion-fullwidth.fusion-builder-row-1 .pagination a.inactive:hover, .fusion-fullwidth.fusion-builder-row-1 .fusion-filters .fusion-filter.fusion-active a {border-color: #0083d7;}.fusion-fullwidth.fusion-builder-row-1 .pagination .current {border-color: #0083d7; background-color: #0083d7;}.fusion-fullwidth.fusion-builder-row-1 .fusion-filters .fusion-filter.fusion-active a, .fusion-fullwidth.fusion-builder-row-1 .fusion-date-and-formats .fusion-format-box, .fusion-fullwidth.fusion-builder-row-1 .fusion-popover, .fusion-fullwidth.fusion-builder-row-1 .tooltip-shortcode {color: #0083d7;}#main .fusion-fullwidth.fusion-builder-row-1 .post .blog-shortcode-post-title a:hover {color: #0083d7;}<\/style><div class=\"fusion-fullwidth fullwidth-box fusion-builder-row-2 nonhundred-percent-fullwidth non-hundred-percent-height-scrolling\"  style='background-color: rgba(255,255,255,0);background-position: center center;background-repeat: no-repeat;padding-top:0px;padding-right:0px;padding-bottom:0px;padding-left:0px;'><div class=\"fusion-builder-row fusion-row \"><div  class=\"fusion-layout-column fusion_builder_column fusion_builder_column_1_1 fusion-builder-column-2 fusion-one-full fusion-column-first fusion-column-last 1_1\"  style='margin-top:0px;margin-bottom:20px;'><div class=\"fusion-column-wrapper\" style=\"padding: 0px 0px 0px 0px;background-position:left top;background-repeat:no-repeat;-webkit-background-size:cover;-moz-background-size:cover;-o-background-size:cover;background-size:cover;\"   data-bg-url=\"\"><div class=\"fusion-text\"><p><h3>Articles<\/h3>\n<h3 style=''>2020<\/h3>\n<p><span style=''><\/p>\n<div class=\"tart\">Paper<\/div>\n<p> - Anna  Casta\u00f1er Garriga. <a href=\"http:\/\/www.ub.edu\/mfa\/hhh\" target=\"_blank\">An agreeable collusive equilibrium in differential games with asymmetric players<\/a>. <i>Operations Research Letters<\/i>, 48(1), 4-8. <\/span><br><\/p>\n<h3 style=''>2019<\/h3>\n<p><span style=''><\/p>\n<div class=\"tart\">Paper<\/div>\n<p> - Eva  Boj Del Val, Anna  Casta\u00f1er Garriga, M. Merc\u00e8  Claramunt Bielsa, Teresa  Costa Cor, Oriol  Roch Caselles. <a href=\"https:\/\/estudiosdeeconomia.uchile.cl\/index.php\/EDE\/article\/view\/55275\" target=\"_blank\">Economic indicators for automobile claim frequencies<\/a>. <i>Forthcoming in Estudios de Econom\u00eda<\/i>, 46(2), 245-271. <\/span><br><span style=''><\/p>\n<div class=\"tart\">Paper<\/div>\n<p> - Anna  Casta\u00f1er Garriga, M. Merc\u00e8  Claramunt Bielsa. <a href=\"https:\/\/link.springer.com\/article\/10.1007\/s11009-018-9632-5\" target=\"_blank\">Equilibrium distributions and discrete Schur-constant models<\/a>. <i>Methodology and Computing in Applied Probability<\/i>, 21, 449-459. <\/span><br><span style=''><\/p>\n<div class=\"tart\">Paper<\/div>\n<p> - M. Merc\u00e8  Claramunt Bielsa, Anna  Casta\u00f1er Garriga. <a href=\"https:\/\/www.sciencedirect.com\/science\/article\/pii\/S0047259X18300812\" target=\"_blank\">Partially Schur-constant models<\/a>. <i>Journal of Multivariate Analysis<\/i>, 172, 47-58. <\/span><br><\/p>\n<h3 style=''>2017<\/h3>\n<p><span style=''><\/p>\n<div class=\"tart\">Paper<\/div>\n<p> - Anna  Casta\u00f1er Garriga. <a href=\"https:\/\/mr.crossref.org\/iPage?doi=10.15446innovar.v27n66.66810\" target=\"_blank\">Evaluaci\u00f3n de las tarifas de las pensiones de accidentes de trabajo y enfermedades profesionales (2011-2015)<\/a>. <i>Innovar. Revista de Ciencias Administrativas y Sociales<\/i>, 27, 153-167. <\/span><br><span style=''><\/p>\n<div class=\"tart\">Working Paper<\/div>\n<p> - Anna  Casta\u00f1er Garriga, M. Merc\u00e8  Claramunt Bielsa. <a href=\"https:\/\/hal.archives-ouvertes.fr\/hal-01593552\" target=\"_blank\">Equilibrium distributions and discrete Schur-constant models<\/a>. <i>Working Papers<\/i>. <\/span><br><\/p>\n<h3 style=''>2016<\/h3>\n<p><span style=''><\/p>\n<div class=\"tart\">Working Paper<\/div>\n<p> - M. Merc\u00e8  Claramunt Bielsa, Anna  Casta\u00f1er Garriga, Xavier  Varea Soler. <a href=\"http:\/\/www.xreap.cat\/RePEc\/xrp\/pdf\/XREAP2016-01.pdf\" target=\"_blank\">Modelizaci\u00f3n de la dependencia del n\u00famero de siniestros. Aplicaci\u00f3n a Solvencia II<\/a>. <i>Documento de trabajo de XREAP<\/i>, 1. <\/span><br><span style=''><\/p>\n<div class=\"tart\">Paper<\/div>\n<p> - Anna  Casta\u00f1er Garriga, M. Merc\u00e8  Claramunt Bielsa, Maite  M\u00e1rmol Jim\u00e9nez. <a href=\"http:\/\/www.revistarecta.com\/n17.html\" target=\"_blank\">Some optimization and decision problems in proportional reinsurance<\/a>. <i>Revista Electr\u00f3nica de Comunicaciones y Trabajos de ASEPUMA<\/i>, 17. <\/span><br><span style=''><\/p>\n<div class=\"tart\">Paper<\/div>\n<p> - Anna  Casta\u00f1er Garriga, M. Merc\u00e8  Claramunt Bielsa. <a href=\"http:\/\/www.hjms.hacettepe.edu.tr\/uploads\/da235969-7ed0-4111-b6a0-bd9c2b4707cb.pdf\" target=\"_blank\">Optimal stop-loss reinsurance: a dependence analysis<\/a>. <i>Hacettepe Journal of Mathematics and Statistics<\/i>, 2, 497-519. <\/span><br><\/p>\n<h3 style=''>2015<\/h3>\n<p><span style=''><\/p>\n<div class=\"tart\">Paper<\/div>\n<p> - M. Merc\u00e8  Claramunt Bielsa, Anna  Casta\u00f1er Garriga. <a href=\"https:\/\/www.sciencedirect.com\/science\/article\/pii\/S0047259X15001463?viaihub\" target=\"_blank\">Discrete Schur-constant models<\/a>. <i>Journal of Multivariate Analysis<\/i>, 140, 343-362. <\/span><br><span style=''><\/p>\n<div class=\"tart\">Working Paper; <\/div>\n<p> - Anna  Casta\u00f1er Garriga, M. Merc\u00e8  Claramunt Bielsa.  <i>Journal of Multivariate Analysis<\/i>(140). <\/span><br><span style=''><\/p>\n<div class=\"tart\">Working Paper<\/div>\n<p> - Anna  Casta\u00f1er Garriga. <a href=\"https:\/\/papers.ssrn.com\/sol3\/papers.cfm?abstract_id=2600987\" target=\"_blank\">\u00bfSon actuarialmente justas las tarifas para determinar el coste de las pensiones derivadas de Accidentes de Trabajo? An\u00e1lisis del per\u00edodo 2011-2015<\/a>. <i>Innovar Journal<\/i>, 27(66), 153-167. <\/span><br><\/p>\n<h3 style=''>2014<\/h3>\n<p><span style=''><\/p>\n<div class=\"tart\">Paper<\/div>\n<p> - M. Merc\u00e8  Claramunt Bielsa, Anna  Casta\u00f1er Garriga, Maite  M\u00e1rmol Jim\u00e9nez. <a href=\"https:\/\/www.mdpi.com\/2227-9091\/2\/2\/132\" target=\"_blank\">Effectively tackling reinsurance problems by using evolutionary and swarm intelligence algorithms<\/a>. <i>Risks<\/i>, 2(2), 132-145. <\/span><br><span style=''><\/p>\n<div class=\"tart\">Working Paper<\/div>\n<p> - Anna  Casta\u00f1er Garriga, M. Merc\u00e8  Claramunt Bielsa, Maite  M\u00e1rmol Jim\u00e9nez. <a href=\"http:\/\/www.ub.edu\/ubeconomics\/wp-content\/uploads\/2014\/03\/310-Web.pdf\" target=\"_blank\">Some optimization and decision problems in proportional reinsurance<\/a>. <i>UB Economics Working Papers<\/i>, 24(310), 1-28. <\/span><br><span style=''><\/p>\n<div class=\"tart\">Working Paper<\/div>\n<p> - M. Merc\u00e8  Claramunt Bielsa, Anna  Casta\u00f1er Garriga. <a href=\"https:\/\/www.ucm.es\/data\/cont\/docs\/305-2014-11-10-DocumentodeTrabajodeMercClaramuntNOV2014.pdf\" target=\"_blank\">Optimal stop-loss reinsurance: a dependence analysis<\/a>. <i>Documento de trabajo de XREAP<\/i>, 4. <\/span><br><\/p>\n<h3 style=''>2013<\/h3>\n<p><span style=''><\/p>\n<div class=\"tart\">Paper<\/div>\n<p> - M. Merc\u00e8  Claramunt Bielsa, Anna  Casta\u00f1er Garriga, Maite  M\u00e1rmol Jim\u00e9nez. <a href=\"https:\/\/www.tandfonline.com\/doi\/abs\/10.1080\/03461238.2010.546144\" target=\"_blank\">Ruin problems for a discrete time risk model with non-homogeneous conditions<\/a>. <i>Scandinavian Actuarial Journal<\/i>, 2013, 83-102. <\/span><br><span style=''><\/p>\n<div class=\"tart\">Paper<\/div>\n<p> - M. Merc\u00e8  Claramunt Bielsa, Anna  Casta\u00f1er Garriga. <a href=\"https:\/\/www.sciencedirect.com\/science\/article\/pii\/S0167668713001340\" target=\"_blank\">Survival probabilities in bivariate risk models, with application to reinsurance<\/a>. <i>Insurance Mathematics and Economics<\/i>, 53, 632-642. <\/span><br><span style=''><\/p>\n<div class=\"tart\">Working Paper<\/div>\n<p> - M. Merc\u00e8  Claramunt Bielsa, Anna  Casta\u00f1er Garriga, Maite  M\u00e1rmol Jim\u00e9nez.  <i>Documento de trabajo de XREAP<\/i>, 4, 1-22. <\/span><br><\/p>\n<h3 style=''>2012<\/h3>\n<p><span style=''><\/p>\n<div class=\"tart\">Paper<\/div>\n<p> - Maite  M\u00e1rmol Jim\u00e9nez, M. Merc\u00e8  Claramunt Bielsa, Anna  Casta\u00f1er Garriga. <a href=\"https:\/\/link.springer.com\/article\/10.1007\/s11750-010-0165-5\" target=\"_blank\">Ruin probability and time of ruin with a proportional reinsurance threshold strategy<\/a>. <i>TOP<\/i>, 20, 614-638. <\/span><br><\/p>\n<h3 style=''>2010<\/h3>\n<p><span style=''><\/p>\n<div class=\"tart\">Paper<\/div>\n<p> - Maite  M\u00e1rmol Jim\u00e9nez, M. Merc\u00e8  Claramunt Bielsa, Anna  Casta\u00f1er Garriga. <a href=\"https:\/\/actuarios.org\/wp-content\/uploads\/2017\/02\/anales2010_4.pdf\" target=\"_blank\">Estrategia de reaseguro proporcional \u00f3ptima desde el punto de vista de la probabilidad de ruina: Un an\u00e1lisis con Mathematica 6<\/a>. <i>Anales del Instituto de Actuarios Espa\u00f1oles (<\/i>, 16, 67-84. <\/span><br><span style=''><\/p>\n<div class=\"tart\">Paper<\/div>\n<p> - Maite  M\u00e1rmol Jim\u00e9nez, M. Merc\u00e8  Claramunt Bielsa, Anna  Casta\u00f1er Garriga. <a href=\"http:\/\/hdl.handle.net\/2445\/144918\" target=\"_blank\">Deficit at ruin with threshold proportional reinsurance<\/a>. <i>Insurance Markets and Companies: Analyses and Actuarial Computations<\/i>, 1, 38-44. <\/span><br><\/p>\n<h3 style=''>2009<\/h3>\n<p><span style=''><\/p>\n<div class=\"tart\">Paper<\/div>\n<p> - Maite  M\u00e1rmol Jim\u00e9nez, M. Merc\u00e8  Claramunt Bielsa, Anna  Casta\u00f1er Garriga. <a href=\"https:\/\/actuarios.org\/wp-content\/uploads\/2017\/02\/anales2009_7.pdf\" target=\"_blank\">Efectos del reaseguro proporcional en el reparto de dividendos. Un an\u00e1lisis a largo plazo<\/a>. <i>Anales del Instituto de Actuarios Espa\u00f1oles<\/i>, 15, 161-178. <\/span><br><span style=''><\/p>\n<div class=\"tart\">Paper<\/div>\n<p> - Anna  Casta\u00f1er Garriga, Maite  M\u00e1rmol Jim\u00e9nez, M. Merc\u00e8  Claramunt Bielsa. <a href=\"https:\/\/www.ine.es\/ss\/Satellite?L=0&c=INERevEstad_C&p=1254735226759&pagename=ProductosYServiciosPYSLayout&_charset_=UTF-8&cid=1259924964317&submit=Ir\" target=\"_blank\">El reaseguro proporcional de umbral y la probabilidad de supervivencia como criterio de elecci\u00f3n de estrategias<\/a>. <i>Revista Estad\u00edstica Espa\u00f1ola<\/i>, 51(171), 237-256. <\/span><br><span style=''><\/p>\n<div class=\"tart\">Working Paper<\/div>\n<p> - Anna  Casta\u00f1er Garriga, M. Merc\u00e8  Claramunt Bielsa, Maite  M\u00e1rmol Jim\u00e9nez. <a href=\"http:\/\/diposit.ub.edu\/dspace\/handle\/2445\/43646\" target=\"_blank\">The effect of a threshold proportional reinsurance strategy on ruin probabilities<\/a>. <i>Documents de Treball de la Facultat de Ci\u00e8ncies Ec. i Empres. de la UB<\/i>, 9(222), 1-19. <\/span><br><\/p>\n<h3 style=''>2008<\/h3>\n<p><span style=''><\/p>\n<div class=\"tart\">Working Paper<\/div>\n<p> - M. Merc\u00e8  Claramunt Bielsa, Maite  M\u00e1rmol Jim\u00e9nez, Anna  Casta\u00f1er Garriga. <a href=\"http:\/\/diposit.ub.edu\/dspace\/handle\/2445\/43801\" target=\"_blank\">La probabilidad de supervivencia en un modelo con reaseguro proporcional de umbral<\/a>. <i>Documents de Treball de la Facultat de Ci\u00e8ncies Ec. i Empres. de la UB<\/i>, 8(200), 1-17. <\/span><br><\/p>\n<h3 style=''>2007<\/h3>\n<p><span style=''><\/p>\n<div class=\"tart\">Paper<\/div>\n<p> - Anna  Casta\u00f1er Garriga, M. Merc\u00e8  Claramunt Bielsa, Maite  M\u00e1rmol Jim\u00e9nez. <a href=\"http:\/\/diposit.ub.edu\/dspace\/handle\/2445\/144924\" target=\"_blank\">Aplicaciones de la transformada de Laplace a la teoria del riesgo<\/a>. <i>Anales del Instituto de Actuarios Espa\u00f1oles<\/i>, 13, 9-36. <\/span><br><\/p>\n<h3 style=''>2005<\/h3>\n<p><span style=''><\/p>\n<div class=\"tart\">Paper<\/div>\n<p> - Anna  Casta\u00f1er Garriga, M. Merc\u00e8  Claramunt Bielsa, Maite  M\u00e1rmol Jim\u00e9nez.  <i>Revista Cuadernos Actuariales<\/i>, 9, 1-17. <\/span><br><\/p>\n<h3>Books<\/h3>\n<h3 style=''>2013<\/h3>\n<p><span style=''><\/p>\n<div class=\"tart\">Chapter<\/div>\n<p> - Maite  M\u00e1rmol Jim\u00e9nez, Anna  Casta\u00f1er Garriga, M. Merc\u00e8  Claramunt Bielsa. Tail value at risk. An analysis with the Normal-Power approximation. In  <a href=\"https:\/\/novapublishers.com\/wp-content\/uploads\/2019\/08\/978-1-62618-506-7_ch4.pdf\" target=\"_blank\"><i>Statistical and Soft Computing Approaches in Insurance Problems<\/i><\/a>.  (pp. 87-112). Nova Science Publishers, Inc.<\/span><br><\/p>\n<\/div><div class=\"fusion-clearfix\"><\/div><\/div><\/div><\/div><\/div><style type=\"text\/css\">.fusion-fullwidth.fusion-builder-row-2 a:not(.fusion-button):not(.fusion-builder-module-control):not(.fusion-social-network-icon):not(.fb-icon-element):not(.fusion-countdown-link):not(.fusion-rollover-link):not(.fusion-rollover-gallery):not(.fusion-button-bar):not(.add_to_cart_button):not(.show_details_button):not(.product_type_external):not(.fusion-quick-view):not(.fusion-rollover-title-link):not(.fusion-breadcrumb-link) , .fusion-fullwidth.fusion-builder-row-2 a:not(.fusion-button):not(.fusion-builder-module-control):not(.fusion-social-network-icon):not(.fb-icon-element):not(.fusion-countdown-link):not(.fusion-rollover-link):not(.fusion-rollover-gallery):not(.fusion-button-bar):not(.add_to_cart_button):not(.show_details_button):not(.product_type_external):not(.fusion-quick-view):not(.fusion-rollover-title-link):not(.fusion-breadcrumb-link):before, .fusion-fullwidth.fusion-builder-row-2 a:not(.fusion-button):not(.fusion-builder-module-control):not(.fusion-social-network-icon):not(.fb-icon-element):not(.fusion-countdown-link):not(.fusion-rollover-link):not(.fusion-rollover-gallery):not(.fusion-button-bar):not(.add_to_cart_button):not(.show_details_button):not(.product_type_external):not(.fusion-quick-view):not(.fusion-rollover-title-link):not(.fusion-breadcrumb-link):after {color: #03a9f4;}.fusion-fullwidth.fusion-builder-row-2 a:not(.fusion-button):not(.fusion-builder-module-control):not(.fusion-social-network-icon):not(.fb-icon-element):not(.fusion-countdown-link):not(.fusion-rollover-link):not(.fusion-rollover-gallery):not(.fusion-button-bar):not(.add_to_cart_button):not(.show_details_button):not(.product_type_external):not(.fusion-quick-view):not(.fusion-rollover-title-link):not(.fusion-breadcrumb-link):hover, .fusion-fullwidth.fusion-builder-row-2 a:not(.fusion-button):not(.fusion-builder-module-control):not(.fusion-social-network-icon):not(.fb-icon-element):not(.fusion-countdown-link):not(.fusion-rollover-link):not(.fusion-rollover-gallery):not(.fusion-button-bar):not(.add_to_cart_button):not(.show_details_button):not(.product_type_external):not(.fusion-quick-view):not(.fusion-rollover-title-link):not(.fusion-breadcrumb-link):hover:before, .fusion-fullwidth.fusion-builder-row-2 a:not(.fusion-button):not(.fusion-builder-module-control):not(.fusion-social-network-icon):not(.fb-icon-element):not(.fusion-countdown-link):not(.fusion-rollover-link):not(.fusion-rollover-gallery):not(.fusion-button-bar):not(.add_to_cart_button):not(.show_details_button):not(.product_type_external):not(.fusion-quick-view):not(.fusion-rollover-title-link):not(.fusion-breadcrumb-link):hover:after {color: #0083d7;}.fusion-fullwidth.fusion-builder-row-2 .pagination a.inactive:hover, .fusion-fullwidth.fusion-builder-row-2 .fusion-filters .fusion-filter.fusion-active a {border-color: #0083d7;}.fusion-fullwidth.fusion-builder-row-2 .pagination .current {border-color: #0083d7; background-color: #0083d7;}.fusion-fullwidth.fusion-builder-row-2 .fusion-filters .fusion-filter.fusion-active a, .fusion-fullwidth.fusion-builder-row-2 .fusion-date-and-formats .fusion-format-box, .fusion-fullwidth.fusion-builder-row-2 .fusion-popover, .fusion-fullwidth.fusion-builder-row-2 .tooltip-shortcode {color: #0083d7;}#main .fusion-fullwidth.fusion-builder-row-2 .post .blog-shortcode-post-title a:hover {color: #0083d7;}<\/style><\/p>\n","protected":false},"excerpt":{"rendered":"","protected":false},"author":13,"featured_media":0,"parent":21,"menu_order":0,"comment_status":"closed","ping_status":"closed","template":"","meta":{"footnotes":"","_links_to":"","_links_to_target":""},"_links":{"self":[{"href":"https:\/\/www.ub.edu\/afm\/wp-json\/wp\/v2\/pages\/123"}],"collection":[{"href":"https:\/\/www.ub.edu\/afm\/wp-json\/wp\/v2\/pages"}],"about":[{"href":"https:\/\/www.ub.edu\/afm\/wp-json\/wp\/v2\/types\/page"}],"author":[{"embeddable":true,"href":"https:\/\/www.ub.edu\/afm\/wp-json\/wp\/v2\/users\/13"}],"replies":[{"embeddable":true,"href":"https:\/\/www.ub.edu\/afm\/wp-json\/wp\/v2\/comments?post=123"}],"version-history":[{"count":1,"href":"https:\/\/www.ub.edu\/afm\/wp-json\/wp\/v2\/pages\/123\/revisions"}],"predecessor-version":[{"id":124,"href":"https:\/\/www.ub.edu\/afm\/wp-json\/wp\/v2\/pages\/123\/revisions\/124"}],"up":[{"embeddable":true,"href":"https:\/\/www.ub.edu\/afm\/wp-json\/wp\/v2\/pages\/21"}],"wp:attachment":[{"href":"https:\/\/www.ub.edu\/afm\/wp-json\/wp\/v2\/media?parent=123"}],"curies":[{"name":"wp","href":"https:\/\/api.w.org\/{rel}","templated":true}]}}