{"id":97,"date":"2021-02-21T08:12:30","date_gmt":"2021-02-21T08:12:30","guid":{"rendered":"https:\/\/www.ub.edu\/afm\/?page_id=97"},"modified":"2021-02-21T08:49:47","modified_gmt":"2021-02-21T08:49:47","slug":"xavier-varea-soler","status":"publish","type":"page","link":"https:\/\/www.ub.edu\/afm\/members\/xavier-varea-soler\/","title":{"rendered":"Xavier Varea"},"content":{"rendered":"<p><div class=\"fusion-fullwidth fullwidth-box fusion-builder-row-1 nonhundred-percent-fullwidth non-hundred-percent-height-scrolling\"  style='background-color: rgba(255,255,255,0);background-position: center center;background-repeat: no-repeat;padding-top:0px;padding-right:0px;padding-bottom:0px;padding-left:0px;'><div class=\"fusion-builder-row fusion-row \"><div  class=\"fusion-layout-column fusion_builder_column fusion_builder_column_1_4 fusion-builder-column-0 fusion-one-fourth fusion-column-first 1_4\"  style='margin-top:0px;margin-bottom:20px;width:25%;width:calc(25% - ( ( 4% ) * 0.25 ) );margin-right: 4%;'><div class=\"fusion-column-wrapper\" style=\"padding: 0px 0px 0px 0px;background-position:left top;background-repeat:no-repeat;-webkit-background-size:cover;-moz-background-size:cover;-o-background-size:cover;background-size:cover;\"   data-bg-url=\"\"><span class=\"fusion-imageframe imageframe-none imageframe-1 hover-type-none\"><img decoding=\"async\" loading=\"lazy\" src=\"https:\/\/www.ub.edu\/afm\/wp-content\/uploads\/2021\/02\/xavier-varea.jpg\" width=\"200\" height=\"200\" alt=\"\" title=\"xavier-varea\" class=\"img-responsive wp-image-35\"\/><\/span><div class=\"fusion-clearfix\"><\/div><\/div><\/div><div  class=\"fusion-layout-column fusion_builder_column fusion_builder_column_3_4 fusion-builder-column-1 fusion-three-fourth fusion-column-last 3_4\"  style='margin-top:0px;margin-bottom:20px;width:75%;width:calc(75% - ( ( 4% ) * 0.75 ) );'><div class=\"fusion-column-wrapper\" style=\"padding: 0px 0px 0px 0px;background-position:left top;background-repeat:no-repeat;-webkit-background-size:cover;-moz-background-size:cover;-o-background-size:cover;background-size:cover;\"   data-bg-url=\"\"><div class=\"fusion-text\"><\/div><div class=\"fusion-clearfix\"><\/div><\/div><\/div><\/div><\/div><style type=\"text\/css\">.fusion-fullwidth.fusion-builder-row-1 a:not(.fusion-button):not(.fusion-builder-module-control):not(.fusion-social-network-icon):not(.fb-icon-element):not(.fusion-countdown-link):not(.fusion-rollover-link):not(.fusion-rollover-gallery):not(.fusion-button-bar):not(.add_to_cart_button):not(.show_details_button):not(.product_type_external):not(.fusion-quick-view):not(.fusion-rollover-title-link):not(.fusion-breadcrumb-link) , .fusion-fullwidth.fusion-builder-row-1 a:not(.fusion-button):not(.fusion-builder-module-control):not(.fusion-social-network-icon):not(.fb-icon-element):not(.fusion-countdown-link):not(.fusion-rollover-link):not(.fusion-rollover-gallery):not(.fusion-button-bar):not(.add_to_cart_button):not(.show_details_button):not(.product_type_external):not(.fusion-quick-view):not(.fusion-rollover-title-link):not(.fusion-breadcrumb-link):before, .fusion-fullwidth.fusion-builder-row-1 a:not(.fusion-button):not(.fusion-builder-module-control):not(.fusion-social-network-icon):not(.fb-icon-element):not(.fusion-countdown-link):not(.fusion-rollover-link):not(.fusion-rollover-gallery):not(.fusion-button-bar):not(.add_to_cart_button):not(.show_details_button):not(.product_type_external):not(.fusion-quick-view):not(.fusion-rollover-title-link):not(.fusion-breadcrumb-link):after {color: #03a9f4;}.fusion-fullwidth.fusion-builder-row-1 a:not(.fusion-button):not(.fusion-builder-module-control):not(.fusion-social-network-icon):not(.fb-icon-element):not(.fusion-countdown-link):not(.fusion-rollover-link):not(.fusion-rollover-gallery):not(.fusion-button-bar):not(.add_to_cart_button):not(.show_details_button):not(.product_type_external):not(.fusion-quick-view):not(.fusion-rollover-title-link):not(.fusion-breadcrumb-link):hover, .fusion-fullwidth.fusion-builder-row-1 a:not(.fusion-button):not(.fusion-builder-module-control):not(.fusion-social-network-icon):not(.fb-icon-element):not(.fusion-countdown-link):not(.fusion-rollover-link):not(.fusion-rollover-gallery):not(.fusion-button-bar):not(.add_to_cart_button):not(.show_details_button):not(.product_type_external):not(.fusion-quick-view):not(.fusion-rollover-title-link):not(.fusion-breadcrumb-link):hover:before, .fusion-fullwidth.fusion-builder-row-1 a:not(.fusion-button):not(.fusion-builder-module-control):not(.fusion-social-network-icon):not(.fb-icon-element):not(.fusion-countdown-link):not(.fusion-rollover-link):not(.fusion-rollover-gallery):not(.fusion-button-bar):not(.add_to_cart_button):not(.show_details_button):not(.product_type_external):not(.fusion-quick-view):not(.fusion-rollover-title-link):not(.fusion-breadcrumb-link):hover:after {color: #0083d7;}.fusion-fullwidth.fusion-builder-row-1 .pagination a.inactive:hover, .fusion-fullwidth.fusion-builder-row-1 .fusion-filters .fusion-filter.fusion-active a {border-color: #0083d7;}.fusion-fullwidth.fusion-builder-row-1 .pagination .current {border-color: #0083d7; background-color: #0083d7;}.fusion-fullwidth.fusion-builder-row-1 .fusion-filters .fusion-filter.fusion-active a, .fusion-fullwidth.fusion-builder-row-1 .fusion-date-and-formats .fusion-format-box, .fusion-fullwidth.fusion-builder-row-1 .fusion-popover, .fusion-fullwidth.fusion-builder-row-1 .tooltip-shortcode {color: #0083d7;}#main .fusion-fullwidth.fusion-builder-row-1 .post .blog-shortcode-post-title a:hover {color: #0083d7;}<\/style><div class=\"fusion-fullwidth fullwidth-box fusion-builder-row-2 nonhundred-percent-fullwidth non-hundred-percent-height-scrolling\"  style='background-color: rgba(255,255,255,0);background-position: center center;background-repeat: no-repeat;padding-top:0px;padding-right:0px;padding-bottom:0px;padding-left:0px;'><div class=\"fusion-builder-row fusion-row \"><div  class=\"fusion-layout-column fusion_builder_column fusion_builder_column_1_1 fusion-builder-column-2 fusion-one-full fusion-column-first fusion-column-last 1_1\"  style='margin-top:0px;margin-bottom:20px;'><div class=\"fusion-column-wrapper\" style=\"padding: 0px 0px 0px 0px;background-position:left top;background-repeat:no-repeat;-webkit-background-size:cover;-moz-background-size:cover;-o-background-size:cover;background-size:cover;\"   data-bg-url=\"\"><div class=\"fusion-text\"><p><h3>Articles<\/h3>\n<h3 style=''>2020<\/h3>\n<p><span style=''><\/p>\n<div class=\"tart\">Paper<\/div>\n<p> - Xavier  Varea Soler, M. Merc\u00e8  Claramunt Bielsa, Eva  Boj Del Val. <a href=\"https:\/\/doi.org\/10.3390\/su12218894\" target=\"_blank\">Role of Private Long-Term Care Insurance in Financial Sustainability for an Aging Society<\/a>. <i>Sustainability<\/i>, 12(21). <\/span><br><\/p>\n<h3 style=''>2016<\/h3>\n<p><span style=''><\/p>\n<div class=\"tart\">Working Paper<\/div>\n<p> - M. Merc\u00e8  Claramunt Bielsa, Anna  Casta\u00f1er Garriga, Xavier  Varea Soler. <a href=\"http:\/\/www.xreap.cat\/RePEc\/xrp\/pdf\/XREAP2016-01.pdf\" target=\"_blank\">Modelizaci\u00f3n de la dependencia del n\u00famero de siniestros. Aplicaci\u00f3n a Solvencia II<\/a>. <i>Documento de trabajo de XREAP<\/i>, 1. <\/span><br><\/p>\n<h3 style=''>2008<\/h3>\n<p><span style=''><\/p>\n<div class=\"tart\">Paper<\/div>\n<p> - M. \u00c1ngels  Pons, Antonio  Alegre Escolano, Xavier  Varea Soler. <a href=\"http:\/\/hdl.handle.net\/2445\/51603\" target=\"_blank\">Seguros de fallecimiento con anticipaci\u00f3n parcial de la prestaci\u00f3n por dependencia<\/a>. <i>Anales del Instituto de Actuarios Espa\u00f1oles<\/i>, 14, 47-72. <\/span><br><\/p>\n<h3 style=''>2006<\/h3>\n<p><span style=''><\/p>\n<div class=\"tart\">Paper<\/div>\n<p> - Antonio  Alegre Escolano, Xavier  Varea Soler.  <i>Anales del Instituto de Actuarios Espa\u00f1oles. Tercera \u00e9poca.<\/i>, 12, 155-179. <\/span><br><\/p>\n<h3 style=''>2001<\/h3>\n<p><span style=''><\/p>\n<div class=\"tart\">Paper<\/div>\n<p> - Xavier  Varea Soler, M. Merc\u00e8  Claramunt Bielsa, Manuela  Bosch Princep, Antonio  Alegre Escolano.  <i>Anales del Instituto de Actuarios Espa\u00f1oles<\/i>, 7, 11-32. <\/span><br><\/p>\n<h3>Books<\/h3>\n<h3 style=''>2020<\/h3>\n<p><span style=''><\/p>\n<div class=\"tart\">Book<\/div>\n<p> - Eva  Boj Del Val, Xavier  Varea Soler, M. Merc\u00e8  Claramunt Bielsa.  <a href=\"https:\/\/www.icea.es\/es-es\/informaciondelseguro\/paginas\/fichadetexto.aspx?idpublicacion=2987\" target=\"_blank\"><i>Papel del seguro de dependencia en el esquema financiero de la cuarta edad<\/i><\/a>.  N\u00famero 298. ICEA.<\/span><br><span style=''><\/p>\n<div class=\"tart\">Chapter<\/div>\n<p> - Xavier  Varea Soler, Manuela  Bosch Princep, M. Merc\u00e8  Claramunt Bielsa. La Previsi\u00f3n social en las Pyme. Un an\u00e1lisis de la situaci\u00f3n actual en Espa\u00f1a. In  <a href=\"http:\/\/www.tdea.edu.co\/index.php\/investiga\/sobre-la-investigacion\/impacto-cientifico\/109-tdea\/sello-editorial\/documentos-sello-editorial\/1362-gestion-organizacional-y-desarrollo-responsable-en-las-pyme-una-mirada-glocal-serie-pyme-tomo-iv-ebook\" target=\"_blank\"><i>Gesti\u00f3n Organizacional y Desarrollo Responsable en las PYME<\/i><\/a>.  (pp. 45-68). Sello Editorial PUBLICAR-T. Tecnol\u00f3gico de Antioquia, Instituci\u00f3n Universitaria.<\/span><br><\/p>\n<h3 style=''>2019<\/h3>\n<p><span style=''><\/p>\n<div class=\"tart\">Chapter<\/div>\n<p> - Xavier  Varea Soler, M. Merc\u00e8  Claramunt Bielsa, Manuela  Bosch Princep. La Previsi\u00f3n social en las Pyme. Un an\u00e1lisis de la situaci\u00f3n actual en Espa\u00f1a. In  <a href=\"https:\/\/www.tdea.edu.co\/index.php\/inicio-sello-editorial\/109-tdea\/sello-editorial\/documentos-sello-editorial\/1362-gestion-organizacional-y-desarrollo-responsable-en-las-pyme-una-mirada-glocal-serie-pyme-tomo-iv-ebook\" target=\"_blank\"><i>Gesti\u00f3n Organizacional y Desarrollo Responsable en las PYME. Una Mirada Global<\/i><\/a>.  (pp. 45-68). Sello Editorial Publicar-TDEA. Tecnol\u00f3gico de Antioquia, Instituci\u00f3n Universitaria.<\/span><br><\/p>\n<h3 style=''>2017<\/h3>\n<p><span style=''><\/p>\n<div class=\"tart\">Book<\/div>\n<p> - Carme  Ribas Mari, Antonio  Alegre Escolano, Eva  Boj Del Val, Carmen  Bad\u00eda, Manuela  Bosch Princep, Montserrat  Casanovas Ram\u00f3n, M. Merc\u00e8  Claramunt Bielsa, Teresa  Costa Cor, Laura  Gonz\u00e1lez-Vila Puchades, Maite  M\u00e1rmol Jim\u00e9nez, Isabel  Morillo L\u00f3pez, Oriol  Roch Caselles, Xavier  Varea Soler.  <i>Teor\u00eda General del Seguro<\/i><\/a>.  Asociaci\u00f3n ICEA.<\/span><br><\/p>\n<\/div><div class=\"fusion-clearfix\"><\/div><\/div><\/div><\/div><\/div><style type=\"text\/css\">.fusion-fullwidth.fusion-builder-row-2 a:not(.fusion-button):not(.fusion-builder-module-control):not(.fusion-social-network-icon):not(.fb-icon-element):not(.fusion-countdown-link):not(.fusion-rollover-link):not(.fusion-rollover-gallery):not(.fusion-button-bar):not(.add_to_cart_button):not(.show_details_button):not(.product_type_external):not(.fusion-quick-view):not(.fusion-rollover-title-link):not(.fusion-breadcrumb-link) , .fusion-fullwidth.fusion-builder-row-2 a:not(.fusion-button):not(.fusion-builder-module-control):not(.fusion-social-network-icon):not(.fb-icon-element):not(.fusion-countdown-link):not(.fusion-rollover-link):not(.fusion-rollover-gallery):not(.fusion-button-bar):not(.add_to_cart_button):not(.show_details_button):not(.product_type_external):not(.fusion-quick-view):not(.fusion-rollover-title-link):not(.fusion-breadcrumb-link):before, .fusion-fullwidth.fusion-builder-row-2 a:not(.fusion-button):not(.fusion-builder-module-control):not(.fusion-social-network-icon):not(.fb-icon-element):not(.fusion-countdown-link):not(.fusion-rollover-link):not(.fusion-rollover-gallery):not(.fusion-button-bar):not(.add_to_cart_button):not(.show_details_button):not(.product_type_external):not(.fusion-quick-view):not(.fusion-rollover-title-link):not(.fusion-breadcrumb-link):after {color: #03a9f4;}.fusion-fullwidth.fusion-builder-row-2 a:not(.fusion-button):not(.fusion-builder-module-control):not(.fusion-social-network-icon):not(.fb-icon-element):not(.fusion-countdown-link):not(.fusion-rollover-link):not(.fusion-rollover-gallery):not(.fusion-button-bar):not(.add_to_cart_button):not(.show_details_button):not(.product_type_external):not(.fusion-quick-view):not(.fusion-rollover-title-link):not(.fusion-breadcrumb-link):hover, .fusion-fullwidth.fusion-builder-row-2 a:not(.fusion-button):not(.fusion-builder-module-control):not(.fusion-social-network-icon):not(.fb-icon-element):not(.fusion-countdown-link):not(.fusion-rollover-link):not(.fusion-rollover-gallery):not(.fusion-button-bar):not(.add_to_cart_button):not(.show_details_button):not(.product_type_external):not(.fusion-quick-view):not(.fusion-rollover-title-link):not(.fusion-breadcrumb-link):hover:before, .fusion-fullwidth.fusion-builder-row-2 a:not(.fusion-button):not(.fusion-builder-module-control):not(.fusion-social-network-icon):not(.fb-icon-element):not(.fusion-countdown-link):not(.fusion-rollover-link):not(.fusion-rollover-gallery):not(.fusion-button-bar):not(.add_to_cart_button):not(.show_details_button):not(.product_type_external):not(.fusion-quick-view):not(.fusion-rollover-title-link):not(.fusion-breadcrumb-link):hover:after {color: #0083d7;}.fusion-fullwidth.fusion-builder-row-2 .pagination a.inactive:hover, .fusion-fullwidth.fusion-builder-row-2 .fusion-filters .fusion-filter.fusion-active a {border-color: #0083d7;}.fusion-fullwidth.fusion-builder-row-2 .pagination .current {border-color: #0083d7; background-color: #0083d7;}.fusion-fullwidth.fusion-builder-row-2 .fusion-filters .fusion-filter.fusion-active a, .fusion-fullwidth.fusion-builder-row-2 .fusion-date-and-formats .fusion-format-box, .fusion-fullwidth.fusion-builder-row-2 .fusion-popover, .fusion-fullwidth.fusion-builder-row-2 .tooltip-shortcode {color: #0083d7;}#main .fusion-fullwidth.fusion-builder-row-2 .post .blog-shortcode-post-title a:hover {color: #0083d7;}<\/style><\/p>\n","protected":false},"excerpt":{"rendered":"","protected":false},"author":7,"featured_media":0,"parent":21,"menu_order":0,"comment_status":"closed","ping_status":"closed","template":"","meta":{"footnotes":"","_links_to":"","_links_to_target":""},"_links":{"self":[{"href":"https:\/\/www.ub.edu\/afm\/wp-json\/wp\/v2\/pages\/97"}],"collection":[{"href":"https:\/\/www.ub.edu\/afm\/wp-json\/wp\/v2\/pages"}],"about":[{"href":"https:\/\/www.ub.edu\/afm\/wp-json\/wp\/v2\/types\/page"}],"author":[{"embeddable":true,"href":"https:\/\/www.ub.edu\/afm\/wp-json\/wp\/v2\/users\/7"}],"replies":[{"embeddable":true,"href":"https:\/\/www.ub.edu\/afm\/wp-json\/wp\/v2\/comments?post=97"}],"version-history":[{"count":1,"href":"https:\/\/www.ub.edu\/afm\/wp-json\/wp\/v2\/pages\/97\/revisions"}],"predecessor-version":[{"id":98,"href":"https:\/\/www.ub.edu\/afm\/wp-json\/wp\/v2\/pages\/97\/revisions\/98"}],"up":[{"embeddable":true,"href":"https:\/\/www.ub.edu\/afm\/wp-json\/wp\/v2\/pages\/21"}],"wp:attachment":[{"href":"https:\/\/www.ub.edu\/afm\/wp-json\/wp\/v2\/media?parent=97"}],"curies":[{"name":"wp","href":"https:\/\/api.w.org\/{rel}","templated":true}]}}