{"id":8,"date":"2023-03-17T16:28:06","date_gmt":"2023-03-17T14:28:06","guid":{"rendered":"https:\/\/www.ub.edu\/anglesmultimedia\/?page_id=8"},"modified":"2025-09-15T14:38:33","modified_gmt":"2025-09-15T12:38:33","slug":"portada","status":"publish","type":"page","link":"https:\/\/www.ub.edu\/angles-multimedia\/","title":{"rendered":"Portada"},"content":{"rendered":"\n<div class=\"wp-block-group is-content-justification-left is-nowrap is-layout-flex wp-container-core-group-is-layout-2d3a6777 wp-block-group-is-layout-flex\" style=\"margin-bottom:50px\">\n<div class=\"wp-block-columns is-layout-flex wp-container-core-columns-is-layout-28f84493 wp-block-columns-is-layout-flex\">\n<div class=\"wp-block-column has-global-padding is-content-justification-left is-layout-constrained wp-container-core-column-is-layout-12dd3699 wp-block-column-is-layout-constrained\" style=\"flex-basis:100%\">\n<h2 class=\"wp-block-heading\">Acc\u00e9s als materials<\/h2>\n\n\n\n<div class=\"wp-block-columns is-layout-flex wp-container-core-columns-is-layout-28f84493 wp-block-columns-is-layout-flex\">\n<div class=\"wp-block-column is-layout-flow wp-block-column-is-layout-flow\"><\/div>\n\n\n\n<div class=\"wp-block-column is-layout-flow wp-block-column-is-layout-flow\"><\/div>\n\n\n\n<div class=\"wp-block-column is-layout-flow wp-block-column-is-layout-flow\"><\/div>\n<\/div>\n\n\n\n<div class=\"wp-block-columns is-layout-flex wp-container-core-columns-is-layout-b6133b89 wp-block-columns-is-layout-flex\" style=\"margin-top:40px\">\n<div class=\"wp-block-column gris is-layout-flow wp-block-column-is-layout-flow\" style=\"flex-basis:33%\">\n<h3 class=\"wp-block-heading\">Nivell A1<\/h3>\n\n\n\n<ul class=\"wp-block-list\">\n<li><strong><a href=\"https:\/\/campusvirtual.ub.edu\/course\/section.php?id=1034244\">CURS 1<\/a><\/strong><br>(60 hores)<\/li>\n\n\n\n<li><strong><a href=\"https:\/\/campusvirtual.ub.edu\/course\/section.php?id=1034245\">CURS 2<\/a><\/strong><br>(60 hores)<\/li>\n<\/ul>\n<\/div>\n\n\n\n<div class=\"wp-block-column gris is-layout-flow wp-block-column-is-layout-flow\" style=\"flex-basis:33%\">\n<h3 class=\"wp-block-heading\">Nivell A2<\/h3>\n\n\n\n<ul class=\"wp-block-list\">\n<li><strong><a href=\"https:\/\/campusvirtual.ub.edu\/course\/section.php?id=881098\">CURS 1<\/a><\/strong><br>(60 hores)<\/li>\n\n\n\n<li><strong><a href=\"https:\/\/campusvirtual.ub.edu\/course\/section.php?id=881099\">CURS 2<\/a><\/strong><br>(60 hores)<\/li>\n<\/ul>\n<\/div>\n\n\n\n<div class=\"wp-block-column gris is-layout-flow wp-block-column-is-layout-flow\" style=\"flex-basis:33%\">\n<h3 class=\"wp-block-heading\">Nivell B1<\/h3>\n\n\n\n<ul class=\"wp-block-list\">\n<li><a href=\"https:\/\/campusvirtual.ub.edu\/course\/view.php?id=32852&amp;section=3\">Curs 1<\/a><br>(60 hores)<\/li>\n\n\n\n<li><a href=\"https:\/\/campusvirtual.ub.edu\/course\/view.php?id=32852&amp;section=4\">Curs 2<\/a><br>(60 hores)<\/li>\n<\/ul>\n<\/div>\n<\/div>\n\n\n\n<div class=\"wp-block-columns is-layout-flex wp-container-core-columns-is-layout-b6133b89 wp-block-columns-is-layout-flex\" style=\"margin-top:40px\">\n<div class=\"wp-block-column gris is-layout-flow wp-block-column-is-layout-flow\" style=\"flex-basis:33.34%\">\n<h3 class=\"wp-block-heading\">Nivell B2.1<\/h3>\n\n\n\n<ul class=\"wp-block-list\">\n<li><a href=\"https:\/\/campusvirtual.ub.edu\/course\/view.php?id=32852&amp;section=5\">Curs 1<\/a><br>(60 hores)<\/li>\n\n\n\n<li><a href=\"https:\/\/campusvirtual.ub.edu\/course\/view.php?id=32852&amp;section=6\">Curs 2<\/a><br>(60 hores)<\/li>\n<\/ul>\n<\/div>\n\n\n\n<div class=\"wp-block-column gris is-layout-flow wp-block-column-is-layout-flow\" style=\"flex-basis:33.34%\">\n<h3 class=\"wp-block-heading\">Nivell B2.2<\/h3>\n\n\n\n<ul class=\"wp-block-list\">\n<li><a href=\"https:\/\/campusvirtual.ub.edu\/course\/view.php?id=32852&amp;section=5\">Curs 1<\/a><br>(60 hores)<\/li>\n\n\n\n<li><a href=\"https:\/\/campusvirtual.ub.edu\/course\/view.php?id=32852&amp;section=6\">Curs 2<\/a><br>(60 hores)<\/li>\n<\/ul>\n<\/div>\n\n\n\n<div class=\"wp-block-column is-layout-flow wp-block-column-is-layout-flow\" style=\"flex-basis:33.33%\">\n<figure class=\"wp-block-image aligncenter size-full\"><img loading=\"lazy\" decoding=\"async\" width=\"200\" height=\"245\" src=\"https:\/\/www.ub.edu\/angles-multimedia\/wp-content\/uploads\/illustracio1c.png\" alt=\"\" class=\"wp-image-494\" srcset=\"https:\/\/www.ub.edu\/angles-multimedia\/wp-content\/uploads\/illustracio1c.png 200w, https:\/\/www.ub.edu\/angles-multimedia\/wp-content\/uploads\/illustracio1c-122x150.png 122w\" sizes=\"auto, (max-width: 200px) 100vw, 200px\" \/><\/figure>\n<\/div>\n<\/div>\n\n\n\n<p><strong>ATENCI\u00d3<\/strong>. L\u2019acc\u00e9s gratu\u00eft als materials est\u00e0 restringit als membres de la Universitat de Barcelona que poden accedir al Campus Virtual. Per a m\u00e9s informaci\u00f3, consulta els <a href=\"https:\/\/www.ub.edu\/angles-multimedia\/presentacio\/#1687332655246-011f908f-5625\">requisits d\u2019acc\u00e9s<\/a>.<\/p>\n<\/div>\n<\/div>\n<\/div>\n\n\n\n<p><\/p>\n","protected":false},"excerpt":{"rendered":"<p>Acc\u00e9s als materials Nivell A1 Nivell A2 Nivell B1 Nivell B2.1 Nivell B2.2 ATENCI\u00d3. L\u2019acc\u00e9s gratu\u00eft als materials est\u00e0 restringit als membres de la Universitat de Barcelona que poden accedir al Campus Virtual. Per a m\u00e9s informaci\u00f3, consulta els requisits d\u2019acc\u00e9s.<\/p>\n","protected":false},"author":1,"featured_media":0,"parent":0,"menu_order":0,"comment_status":"closed","ping_status":"closed","template":"page-no-title","meta":{"footnotes":""},"class_list":["post-8","page","type-page","status-publish","hentry"],"_links":{"self":[{"href":"https:\/\/www.ub.edu\/angles-multimedia\/wp-json\/wp\/v2\/pages\/8","targetHints":{"allow":["GET"]}}],"collection":[{"href":"https:\/\/www.ub.edu\/angles-multimedia\/wp-json\/wp\/v2\/pages"}],"about":[{"href":"https:\/\/www.ub.edu\/angles-multimedia\/wp-json\/wp\/v2\/types\/page"}],"author":[{"embeddable":true,"href":"https:\/\/www.ub.edu\/angles-multimedia\/wp-json\/wp\/v2\/users\/1"}],"replies":[{"embeddable":true,"href":"https:\/\/www.ub.edu\/angles-multimedia\/wp-json\/wp\/v2\/comments?post=8"}],"version-history":[{"count":108,"href":"https:\/\/www.ub.edu\/angles-multimedia\/wp-json\/wp\/v2\/pages\/8\/revisions"}],"predecessor-version":[{"id":1112,"href":"https:\/\/www.ub.edu\/angles-multimedia\/wp-json\/wp\/v2\/pages\/8\/revisions\/1112"}],"wp:attachment":[{"href":"https:\/\/www.ub.edu\/angles-multimedia\/wp-json\/wp\/v2\/media?parent=8"}],"curies":[{"name":"wp","href":"https:\/\/api.w.org\/{rel}","templated":true}]}}