{"id":31,"date":"2021-04-27T12:27:27","date_gmt":"2021-04-27T10:27:27","guid":{"rendered":"https:\/\/www.ub.edu\/aqrworkshop2022\/?page_id=31"},"modified":"2022-10-05T10:44:14","modified_gmt":"2022-10-05T08:44:14","slug":"program","status":"publish","type":"page","link":"https:\/\/www.ub.edu\/aqrworkshop2022\/program\/","title":{"rendered":"Program"},"content":{"rendered":"<p style=\"text-align: center;\"><strong>2022 BARCELONA WORKSHOP ON REGIONAL AND URBAN ECONOMICS<\/strong><br><strong>The economics of a pandemic: lessons from COVID-19<\/strong><\/p>\n<p style=\"text-align: center;\"><strong>October 6th-7th 2022<\/strong><br><strong>University of Barcelona, Faculty of Economics and Business, Sala de Graus<\/strong><\/p>\n\n\n<figure class=\"wp-block-table is-style-regular\"><table class=\"has-fixed-layout\"><tbody><tr><td><\/td><td><\/td><\/tr><tr><td><strong>Thursday, October 6th 2022<\/strong><\/td><td><\/td><\/tr><tr><td>15:00-15:15<\/td><td><strong>Welcome and opening act<\/strong><br>&#8211; Ramon Alemany (Dean of the Faculty of Economics and Business, Universitat de Barcelona)<br>&#8211; Josep Llu\u00eds Carrion-i-Silvestre (AQR-IREA, Universitat de Barcelona)<br><\/td><\/tr><tr><td>15:15-16:45<\/td><td><strong>1st Contributed session<\/strong><br>Chair: Enrique L\u00f3pez Bazo (AQR-IREA, Universitat de Barcelona)<br>&#8211; Marcos Sanso Navarro (University of Zaragoza). <em>Modeling the spread of COVID-19 in New York City<\/em>.<br>&#8211; Andr\u00e9s Rodr\u00edguez-Pose (Princesa de Asturias Chair &amp; Professor of Economic Geography at the London School of Economics). <em>Decentralisation, unfunded mandates, and the regional response to the COVID-19 pandemic<\/em>.<br><\/td><\/tr><tr><td>16:45-17:15<\/td><td>Coffee break<\/td><\/tr><tr><td>17:15-18:45<\/td><td><strong>2nd Contributed session<\/strong><br>Chair: Antonio di Paolo (AQR-IREA, Universitat de Barcelona)<br>&#8211; Marcos D\u00edaz Ram\u00edrez (OECD Centre for Entrepreneurship, SMEs, Regions &amp; Cities). <em>The geography of housing demand in the wake of COVID-19<\/em>.<br>&#8211; Andrea Conte (Joint Research Centre, European Commission). <em>Territorial Mapping of EU Funding Programmes<\/em>.<\/td><\/tr><tr><td><strong>Friday, October 7th 2022<\/strong><\/td><td><\/td><\/tr><tr><td>9:30-10:30<\/td><td><strong>3rd Contributed session<\/strong><br>Chair: Alexandrina Stoyanova (Universitat de Barcelona)<br>Juan Francisco Jimeno (Bank of Spain). <em>Post-pandemic employment outlook: Old structural trends and new shocks<\/em>.<\/td><\/tr><tr><td>10:30-11:00<\/td><td>Coffee break<\/td><\/tr><tr><td>11:00-13:00<\/td><td><strong>Round table<\/strong><br>Chair: Raul Ramos (AQR-IREA, Universitat de Barcelona)<br>&#8211; Marta Curto (Generalitat de Catalunya. Departament d\u2019Economia i Finances). <em>Government interventions to flatten the curves: the case of Catalonia<\/em><br>&#8211; Anna Garc\u00eda-Alt\u00e9s (Generalitat de Catalunya. Subdirecci\u00f3 General de Planificaci\u00f3 Sanit\u00e0ria). <em>The direct and indirect impact of COVID-19 pandemic in the health status of the population<\/em><br>&#8211; Francisco Ramos (Barcelona Activa). <em>Economic &nbsp;Recovery Strategy of Barcelona. Economic Response Coordination Centre (CECORE)<\/em><\/td><\/tr><tr><td>13:00<\/td><td><strong>Closing remarks<\/strong><br>Josep Llu\u00eds Carrion-i-Silvestre &amp; Enrique L\u00f3pez Bazo (AQR-IREA, Universitat de Barcelona)<\/td><\/tr><\/tbody><\/table><\/figure>\n\n\n\n<p><\/p>\n","protected":false},"excerpt":{"rendered":"<p>2022 BARCELONA WORKSHOP ON REGIONAL AND URBAN ECONOMICSThe economics of a pandemic: lessons from COVID-19 October 6th-7th 2022University of Barcelona, Faculty of Economics and Business, Sala de Graus Thursday, October 6th 2022 15:00-15:15 Welcome and opening act&#8211; Ramon Alemany (Dean of the Faculty of Economics and Business, Universitat de Barcelona)&#8211; [&hellip;]<\/p>\n","protected":false},"author":1,"featured_media":0,"parent":0,"menu_order":0,"comment_status":"closed","ping_status":"closed","template":"","meta":[],"_links":{"self":[{"href":"https:\/\/www.ub.edu\/aqrworkshop2022\/wp-json\/wp\/v2\/pages\/31"}],"collection":[{"href":"https:\/\/www.ub.edu\/aqrworkshop2022\/wp-json\/wp\/v2\/pages"}],"about":[{"href":"https:\/\/www.ub.edu\/aqrworkshop2022\/wp-json\/wp\/v2\/types\/page"}],"author":[{"embeddable":true,"href":"https:\/\/www.ub.edu\/aqrworkshop2022\/wp-json\/wp\/v2\/users\/1"}],"replies":[{"embeddable":true,"href":"https:\/\/www.ub.edu\/aqrworkshop2022\/wp-json\/wp\/v2\/comments?post=31"}],"version-history":[{"count":11,"href":"https:\/\/www.ub.edu\/aqrworkshop2022\/wp-json\/wp\/v2\/pages\/31\/revisions"}],"predecessor-version":[{"id":356,"href":"https:\/\/www.ub.edu\/aqrworkshop2022\/wp-json\/wp\/v2\/pages\/31\/revisions\/356"}],"wp:attachment":[{"href":"https:\/\/www.ub.edu\/aqrworkshop2022\/wp-json\/wp\/v2\/media?parent=31"}],"curies":[{"name":"wp","href":"https:\/\/api.w.org\/{rel}","templated":true}]}}