{"id":37,"date":"2021-04-27T12:29:54","date_gmt":"2021-04-27T10:29:54","guid":{"rendered":"https:\/\/www.ub.edu\/aqrworkshop2022\/?page_id=37"},"modified":"2022-10-21T15:37:20","modified_gmt":"2022-10-21T13:37:20","slug":"organising-and-scientific-committees","status":"publish","type":"page","link":"https:\/\/www.ub.edu\/aqrworkshop2022\/organising-and-scientific-committees\/","title":{"rendered":"Organising and Scientific committees"},"content":{"rendered":"<h2>Organising Committee<\/h2>\n\n\t\t<style type=\"text\/css\">\n\t\t\t#gallery-1 {\n\t\t\t\tmargin: auto;\n\t\t\t}\n\t\t\t#gallery-1 .gallery-item {\n\t\t\t\tfloat: left;\n\t\t\t\tmargin-top: 10px;\n\t\t\t\ttext-align: center;\n\t\t\t\twidth: 33%;\n\t\t\t}\n\t\t\t#gallery-1 img {\n\t\t\t\tborder: 2px solid #cfcfcf;\n\t\t\t}\n\t\t\t#gallery-1 .gallery-caption {\n\t\t\t\tmargin-left: 0;\n\t\t\t}\n\t\t\t\/* see gallery_shortcode() in wp-includes\/media.php *\/\n\t\t<\/style>\n\t\t<div id='gallery-1' class='gallery galleryid-37 gallery-columns-3 gallery-size-thumbnail'><dl class='gallery-item'>\n\t\t\t<dt class='gallery-icon landscape'>\n\t\t\t\t<a href='https:\/\/www.ub.edu\/aqrworkshop2022\/organising-and-scientific-committees\/carrion-i-silvestre-josep-llu-s-1\/'><img width=\"150\" height=\"150\" src=\"https:\/\/www.ub.edu\/aqrworkshop2022\/wp-content\/uploads\/2021\/04\/Carrion-i-Silvestre-Josep-Llu-s-1.jpg\" class=\"attachment-thumbnail size-thumbnail\" alt=\"\" loading=\"lazy\" aria-describedby=\"gallery-1-71\" \/><\/a>\n\t\t\t<\/dt>\n\t\t\t\t<dd class='wp-caption-text gallery-caption' id='gallery-1-71'>\n\t\t\t\tJosep Llu\u00eds Carrion-i-Silvestre (AQR-IREA, UB)\n\t\t\t\t<\/dd><\/dl><dl class='gallery-item'>\n\t\t\t<dt class='gallery-icon landscape'>\n\t\t\t\t<a href='https:\/\/www.ub.edu\/aqrworkshop2022\/organising-and-scientific-committees\/qq-150x150\/'><img width=\"150\" height=\"150\" src=\"https:\/\/www.ub.edu\/aqrworkshop2022\/wp-content\/uploads\/2021\/04\/QQ-150x150.jpg\" class=\"attachment-thumbnail size-thumbnail\" alt=\"\" loading=\"lazy\" aria-describedby=\"gallery-1-73\" \/><\/a>\n\t\t\t<\/dt>\n\t\t\t\t<dd class='wp-caption-text gallery-caption' id='gallery-1-73'>\n\t\t\t\tEnrique L\u00f3pez-Bazo (AQR-IREA, UB)\n\t\t\t\t<\/dd><\/dl>\n\t\t\t<br style='clear: both' \/>\n\t\t<\/div>\n\n<h2>Scientific Committee<\/h2>\n\n\t\t<style type=\"text\/css\">\n\t\t\t#gallery-2 {\n\t\t\t\tmargin: auto;\n\t\t\t}\n\t\t\t#gallery-2 .gallery-item {\n\t\t\t\tfloat: left;\n\t\t\t\tmargin-top: 10px;\n\t\t\t\ttext-align: center;\n\t\t\t\twidth: 33%;\n\t\t\t}\n\t\t\t#gallery-2 img {\n\t\t\t\tborder: 2px solid #cfcfcf;\n\t\t\t}\n\t\t\t#gallery-2 .gallery-caption {\n\t\t\t\tmargin-left: 0;\n\t\t\t}\n\t\t\t\/* see gallery_shortcode() in wp-includes\/media.php *\/\n\t\t<\/style>\n\t\t<div id='gallery-2' class='gallery galleryid-37 gallery-columns-3 gallery-size-thumbnail'><dl class='gallery-item'>\n\t\t\t<dt class='gallery-icon landscape'>\n\t\t\t\t<a href='https:\/\/www.ub.edu\/aqrworkshop2022\/organising-and-scientific-committees\/carrion-i-silvestre-josep-llu-s-1\/'><img width=\"150\" height=\"150\" src=\"https:\/\/www.ub.edu\/aqrworkshop2022\/wp-content\/uploads\/2021\/04\/Carrion-i-Silvestre-Josep-Llu-s-1.jpg\" class=\"attachment-thumbnail size-thumbnail\" alt=\"\" loading=\"lazy\" aria-describedby=\"gallery-2-71\" \/><\/a>\n\t\t\t<\/dt>\n\t\t\t\t<dd class='wp-caption-text gallery-caption' id='gallery-2-71'>\n\t\t\t\tJosep Llu\u00eds Carrion-i-Silvestre (AQR-IREA, UB)\n\t\t\t\t<\/dd><\/dl><dl class='gallery-item'>\n\t\t\t<dt class='gallery-icon landscape'>\n\t\t\t\t<a href='https:\/\/www.ub.edu\/aqrworkshop2022\/organising-and-scientific-committees\/qq-150x150\/'><img width=\"150\" height=\"150\" src=\"https:\/\/www.ub.edu\/aqrworkshop2022\/wp-content\/uploads\/2021\/04\/QQ-150x150.jpg\" class=\"attachment-thumbnail size-thumbnail\" alt=\"\" loading=\"lazy\" aria-describedby=\"gallery-2-73\" \/><\/a>\n\t\t\t<\/dt>\n\t\t\t\t<dd class='wp-caption-text gallery-caption' id='gallery-2-73'>\n\t\t\t\tEnrique L\u00f3pez-Bazo (AQR-IREA, UB)\n\t\t\t\t<\/dd><\/dl><dl class='gallery-item'>\n\t\t\t<dt class='gallery-icon landscape'>\n\t\t\t\t<a href='https:\/\/www.ub.edu\/aqrworkshop2022\/organising-and-scientific-committees\/antonio\/'><img width=\"150\" height=\"150\" src=\"https:\/\/www.ub.edu\/aqrworkshop2022\/wp-content\/uploads\/2022\/09\/Antonio-150x150.jpg\" class=\"attachment-thumbnail size-thumbnail\" alt=\"\" loading=\"lazy\" aria-describedby=\"gallery-2-275\" srcset=\"https:\/\/www.ub.edu\/aqrworkshop2022\/wp-content\/uploads\/2022\/09\/Antonio-150x150.jpg 150w, https:\/\/www.ub.edu\/aqrworkshop2022\/wp-content\/uploads\/2022\/09\/Antonio-300x300.jpg 300w, https:\/\/www.ub.edu\/aqrworkshop2022\/wp-content\/uploads\/2022\/09\/Antonio-1024x1024.jpg 1024w, https:\/\/www.ub.edu\/aqrworkshop2022\/wp-content\/uploads\/2022\/09\/Antonio-768x768.jpg 768w, https:\/\/www.ub.edu\/aqrworkshop2022\/wp-content\/uploads\/2022\/09\/Antonio.jpg 1440w\" sizes=\"(max-width: 150px) 100vw, 150px\" \/><\/a>\n\t\t\t<\/dt>\n\t\t\t\t<dd class='wp-caption-text gallery-caption' id='gallery-2-275'>\n\t\t\t\tAntonio di Paolo (AQR-IREA, UB)\n\t\t\t\t<\/dd><\/dl><br style=\"clear: both\" \/><dl class='gallery-item'>\n\t\t\t<dt class='gallery-icon landscape'>\n\t\t\t\t<a href='https:\/\/www.ub.edu\/aqrworkshop2022\/organising-and-scientific-committees\/jose-ramon-garcia\/'><img width=\"150\" height=\"150\" src=\"https:\/\/www.ub.edu\/aqrworkshop2022\/wp-content\/uploads\/2022\/09\/Jose-Ramon-Garcia-150x150.jpg\" class=\"attachment-thumbnail size-thumbnail\" alt=\"\" loading=\"lazy\" aria-describedby=\"gallery-2-276\" \/><\/a>\n\t\t\t<\/dt>\n\t\t\t\t<dd class='wp-caption-text gallery-caption' id='gallery-2-276'>\n\t\t\t\tJos\u00e9 Ram\u00f3n Garc\u00eda (AQR-IREA, UB)\n\t\t\t\t<\/dd><\/dl><dl class='gallery-item'>\n\t\t\t<dt class='gallery-icon landscape'>\n\t\t\t\t<a href='https:\/\/www.ub.edu\/aqrworkshop2022\/organising-and-scientific-committees\/jordi-lopez-tamayo\/'><img width=\"150\" height=\"150\" src=\"https:\/\/www.ub.edu\/aqrworkshop2022\/wp-content\/uploads\/2022\/09\/Jordi-Lopez-Tamayo-150x150.jpg\" class=\"attachment-thumbnail size-thumbnail\" alt=\"\" loading=\"lazy\" aria-describedby=\"gallery-2-277\" srcset=\"https:\/\/www.ub.edu\/aqrworkshop2022\/wp-content\/uploads\/2022\/09\/Jordi-Lopez-Tamayo-150x150.jpg 150w, https:\/\/www.ub.edu\/aqrworkshop2022\/wp-content\/uploads\/2022\/09\/Jordi-Lopez-Tamayo-300x300.jpg 300w, https:\/\/www.ub.edu\/aqrworkshop2022\/wp-content\/uploads\/2022\/09\/Jordi-Lopez-Tamayo.jpg 320w\" sizes=\"(max-width: 150px) 100vw, 150px\" \/><\/a>\n\t\t\t<\/dt>\n\t\t\t\t<dd class='wp-caption-text gallery-caption' id='gallery-2-277'>\n\t\t\t\tJordi L\u00f3pez-Tamayo (AQR-IREA, UB)\n\t\t\t\t<\/dd><\/dl><dl class='gallery-item'>\n\t\t\t<dt class='gallery-icon landscape'>\n\t\t\t\t<a href='https:\/\/www.ub.edu\/aqrworkshop2022\/organising-and-scientific-committees\/rosina-moreno\/'><img width=\"150\" height=\"150\" src=\"https:\/\/www.ub.edu\/aqrworkshop2022\/wp-content\/uploads\/2021\/04\/Rosina-Moreno.jpg\" class=\"attachment-thumbnail size-thumbnail\" alt=\"\" loading=\"lazy\" aria-describedby=\"gallery-2-74\" \/><\/a>\n\t\t\t<\/dt>\n\t\t\t\t<dd class='wp-caption-text gallery-caption' id='gallery-2-74'>\n\t\t\t\tRosina Moreno (AQR-IREA, UB)\n\t\t\t\t<\/dd><\/dl><br style=\"clear: both\" \/><dl class='gallery-item'>\n\t\t\t<dt class='gallery-icon portrait'>\n\t\t\t\t<a href='https:\/\/www.ub.edu\/aqrworkshop2022\/organising-and-scientific-committees\/ernest-pons\/'><img width=\"150\" height=\"150\" src=\"https:\/\/www.ub.edu\/aqrworkshop2022\/wp-content\/uploads\/2022\/09\/Ernest-Pons-150x150.jpg\" class=\"attachment-thumbnail size-thumbnail\" alt=\"\" loading=\"lazy\" aria-describedby=\"gallery-2-278\" \/><\/a>\n\t\t\t<\/dt>\n\t\t\t\t<dd class='wp-caption-text gallery-caption' id='gallery-2-278'>\n\t\t\t\tErnest Pons (AQR-IREA, UB)\n\t\t\t\t<\/dd><\/dl><dl class='gallery-item'>\n\t\t\t<dt class='gallery-icon landscape'>\n\t\t\t\t<a href='https:\/\/www.ub.edu\/aqrworkshop2022\/organising-and-scientific-committees\/raul-ramosjpg-1\/'><img width=\"150\" height=\"150\" src=\"https:\/\/www.ub.edu\/aqrworkshop2022\/wp-content\/uploads\/2021\/04\/Raul-Ramosjpg-1.jpg\" class=\"attachment-thumbnail size-thumbnail\" alt=\"\" loading=\"lazy\" aria-describedby=\"gallery-2-76\" \/><\/a>\n\t\t\t<\/dt>\n\t\t\t\t<dd class='wp-caption-text gallery-caption' id='gallery-2-76'>\n\t\t\t\tRaul Ramos (AQR-IREA, UB)\n\t\t\t\t<\/dd><\/dl><dl class='gallery-item'>\n\t\t\t<dt class='gallery-icon landscape'>\n\t\t\t\t<a href='https:\/\/www.ub.edu\/aqrworkshop2022\/organising-and-scientific-committees\/alexandrina-petrova\/'><img width=\"150\" height=\"150\" src=\"https:\/\/www.ub.edu\/aqrworkshop2022\/wp-content\/uploads\/2022\/09\/Alexandrina-Petrova-150x150.jpg\" class=\"attachment-thumbnail size-thumbnail\" alt=\"\" loading=\"lazy\" aria-describedby=\"gallery-2-279\" srcset=\"https:\/\/www.ub.edu\/aqrworkshop2022\/wp-content\/uploads\/2022\/09\/Alexandrina-Petrova-150x150.jpg 150w, https:\/\/www.ub.edu\/aqrworkshop2022\/wp-content\/uploads\/2022\/09\/Alexandrina-Petrova.jpg 300w\" sizes=\"(max-width: 150px) 100vw, 150px\" \/><\/a>\n\t\t\t<\/dt>\n\t\t\t\t<dd class='wp-caption-text gallery-caption' id='gallery-2-279'>\n\t\t\t\tAlexandrina Petrova Stoyanova (UB)\n\t\t\t\t<\/dd><\/dl><br style=\"clear: both\" \/><dl class='gallery-item'>\n\t\t\t<dt class='gallery-icon landscape'>\n\t\t\t\t<a href='https:\/\/www.ub.edu\/aqrworkshop2022\/organising-and-scientific-committees\/jordisurinach-1\/'><img width=\"150\" height=\"150\" src=\"https:\/\/www.ub.edu\/aqrworkshop2022\/wp-content\/uploads\/2021\/04\/JordiSurinach-1.jpg\" class=\"attachment-thumbnail size-thumbnail\" alt=\"\" loading=\"lazy\" aria-describedby=\"gallery-2-72\" \/><\/a>\n\t\t\t<\/dt>\n\t\t\t\t<dd class='wp-caption-text gallery-caption' id='gallery-2-72'>\n\t\t\t\tJordi Suri\u00f1ach (AQR-IREA, UB)\n\t\t\t\t<\/dd><\/dl><dl class='gallery-item'>\n\t\t\t<dt class='gallery-icon landscape'>\n\t\t\t\t<a href='https:\/\/www.ub.edu\/aqrworkshop2022\/organising-and-scientific-committees\/esther-vaya\/'><img width=\"150\" height=\"150\" src=\"https:\/\/www.ub.edu\/aqrworkshop2022\/wp-content\/uploads\/2022\/09\/Esther-Vaya-150x150.jpg\" class=\"attachment-thumbnail size-thumbnail\" alt=\"\" loading=\"lazy\" aria-describedby=\"gallery-2-280\" srcset=\"https:\/\/www.ub.edu\/aqrworkshop2022\/wp-content\/uploads\/2022\/09\/Esther-Vaya-150x150.jpg 150w, https:\/\/www.ub.edu\/aqrworkshop2022\/wp-content\/uploads\/2022\/09\/Esther-Vaya.jpg 299w\" sizes=\"(max-width: 150px) 100vw, 150px\" \/><\/a>\n\t\t\t<\/dt>\n\t\t\t\t<dd class='wp-caption-text gallery-caption' id='gallery-2-280'>\n\t\t\t\tEsther Vay\u00e1 (AQR-IREA, UB)\n\t\t\t\t<\/dd><\/dl>\n\t\t\t<br style='clear: both' \/>\n\t\t<\/div>\n\n<h2>Technical and Organizational Assistance<\/h2>\n\n\t\t<style type=\"text\/css\">\n\t\t\t#gallery-3 {\n\t\t\t\tmargin: auto;\n\t\t\t}\n\t\t\t#gallery-3 .gallery-item {\n\t\t\t\tfloat: left;\n\t\t\t\tmargin-top: 10px;\n\t\t\t\ttext-align: center;\n\t\t\t\twidth: 33%;\n\t\t\t}\n\t\t\t#gallery-3 img {\n\t\t\t\tborder: 2px solid #cfcfcf;\n\t\t\t}\n\t\t\t#gallery-3 .gallery-caption {\n\t\t\t\tmargin-left: 0;\n\t\t\t}\n\t\t\t\/* see gallery_shortcode() in wp-includes\/media.php *\/\n\t\t<\/style>\n\t\t<div id='gallery-3' class='gallery galleryid-37 gallery-columns-3 gallery-size-thumbnail'><dl class='gallery-item'>\n\t\t\t<dt class='gallery-icon landscape'>\n\t\t\t\t<a href='https:\/\/www.ub.edu\/aqrworkshop2022\/organising-and-scientific-committees\/imageedit_1_5137416682\/'><img width=\"150\" height=\"150\" src=\"https:\/\/www.ub.edu\/aqrworkshop2022\/wp-content\/uploads\/2022\/10\/imageedit_1_5137416682-150x150.png\" class=\"attachment-thumbnail size-thumbnail\" alt=\"\" loading=\"lazy\" aria-describedby=\"gallery-3-359\" srcset=\"https:\/\/www.ub.edu\/aqrworkshop2022\/wp-content\/uploads\/2022\/10\/imageedit_1_5137416682-150x150.png 150w, https:\/\/www.ub.edu\/aqrworkshop2022\/wp-content\/uploads\/2022\/10\/imageedit_1_5137416682-300x300.png 300w, https:\/\/www.ub.edu\/aqrworkshop2022\/wp-content\/uploads\/2022\/10\/imageedit_1_5137416682.png 355w\" sizes=\"(max-width: 150px) 100vw, 150px\" \/><\/a>\n\t\t\t<\/dt>\n\t\t\t\t<dd class='wp-caption-text gallery-caption' id='gallery-3-359'>\n\t\t\t\tJavier Abell\u00e1n\n\t\t\t\t<\/dd><\/dl>\n\t\t\t<br style='clear: both' \/>\n\t\t<\/div>\n\n","protected":false},"excerpt":{"rendered":"<p>Organising Committee Scientific Committee Technical and Organizational Assistance<\/p>\n","protected":false},"author":1,"featured_media":0,"parent":0,"menu_order":0,"comment_status":"closed","ping_status":"closed","template":"","meta":[],"_links":{"self":[{"href":"https:\/\/www.ub.edu\/aqrworkshop2022\/wp-json\/wp\/v2\/pages\/37"}],"collection":[{"href":"https:\/\/www.ub.edu\/aqrworkshop2022\/wp-json\/wp\/v2\/pages"}],"about":[{"href":"https:\/\/www.ub.edu\/aqrworkshop2022\/wp-json\/wp\/v2\/types\/page"}],"author":[{"embeddable":true,"href":"https:\/\/www.ub.edu\/aqrworkshop2022\/wp-json\/wp\/v2\/users\/1"}],"replies":[{"embeddable":true,"href":"https:\/\/www.ub.edu\/aqrworkshop2022\/wp-json\/wp\/v2\/comments?post=37"}],"version-history":[{"count":7,"href":"https:\/\/www.ub.edu\/aqrworkshop2022\/wp-json\/wp\/v2\/pages\/37\/revisions"}],"predecessor-version":[{"id":360,"href":"https:\/\/www.ub.edu\/aqrworkshop2022\/wp-json\/wp\/v2\/pages\/37\/revisions\/360"}],"wp:attachment":[{"href":"https:\/\/www.ub.edu\/aqrworkshop2022\/wp-json\/wp\/v2\/media?parent=37"}],"curies":[{"name":"wp","href":"https:\/\/api.w.org\/{rel}","templated":true}]}}