{"id":1046,"date":"2023-03-07T22:30:46","date_gmt":"2023-03-07T20:30:46","guid":{"rendered":"https:\/\/www.ub.edu\/art-prodoc\/pedro-moraes-19\/"},"modified":"2023-03-08T10:26:50","modified_gmt":"2023-03-08T08:26:50","slug":"artist-talk-3-pedro-moraes","status":"publish","type":"page","link":"https:\/\/www.ub.edu\/art-prodoc\/xerrades-tallers-entrevistes-visites-destudi\/entrevistes\/artist-talk-3-pedro-moraes\/","title":{"rendered":"Artist Talk #3 Pedro Moraes"},"content":{"rendered":"\t\t<div data-elementor-type=\"wp-page\" data-elementor-id=\"1046\" class=\"elementor elementor-1046\">\n\t\t\t\t\t\t<section class=\"elementor-section elementor-top-section elementor-element elementor-element-57f3662 elementor-section-full_width qode_elementor_container_inner seccio elementor-section-height-default elementor-section-height-default parallax_section_no qode-content-aligment-left\" data-id=\"57f3662\" data-element_type=\"section\">\n\t\t\t\t\t\t<div class=\"elementor-container elementor-column-gap-default\">\n\t\t\t\t\t<div class=\"elementor-column elementor-col-50 elementor-top-column elementor-element elementor-element-d0ffb8b\" data-id=\"d0ffb8b\" data-element_type=\"column\">\n\t\t\t<div class=\"elementor-widget-wrap elementor-element-populated\">\n\t\t\t\t\t\t<div class=\"elementor-element elementor-element-8086717 elementor-widget elementor-widget-heading\" data-id=\"8086717\" data-element_type=\"widget\" data-widget_type=\"heading.default\">\n\t\t\t\t<div class=\"elementor-widget-container\">\n\t\t\t\t\t<h2 class=\"elementor-heading-title elementor-size-default\">Artist Talk #3 Pedro Moraes<\/h2>\t\t\t\t<\/div>\n\t\t\t\t<\/div>\n\t\t\t\t<div class=\"elementor-element elementor-element-7f26597 elementor-widget elementor-widget-text-editor\" data-id=\"7f26597\" data-element_type=\"widget\" data-widget_type=\"text-editor.default\">\n\t\t\t\t<div class=\"elementor-widget-container\">\n\t\t\t\t\t\t\t\t\t<p>25\/12\/2016<\/p><p><strong><em>Pedro Moraes<\/em><\/strong><em>: Artista residente en Homesession en agosto de 2015 y entre marzo y abril del 2016.<br \/>Fecha: Jueves 5 de mayo del 2016 a las 08:30 horas.<br \/>Lugar: Taller de proyectos de tercer a\u00f1o de la Universidad de Barcelona.<\/em><br \/>\u00a0<br \/>Pedro Moraes realiz\u00f3 una residencia de investigaci\u00f3n en agosto del a\u00f1o 2015. Fue un intercambio entre homesession y la sala d \u0301art jove en colaboraci\u00f3n con Hisk, B\u00e9lgica. Luego volvi\u00f3 en marzo del 2016 a Hangar a una residencia de un mes, que continu\u00f3 en Homesession entre abril y mayo.<br \/>\u00a0<br \/>La propuesta de Morales fue tomar como punto de partida la huelga de la canadiense de 1919 y de ah\u00ed asuntos como la energ\u00eda, el capital simb\u00f3lico como cuestiones interesantes de la pr\u00e1ctica art\u00edstica. Realiz\u00f3 varias micro intervenciones en Homesession, cada lunes de mayo, invit\u00f3 a distintos grupos, por ejemplo a realizar una breve residencia junto a \u00e9l a Scott Raby, artista de Londres que implement\u00f3 una mesa de discusi\u00f3n en Homesession. Luego invit\u00f3 a otros artistas que trabajaban con la energ\u00eda como motor de producci\u00f3n a exhibir al espacio, dialogando cada una de las obras entre s\u00ed.<br \/>\u00a0<br \/>La clase magistral que realiz\u00f3 en la Universidad comenz\u00f3 con estos asuntos como tema central de discusi\u00f3n, cuestiones como la econom\u00eda en el plano de la ense\u00f1anza del arte. Los estudiantes debatieron y se gener\u00f3 una conversaci\u00f3n interesante entre los estudiantes, los profesores y el artista. Todo fue grabado por estudiantes de cuarto a\u00f1o.<\/p>\t\t\t\t\t\t\t\t<\/div>\n\t\t\t\t<\/div>\n\t\t\t\t\t<\/div>\n\t\t<\/div>\n\t\t\t\t<div class=\"elementor-column elementor-col-50 elementor-top-column elementor-element elementor-element-67cb92c\" data-id=\"67cb92c\" data-element_type=\"column\">\n\t\t\t<div class=\"elementor-widget-wrap elementor-element-populated\">\n\t\t\t\t\t\t<div class=\"elementor-element elementor-element-1276f9e elementor-widget elementor-widget-qi_addons_for_elementor_image_gallery\" data-id=\"1276f9e\" data-element_type=\"widget\" data-widget_type=\"qi_addons_for_elementor_image_gallery.default\">\n\t\t\t\t<div class=\"elementor-widget-container\">\n\t\t\t\t\t<div class=\"qodef-shortcode qodef-m qodef-qi-image-gallery qodef-qi-fslightbox-popup qodef-popup-gallery qodef-image--hover-zoom qodef-qi-grid qodef-layout--qi-columns qodef-col-num--1 qodef-responsive--predefined\">\n\t<div class=\"qodef-grid-inner\">\n\t\t<div class=\"qodef-e qodef-image-wrapper qodef-grid-item\">\n\t<div class=\"qodef-e-inner\">\n\t\t\t\t\t<a class=\"qodef-popup-item\" itemprop=\"image\" href=\"https:\/\/www.ub.edu\/art-prodoc\/wp-content\/uploads\/2023\/03\/1-20.png\" data-type=\"image\" data-fslightbox=\"gallery-775\">\n\t\t\t\t\t<img decoding=\"async\" src=\"https:\/\/www.ub.edu\/art-prodoc\/wp-content\/uploads\/2023\/03\/1-20.png\" class=\"attachment-full size-full\" alt=\"\" \/>\t\t\t\t\t<\/a>\n\t\t\t<\/div>\n<\/div>\n<div class=\"qodef-e qodef-image-wrapper qodef-grid-item\">\n\t<div class=\"qodef-e-inner\">\n\t\t\t\t\t<a class=\"qodef-popup-item\" itemprop=\"image\" href=\"https:\/\/www.ub.edu\/art-prodoc\/wp-content\/uploads\/2023\/03\/2-18.png\" data-type=\"image\" data-fslightbox=\"gallery-775\">\n\t\t\t\t\t<img decoding=\"async\" src=\"https:\/\/www.ub.edu\/art-prodoc\/wp-content\/uploads\/2023\/03\/2-18.png\" class=\"attachment-full size-full\" alt=\"\" \/>\t\t\t\t\t<\/a>\n\t\t\t<\/div>\n<\/div>\n<div class=\"qodef-e qodef-image-wrapper qodef-grid-item\">\n\t<div class=\"qodef-e-inner\">\n\t\t\t\t\t<a class=\"qodef-popup-item\" itemprop=\"image\" href=\"https:\/\/www.ub.edu\/art-prodoc\/wp-content\/uploads\/2023\/03\/3-16.png\" data-type=\"image\" data-fslightbox=\"gallery-775\">\n\t\t\t\t\t<img decoding=\"async\" src=\"https:\/\/www.ub.edu\/art-prodoc\/wp-content\/uploads\/2023\/03\/3-16.png\" class=\"attachment-full size-full\" alt=\"\" \/>\t\t\t\t\t<\/a>\n\t\t\t<\/div>\n<\/div>\n\t<\/div>\n<\/div>\n\t\t\t\t<\/div>\n\t\t\t\t<\/div>\n\t\t\t\t\t<\/div>\n\t\t<\/div>\n\t\t\t\t\t<\/div>\n\t\t<\/section>\n\t\t\t\t<\/div>\n\t\t","protected":false},"excerpt":{"rendered":"<p>\/*! elementor &#8211; v3.11.2 &#8211; 22-02-2023 *\/ .elementor-heading-title{padding:0;margin:0;line-height:1}.elementor-widget-heading .elementor-heading-title[class*=elementor-size-]>a{color:inherit;font-size:inherit;line-height:inherit}.elementor-widget-heading .elementor-heading-title.elementor-size-small{font-size:15px}.elementor-widget-heading .elementor-heading-title.elementor-size-medium{font-size:19px}.elementor-widget-heading .elementor-heading-title.elementor-size-large{font-size:29px}.elementor-widget-heading .elementor-heading-title.elementor-size-xl{font-size:39px}.elementor-widget-heading .elementor-heading-title.elementor-size-xxl{font-size:59px} Artist Talk #3 Pedro Moraes <\/p>\n<p>25\/12\/2016<\/p>\n<p><strong><em>Pedro Moraes<\/em><\/strong><em>: Artista residente en Homesession en agosto de 2015 y entre marzo y abril del 2016.Fecha: Jueves 5 de mayo del 2016 a las&#8230;<\/p>\n","protected":false},"author":1,"featured_media":0,"parent":1206,"menu_order":0,"comment_status":"closed","ping_status":"closed","template":"full_width.php","meta":{"footnotes":""},"class_list":["post-1046","page","type-page","status-publish","hentry"],"_links":{"self":[{"href":"https:\/\/www.ub.edu\/art-prodoc\/wp-json\/wp\/v2\/pages\/1046","targetHints":{"allow":["GET"]}}],"collection":[{"href":"https:\/\/www.ub.edu\/art-prodoc\/wp-json\/wp\/v2\/pages"}],"about":[{"href":"https:\/\/www.ub.edu\/art-prodoc\/wp-json\/wp\/v2\/types\/page"}],"author":[{"embeddable":true,"href":"https:\/\/www.ub.edu\/art-prodoc\/wp-json\/wp\/v2\/users\/1"}],"replies":[{"embeddable":true,"href":"https:\/\/www.ub.edu\/art-prodoc\/wp-json\/wp\/v2\/comments?post=1046"}],"version-history":[{"count":4,"href":"https:\/\/www.ub.edu\/art-prodoc\/wp-json\/wp\/v2\/pages\/1046\/revisions"}],"predecessor-version":[{"id":1088,"href":"https:\/\/www.ub.edu\/art-prodoc\/wp-json\/wp\/v2\/pages\/1046\/revisions\/1088"}],"up":[{"embeddable":true,"href":"https:\/\/www.ub.edu\/art-prodoc\/wp-json\/wp\/v2\/pages\/1206"}],"wp:attachment":[{"href":"https:\/\/www.ub.edu\/art-prodoc\/wp-json\/wp\/v2\/media?parent=1046"}],"curies":[{"name":"wp","href":"https:\/\/api.w.org\/{rel}","templated":true}]}}