{"id":17,"date":"2020-07-13T08:32:59","date_gmt":"2020-07-13T06:32:59","guid":{"rendered":"https:\/\/stockholm75.qodeinteractive.com\/home-copy\/"},"modified":"2026-01-11T11:13:47","modified_gmt":"2026-01-11T10:13:47","slug":"linies-dactuacio-arxiu","status":"publish","type":"page","link":"https:\/\/www.ub.edu\/art-prodoc\/linies-dactuacio-arxiu\/","title":{"rendered":"L\u00ednies d&#8217;Actuaci\u00f3 -Arxiu-"},"content":{"rendered":"\t\t<div data-elementor-type=\"wp-page\" data-elementor-id=\"17\" class=\"elementor elementor-17\">\n\t\t\t\t\t\t<section class=\"elementor-section elementor-top-section elementor-element elementor-element-57f3662 elementor-section-full_width qode_elementor_container_inner seccio elementor-section-height-default elementor-section-height-default parallax_section_no qode-content-aligment-left\" data-id=\"57f3662\" data-element_type=\"section\">\n\t\t\t\t\t\t<div class=\"elementor-container elementor-column-gap-default\">\n\t\t\t\t\t<div class=\"elementor-column elementor-col-50 elementor-top-column elementor-element elementor-element-0349783\" data-id=\"0349783\" data-element_type=\"column\">\n\t\t\t<div class=\"elementor-widget-wrap elementor-element-populated\">\n\t\t\t\t\t\t<div class=\"elementor-element elementor-element-9d2a1d8 elementor-widget elementor-widget-heading\" data-id=\"9d2a1d8\" data-element_type=\"widget\" data-widget_type=\"heading.default\">\n\t\t\t\t<div class=\"elementor-widget-container\">\n\t\t\t\t\t<h2 class=\"elementor-heading-title elementor-size-default\">L\u00ednies d'Actuaci\u00f3 Arxiu<\/h2>\t\t\t\t<\/div>\n\t\t\t\t<\/div>\n\t\t\t\t<div class=\"elementor-element elementor-element-fa4b832 elementor-widget elementor-widget-text-editor\" data-id=\"fa4b832\" data-element_type=\"widget\" data-widget_type=\"text-editor.default\">\n\t\t\t\t<div class=\"elementor-widget-container\">\n\t\t\t\t\t\t\t\t\t<p>Per potenciar les compet\u00e8ncies i les habilitats, especialment en l\u2019elaboraci\u00f3 d\u2019obres d\u2019art i en l\u2019acc\u00e9s a la professionalitzaci\u00f3, hem fet incid\u00e8ncia directa en els estudiants, basant-nos en l\u2019aprenentatge actiu en situacions reals i actuant b\u00e0sicament en tres eixos:<\/p><p><b>1)<\/b> Jornades amb creadors: cicle de confer\u00e8ncies i seminaris que s&#8217;organitzen cada any, \u00a0 en les quals es conviden professionals de l&#8217;art que mostren les seves propostes creatives mentre es debaten aspectes concrets de la creaci\u00f3 art\u00edstica.<\/p><p><strong>2)<\/strong> L\u2019aprenentatge en situacions reals: exposicions que s&#8217;han organitzat amb la participaci\u00f3 dels estudiants.\u00a0<\/p><p><strong>3)<\/strong> Converses amb artistes\/docents: investigaci\u00f3 al voltant de la recerca en art.<\/p>\t\t\t\t\t\t\t\t<\/div>\n\t\t\t\t<\/div>\n\t\t\t\t\t<\/div>\n\t\t<\/div>\n\t\t\t\t<div class=\"elementor-column elementor-col-50 elementor-top-column elementor-element elementor-element-3882be9\" data-id=\"3882be9\" data-element_type=\"column\">\n\t\t\t<div class=\"elementor-widget-wrap elementor-element-populated\">\n\t\t\t\t\t\t<div class=\"elementor-element elementor-element-b4dc766 elementor-widget elementor-widget-text-editor\" data-id=\"b4dc766\" data-element_type=\"widget\" data-widget_type=\"text-editor.default\">\n\t\t\t\t<div class=\"elementor-widget-container\">\n\t\t\t\t\t\t\t\t\t<h2 class=\"menu-item\" style=\"margin-left: 18.0pt;\"><a href=\"https:\/\/www.ub.edu\/art-prodoc\/linies-dactuacio-arxiu\/jornades-amb-creadors\/\">\u2022 <span style=\"text-decoration: underline;\">Jornades amb creadors<\/span><\/a><\/h2><p><strong><em>\u00a0<\/em><\/strong><\/p><h2 class=\"menu-item\" style=\"margin-left: 18.0pt;\"><a href=\"https:\/\/www.ub.edu\/art-prodoc\/linies-dactuacio-arxiu\/aprenentatge-en-situacions-reals\/\">\u2022 <\/a><span style=\"text-decoration: underline;\"><a href=\"https:\/\/www.ub.edu\/art-prodoc\/linies-dactuacio-arxiu\/aprenentatge-en-situacions-reals\/\">Aprenentatge en situacions reals<\/a><\/span><\/h2><p><strong><em>\u00a0<\/em><\/strong><\/p><h2 class=\"menu-item\" style=\"margin-left: 18.0pt;\">\u2022 <span style=\"text-decoration: underline;\"><a href=\"https:\/\/www.ub.edu\/art-prodoc\/linies-dactuacio-arxiu\/converses-artistes-docents\/\">Converses. Artistes\/Docents<\/a><\/span><\/h2><p><strong><em>\u00a0<\/em><\/strong><\/p><h2 class=\"menu-item\" style=\"margin-left: 18.0pt;\">\u2022 <span style=\"text-decoration: underline;\"><a href=\"https:\/\/www.ub.edu\/art-prodoc\/linies-dactuacio-arxiu\/converses-a-la-facultat-de-bbaa-2010-2011\/\">Converses a la Facultat de BBAA (2010\/2011)<\/a><\/span><\/h2><p><strong><em>\u00a0<\/em><\/strong><\/p><h2 class=\"menu-item\" style=\"margin-left: 18.0pt;\">\u2022 <span style=\"text-decoration: underline;\"><a href=\"https:\/\/www.ub.edu\/art-prodoc\/linies-dactuacio-arxiu\/converses-a-lisboa-2011-2012\/\">Converses a Lisboa (2011\/2012)<\/a><\/span><\/h2>\t\t\t\t\t\t\t\t<\/div>\n\t\t\t\t<\/div>\n\t\t\t\t\t<\/div>\n\t\t<\/div>\n\t\t\t\t\t<\/div>\n\t\t<\/section>\n\t\t\t\t<\/div>\n\t\t","protected":false},"excerpt":{"rendered":"<p>L\u00ednies d&#8217;Actuaci\u00f3 Arxiu <\/p>\n<p>Per potenciar les compet\u00e8ncies i les habilitats, especialment en l\u2019elaboraci\u00f3 d\u2019obres d\u2019art i en l\u2019acc\u00e9s a la professionalitzaci\u00f3, hem fet incid\u00e8ncia directa en els estudiants, basant-nos en l\u2019aprenentatge actiu en situacions reals i actuant b\u00e0sicament en tres eixos:<\/p>\n<p>1) Jornades amb creadors:&#8230;<\/p>\n","protected":false},"author":1,"featured_media":0,"parent":0,"menu_order":0,"comment_status":"closed","ping_status":"closed","template":"full_width.php","meta":{"footnotes":""},"class_list":["post-17","page","type-page","status-publish","hentry"],"_links":{"self":[{"href":"https:\/\/www.ub.edu\/art-prodoc\/wp-json\/wp\/v2\/pages\/17","targetHints":{"allow":["GET"]}}],"collection":[{"href":"https:\/\/www.ub.edu\/art-prodoc\/wp-json\/wp\/v2\/pages"}],"about":[{"href":"https:\/\/www.ub.edu\/art-prodoc\/wp-json\/wp\/v2\/types\/page"}],"author":[{"embeddable":true,"href":"https:\/\/www.ub.edu\/art-prodoc\/wp-json\/wp\/v2\/users\/1"}],"replies":[{"embeddable":true,"href":"https:\/\/www.ub.edu\/art-prodoc\/wp-json\/wp\/v2\/comments?post=17"}],"version-history":[{"count":26,"href":"https:\/\/www.ub.edu\/art-prodoc\/wp-json\/wp\/v2\/pages\/17\/revisions"}],"predecessor-version":[{"id":1502,"href":"https:\/\/www.ub.edu\/art-prodoc\/wp-json\/wp\/v2\/pages\/17\/revisions\/1502"}],"wp:attachment":[{"href":"https:\/\/www.ub.edu\/art-prodoc\/wp-json\/wp\/v2\/media?parent=17"}],"curies":[{"name":"wp","href":"https:\/\/api.w.org\/{rel}","templated":true}]}}