{"id":6,"date":"2020-07-13T07:50:59","date_gmt":"2020-07-13T05:50:59","guid":{"rendered":"https:\/\/stockholm75.qodeinteractive.com\/?page_id=6"},"modified":"2026-01-11T13:07:27","modified_gmt":"2026-01-11T12:07:27","slug":"portada","status":"publish","type":"page","link":"https:\/\/www.ub.edu\/art-prodoc\/","title":{"rendered":"Portada"},"content":{"rendered":"\t\t<div data-elementor-type=\"wp-page\" data-elementor-id=\"6\" class=\"elementor elementor-6\">\n\t\t\t\t\t\t<section class=\"elementor-section elementor-top-section elementor-element elementor-element-bdf55cf elementor-section-full_width qode_elementor_container_inner seccio elementor-section-height-default elementor-section-height-default parallax_section_no qode-content-aligment-left\" data-id=\"bdf55cf\" data-element_type=\"section\">\n\t\t\t\t\t\t<div class=\"elementor-container elementor-column-gap-narrow\">\n\t\t\t\t\t<div class=\"elementor-column elementor-col-25 elementor-top-column elementor-element elementor-element-bea2dc4 qode-one-column-posts\" data-id=\"bea2dc4\" data-element_type=\"column\" data-settings=\"{&quot;background_background&quot;:&quot;classic&quot;}\">\n\t\t\t<div class=\"elementor-widget-wrap elementor-element-populated\">\n\t\t\t\t\t\t<div class=\"elementor-element elementor-element-cf8a49f elementor-widget elementor-widget-image\" data-id=\"cf8a49f\" data-element_type=\"widget\" data-widget_type=\"image.default\">\n\t\t\t\t<div class=\"elementor-widget-container\">\n\t\t\t\t\t\t\t\t\t\t\t\t\t\t\t\t<a href=\"https:\/\/www.ub.edu\/art-prodoc\/sobre-art-professio-i-docencia\/\">\n\t\t\t\t\t\t\t<img fetchpriority=\"high\" decoding=\"async\" width=\"393\" height=\"393\" src=\"https:\/\/www.ub.edu\/art-prodoc\/wp-content\/uploads\/2023\/02\/artprodoc_____.jpg\" class=\"elementor-animation-shrink attachment-large size-large wp-image-510\" alt=\"\" srcset=\"https:\/\/www.ub.edu\/art-prodoc\/wp-content\/uploads\/2023\/02\/artprodoc_____.jpg 393w, https:\/\/www.ub.edu\/art-prodoc\/wp-content\/uploads\/2023\/02\/artprodoc_____-300x300.jpg 300w, https:\/\/www.ub.edu\/art-prodoc\/wp-content\/uploads\/2023\/02\/artprodoc_____-150x150.jpg 150w\" sizes=\"(max-width: 393px) 100vw, 393px\" \/>\t\t\t\t\t\t\t\t<\/a>\n\t\t\t\t\t\t\t\t\t\t\t\t\t\t\t<\/div>\n\t\t\t\t<\/div>\n\t\t\t\t<div class=\"elementor-element elementor-element-a264c8e elementor-widget elementor-widget-heading\" data-id=\"a264c8e\" data-element_type=\"widget\" data-widget_type=\"heading.default\">\n\t\t\t\t<div class=\"elementor-widget-container\">\n\t\t\t\t\t<h2 class=\"elementor-heading-title elementor-size-default\">Sobre Art. Professi\u00f3 i Doc\u00e8ncia<\/h2>\t\t\t\t<\/div>\n\t\t\t\t<\/div>\n\t\t\t\t\t<\/div>\n\t\t<\/div>\n\t\t\t\t<div class=\"elementor-column elementor-col-25 elementor-top-column elementor-element elementor-element-7c9b8d2\" data-id=\"7c9b8d2\" data-element_type=\"column\" data-settings=\"{&quot;background_background&quot;:&quot;classic&quot;}\">\n\t\t\t<div class=\"elementor-widget-wrap elementor-element-populated\">\n\t\t\t\t\t\t<div class=\"elementor-element elementor-element-d5d2d6d elementor-widget elementor-widget-image\" data-id=\"d5d2d6d\" data-element_type=\"widget\" data-widget_type=\"image.default\">\n\t\t\t\t<div class=\"elementor-widget-container\">\n\t\t\t\t\t\t\t\t\t\t\t\t\t\t\t\t<a href=\"https:\/\/www.ub.edu\/art-prodoc\/exposicions-publicacions-conferencies\/\">\n\t\t\t\t\t\t\t<img decoding=\"async\" width=\"393\" height=\"393\" src=\"https:\/\/www.ub.edu\/art-prodoc\/wp-content\/uploads\/2023\/02\/expo-conferencies_____.jpg\" class=\"elementor-animation-shrink attachment-large size-large wp-image-509\" alt=\"\" srcset=\"https:\/\/www.ub.edu\/art-prodoc\/wp-content\/uploads\/2023\/02\/expo-conferencies_____.jpg 393w, https:\/\/www.ub.edu\/art-prodoc\/wp-content\/uploads\/2023\/02\/expo-conferencies_____-300x300.jpg 300w, https:\/\/www.ub.edu\/art-prodoc\/wp-content\/uploads\/2023\/02\/expo-conferencies_____-150x150.jpg 150w\" sizes=\"(max-width: 393px) 100vw, 393px\" \/>\t\t\t\t\t\t\t\t<\/a>\n\t\t\t\t\t\t\t\t\t\t\t\t\t\t\t<\/div>\n\t\t\t\t<\/div>\n\t\t\t\t<div class=\"elementor-element elementor-element-aa5d1d5 elementor-widget elementor-widget-heading\" data-id=\"aa5d1d5\" data-element_type=\"widget\" data-widget_type=\"heading.default\">\n\t\t\t\t<div class=\"elementor-widget-container\">\n\t\t\t\t\t<h2 class=\"elementor-heading-title elementor-size-default\">Exposicions Publicacions Confer\u00e8ncies<\/h2>\t\t\t\t<\/div>\n\t\t\t\t<\/div>\n\t\t\t\t\t<\/div>\n\t\t<\/div>\n\t\t\t\t<div class=\"elementor-column elementor-col-25 elementor-top-column elementor-element elementor-element-88239ff\" data-id=\"88239ff\" data-element_type=\"column\">\n\t\t\t<div class=\"elementor-widget-wrap elementor-element-populated\">\n\t\t\t\t\t\t<div class=\"elementor-element elementor-element-97fd517 elementor-widget elementor-widget-image\" data-id=\"97fd517\" data-element_type=\"widget\" data-widget_type=\"image.default\">\n\t\t\t\t<div class=\"elementor-widget-container\">\n\t\t\t\t\t\t\t\t\t\t\t\t\t\t\t\t<a href=\"https:\/\/www.ub.edu\/art-prodoc\/polaritats-art-prodoc-homesession\/\">\n\t\t\t\t\t\t\t<img decoding=\"async\" width=\"393\" height=\"393\" src=\"https:\/\/www.ub.edu\/art-prodoc\/wp-content\/uploads\/2023\/02\/poralitats______.jpg\" class=\"elementor-animation-shrink attachment-large size-large wp-image-508\" alt=\"\" srcset=\"https:\/\/www.ub.edu\/art-prodoc\/wp-content\/uploads\/2023\/02\/poralitats______.jpg 393w, https:\/\/www.ub.edu\/art-prodoc\/wp-content\/uploads\/2023\/02\/poralitats______-300x300.jpg 300w, https:\/\/www.ub.edu\/art-prodoc\/wp-content\/uploads\/2023\/02\/poralitats______-150x150.jpg 150w\" sizes=\"(max-width: 393px) 100vw, 393px\" \/>\t\t\t\t\t\t\t\t<\/a>\n\t\t\t\t\t\t\t\t\t\t\t\t\t\t\t<\/div>\n\t\t\t\t<\/div>\n\t\t\t\t<div class=\"elementor-element elementor-element-d8d1f98 elementor-widget elementor-widget-heading\" data-id=\"d8d1f98\" data-element_type=\"widget\" data-widget_type=\"heading.default\">\n\t\t\t\t<div class=\"elementor-widget-container\">\n\t\t\t\t\t<h2 class=\"elementor-heading-title elementor-size-default\">Polaritats Art.ProDoc + Homesession<\/h2>\t\t\t\t<\/div>\n\t\t\t\t<\/div>\n\t\t\t\t\t<\/div>\n\t\t<\/div>\n\t\t\t\t<div class=\"elementor-column elementor-col-25 elementor-top-column elementor-element elementor-element-f6ab959\" data-id=\"f6ab959\" data-element_type=\"column\">\n\t\t\t<div class=\"elementor-widget-wrap elementor-element-populated\">\n\t\t\t\t\t\t<div class=\"elementor-element elementor-element-d748bbb elementor-widget elementor-widget-image\" data-id=\"d748bbb\" data-element_type=\"widget\" data-widget_type=\"image.default\">\n\t\t\t\t<div class=\"elementor-widget-container\">\n\t\t\t\t\t\t\t\t\t\t\t\t\t\t\t\t<a href=\"https:\/\/www.ub.edu\/art-prodoc\/linies-dactuacio-arxiu\/\">\n\t\t\t\t\t\t\t<img loading=\"lazy\" decoding=\"async\" width=\"393\" height=\"393\" src=\"https:\/\/www.ub.edu\/art-prodoc\/wp-content\/uploads\/2023\/02\/arxiu____.jpg\" class=\"elementor-animation-shrink attachment-large size-large wp-image-511\" alt=\"\" srcset=\"https:\/\/www.ub.edu\/art-prodoc\/wp-content\/uploads\/2023\/02\/arxiu____.jpg 393w, https:\/\/www.ub.edu\/art-prodoc\/wp-content\/uploads\/2023\/02\/arxiu____-300x300.jpg 300w, https:\/\/www.ub.edu\/art-prodoc\/wp-content\/uploads\/2023\/02\/arxiu____-150x150.jpg 150w\" sizes=\"(max-width: 393px) 100vw, 393px\" \/>\t\t\t\t\t\t\t\t<\/a>\n\t\t\t\t\t\t\t\t\t\t\t\t\t\t\t<\/div>\n\t\t\t\t<\/div>\n\t\t\t\t<div class=\"elementor-element elementor-element-d271ba2 elementor-widget elementor-widget-heading\" data-id=\"d271ba2\" data-element_type=\"widget\" data-widget_type=\"heading.default\">\n\t\t\t\t<div class=\"elementor-widget-container\">\n\t\t\t\t\t<h2 class=\"elementor-heading-title elementor-size-default\">L\u00ednies d'Actuaci\u00f3 <br>-Arxiu-<\/h2>\t\t\t\t<\/div>\n\t\t\t\t<\/div>\n\t\t\t\t\t<\/div>\n\t\t<\/div>\n\t\t\t\t\t<\/div>\n\t\t<\/section>\n\t\t\t\t<section class=\"elementor-section elementor-top-section elementor-element elementor-element-dc5a17d elementor-section-full_width qode_elementor_container_inner seccio elementor-section-height-default elementor-section-height-default parallax_section_no qode-content-aligment-left\" data-id=\"dc5a17d\" data-element_type=\"section\">\n\t\t\t\t\t\t<div class=\"elementor-container elementor-column-gap-narrow\">\n\t\t\t\t\t<div class=\"elementor-column elementor-col-100 elementor-top-column elementor-element elementor-element-9d36076 qode-one-column-posts\" data-id=\"9d36076\" data-element_type=\"column\" data-settings=\"{&quot;background_background&quot;:&quot;classic&quot;}\">\n\t\t\t<div class=\"elementor-widget-wrap elementor-element-populated\">\n\t\t\t\t\t\t<div class=\"elementor-element elementor-element-81b0c00 elementor-widget elementor-widget-text-editor\" data-id=\"81b0c00\" data-element_type=\"widget\" data-widget_type=\"text-editor.default\">\n\t\t\t\t<div class=\"elementor-widget-container\">\n\t\t\t\t\t\t\t\t\t<h3 style=\"text-align: left;\">El <strong>grup d\u2019innovaci\u00f3 docent Art. Professi\u00f3 i Doc\u00e8ncia<\/strong> cerca f\u00f3rmules que apropin el context universitari al context social general. En els darrers anys ha centrat la seva activitat a incidir en la millora d&#8217;aprenentatge al Grau de Belles Arts i sobre com es relaciona la tasca docent a la Universitat i la tasca com a creadors en el context cultural contemporani.<\/h3>\t\t\t\t\t\t\t\t<\/div>\n\t\t\t\t<\/div>\n\t\t\t\t\t<\/div>\n\t\t<\/div>\n\t\t\t\t\t<\/div>\n\t\t<\/section>\n\t\t\t\t<section class=\"elementor-section elementor-top-section elementor-element elementor-element-1c1ffcd elementor-section-full_width qode_elementor_container_inner seccio elementor-section-height-default elementor-section-height-default parallax_section_no qode-content-aligment-left\" data-id=\"1c1ffcd\" data-element_type=\"section\">\n\t\t\t\t\t\t<div class=\"elementor-container elementor-column-gap-narrow\">\n\t\t\t\t\t<div class=\"elementor-column elementor-col-50 elementor-top-column elementor-element elementor-element-a6d385e\" data-id=\"a6d385e\" data-element_type=\"column\">\n\t\t\t<div class=\"elementor-widget-wrap elementor-element-populated\">\n\t\t\t\t\t\t<div class=\"elementor-element elementor-element-cc77547 elementor-widget elementor-widget-heading\" data-id=\"cc77547\" data-element_type=\"widget\" data-widget_type=\"heading.default\">\n\t\t\t\t<div class=\"elementor-widget-container\">\n\t\t\t\t\t<h2 class=\"elementor-heading-title elementor-size-medium\">Ens podeu seguir a:<\/h2>\t\t\t\t<\/div>\n\t\t\t\t<\/div>\n\t\t\t\t<div class=\"elementor-element elementor-element-b1f503b elementor-widget__width-initial e-transform elementor-shape-rounded elementor-grid-0 e-grid-align-center elementor-widget elementor-widget-social-icons\" data-id=\"b1f503b\" data-element_type=\"widget\" data-settings=\"{&quot;_transform_scale_effect_hover&quot;:{&quot;unit&quot;:&quot;px&quot;,&quot;size&quot;:&quot;&quot;,&quot;sizes&quot;:[]},&quot;_transform_scale_effect_hover_tablet&quot;:{&quot;unit&quot;:&quot;px&quot;,&quot;size&quot;:&quot;&quot;,&quot;sizes&quot;:[]},&quot;_transform_scale_effect_hover_mobile&quot;:{&quot;unit&quot;:&quot;px&quot;,&quot;size&quot;:&quot;&quot;,&quot;sizes&quot;:[]}}\" data-widget_type=\"social-icons.default\">\n\t\t\t\t<div class=\"elementor-widget-container\">\n\t\t\t\t\t\t\t<div class=\"elementor-social-icons-wrapper elementor-grid\">\n\t\t\t\t\t\t\t<span class=\"elementor-grid-item\">\n\t\t\t\t\t<a class=\"elementor-icon elementor-social-icon elementor-social-icon-instagram elementor-repeater-item-ce8b466\" href=\"https:\/\/www.instagram.com\/artprofessiodocencia\/\" target=\"_blank\">\n\t\t\t\t\t\t<span class=\"elementor-screen-only\">Instagram<\/span>\n\t\t\t\t\t\t<i aria-hidden=\"true\" class=\"fab fa-instagram\"><\/i>\t\t\t\t\t<\/a>\n\t\t\t\t<\/span>\n\t\t\t\t\t<\/div>\n\t\t\t\t\t\t<\/div>\n\t\t\t\t<\/div>\n\t\t\t\t\t<\/div>\n\t\t<\/div>\n\t\t\t\t<div class=\"elementor-column elementor-col-50 elementor-top-column elementor-element elementor-element-bb5f64f qode-one-column-posts\" data-id=\"bb5f64f\" data-element_type=\"column\" data-settings=\"{&quot;background_background&quot;:&quot;classic&quot;}\">\n\t\t\t<div class=\"elementor-widget-wrap\">\n\t\t\t\t\t\t\t<\/div>\n\t\t<\/div>\n\t\t\t\t\t<\/div>\n\t\t<\/section>\n\t\t\t\t<section class=\"elementor-section elementor-top-section elementor-element elementor-element-4a5f40a elementor-section-full_width qode_elementor_container_inner seccio elementor-section-height-default elementor-section-height-default parallax_section_no qode-content-aligment-left\" data-id=\"4a5f40a\" data-element_type=\"section\">\n\t\t\t\t\t\t<div class=\"elementor-container elementor-column-gap-narrow\">\n\t\t\t\t\t<div class=\"elementor-column elementor-col-33 elementor-top-column elementor-element elementor-element-c8c10b6\" data-id=\"c8c10b6\" data-element_type=\"column\">\n\t\t\t<div class=\"elementor-widget-wrap elementor-element-populated\">\n\t\t\t\t\t\t<div class=\"elementor-element elementor-element-278a993 elementor-widget elementor-widget-heading\" data-id=\"278a993\" data-element_type=\"widget\" data-widget_type=\"heading.default\">\n\t\t\t\t<div class=\"elementor-widget-container\">\n\t\t\t\t\t<h2 class=\"elementor-heading-title elementor-size-medium\">Amb la col\u00b7laboraci\u00f3:<\/h2>\t\t\t\t<\/div>\n\t\t\t\t<\/div>\n\t\t\t\t<div class=\"elementor-element elementor-element-95d4eeb elementor-widget__width-initial elementor-widget elementor-widget-image\" data-id=\"95d4eeb\" data-element_type=\"widget\" data-widget_type=\"image.default\">\n\t\t\t\t<div class=\"elementor-widget-container\">\n\t\t\t\t\t\t\t\t\t\t\t\t\t\t\t\t<a href=\"https:\/\/www.fundacioffuster.org\/\" target=\"_blank\">\n\t\t\t\t\t\t\t<img loading=\"lazy\" decoding=\"async\" width=\"591\" height=\"198\" src=\"https:\/\/www.ub.edu\/art-prodoc\/wp-content\/uploads\/Logo-FFF.jpeg\" class=\"elementor-animation-shrink attachment-full size-full wp-image-1441\" alt=\"Fundaci\u00f3 Fel\u00edcia Fuster\" srcset=\"https:\/\/www.ub.edu\/art-prodoc\/wp-content\/uploads\/Logo-FFF.jpeg 591w, https:\/\/www.ub.edu\/art-prodoc\/wp-content\/uploads\/Logo-FFF-300x101.jpeg 300w\" sizes=\"(max-width: 591px) 100vw, 591px\" \/>\t\t\t\t\t\t\t\t<\/a>\n\t\t\t\t\t\t\t\t\t\t\t\t\t\t\t<\/div>\n\t\t\t\t<\/div>\n\t\t\t\t<div class=\"elementor-element elementor-element-807141c elementor-widget__width-initial elementor-widget elementor-widget-image\" data-id=\"807141c\" data-element_type=\"widget\" data-widget_type=\"image.default\">\n\t\t\t\t<div class=\"elementor-widget-container\">\n\t\t\t\t\t\t\t\t\t\t\t\t\t\t\t\t<a href=\"https:\/\/saladartjove.cat\" target=\"_blank\">\n\t\t\t\t\t\t\t<img loading=\"lazy\" decoding=\"async\" width=\"2560\" height=\"1331\" src=\"https:\/\/www.ub.edu\/art-prodoc\/wp-content\/uploads\/Logo_Nou_SAJ-scaled-1.png\" class=\"elementor-animation-shrink attachment-full size-full wp-image-1442\" alt=\"Sala d&#039;Art Jove\" srcset=\"https:\/\/www.ub.edu\/art-prodoc\/wp-content\/uploads\/Logo_Nou_SAJ-scaled-1.png 2560w, https:\/\/www.ub.edu\/art-prodoc\/wp-content\/uploads\/Logo_Nou_SAJ-scaled-1-300x156.png 300w, https:\/\/www.ub.edu\/art-prodoc\/wp-content\/uploads\/Logo_Nou_SAJ-scaled-1-1024x532.png 1024w, https:\/\/www.ub.edu\/art-prodoc\/wp-content\/uploads\/Logo_Nou_SAJ-scaled-1-768x399.png 768w, https:\/\/www.ub.edu\/art-prodoc\/wp-content\/uploads\/Logo_Nou_SAJ-scaled-1-1536x799.png 1536w, https:\/\/www.ub.edu\/art-prodoc\/wp-content\/uploads\/Logo_Nou_SAJ-scaled-1-2048x1065.png 2048w, https:\/\/www.ub.edu\/art-prodoc\/wp-content\/uploads\/Logo_Nou_SAJ-scaled-1-700x364.png 700w, https:\/\/www.ub.edu\/art-prodoc\/wp-content\/uploads\/Logo_Nou_SAJ-scaled-1-1100x572.png 1100w\" sizes=\"(max-width: 2560px) 100vw, 2560px\" \/>\t\t\t\t\t\t\t\t<\/a>\n\t\t\t\t\t\t\t\t\t\t\t\t\t\t\t<\/div>\n\t\t\t\t<\/div>\n\t\t\t\t<div class=\"elementor-element elementor-element-d4e127c elementor-widget__width-initial elementor-widget elementor-widget-image\" data-id=\"d4e127c\" data-element_type=\"widget\" data-widget_type=\"image.default\">\n\t\t\t\t<div class=\"elementor-widget-container\">\n\t\t\t\t\t\t\t\t\t\t\t\t\t\t\t\t<a href=\"https:\/\/www.homesession.org\/\" target=\"_blank\">\n\t\t\t\t\t\t\t<img loading=\"lazy\" decoding=\"async\" width=\"547\" height=\"92\" src=\"https:\/\/www.ub.edu\/art-prodoc\/wp-content\/uploads\/Logo_Homsession.png\" class=\"elementor-animation-shrink attachment-full size-full wp-image-1443\" alt=\"Homesession\" srcset=\"https:\/\/www.ub.edu\/art-prodoc\/wp-content\/uploads\/Logo_Homsession.png 547w, https:\/\/www.ub.edu\/art-prodoc\/wp-content\/uploads\/Logo_Homsession-300x50.png 300w\" sizes=\"(max-width: 547px) 100vw, 547px\" \/>\t\t\t\t\t\t\t\t<\/a>\n\t\t\t\t\t\t\t\t\t\t\t\t\t\t\t<\/div>\n\t\t\t\t<\/div>\n\t\t\t\t\t<\/div>\n\t\t<\/div>\n\t\t\t\t<div class=\"elementor-column elementor-col-33 elementor-top-column elementor-element elementor-element-848d5dc qode-one-column-posts\" data-id=\"848d5dc\" data-element_type=\"column\" data-settings=\"{&quot;background_background&quot;:&quot;classic&quot;}\">\n\t\t\t<div class=\"elementor-widget-wrap\">\n\t\t\t\t\t\t\t<\/div>\n\t\t<\/div>\n\t\t\t\t<div class=\"elementor-column elementor-col-33 elementor-top-column elementor-element elementor-element-422f198\" data-id=\"422f198\" data-element_type=\"column\">\n\t\t\t<div class=\"elementor-widget-wrap elementor-element-populated\">\n\t\t\t\t\t\t<div class=\"elementor-element elementor-element-a798dd3 elementor-widget elementor-widget-heading\" data-id=\"a798dd3\" data-element_type=\"widget\" data-widget_type=\"heading.default\">\n\t\t\t\t<div class=\"elementor-widget-container\">\n\t\t\t\t\t<h2 class=\"elementor-heading-title elementor-size-medium\">Amb el suport:<\/h2>\t\t\t\t<\/div>\n\t\t\t\t<\/div>\n\t\t\t\t<div class=\"elementor-element elementor-element-2ddb729 elementor-widget elementor-widget-image\" data-id=\"2ddb729\" data-element_type=\"widget\" data-widget_type=\"image.default\">\n\t\t\t\t<div class=\"elementor-widget-container\">\n\t\t\t\t\t\t\t\t\t\t\t\t\t\t\t\t<a href=\"http:\/\/www.ub.edu\/labmedia\/\" target=\"_blank\">\n\t\t\t\t\t\t\t<img loading=\"lazy\" decoding=\"async\" width=\"200\" height=\"65\" src=\"https:\/\/www.ub.edu\/art-prodoc\/wp-content\/uploads\/2023\/07\/Logo-LabMediaUB-e1689177769626.png\" class=\"elementor-animation-shrink attachment-full size-full wp-image-1293\" alt=\"\" \/>\t\t\t\t\t\t\t\t<\/a>\n\t\t\t\t\t\t\t\t\t\t\t\t\t\t\t<\/div>\n\t\t\t\t<\/div>\n\t\t\t\t\t<\/div>\n\t\t<\/div>\n\t\t\t\t\t<\/div>\n\t\t<\/section>\n\t\t\t\t<\/div>\n\t\t","protected":false},"excerpt":{"rendered":"<p><a href=\"https:\/\/www.ub.edu\/art-prodoc\/sobre-art-professio-i-docencia\/\"> <\/a><\/p>\n<p> Sobre Art. Professi\u00f3 i Doc\u00e8ncia <\/p>\n<p> <a href=\"https:\/\/www.ub.edu\/art-prodoc\/exposicions-publicacions-conferencies\/\"> <\/a><\/p>\n<p> Exposicions Publicacions Confer\u00e8ncies <\/p>\n<p> <a href=\"https:\/\/www.ub.edu\/art-prodoc\/polaritats-art-prodoc-homesession\/\"> <\/a><\/p>\n<p> Polaritats Art.ProDoc + Homesession <\/p>\n<p> <a href=\"https:\/\/www.ub.edu\/art-prodoc\/linies-dactuacio-arxiu\/\"> <\/a><\/p>\n<p> L\u00ednies d&#8217;Actuaci\u00f3 -Arxiu- El <strong>grup d\u2019innovaci\u00f3 docent Art. Professi\u00f3 i Doc\u00e8ncia<\/strong> cerca f\u00f3rmules que apropin el context universitari&#8230;<\/p>\n","protected":false},"author":1,"featured_media":0,"parent":0,"menu_order":0,"comment_status":"closed","ping_status":"closed","template":"full_width.php","meta":{"footnotes":""},"class_list":["post-6","page","type-page","status-publish","hentry"],"_links":{"self":[{"href":"https:\/\/www.ub.edu\/art-prodoc\/wp-json\/wp\/v2\/pages\/6","targetHints":{"allow":["GET"]}}],"collection":[{"href":"https:\/\/www.ub.edu\/art-prodoc\/wp-json\/wp\/v2\/pages"}],"about":[{"href":"https:\/\/www.ub.edu\/art-prodoc\/wp-json\/wp\/v2\/types\/page"}],"author":[{"embeddable":true,"href":"https:\/\/www.ub.edu\/art-prodoc\/wp-json\/wp\/v2\/users\/1"}],"replies":[{"embeddable":true,"href":"https:\/\/www.ub.edu\/art-prodoc\/wp-json\/wp\/v2\/comments?post=6"}],"version-history":[{"count":153,"href":"https:\/\/www.ub.edu\/art-prodoc\/wp-json\/wp\/v2\/pages\/6\/revisions"}],"predecessor-version":[{"id":1533,"href":"https:\/\/www.ub.edu\/art-prodoc\/wp-json\/wp\/v2\/pages\/6\/revisions\/1533"}],"wp:attachment":[{"href":"https:\/\/www.ub.edu\/art-prodoc\/wp-json\/wp\/v2\/media?parent=6"}],"curies":[{"name":"wp","href":"https:\/\/api.w.org\/{rel}","templated":true}]}}