{"id":925,"date":"2023-03-06T22:12:23","date_gmt":"2023-03-06T20:12:23","guid":{"rendered":"https:\/\/www.ub.edu\/art-prodoc\/pedro-moraes-30\/"},"modified":"2023-03-08T10:05:37","modified_gmt":"2023-03-08T08:05:37","slug":"expo-centre-cultural-la-merce","status":"publish","type":"page","link":"https:\/\/www.ub.edu\/art-prodoc\/linies-dactuacio-arxiu\/aprenentatge-en-situacions-reals\/expo-centre-cultural-la-merce\/","title":{"rendered":"Expo Centre Cultural La Merc\u00e8"},"content":{"rendered":"\t\t<div data-elementor-type=\"wp-page\" data-elementor-id=\"925\" class=\"elementor elementor-925\">\n\t\t\t\t\t\t<section class=\"elementor-section elementor-top-section elementor-element elementor-element-57f3662 elementor-section-full_width qode_elementor_container_inner seccio elementor-section-height-default elementor-section-height-default parallax_section_no qode-content-aligment-left\" data-id=\"57f3662\" data-element_type=\"section\">\n\t\t\t\t\t\t<div class=\"elementor-container elementor-column-gap-default\">\n\t\t\t\t\t<div class=\"elementor-column elementor-col-50 elementor-top-column elementor-element elementor-element-d0ffb8b\" data-id=\"d0ffb8b\" data-element_type=\"column\">\n\t\t\t<div class=\"elementor-widget-wrap elementor-element-populated\">\n\t\t\t\t\t\t<div class=\"elementor-element elementor-element-8086717 elementor-widget elementor-widget-heading\" data-id=\"8086717\" data-element_type=\"widget\" data-widget_type=\"heading.default\">\n\t\t\t\t<div class=\"elementor-widget-container\">\n\t\t\t\t\t<h2 class=\"elementor-heading-title elementor-size-default\">Expo Centre Cultural La Merc\u00e8\n\n<\/h2>\t\t\t\t<\/div>\n\t\t\t\t<\/div>\n\t\t\t\t<div class=\"elementor-element elementor-element-7f26597 elementor-widget elementor-widget-text-editor\" data-id=\"7f26597\" data-element_type=\"widget\" data-widget_type=\"text-editor.default\">\n\t\t\t\t<div class=\"elementor-widget-container\">\n\t\t\t\t\t\t\t\t\t<p>18\/06\/2013<\/p><p>Les exposicions\u00a0<em>Processos Emergents\u00a0<\/em>(Fundaci\u00f3 Fel\u00edcia Fuster, 14 de setembre a 6 d\u2019octubre de 2012, Barcelona) i Situacions Reals (Centre Cultural la Merc\u00e8, 5 d\u2019octubre al 22 de novembre de 2012, Girona) han mostrat un conjunt de peces que representen les intencions, els neguits, les inquietuds o els dubtes dels processos art\u00edstics de les generacions m\u00e9s joves. El proc\u00e9s creatiu \u00e9s la pe\u00e7a angular a partir de la qual l\u2019estudiant vehicula el seu aprenentatge. A l\u2019exposici\u00f3 s\u2019han mostrat els resultats m\u00e9s interessants d\u2019aquest proc\u00e9s i que han reflectit millor l\u2019evoluci\u00f3 de les obres dels alumnes dins el taller, realitzats durant el primer curs. Els tallers de la facultat no s\u00f3n espais de simulaci\u00f3, tot el contrari, s\u00f3n centres de producci\u00f3 actius els resultats dels quals deriven de processos de recerca. La proposta actual ha donat viabilitat a aquest \u00faltim punt, des de vies diferents. L\u2019estudiant ha definit un projecte, participat en decisions organitzatives de forma individual o col\u00b7lectiva, ha pres iniciatives i responsabilitats, i, en darrera inst\u00e0ncia, ha sabut apreciar el seu treball i el dels altres. Per l\u2019altre banda, el professor ha sabut crear situacions perqu\u00e8 l\u2019estudiant desenvolupi actituds aut\u00f2nomes, i guiar-lo en el coneixement i la recerca. \u00c9s a dir, que ha estat capa\u00e7 de dur a terme un projecte.<\/p><p>Han participat estudiants de Belles Arts i del Centre Cultural de la Merc\u00e8 de Girona (Processos Emergents: 10 i 1, respectivament; Situacions Reals 20 i 4, respectivament). Dos dels treballs presentats eren creacions en grup d\u2019estudiants.<\/p><p>La participaci\u00f3 ha estat una valuosa experi\u00e8ncia d&#8217;aprenentatge per als qui tenen com a fita desenvolupar un treball art\u00edstic, oferint la possibilitat de viure tot el proc\u00e9s de disseny, muntatge, exhibici\u00f3 i difusi\u00f3. Alhora, ha motivat els estudiants i ha donat visibilitat a un proc\u00e9s de treball que sovint queda in\u00e8dit dins les aules de la facultat. Ens agradaria insistir en la idea de proc\u00e9s i no d\u2019obra final, doncs creiem que el m\u00e9s interessant \u00e9s mostrar el curs de la seva evoluci\u00f3.<\/p>\t\t\t\t\t\t\t\t<\/div>\n\t\t\t\t<\/div>\n\t\t\t\t\t<\/div>\n\t\t<\/div>\n\t\t\t\t<div class=\"elementor-column elementor-col-50 elementor-top-column elementor-element elementor-element-67cb92c\" data-id=\"67cb92c\" data-element_type=\"column\">\n\t\t\t<div class=\"elementor-widget-wrap elementor-element-populated\">\n\t\t\t\t\t\t<div class=\"elementor-element elementor-element-1276f9e elementor-widget elementor-widget-qi_addons_for_elementor_image_gallery\" data-id=\"1276f9e\" data-element_type=\"widget\" data-widget_type=\"qi_addons_for_elementor_image_gallery.default\">\n\t\t\t\t<div class=\"elementor-widget-container\">\n\t\t\t\t\t<div class=\"qodef-shortcode qodef-m qodef-qi-image-gallery qodef-qi-fslightbox-popup qodef-popup-gallery qodef-image--hover-zoom qodef-qi-grid qodef-layout--qi-columns qodef-col-num--1 qodef-responsive--predefined\">\n\t<div class=\"qodef-grid-inner\">\n\t\t<div class=\"qodef-e qodef-image-wrapper qodef-grid-item\">\n\t<div class=\"qodef-e-inner\">\n\t\t\t\t\t<a class=\"qodef-popup-item\" itemprop=\"image\" href=\"https:\/\/www.ub.edu\/art-prodoc\/wp-content\/uploads\/2023\/03\/1-16.png\" data-type=\"image\" data-fslightbox=\"gallery-461\">\n\t\t\t\t\t<img fetchpriority=\"high\" decoding=\"async\" width=\"571\" height=\"427\" src=\"https:\/\/www.ub.edu\/art-prodoc\/wp-content\/uploads\/2023\/03\/1-16.png\" class=\"attachment-full size-full\" alt=\"\" srcset=\"https:\/\/www.ub.edu\/art-prodoc\/wp-content\/uploads\/2023\/03\/1-16.png 571w, https:\/\/www.ub.edu\/art-prodoc\/wp-content\/uploads\/2023\/03\/1-16-300x224.png 300w\" sizes=\"(max-width: 571px) 100vw, 571px\" \/>\t\t\t\t\t<\/a>\n\t\t\t<\/div>\n<\/div>\n<div class=\"qodef-e qodef-image-wrapper qodef-grid-item\">\n\t<div class=\"qodef-e-inner\">\n\t\t\t\t\t<a class=\"qodef-popup-item\" itemprop=\"image\" href=\"https:\/\/www.ub.edu\/art-prodoc\/wp-content\/uploads\/2023\/03\/2-14.png\" data-type=\"image\" data-fslightbox=\"gallery-461\">\n\t\t\t\t\t<img decoding=\"async\" width=\"571\" height=\"379\" src=\"https:\/\/www.ub.edu\/art-prodoc\/wp-content\/uploads\/2023\/03\/2-14.png\" class=\"attachment-full size-full\" alt=\"\" srcset=\"https:\/\/www.ub.edu\/art-prodoc\/wp-content\/uploads\/2023\/03\/2-14.png 571w, https:\/\/www.ub.edu\/art-prodoc\/wp-content\/uploads\/2023\/03\/2-14-300x199.png 300w\" sizes=\"(max-width: 571px) 100vw, 571px\" \/>\t\t\t\t\t<\/a>\n\t\t\t<\/div>\n<\/div>\n<div class=\"qodef-e qodef-image-wrapper qodef-grid-item\">\n\t<div class=\"qodef-e-inner\">\n\t\t\t\t\t<a class=\"qodef-popup-item\" itemprop=\"image\" href=\"https:\/\/www.ub.edu\/art-prodoc\/wp-content\/uploads\/2023\/03\/3-13.png\" data-type=\"image\" data-fslightbox=\"gallery-461\">\n\t\t\t\t\t<img decoding=\"async\" width=\"571\" height=\"382\" src=\"https:\/\/www.ub.edu\/art-prodoc\/wp-content\/uploads\/2023\/03\/3-13.png\" class=\"attachment-full size-full\" alt=\"\" srcset=\"https:\/\/www.ub.edu\/art-prodoc\/wp-content\/uploads\/2023\/03\/3-13.png 571w, https:\/\/www.ub.edu\/art-prodoc\/wp-content\/uploads\/2023\/03\/3-13-300x201.png 300w\" sizes=\"(max-width: 571px) 100vw, 571px\" \/>\t\t\t\t\t<\/a>\n\t\t\t<\/div>\n<\/div>\n<div class=\"qodef-e qodef-image-wrapper qodef-grid-item\">\n\t<div class=\"qodef-e-inner\">\n\t\t\t\t\t<a class=\"qodef-popup-item\" itemprop=\"image\" href=\"https:\/\/www.ub.edu\/art-prodoc\/wp-content\/uploads\/2023\/03\/4-11.png\" data-type=\"image\" data-fslightbox=\"gallery-461\">\n\t\t\t\t\t<img loading=\"lazy\" decoding=\"async\" width=\"571\" height=\"430\" src=\"https:\/\/www.ub.edu\/art-prodoc\/wp-content\/uploads\/2023\/03\/4-11.png\" class=\"attachment-full size-full\" alt=\"\" srcset=\"https:\/\/www.ub.edu\/art-prodoc\/wp-content\/uploads\/2023\/03\/4-11.png 571w, https:\/\/www.ub.edu\/art-prodoc\/wp-content\/uploads\/2023\/03\/4-11-300x226.png 300w\" sizes=\"(max-width: 571px) 100vw, 571px\" \/>\t\t\t\t\t<\/a>\n\t\t\t<\/div>\n<\/div>\n<div class=\"qodef-e qodef-image-wrapper qodef-grid-item\">\n\t<div class=\"qodef-e-inner\">\n\t\t\t\t\t<a class=\"qodef-popup-item\" itemprop=\"image\" href=\"https:\/\/www.ub.edu\/art-prodoc\/wp-content\/uploads\/2023\/03\/5-1.png\" data-type=\"image\" data-fslightbox=\"gallery-461\">\n\t\t\t\t\t<img loading=\"lazy\" decoding=\"async\" width=\"571\" height=\"430\" src=\"https:\/\/www.ub.edu\/art-prodoc\/wp-content\/uploads\/2023\/03\/5-1.png\" class=\"attachment-full size-full\" alt=\"\" srcset=\"https:\/\/www.ub.edu\/art-prodoc\/wp-content\/uploads\/2023\/03\/5-1.png 571w, https:\/\/www.ub.edu\/art-prodoc\/wp-content\/uploads\/2023\/03\/5-1-300x226.png 300w\" sizes=\"(max-width: 571px) 100vw, 571px\" \/>\t\t\t\t\t<\/a>\n\t\t\t<\/div>\n<\/div>\n<div class=\"qodef-e qodef-image-wrapper qodef-grid-item\">\n\t<div class=\"qodef-e-inner\">\n\t\t\t\t\t<a class=\"qodef-popup-item\" itemprop=\"image\" href=\"https:\/\/www.ub.edu\/art-prodoc\/wp-content\/uploads\/2023\/03\/6-1.png\" data-type=\"image\" data-fslightbox=\"gallery-461\">\n\t\t\t\t\t<img loading=\"lazy\" decoding=\"async\" width=\"571\" height=\"430\" src=\"https:\/\/www.ub.edu\/art-prodoc\/wp-content\/uploads\/2023\/03\/6-1.png\" class=\"attachment-full size-full\" alt=\"\" srcset=\"https:\/\/www.ub.edu\/art-prodoc\/wp-content\/uploads\/2023\/03\/6-1.png 571w, https:\/\/www.ub.edu\/art-prodoc\/wp-content\/uploads\/2023\/03\/6-1-300x226.png 300w\" sizes=\"(max-width: 571px) 100vw, 571px\" \/>\t\t\t\t\t<\/a>\n\t\t\t<\/div>\n<\/div>\n<div class=\"qodef-e qodef-image-wrapper qodef-grid-item\">\n\t<div class=\"qodef-e-inner\">\n\t\t\t\t\t<a class=\"qodef-popup-item\" itemprop=\"image\" href=\"https:\/\/www.ub.edu\/art-prodoc\/wp-content\/uploads\/2023\/03\/7-1.png\" data-type=\"image\" data-fslightbox=\"gallery-461\">\n\t\t\t\t\t<img loading=\"lazy\" decoding=\"async\" width=\"571\" height=\"430\" src=\"https:\/\/www.ub.edu\/art-prodoc\/wp-content\/uploads\/2023\/03\/7-1.png\" class=\"attachment-full size-full\" alt=\"\" srcset=\"https:\/\/www.ub.edu\/art-prodoc\/wp-content\/uploads\/2023\/03\/7-1.png 571w, https:\/\/www.ub.edu\/art-prodoc\/wp-content\/uploads\/2023\/03\/7-1-300x226.png 300w\" sizes=\"(max-width: 571px) 100vw, 571px\" \/>\t\t\t\t\t<\/a>\n\t\t\t<\/div>\n<\/div>\n<div class=\"qodef-e qodef-image-wrapper qodef-grid-item\">\n\t<div class=\"qodef-e-inner\">\n\t\t\t\t\t<a class=\"qodef-popup-item\" itemprop=\"image\" href=\"https:\/\/www.ub.edu\/art-prodoc\/wp-content\/uploads\/2023\/03\/8-1.png\" data-type=\"image\" data-fslightbox=\"gallery-461\">\n\t\t\t\t\t<img loading=\"lazy\" decoding=\"async\" width=\"571\" height=\"430\" src=\"https:\/\/www.ub.edu\/art-prodoc\/wp-content\/uploads\/2023\/03\/8-1.png\" class=\"attachment-full size-full\" alt=\"\" srcset=\"https:\/\/www.ub.edu\/art-prodoc\/wp-content\/uploads\/2023\/03\/8-1.png 571w, https:\/\/www.ub.edu\/art-prodoc\/wp-content\/uploads\/2023\/03\/8-1-300x226.png 300w\" sizes=\"(max-width: 571px) 100vw, 571px\" \/>\t\t\t\t\t<\/a>\n\t\t\t<\/div>\n<\/div>\n<div class=\"qodef-e qodef-image-wrapper qodef-grid-item\">\n\t<div class=\"qodef-e-inner\">\n\t\t\t\t\t<a class=\"qodef-popup-item\" itemprop=\"image\" href=\"https:\/\/www.ub.edu\/art-prodoc\/wp-content\/uploads\/2023\/03\/9-1.png\" data-type=\"image\" data-fslightbox=\"gallery-461\">\n\t\t\t\t\t<img loading=\"lazy\" decoding=\"async\" width=\"571\" height=\"430\" src=\"https:\/\/www.ub.edu\/art-prodoc\/wp-content\/uploads\/2023\/03\/9-1.png\" class=\"attachment-full size-full\" alt=\"\" srcset=\"https:\/\/www.ub.edu\/art-prodoc\/wp-content\/uploads\/2023\/03\/9-1.png 571w, https:\/\/www.ub.edu\/art-prodoc\/wp-content\/uploads\/2023\/03\/9-1-300x226.png 300w\" sizes=\"(max-width: 571px) 100vw, 571px\" \/>\t\t\t\t\t<\/a>\n\t\t\t<\/div>\n<\/div>\n<div class=\"qodef-e qodef-image-wrapper qodef-grid-item\">\n\t<div class=\"qodef-e-inner\">\n\t\t\t\t\t<a class=\"qodef-popup-item\" itemprop=\"image\" href=\"https:\/\/www.ub.edu\/art-prodoc\/wp-content\/uploads\/2023\/03\/10-1.png\" data-type=\"image\" data-fslightbox=\"gallery-461\">\n\t\t\t\t\t<img loading=\"lazy\" decoding=\"async\" width=\"571\" height=\"430\" src=\"https:\/\/www.ub.edu\/art-prodoc\/wp-content\/uploads\/2023\/03\/10-1.png\" class=\"attachment-full size-full\" alt=\"\" srcset=\"https:\/\/www.ub.edu\/art-prodoc\/wp-content\/uploads\/2023\/03\/10-1.png 571w, https:\/\/www.ub.edu\/art-prodoc\/wp-content\/uploads\/2023\/03\/10-1-300x226.png 300w\" sizes=\"(max-width: 571px) 100vw, 571px\" \/>\t\t\t\t\t<\/a>\n\t\t\t<\/div>\n<\/div>\n<div class=\"qodef-e qodef-image-wrapper qodef-grid-item\">\n\t<div class=\"qodef-e-inner\">\n\t\t\t\t\t<a class=\"qodef-popup-item\" itemprop=\"image\" href=\"https:\/\/www.ub.edu\/art-prodoc\/wp-content\/uploads\/2023\/03\/11-1.png\" data-type=\"image\" data-fslightbox=\"gallery-461\">\n\t\t\t\t\t<img decoding=\"async\" src=\"https:\/\/www.ub.edu\/art-prodoc\/wp-content\/uploads\/2023\/03\/11-1.png\" class=\"attachment-full size-full\" alt=\"\" \/>\t\t\t\t\t<\/a>\n\t\t\t<\/div>\n<\/div>\n<div class=\"qodef-e qodef-image-wrapper qodef-grid-item\">\n\t<div class=\"qodef-e-inner\">\n\t\t\t\t\t<a class=\"qodef-popup-item\" itemprop=\"image\" href=\"https:\/\/www.ub.edu\/art-prodoc\/wp-content\/uploads\/2023\/03\/12-1.png\" data-type=\"image\" data-fslightbox=\"gallery-461\">\n\t\t\t\t\t<img decoding=\"async\" src=\"https:\/\/www.ub.edu\/art-prodoc\/wp-content\/uploads\/2023\/03\/12-1.png\" class=\"attachment-full size-full\" alt=\"\" \/>\t\t\t\t\t<\/a>\n\t\t\t<\/div>\n<\/div>\n<div class=\"qodef-e qodef-image-wrapper qodef-grid-item\">\n\t<div class=\"qodef-e-inner\">\n\t\t\t\t\t<a class=\"qodef-popup-item\" itemprop=\"image\" href=\"https:\/\/www.ub.edu\/art-prodoc\/wp-content\/uploads\/2023\/03\/13-1.png\" data-type=\"image\" data-fslightbox=\"gallery-461\">\n\t\t\t\t\t<img decoding=\"async\" src=\"https:\/\/www.ub.edu\/art-prodoc\/wp-content\/uploads\/2023\/03\/13-1.png\" class=\"attachment-full size-full\" alt=\"\" \/>\t\t\t\t\t<\/a>\n\t\t\t<\/div>\n<\/div>\n<div class=\"qodef-e qodef-image-wrapper qodef-grid-item\">\n\t<div class=\"qodef-e-inner\">\n\t\t\t\t\t<a class=\"qodef-popup-item\" itemprop=\"image\" href=\"https:\/\/www.ub.edu\/art-prodoc\/wp-content\/uploads\/2023\/03\/14.png\" data-type=\"image\" data-fslightbox=\"gallery-461\">\n\t\t\t\t\t<img decoding=\"async\" src=\"https:\/\/www.ub.edu\/art-prodoc\/wp-content\/uploads\/2023\/03\/14.png\" class=\"attachment-full size-full\" alt=\"\" \/>\t\t\t\t\t<\/a>\n\t\t\t<\/div>\n<\/div>\n<div class=\"qodef-e qodef-image-wrapper qodef-grid-item\">\n\t<div class=\"qodef-e-inner\">\n\t\t\t\t\t<a class=\"qodef-popup-item\" itemprop=\"image\" href=\"https:\/\/www.ub.edu\/art-prodoc\/wp-content\/uploads\/2023\/03\/15.png\" data-type=\"image\" data-fslightbox=\"gallery-461\">\n\t\t\t\t\t<img decoding=\"async\" src=\"https:\/\/www.ub.edu\/art-prodoc\/wp-content\/uploads\/2023\/03\/15.png\" class=\"attachment-full size-full\" alt=\"\" \/>\t\t\t\t\t<\/a>\n\t\t\t<\/div>\n<\/div>\n<div class=\"qodef-e qodef-image-wrapper qodef-grid-item\">\n\t<div class=\"qodef-e-inner\">\n\t\t\t\t\t<a class=\"qodef-popup-item\" itemprop=\"image\" href=\"https:\/\/www.ub.edu\/art-prodoc\/wp-content\/uploads\/2023\/03\/16.png\" data-type=\"image\" data-fslightbox=\"gallery-461\">\n\t\t\t\t\t<img decoding=\"async\" src=\"https:\/\/www.ub.edu\/art-prodoc\/wp-content\/uploads\/2023\/03\/16.png\" class=\"attachment-full size-full\" alt=\"\" \/>\t\t\t\t\t<\/a>\n\t\t\t<\/div>\n<\/div>\n<div class=\"qodef-e qodef-image-wrapper qodef-grid-item\">\n\t<div class=\"qodef-e-inner\">\n\t\t\t\t\t<a class=\"qodef-popup-item\" itemprop=\"image\" href=\"https:\/\/www.ub.edu\/art-prodoc\/wp-content\/uploads\/2023\/03\/17.png\" data-type=\"image\" data-fslightbox=\"gallery-461\">\n\t\t\t\t\t<img decoding=\"async\" src=\"https:\/\/www.ub.edu\/art-prodoc\/wp-content\/uploads\/2023\/03\/17.png\" class=\"attachment-full size-full\" alt=\"\" \/>\t\t\t\t\t<\/a>\n\t\t\t<\/div>\n<\/div>\n<div class=\"qodef-e qodef-image-wrapper qodef-grid-item\">\n\t<div class=\"qodef-e-inner\">\n\t\t\t\t\t<a class=\"qodef-popup-item\" itemprop=\"image\" href=\"https:\/\/www.ub.edu\/art-prodoc\/wp-content\/uploads\/2023\/03\/18.png\" data-type=\"image\" data-fslightbox=\"gallery-461\">\n\t\t\t\t\t<img decoding=\"async\" src=\"https:\/\/www.ub.edu\/art-prodoc\/wp-content\/uploads\/2023\/03\/18.png\" class=\"attachment-full size-full\" alt=\"\" \/>\t\t\t\t\t<\/a>\n\t\t\t<\/div>\n<\/div>\n<div class=\"qodef-e qodef-image-wrapper qodef-grid-item\">\n\t<div class=\"qodef-e-inner\">\n\t\t\t\t\t<a class=\"qodef-popup-item\" itemprop=\"image\" href=\"https:\/\/www.ub.edu\/art-prodoc\/wp-content\/uploads\/2023\/03\/19.png\" data-type=\"image\" data-fslightbox=\"gallery-461\">\n\t\t\t\t\t<img decoding=\"async\" src=\"https:\/\/www.ub.edu\/art-prodoc\/wp-content\/uploads\/2023\/03\/19.png\" class=\"attachment-full size-full\" alt=\"\" \/>\t\t\t\t\t<\/a>\n\t\t\t<\/div>\n<\/div>\n<div class=\"qodef-e qodef-image-wrapper qodef-grid-item\">\n\t<div class=\"qodef-e-inner\">\n\t\t\t\t\t<a class=\"qodef-popup-item\" itemprop=\"image\" href=\"https:\/\/www.ub.edu\/art-prodoc\/wp-content\/uploads\/2023\/03\/20.png\" data-type=\"image\" data-fslightbox=\"gallery-461\">\n\t\t\t\t\t<img decoding=\"async\" src=\"https:\/\/www.ub.edu\/art-prodoc\/wp-content\/uploads\/2023\/03\/20.png\" class=\"attachment-full size-full\" alt=\"\" \/>\t\t\t\t\t<\/a>\n\t\t\t<\/div>\n<\/div>\n<div class=\"qodef-e qodef-image-wrapper qodef-grid-item\">\n\t<div class=\"qodef-e-inner\">\n\t\t\t\t\t<a class=\"qodef-popup-item\" itemprop=\"image\" href=\"https:\/\/www.ub.edu\/art-prodoc\/wp-content\/uploads\/2023\/03\/21.png\" data-type=\"image\" data-fslightbox=\"gallery-461\">\n\t\t\t\t\t<img decoding=\"async\" src=\"https:\/\/www.ub.edu\/art-prodoc\/wp-content\/uploads\/2023\/03\/21.png\" class=\"attachment-full size-full\" alt=\"\" \/>\t\t\t\t\t<\/a>\n\t\t\t<\/div>\n<\/div>\n\t<\/div>\n<\/div>\n\t\t\t\t<\/div>\n\t\t\t\t<\/div>\n\t\t\t\t\t<\/div>\n\t\t<\/div>\n\t\t\t\t\t<\/div>\n\t\t<\/section>\n\t\t\t\t<\/div>\n\t\t","protected":false},"excerpt":{"rendered":"<p>\/*! elementor &#8211; v3.11.2 &#8211; 22-02-2023 *\/ .elementor-heading-title{padding:0;margin:0;line-height:1}.elementor-widget-heading .elementor-heading-title[class*=elementor-size-]>a{color:inherit;font-size:inherit;line-height:inherit}.elementor-widget-heading .elementor-heading-title.elementor-size-small{font-size:15px}.elementor-widget-heading .elementor-heading-title.elementor-size-medium{font-size:19px}.elementor-widget-heading .elementor-heading-title.elementor-size-large{font-size:29px}.elementor-widget-heading .elementor-heading-title.elementor-size-xl{font-size:39px}.elementor-widget-heading .elementor-heading-title.elementor-size-xxl{font-size:59px} Expo Centre Cultural La Merc\u00e8 <\/p>\n<p>18\/06\/2013<\/p>\n<p>Les exposicions\u00a0<em>Processos Emergents\u00a0<\/em>(Fundaci\u00f3 Fel\u00edcia Fuster, 14 de setembre a 6 d\u2019octubre de 2012, Barcelona) i Situacions Reals (Centre Cultural la Merc\u00e8, 5 d\u2019octubre al 22&#8230;<\/p>\n","protected":false},"author":1,"featured_media":0,"parent":1065,"menu_order":0,"comment_status":"closed","ping_status":"closed","template":"full_width.php","meta":{"footnotes":""},"class_list":["post-925","page","type-page","status-publish","hentry"],"_links":{"self":[{"href":"https:\/\/www.ub.edu\/art-prodoc\/wp-json\/wp\/v2\/pages\/925","targetHints":{"allow":["GET"]}}],"collection":[{"href":"https:\/\/www.ub.edu\/art-prodoc\/wp-json\/wp\/v2\/pages"}],"about":[{"href":"https:\/\/www.ub.edu\/art-prodoc\/wp-json\/wp\/v2\/types\/page"}],"author":[{"embeddable":true,"href":"https:\/\/www.ub.edu\/art-prodoc\/wp-json\/wp\/v2\/users\/1"}],"replies":[{"embeddable":true,"href":"https:\/\/www.ub.edu\/art-prodoc\/wp-json\/wp\/v2\/comments?post=925"}],"version-history":[{"count":4,"href":"https:\/\/www.ub.edu\/art-prodoc\/wp-json\/wp\/v2\/pages\/925\/revisions"}],"predecessor-version":[{"id":974,"href":"https:\/\/www.ub.edu\/art-prodoc\/wp-json\/wp\/v2\/pages\/925\/revisions\/974"}],"up":[{"embeddable":true,"href":"https:\/\/www.ub.edu\/art-prodoc\/wp-json\/wp\/v2\/pages\/1065"}],"wp:attachment":[{"href":"https:\/\/www.ub.edu\/art-prodoc\/wp-json\/wp\/v2\/media?parent=925"}],"curies":[{"name":"wp","href":"https:\/\/api.w.org\/{rel}","templated":true}]}}