{"id":337,"date":"2023-01-16T13:07:59","date_gmt":"2023-01-16T11:07:59","guid":{"rendered":"https:\/\/www.ub.edu\/asargafil\/?page_id=337"},"modified":"2024-01-29T13:23:37","modified_gmt":"2024-01-29T11:23:37","slug":"objectiu","status":"publish","type":"page","link":"https:\/\/www.ub.edu\/asargafil\/ca\/objectiu\/","title":{"rendered":"OBJECTIU"},"content":{"rendered":"\n<p>El nostre projecte de recerca \u201cAspectes socials en fonts astrol\u00f2giques \u00e0rabs medievals: her\u00e8ncies i discontinu\u00eftats respecte a la tradici\u00f3 grega\u201d \u2014en base a fonts rellevants i a manuscrits in\u00e8dits, un d\u2019ells (el <em>Kit\u0101b al-B\u0101ri\u2018<\/em>, Llibre I i Llibre II) imprescindible en la comprensi\u00f3 de l\u2019abast de l\u2019astrologia en el mediterrani i en la Europa medieval\u2014 pret\u00e9n donar forma als elements que ens apropin a comprendre el model social i la forma de concebre la vida que es despr\u00e8n dels textos astrol\u00f2gics, all\u00f2 que la mateixa astrologia\/pronosticaci\u00f3 ens diu sobre la significaci\u00f3 de la religi\u00f3 en la societat, la intencionalitat de l\u2019astr\u00f2leg, la recepci\u00f3 de l\u2019astrologia per part de diversos grups socials (els usuaris, els religiosos, els fil\u00f2sofes) i els elements comuns i el seu possible parentesc amb la tradici\u00f3 grega.<\/p>\n\n\n\n<p><strong>\u00c0rea: <\/strong>Cultura: filologia, literatura i art.<\/p>\n\n\n\n<div class=\"wp-block-columns is-layout-flex wp-container-core-columns-is-layout-28f84493 wp-block-columns-is-layout-flex\">\n<div class=\"wp-block-column is-layout-flow wp-block-column-is-layout-flow\" style=\"flex-basis:60px\">\n<figure class=\"wp-block-image size-full is-resized\"><img loading=\"lazy\" decoding=\"async\" width=\"472\" height=\"472\" src=\"https:\/\/www.ub.edu\/asargafil\/wp-content\/uploads\/ods-4-educacio-qualitat.jpg\" alt=\"\" class=\"wp-image-521\" style=\"width:50px\" srcset=\"https:\/\/www.ub.edu\/asargafil\/wp-content\/uploads\/ods-4-educacio-qualitat.jpg 472w, https:\/\/www.ub.edu\/asargafil\/wp-content\/uploads\/ods-4-educacio-qualitat-300x300.jpg 300w, https:\/\/www.ub.edu\/asargafil\/wp-content\/uploads\/ods-4-educacio-qualitat-150x150.jpg 150w\" sizes=\"auto, (max-width: 472px) 100vw, 472px\" \/><\/figure>\n<\/div>\n\n\n\n<div class=\"wp-block-column is-layout-flow wp-block-column-is-layout-flow\">\n<p><strong>Impacte social relacionat amb els objectius de desenvolupament sostenible:<\/strong> Generaci\u00f3 de coneixement.<br> Foment de l&#8217;inter\u00e8s en el valor dels manuscrits medievals.<\/p>\n<\/div>\n<\/div>\n\n\n\n<div class=\"wp-block-columns is-layout-flex wp-container-core-columns-is-layout-28f84493 wp-block-columns-is-layout-flex\">\n<div class=\"wp-block-column is-layout-flow wp-block-column-is-layout-flow\" style=\"flex-basis:60%\">\n<p class=\"has-text-align-left\">Projecte I+D+i: PID2021-126415NB-I00 finan\u00e7at per:<\/p>\n<\/div>\n\n\n\n<div class=\"wp-block-column is-layout-flow wp-block-column-is-layout-flow\">\n<figure class=\"wp-block-image alignleft size-full is-resized\"><img loading=\"lazy\" decoding=\"async\" width=\"400\" height=\"120\" src=\"https:\/\/www.ub.edu\/asargafil\/wp-content\/uploads\/micin-uefeder-aei_400.png\" alt=\"\" class=\"wp-image-244\" style=\"aspect-ratio:3.3333333333333335;width:166px;height:auto\" srcset=\"https:\/\/www.ub.edu\/asargafil\/wp-content\/uploads\/micin-uefeder-aei_400.png 400w, https:\/\/www.ub.edu\/asargafil\/wp-content\/uploads\/micin-uefeder-aei_400-300x90.png 300w\" sizes=\"auto, (max-width: 400px) 100vw, 400px\" \/><\/figure>\n<\/div>\n<\/div>\n","protected":false},"excerpt":{"rendered":"<p>El nostre projecte de recerca \u201cAspectes socials en fonts astrol\u00f2giques \u00e0rabs medievals: her\u00e8ncies i discontinu\u00eftats respecte a la tradici\u00f3 grega\u201d \u2014en base a fonts rellevants i a manuscrits in\u00e8dits, un d\u2019ells (el Kit\u0101b al-B\u0101ri\u2018, Llibre I i Llibre II) imprescindible en la comprensi\u00f3 de l\u2019abast de l\u2019astrologia en el mediterrani i en la Europa medieval\u2014 [&hellip;]<\/p>\n","protected":false},"author":1,"featured_media":0,"parent":0,"menu_order":0,"comment_status":"closed","ping_status":"closed","template":"wp-custom-template-p-gina-ca","meta":{"_eb_attr":"","footnotes":""},"class_list":["post-337","page","type-page","status-publish","hentry"],"_links":{"self":[{"href":"https:\/\/www.ub.edu\/asargafil\/wp-json\/wp\/v2\/pages\/337","targetHints":{"allow":["GET"]}}],"collection":[{"href":"https:\/\/www.ub.edu\/asargafil\/wp-json\/wp\/v2\/pages"}],"about":[{"href":"https:\/\/www.ub.edu\/asargafil\/wp-json\/wp\/v2\/types\/page"}],"author":[{"embeddable":true,"href":"https:\/\/www.ub.edu\/asargafil\/wp-json\/wp\/v2\/users\/1"}],"replies":[{"embeddable":true,"href":"https:\/\/www.ub.edu\/asargafil\/wp-json\/wp\/v2\/comments?post=337"}],"version-history":[{"count":11,"href":"https:\/\/www.ub.edu\/asargafil\/wp-json\/wp\/v2\/pages\/337\/revisions"}],"predecessor-version":[{"id":597,"href":"https:\/\/www.ub.edu\/asargafil\/wp-json\/wp\/v2\/pages\/337\/revisions\/597"}],"wp:attachment":[{"href":"https:\/\/www.ub.edu\/asargafil\/wp-json\/wp\/v2\/media?parent=337"}],"curies":[{"name":"wp","href":"https:\/\/api.w.org\/{rel}","templated":true}]}}