{"id":346,"date":"2023-11-22T12:16:31","date_gmt":"2023-11-22T10:16:31","guid":{"rendered":"https:\/\/www.ub.edu\/asargafil\/?page_id=346"},"modified":"2024-11-22T10:57:02","modified_gmt":"2024-11-22T08:57:02","slug":"team","status":"publish","type":"page","link":"https:\/\/www.ub.edu\/asargafil\/en\/team\/","title":{"rendered":"TEAM"},"content":{"rendered":"\n<div class=\"wp-block-columns is-layout-flex wp-container-core-columns-is-layout-28f84493 wp-block-columns-is-layout-flex\">\n<div class=\"wp-block-column is-vertically-aligned-top is-layout-flow wp-container-core-column-is-layout-0a808d5a wp-block-column-is-layout-flow\" style=\"border-style:none;border-width:0px;padding-right:var(--wp--preset--spacing--30);padding-left:var(--wp--preset--spacing--30)\">\n<div class=\"wp-block-group has-global-padding is-layout-constrained wp-block-group-is-layout-constrained\">\n<details class=\"wp-block-details has-blanc-color has-text-color has-gran-font-size is-layout-flow wp-block-details-is-layout-flow\" style=\"font-style:normal;font-weight:100;letter-spacing:1.8px\"><summary>Emilia Calvo Labarta<\/summary>\n<p style=\"margin-right:var(--wp--preset--spacing--30);margin-left:var(--wp--preset--spacing--30)\">Member of the Research Project. PhD in Arabic Philology. Tenured University Professor. University of Barcelona.&nbsp;<\/p>\n\n\n\n<p style=\"margin-right:var(--wp--preset--spacing--30);margin-left:var(--wp--preset--spacing--30)\">In charge of:<\/p>\n\n\n\n<ul class=\"wp-block-list\">\n<li>Critical edition, translation and study of the Arabic original of the <em>Kit\u0101b al-B\u0101ri\u2018 <\/em>&nbsp;(Volume One and Volume Two) by Ibn Ab\u012b-l-Rij\u0101l in collaboration with Montse D\u00edaz Fajardo.<\/li>\n<\/ul>\n\n\n\n<p style=\"margin-right:var(--wp--preset--spacing--30);margin-left:var(--wp--preset--spacing--30)\"><a href=\"https:\/\/ub.academia.edu\/emiliacalvo\" target=\"_blank\" rel=\"noreferrer noopener\">More information<\/a> | <a href=\"mailto:ecalvo@ub,edu\" target=\"_blank\" rel=\"noreferrer noopener\">ecalvo@ub.edu<\/a><\/p>\n<\/details>\n<\/div>\n\n\n\n<div class=\"wp-block-group has-global-padding is-layout-constrained wp-block-group-is-layout-constrained\">\n<details class=\"wp-block-details has-blanc-color has-text-color has-gran-font-size is-layout-flow wp-block-details-is-layout-flow\" style=\"font-style:normal;font-weight:100;letter-spacing:1.8px\"><summary>MONTSERRAT D\u00cdAZ FAJARDO<\/summary>\n<p style=\"margin-right:var(--wp--preset--spacing--30);margin-left:var(--wp--preset--spacing--30)\">Main Researcher of the Project. PhD in Arabic Philology. Senior Professor. University of Barcelona.&nbsp;<\/p>\n\n\n\n<p style=\"margin-right:var(--wp--preset--spacing--30);margin-left:var(--wp--preset--spacing--30)\">In charge of:<\/p>\n\n\n\n<ul class=\"wp-block-list\">\n<li>Critical edition, translation and study of the Arabic original of the <em>Kit\u0101b al-B\u0101ri\u2018 <\/em>&nbsp;(Volume One and Volume Two) by Ibn Ab\u012b-l-Rij\u0101l in collaboration with Emilia Calvo Labarta.<\/li>\n\n\n\n<li>Study, translation and critical Edition of the <em>Urj\u016bza f\u012b l-ra\u2018d <\/em>(<em>The Poem on Thunder<\/em>) attributed to Ibn Ab\u012b-l-Rij\u0101l.<\/li>\n<\/ul>\n\n\n\n<p style=\"margin-right:var(--wp--preset--spacing--30);margin-left:var(--wp--preset--spacing--30)\"><a href=\"https:\/\/barcelona.academia.edu\/MontseD%C3%ADazFajardoMontserratD%C3%ADazFajardo\" target=\"_blank\" rel=\"noreferrer noopener\">More information<\/a> | <a href=\"mailto:mdiazfajardo@ub,edu\" target=\"_blank\" rel=\"noreferrer noopener\">mdiazfajardo@ub.edu<\/a><\/p>\n<\/details>\n<\/div>\n\n\n\n<div class=\"wp-block-group has-global-padding is-layout-constrained wp-block-group-is-layout-constrained\">\n<details class=\"wp-block-details has-blanc-color has-text-color has-gran-font-size is-layout-flow wp-block-details-is-layout-flow\"><summary>Miquel Forcada Nogu\u00e9s<\/summary>\n<p style=\"margin-right:var(--wp--preset--spacing--30);margin-left:var(--wp--preset--spacing--30)\">Member of the Research Project. PhD in Arabic Philology. Full Professor. University of Barcelona.<\/p>\n\n\n\n<p style=\"margin-right:var(--wp--preset--spacing--30);margin-left:var(--wp--preset--spacing--30)\">In charge of:<\/p>\n\n\n\n<ul style=\"margin-right:var(--wp--preset--spacing--30);margin-left:var(--wp--preset--spacing--30)\" class=\"wp-block-list\">\n<li>Study and translation of the <em>al-Tamh\u012bd li-m\u0101 f\u012b l-Muwa\u1e6d\u1e6da\u02be min al-ma\u02bf\u0101n\u012b wa-l-as\u0101nid <\/em>by Ibn \u2018Abd al-Barr, specifically the section about M\u0101lik ibn Anas\u2019s criticism of meteorological prognostication based on <em>anw\u0101\u02be<\/em>.<\/li>\n\n\n\n<li>Study of the thought of Ab\u016b Bakr ibn al-\u2018Arab\u012b in his <em>Kit\u0101b al-\u02bfAw\u0101\u1e63im min al-qaw\u0101sim<\/em> about the relation between science and religion and the legality of astrology.&nbsp;<\/li>\n\n\n\n<li>Study of the views on astrology and its epistemological status of two Andalusian philosophers Ibn Rushd and Ibn \u1e6cuml\u016bs in their commentaries on Ibn S\u012bn\u0101\u2019s poem on medicine.&nbsp;<\/li>\n<\/ul>\n\n\n\n<p style=\"margin-right:var(--wp--preset--spacing--30);margin-left:var(--wp--preset--spacing--30)\"><a href=\"https:\/\/ub.academia.edu\/MiquelForcada\" target=\"_blank\" rel=\"noreferrer noopener\">M\u00e1s informaci\u00f3n<\/a> | <a href=\"mailto:mforcada@ub.edu\" target=\"_blank\" rel=\"noreferrer noopener\">mforcada@ub.edu<\/a><\/p>\n<\/details>\n<\/div>\n\n\n\n<div class=\"wp-block-group has-global-padding is-layout-constrained wp-block-group-is-layout-constrained\">\n<details class=\"wp-block-details has-blanc-color has-text-color has-gran-font-size is-layout-flow wp-block-details-is-layout-flow\"><summary>Cristian Tolsa Dom\u00e8nech<\/summary>\n<p style=\"margin-right:var(--wp--preset--spacing--30);margin-left:var(--wp--preset--spacing--30)\">Member of the Research Project. PhD in Classical Philology. Junior Professor. University of Barcelona.<\/p>\n\n\n\n<p style=\"margin-right:var(--wp--preset--spacing--30);margin-left:var(--wp--preset--spacing--30)\">In charge of:<\/p>\n\n\n\n<ul style=\"margin-right:var(--wp--preset--spacing--30);margin-left:var(--wp--preset--spacing--30)\" class=\"wp-block-list\">\n<li>Comparison, from a philological viewpoint, of the Arabic original of the <em>Kit\u0101b al-B\u0101ri\u2018 <\/em>(Volume One and Volume Two), the <em>Poem of Astrology <\/em>by<em> <\/em>Dorotheus of Sidon (mainly preserved in an Arabic translation from a lost Pahlavi translation) and Greek fragments of the treatise of Hephaestion.<\/li>\n\n\n\n<li>Comparative study of the following Greek sources: Ptolemy, <em>Tetrabiblos<\/em>. Sextus Empiricus, <em>Adversus mathematicos<\/em>. Vettius Valens. Hephaestion. Paul of Alexandria. Other sources: fragments of Greek astrological treatises preserved in Medieval miscellanies, and horoscopes on papyri.<\/li>\n<\/ul>\n\n\n\n<p style=\"margin-right:var(--wp--preset--spacing--30);margin-left:var(--wp--preset--spacing--30)\"><a href=\"https:\/\/webgrec.ub.edu\/webpages\/000013\/cat\/ctolsa.ub.edu.html\" target=\"_blank\" rel=\"noreferrer noopener\">More information<\/a> | <a href=\"mailto:ctolsa@ub.edu\" target=\"_blank\" rel=\"noreferrer noopener\">ctolsa@ub.edu<\/a><\/p>\n<\/details>\n<\/div>\n\n\n\n<div class=\"wp-block-group has-global-padding is-layout-constrained wp-block-group-is-layout-constrained\">\n<details class=\"wp-block-details has-blanc-color has-text-color has-gran-font-size is-layout-flow wp-block-details-is-layout-flow\" style=\"border-style:none;border-width:0px\"><summary><\/summary>\n<p style=\"margin-right:var(--wp--preset--spacing--30);margin-left:var(--wp--preset--spacing--30)\"><\/p>\n\n\n\n<p style=\"margin-right:var(--wp--preset--spacing--30);margin-left:var(--wp--preset--spacing--30)\"><\/p>\n\n\n\n<p style=\"margin-right:var(--wp--preset--spacing--30);margin-left:var(--wp--preset--spacing--30)\"><\/p>\n<\/details>\n<\/div>\n\n\n\n<div class=\"wp-block-group has-global-padding is-layout-constrained wp-block-group-is-layout-constrained\">\n<details class=\"wp-block-details has-blanc-color has-text-color has-gran-font-size is-layout-flow wp-block-details-is-layout-flow\"><summary>Julio Sams\u00f3 Moya<\/summary>\n<p style=\"margin-right:var(--wp--preset--spacing--30);margin-left:var(--wp--preset--spacing--30)\">External Member of the Research Project. PhD in Arabic Philology. Full Professor. Emeritus Professor. University of Barcelona.<\/p>\n\n\n\n<p style=\"margin-right:var(--wp--preset--spacing--30);margin-left:var(--wp--preset--spacing--30)\">In relation to the <em>Kit\u0101b al-B\u0101ri\u2018<\/em>, see his contribution in the book (especially, pp. 227-254):<\/p>\n\n\n\n<ul style=\"margin-right:var(--wp--preset--spacing--30);margin-left:var(--wp--preset--spacing--30)\" class=\"wp-block-list\">\n<li>Julio Sams\u00f3. (2020). <em>On Both Sides of the Strait of Gibraltar: Studies in the History of Medieval Astronomy in the Iberian Peninsula and the Maghrib<\/em>. Leiden, Boston: Brill.&nbsp;<\/li>\n<\/ul>\n\n\n\n<p style=\"margin-right:var(--wp--preset--spacing--30);margin-left:var(--wp--preset--spacing--30)\"><a href=\"https:\/\/barcelona.academia.edu\/JulioSams%C3%B3Moya\" target=\"_blank\" rel=\"noreferrer noopener\">More information<\/a> | <a href=\"mailto:jsamsomoya@gmail.com\" target=\"_blank\" rel=\"noreferrer noopener\">jsamsomoya@gmail.com<\/a><\/p>\n<\/details>\n<\/div>\n<\/div>\n<\/div>\n","protected":false},"excerpt":{"rendered":"","protected":false},"author":1,"featured_media":0,"parent":0,"menu_order":0,"comment_status":"closed","ping_status":"closed","template":"wp-custom-template-p-gina-en","meta":{"_eb_attr":"","footnotes":""},"class_list":["post-346","page","type-page","status-publish","hentry"],"_links":{"self":[{"href":"https:\/\/www.ub.edu\/asargafil\/wp-json\/wp\/v2\/pages\/346","targetHints":{"allow":["GET"]}}],"collection":[{"href":"https:\/\/www.ub.edu\/asargafil\/wp-json\/wp\/v2\/pages"}],"about":[{"href":"https:\/\/www.ub.edu\/asargafil\/wp-json\/wp\/v2\/types\/page"}],"author":[{"embeddable":true,"href":"https:\/\/www.ub.edu\/asargafil\/wp-json\/wp\/v2\/users\/1"}],"replies":[{"embeddable":true,"href":"https:\/\/www.ub.edu\/asargafil\/wp-json\/wp\/v2\/comments?post=346"}],"version-history":[{"count":13,"href":"https:\/\/www.ub.edu\/asargafil\/wp-json\/wp\/v2\/pages\/346\/revisions"}],"predecessor-version":[{"id":726,"href":"https:\/\/www.ub.edu\/asargafil\/wp-json\/wp\/v2\/pages\/346\/revisions\/726"}],"wp:attachment":[{"href":"https:\/\/www.ub.edu\/asargafil\/wp-json\/wp\/v2\/media?parent=346"}],"curies":[{"name":"wp","href":"https:\/\/api.w.org\/{rel}","templated":true}]}}