{"id":354,"date":"2023-01-16T13:08:41","date_gmt":"2023-01-16T11:08:41","guid":{"rendered":"https:\/\/www.ub.edu\/asargafil\/?page_id=354"},"modified":"2025-11-26T13:10:24","modified_gmt":"2025-11-26T11:10:24","slug":"resultats","status":"publish","type":"page","link":"https:\/\/www.ub.edu\/asargafil\/ca\/resultats\/","title":{"rendered":"RESULTATS"},"content":{"rendered":"\n<p class=\"has-blanc-color has-text-color has-gran-font-size\"><strong><mark style=\"background-color:rgba(0, 0, 0, 0);color:#13de38\" class=\"has-inline-color\">2023<\/mark>&nbsp;<\/strong><\/p>\n\n\n\n<p class=\"has-blanc-color has-text-color has-gran-font-size\">Forcada, Miquel. [Article en revista indexada] \u201cIbn \u02bfAbd al-Barr y los anw\u0101\u02be: astronom\u00eda y religi\u00f3n en al-Andalus\u201d, Al-Qan\u1e6dara, 44, 1, e07. doi: <a href=\"https:\/\/doi.org\/10.3989\/alqantara.2023.007\" target=\"_blank\" rel=\"noreferrer noopener\">https:\/\/doi.org\/10.3989\/alqantara.2023.007<\/a>.<\/p>\n\n\n\n<p class=\"has-blanc-color has-text-color has-gran-font-size\">Tolsa, Cristian. [Llibre] The Orphic Astrologer Critodemus. Fragments with Annotated Translation and Commentary. Berlin: De Gruyter. <a href=\"https:\/\/doi.org\/10.1515\/9783111329147\" data-type=\"link\" data-id=\"https:\/\/doi.org\/10.1515\/9783111329147\">https:\/\/doi.org\/10.1515\/9783111329147<\/a><\/p>\n\n\n\n<p class=\"has-blanc-color has-text-color has-gran-font-size\">Calvo, Emilia i D\u00edaz-Fajardo, Montse. [Article en revista indexada] \u201cThe <em>Tanb\u012bh al-an\u0101m <sup>\u02bf<\/sup>al\u0101 m\u0101<\/em> <em>ya\u1e25duthu f\u012b ayy\u0101m al-<sup>\u02bf<\/sup>\u0101m (Warning to humanity about what happens during the days of the year) <\/em>by <sup>\u02bf<\/sup>Abdu\u02be l-Ra\u1e25m\u0101n al-J\u0101dir\u012b (777\/1375-818\/1416)\u201d. <em>Suhayl. International Journal for the History of the Exact and Natural Sciences in Islamic Civilisation <\/em>20, p\u00e0g. 43-140. &nbsp;<a href=\"https:\/\/raco.cat\/index.php\/Suhayl\/issue\/view\/31861\">2023: Vol.: 20 | Suhayl. International Journal for the History of the Exact and Natural Sciences in Islamic Civilisation (raco.cat)<\/a><\/p>\n\n\n\n<p class=\"has-blanc-color has-text-color has-gran-font-size\">Cristian Tolsa Dom\u00e8nech. [Congr\u00e9s: comunicaci\u00f3 oral] \u201cThe transformations of Dorotheus\u2019 astrological poem in the version of \u2018Umar ibn al-Farrukh\u0101n al-\u1e6cabar\u012b\u201d. The 3rd International Prof. Dr. Fuat Sezgin Symposium on the History of Science in Islam, The Mathematical Sciences in Islamic History: New Approaches, Topics, and Contexts. \u0130stanbul, 25-26 maig 2023. <a href=\"https:\/\/cdn.istanbul.edu.tr\/FileHandler2.ashx?f=fuat-sezgin-(iii)---sempozyum-programi-ve-bildiri-ozetleri_638199263663887894.pdf\">FileHandler2.ashx (istanbul.edu.tr)<\/a>&nbsp;<\/p>\n\n\n\n<p class=\"has-blanc-color has-text-color has-gran-font-size\">Miquel Forcada. [Congr\u00e9s: comunicaci\u00f3 oral] Workshop Veneration in Motion in late antique and early medieval Iberia, Radboud University &amp; RomanIslam Center Universit\u00e4t Hamburg, 11-12 juliol 2023. <a href=\"https:\/\/www.romanislam.uni-hamburg.de\/documents\/workshops\/program-veneration-in-motion.pdf\">program-veneration-in-motion.pdf (uni-hamburg.de)<\/a><\/p>\n\n\n\n<p class=\"has-blanc-color has-text-color has-gran-font-size\">Montserrat D\u00edaz Fajardo i Emilia Calvo Labarta. [Congr\u00e9s: comunicaci\u00f3 oral] \u201cEl Libro Primero del<em>&nbsp;Kit\u0101b al-B\u0101ri\u2018<\/em>:&nbsp;sus caracter\u00edsticas como libro manuscrito acad\u00e9mico del medioevo\u201d. V Congreso Internacional sobre Libro Medieval y Moderno, la diversidad de los g\u00e9neros editoriales: producci\u00f3n, edici\u00f3n, distribuci\u00f3n y uso. Zaragoza, 6-8 setembre 2023.&nbsp;<a href=\"https:\/\/congresolibroantiguo.weebly.com\/programa.html\">Programa &#8211; V CONGRESO INTERNACIONAL SOBRE LIBRO MEDIEVAL Y MODERNO (weebly.com)<\/a>&nbsp;<\/p>\n\n\n\n<p><strong><mark style=\"background-color:rgba(0, 0, 0, 0);color:#dee82e\" class=\"has-inline-color\">2024&nbsp;<\/mark><\/strong><\/p>\n\n\n\n<p>Montse D\u00edaz-Fajardo i Emilia Calvo. [Cap\u00edtol de llibre] \u201cEl Libro Primero del <em>Kit\u0101b al-B\u0101ri\u2018<\/em>: sus caracter\u00edsticas como libro manuscrito acad\u00e9mico del medioevo\u201d, en Manuel Jos\u00e9 Pedraza Gracia i Sof\u00eda Mart\u00ednez G\u00f3mez (eds.) <em>Libros y papeles de todo g\u00e9nero y facultad. Estudios sobre tipolog\u00eda y g\u00e9neros editoriales (siglos XIV-XIX)<\/em>. Col\u00b7lecci\u00f3: \u2026 <em>in culpa est<\/em>. Zaragoza: Prensas de la Universidad de Zaragoza, pp. 45-54. <strong><a href=\"https:\/\/puz.unizar.es\/3018-libros-y-papeles-de-todo-genero-y-facultad-estudios-sobre-tipologia-y-generos-editoriales-siglos-xiv-xix.html\">Libros y papeles de todo g\u00e9nero y facultad. Estudios sobre tipolog\u00eda y g\u00e9neros editoriales (siglos XIV-XIX) (unizar.es)<\/a><\/strong><\/p>\n\n\n\n<p>Miquel Forcada, [Congr\u00e9s: comunicaci\u00f3 oral] \u201cAstrology, astronomy and religion in al-Andalus under the Almoravids (first half of the 12th century)\u201d. 11<sup>th<\/sup> Conference of the European Society for the History of Science. Symposium \u201cAstrological worldview and astrological practice in Western Islam: sources, techniques and debates\u201d, Barcelona, 4-7 setembre 2024. <a href=\"https:\/\/eventum.upf.edu\/94068\/programme\/science-technology-humanity-and-the-earth-11th-eshs-conference-4-7-september-2024.html\">Science, Technology, Humanity, and the Earth. 11th ESHS Conference, 4-7 September 2024 &#8211; Home &amp; registration (upf.edu)<\/a><\/p>\n\n\n\n<p>Montse D\u00edaz-Fajardo i Emilia Calvo. [Congr\u00e9s: comunicaci\u00f3 oral] \u201cIbn Ab\u012b l-Rij\u0101l on astrological questions\u201d. 11<sup>th<\/sup> Conference of the European Society for the History of Science. Symposium \u201cAstrological worldview and astrological practice in Western Islam: sources, techniques and debates\u201d, Barcelona, 4-7 setembre 2024. &nbsp;&nbsp;<\/p>\n\n\n\n<p>Cristian Tolsa. [Congr\u00e9s: comunicaci\u00f3 oral] \u201cA survey of the references to Greek sources in Ibn Ab\u012b l-Rij\u0101l\u2019s Kit\u0101b al-B\u0101ri\u2018\u201d. 11<sup>th<\/sup> Conference of the European Society for the History of Science. Symposium \u201cAstrological worldview and astrological practice in Western Islam: sources, techniques and debates\u201d, Barcelona, 4-7 setembre 2024. &nbsp;&nbsp;<\/p>\n\n\n\n<p>Montse D\u00edaz Fajardo i Emilia Calvo. [Congr\u00e9s: comunicaci\u00f3 oral] \u201cSources and users in Volume One of the <em>Kit\u0101b al-B\u0101ri\u2018<\/em>\u201d. 31<sup>st<\/sup> Congress of the Union Europ\u00e9enne des Arabisants et Islamisants, Granada, 9-14 setembre 2024. <a href=\"https:\/\/www.ueai.org\/congresses\/\">https:\/\/www.ueai.org\/congresses\/<\/a><\/p>\n\n\n\n<p><strong><mark style=\"background-color:rgba(0, 0, 0, 0);color:#ff6900\" class=\"has-inline-color\">2025<\/mark><\/strong><\/p>\n\n\n\n<p>Sams\u00f3, Julio i Forcada, Miquel. [Cap\u00edtol de llibre] \u201cThe Golden Age of Andalusi Science\u201d, en Alejandro Garc\u00eda Sanju\u00e1n (eds.) <em>Reconsidering 11th-Century Iberia<\/em>. Leiden: Brill, pp. 585\u2013625.<\/p>\n\n\n\n<p>Forcada, Miquel. [Article en revista indexada] \u201cRational and More Than Rational Sciences in the Umayyad Caliphate: Dialogue, Debate, and Confrontation\u201c. <em>Micrologus: Nature, Sciences and Medieval Societies. Journal of the Societ\u00e0 Internazionale per lo Studio del Medioevo Latino<\/em> 33, pp. 17\u201364.<\/p>\n\n\n\n<p>Emilia Calvo, Montse D\u00edaz-Fajardo, Miquel Forcada i Cristian Tolsa. [Congr\u00e9s: organitzaci\u00f3] The 15th Maghrebi\/1st Andalusian-Maghrebi Conference on the History of Arab Mathematics, C\u00f3rdoba, 23-25 April 2025. <a href=\"https:\/\/casaarabe.es\/eventos-arabes\/show\/xv-congreso-magrebi-i-congreso-andaluso-magrebi-sobre-la-historia-de-las-matematicas-arabes\">https:\/\/casaarabe.es\/eventos-arabes\/show\/xv-congreso-magrebi-i-congreso-andaluso-magrebi-sobre-la-historia-de-las-matematicas-arabes<\/a><\/p>\n\n\n\n<p>D\u00edaz-Fajardo, Montse i Calvo, Emilia. [Cap\u00edtol de llibre] \u201cRethinking the Western astrologer Ibn Ab\u012b l-Rij\u0101l: his questions for finding hidden treasure and influence from the Eastern Ya\u02bfq\u016bb al-Qa\u1e63r\u0101n\u012b and al-Kind\u012b\u201d, en Antonio Pel\u00e1ez Rovira i Paola Luque-Vargas (eds.) <em>Dynamics between Power and Society in Islam<\/em>. Series Orientalia Lovaniensia Analecta. Peeters Publishers (en premsa).<\/p>\n\n\n\n<p class=\"has-text-align-left\">Montse D\u00edaz-Fajardo. [Congr\u00e9s: comunicaci\u00f3 oral] \u201cIbn al-Khayy\u0101\u1e6d\u2019s <em>L\u0101miyya<\/em> on the Warrior Saturn.\u201d International Conference Poetry and Knowledge: The Production and Transmission of Knowledge in Arabic Verse. M\u00fcnster, 20-22 novembre 2025.                                                                                                                              <a href=\"https:\/\/www.uni-muenster.de\/ArabistikIslam\/Forschen\/Tagungen\/poetry-and-knowledge.html\">https:\/\/www.uni-muenster.de\/ArabistikIslam\/Forschen\/Tagungen\/poetry-and-knowledge.html<\/a>                                              <\/p>\n\n\n\n<p><\/p>\n","protected":false},"excerpt":{"rendered":"<p>2023&nbsp; Forcada, Miquel. [Article en revista indexada] \u201cIbn \u02bfAbd al-Barr y los anw\u0101\u02be: astronom\u00eda y religi\u00f3n en al-Andalus\u201d, Al-Qan\u1e6dara, 44, 1, e07. doi: https:\/\/doi.org\/10.3989\/alqantara.2023.007. Tolsa, Cristian. [Llibre] The Orphic Astrologer Critodemus. Fragments with Annotated Translation and Commentary. Berlin: De Gruyter. https:\/\/doi.org\/10.1515\/9783111329147 Calvo, Emilia i D\u00edaz-Fajardo, Montse. [Article en revista indexada] \u201cThe Tanb\u012bh al-an\u0101m \u02bfal\u0101 m\u0101 [&hellip;]<\/p>\n","protected":false},"author":1,"featured_media":0,"parent":0,"menu_order":0,"comment_status":"closed","ping_status":"closed","template":"wp-custom-template-p-gina-ca","meta":{"_eb_attr":"","footnotes":""},"class_list":["post-354","page","type-page","status-publish","hentry"],"_links":{"self":[{"href":"https:\/\/www.ub.edu\/asargafil\/wp-json\/wp\/v2\/pages\/354","targetHints":{"allow":["GET"]}}],"collection":[{"href":"https:\/\/www.ub.edu\/asargafil\/wp-json\/wp\/v2\/pages"}],"about":[{"href":"https:\/\/www.ub.edu\/asargafil\/wp-json\/wp\/v2\/types\/page"}],"author":[{"embeddable":true,"href":"https:\/\/www.ub.edu\/asargafil\/wp-json\/wp\/v2\/users\/1"}],"replies":[{"embeddable":true,"href":"https:\/\/www.ub.edu\/asargafil\/wp-json\/wp\/v2\/comments?post=354"}],"version-history":[{"count":25,"href":"https:\/\/www.ub.edu\/asargafil\/wp-json\/wp\/v2\/pages\/354\/revisions"}],"predecessor-version":[{"id":768,"href":"https:\/\/www.ub.edu\/asargafil\/wp-json\/wp\/v2\/pages\/354\/revisions\/768"}],"wp:attachment":[{"href":"https:\/\/www.ub.edu\/asargafil\/wp-json\/wp\/v2\/media?parent=354"}],"curies":[{"name":"wp","href":"https:\/\/api.w.org\/{rel}","templated":true}]}}