{"id":361,"date":"2023-11-22T12:16:31","date_gmt":"2023-11-22T10:16:31","guid":{"rendered":"https:\/\/www.ub.edu\/asargafil\/?page_id=361"},"modified":"2024-11-22T11:01:38","modified_gmt":"2024-11-22T09:01:38","slug":"equip","status":"publish","type":"page","link":"https:\/\/www.ub.edu\/asargafil\/ca\/equip\/","title":{"rendered":"EQUIP"},"content":{"rendered":"\n<div class=\"wp-block-columns is-layout-flex wp-container-core-columns-is-layout-28f84493 wp-block-columns-is-layout-flex\">\n<div class=\"wp-block-column is-vertically-aligned-top is-layout-flow wp-container-core-column-is-layout-0a808d5a wp-block-column-is-layout-flow\" style=\"border-style:none;border-width:0px;padding-right:var(--wp--preset--spacing--30);padding-left:var(--wp--preset--spacing--30)\">\n<div class=\"wp-block-group has-global-padding is-layout-constrained wp-block-group-is-layout-constrained\">\n<details class=\"wp-block-details has-blanc-color has-text-color has-gran-font-size is-layout-flow wp-block-details-is-layout-flow\" style=\"font-style:normal;font-weight:100;letter-spacing:1.8px\"><summary>Emilia Calvo Labarta<\/summary>\n<p style=\"margin-right:var(--wp--preset--spacing--30);margin-left:var(--wp--preset--spacing--30)\">Membre de l\u2019equip de recerca. Doctora en Filologia \u00c0rab. Professora Titular d\u2019Universitat. Universitat de Barcelona.&nbsp;<\/p>\n\n\n\n<p style=\"margin-right:var(--wp--preset--spacing--30);margin-left:var(--wp--preset--spacing--30)\">A  c\u00e0rrec de:<\/p>\n\n\n\n<ul class=\"wp-block-list\">\n<li>Edici\u00f3 cr\u00edtica, traducci\u00f3 i estudi de l\u2019original \u00e0rab del <em>Kit\u0101b al-B\u0101ri\u2018 <\/em>&nbsp;(Llibre I i Llibre II) d\u2019en Ibn Ab\u012b-l-Ri\u0177\u0101l&nbsp; en col\u00b7laboraci\u00f3 amb na Montse D\u00edaz Fajardo.<\/li>\n<\/ul>\n\n\n\n<p style=\"margin-right:var(--wp--preset--spacing--30);margin-left:var(--wp--preset--spacing--30)\"><a href=\"https:\/\/ub.academia.edu\/emiliacalvo\" target=\"_blank\" rel=\"noreferrer noopener\">M\u00e9s informaci\u00f3<\/a> | <a href=\"mailto:ecalvo@ub,edu\" target=\"_blank\" rel=\"noreferrer noopener\">ecalvo@ub.edu<\/a><\/p>\n<\/details>\n<\/div>\n\n\n\n<div class=\"wp-block-group has-global-padding is-layout-constrained wp-block-group-is-layout-constrained\">\n<details class=\"wp-block-details has-blanc-color has-text-color has-gran-font-size is-layout-flow wp-block-details-is-layout-flow\" style=\"font-style:normal;font-weight:100;letter-spacing:1.8px\"><summary>MONTSERRAT D\u00cdAZ FAJARDO<\/summary>\n<p style=\"margin-right:var(--wp--preset--spacing--30);margin-left:var(--wp--preset--spacing--30)\">Investigadora Principal del projecte. Doctora en Filologia \u00c0rab. Professora Agregada. Universitat de Barcelona.&nbsp;<\/p>\n\n\n\n<p style=\"margin-right:var(--wp--preset--spacing--30);margin-left:var(--wp--preset--spacing--30)\">A c\u00e0rrec de:<\/p>\n\n\n\n<ul class=\"wp-block-list\">\n<li>Edici\u00f3 cr\u00edtica, traducci\u00f3 i estudi de l\u2019original \u00e0rab del <em>Kit\u0101b al-B\u0101ri\u2018 <\/em>&nbsp;(Llibre I i Llibre II) d\u2019en Ibn Ab\u012b-l-Ri\u0177\u0101l en col\u00b7laboraci\u00f3 amb na Emilia Calvo Labarta.<\/li>\n\n\n\n<li>Estudi, traducci\u00f3 i edici\u00f3 cr\u00edtica de l\u2019<em>Ur\u0177\u016bza f\u012b l-ra\u2018d <\/em>(<em>Poema sobre el tro<\/em>) atribu\u00eft a Ibn Ab\u012b-l-Ri\u0177\u0101l.&nbsp;<\/li>\n<\/ul>\n\n\n\n<p style=\"margin-right:var(--wp--preset--spacing--30);margin-left:var(--wp--preset--spacing--30)\"><a href=\"https:\/\/barcelona.academia.edu\/MontseD%C3%ADazFajardoMontserratD%C3%ADazFajardo\" target=\"_blank\" rel=\"noreferrer noopener\">M\u00e9s informaci\u00f3<\/a> | <a href=\"mailto:mdiazfajardo@ub,edu\" target=\"_blank\" rel=\"noreferrer noopener\">mdiazfajardo@ub.edu<\/a><\/p>\n<\/details>\n<\/div>\n\n\n\n<div class=\"wp-block-group has-global-padding is-layout-constrained wp-block-group-is-layout-constrained\">\n<details class=\"wp-block-details has-blanc-color has-text-color has-gran-font-size is-layout-flow wp-block-details-is-layout-flow\"><summary>Miquel Forcada Nogu\u00e9s<\/summary>\n<p style=\"margin-right:var(--wp--preset--spacing--30);margin-left:var(--wp--preset--spacing--30)\">Membre de l\u2019equip de recerca. Doctor en Filologia \u00c0rab. Catedr\u00e0tic d\u2019Universitat. Universitat de Barcelona.<\/p>\n\n\n\n<p style=\"margin-right:var(--wp--preset--spacing--30);margin-left:var(--wp--preset--spacing--30)\">A c\u00e0rrec de:<\/p>\n\n\n\n<ul style=\"margin-right:var(--wp--preset--spacing--30);margin-left:var(--wp--preset--spacing--30)\" class=\"wp-block-list\">\n<li>Estudi i traducci\u00f3 d\u2019<em>al-Tamh\u012bd li-m\u0101 f\u012b l-Muwa\u1e6d\u1e6da\u02be min al-ma\u02bf\u0101n\u012b wa-l-as\u0101nid <\/em>d\u2019en Ibn \u2018Abd al-Barr, en concret de la secci\u00f3 que tracte de la condemna d\u2019en M\u0101lik ibn Anas a la predicci\u00f3 meteorol\u00f2gica basada en el sistema dels <em>anw\u0101\u02be<\/em>.<\/li>\n\n\n\n<li>Estudi del pensament d\u2019en Ab\u016b Bakr ibn al-\u2018Arab\u012b en el seu <em>Kit\u0101b al-\u02bfAw\u0101\u1e63im min al-qaw\u0101sim<\/em> sobre la relaci\u00f3 ci\u00e8ncia-religi\u00f3 i la licitud de l\u2019astrologia.&nbsp;<\/li>\n\n\n\n<li>Estudi de l\u2019opini\u00f3 que els filosofes andalusins Ibn Ru\u0161d i Ibn \u1e6cuml\u016bs, en els seus comentaris al poema de medicina d\u2019Ibn S\u012bn\u0101, tenien sobre l\u2019astrologia i el seu estatut epistemol\u00f2gic.&nbsp;<\/li>\n<\/ul>\n\n\n\n<p style=\"margin-right:var(--wp--preset--spacing--30);margin-left:var(--wp--preset--spacing--30)\"><a href=\"https:\/\/ub.academia.edu\/MiquelForcada\" target=\"_blank\" rel=\"noreferrer noopener\">M\u00e9s informaci\u00f3<\/a> | <a href=\"mailto:mforcada@ub.edu\" target=\"_blank\" rel=\"noreferrer noopener\">mforcada@ub.edu<\/a><\/p>\n<\/details>\n<\/div>\n\n\n\n<div class=\"wp-block-group has-global-padding is-layout-constrained wp-block-group-is-layout-constrained\">\n<details class=\"wp-block-details has-blanc-color has-text-color has-gran-font-size is-layout-flow wp-block-details-is-layout-flow\"><summary>Cristian Tolsa Dom\u00e8nech<\/summary>\n<p style=\"margin-right:var(--wp--preset--spacing--30);margin-left:var(--wp--preset--spacing--30)\">Membre de l\u2019equip de recerca. Doctor en Filologia Cl\u00e0ssica. Professor Lector. Universitat de Barcelona.<\/p>\n\n\n\n<p style=\"margin-right:var(--wp--preset--spacing--30);margin-left:var(--wp--preset--spacing--30)\">A c\u00e0rrec de:<\/p>\n\n\n\n<ul style=\"margin-right:var(--wp--preset--spacing--30);margin-left:var(--wp--preset--spacing--30)\" class=\"wp-block-list\">\n<li>Comparaci\u00f3, des d\u2019un punt de vista filol\u00f2gic, entre l\u2019original \u00e0rab del <em>Kit\u0101b al-B\u0101ri\u2018 <\/em>(Llibre I i Llibre II), el <em>Poema d\u2019Astrologia <\/em>d\u2019en Doroteu de Sid\u00f3 (conservat, majorit\u00e0riament, en una traducci\u00f3 \u00e0rab indirecta realitzada d\u2019una traducci\u00f3 pahlavi perduda) i fragments grecs del tractat d\u2019en Hefesti\u00f3.<\/li>\n\n\n\n<li>Estudi comparatiu entre les fonts astrol\u00f2giques gregues seg\u00fcents: Ptolemeu, <em>Tetrabiblos<\/em>. Sext Emp\u00edric, <em>Adversus mathematicos<\/em>. Veti Valent. Hefesti\u00f3. Pau d\u2019Alexandria. Altres fonts: fragments de tractats astrol\u00f2gics grecs recollits en miscel\u00b7l\u00e0nies medievals i d\u2019hor\u00f2scops en la documentaci\u00f3 papir\u00e0cia.&nbsp;<\/li>\n<\/ul>\n\n\n\n<p style=\"margin-right:var(--wp--preset--spacing--30);margin-left:var(--wp--preset--spacing--30)\"><a href=\"https:\/\/webgrec.ub.edu\/webpages\/000013\/cat\/ctolsa.ub.edu.html\" target=\"_blank\" rel=\"noreferrer noopener\">M\u00e9s informaci\u00f3<\/a> | <a href=\"mailto:ctolsa@ub.edu\" target=\"_blank\" rel=\"noreferrer noopener\">ctolsa@ub.edu<\/a><\/p>\n<\/details>\n<\/div>\n\n\n\n<div class=\"wp-block-group has-global-padding is-layout-constrained wp-block-group-is-layout-constrained\">\n<details class=\"wp-block-details has-blanc-color has-text-color has-gran-font-size is-layout-flow wp-block-details-is-layout-flow\" style=\"border-style:none;border-width:0px\"><summary><\/summary>\n<p style=\"margin-right:var(--wp--preset--spacing--30);margin-left:var(--wp--preset--spacing--30)\"><\/p>\n\n\n\n<p style=\"margin-right:var(--wp--preset--spacing--30);margin-left:var(--wp--preset--spacing--30)\"><\/p>\n\n\n\n<p style=\"margin-right:var(--wp--preset--spacing--30);margin-left:var(--wp--preset--spacing--30)\"><\/p>\n<\/details>\n<\/div>\n\n\n\n<div class=\"wp-block-group has-global-padding is-layout-constrained wp-block-group-is-layout-constrained\">\n<details class=\"wp-block-details has-blanc-color has-text-color has-gran-font-size is-layout-flow wp-block-details-is-layout-flow\"><summary>Julio Sams\u00f3 Moya<\/summary>\n<p style=\"margin-right:var(--wp--preset--spacing--30);margin-left:var(--wp--preset--spacing--30)\">Membre extern del projecte. Doctor en Filologia \u00c0rab. Catedr\u00e0tic d\u2019Universitat. Professor em\u00e8rit d\u2019Universitat. Universitat de Barcelona.<\/p>\n\n\n\n<p style=\"margin-right:var(--wp--preset--spacing--30);margin-left:var(--wp--preset--spacing--30)\">En relaci\u00f3 amb el <em>Kit\u0101b al-B\u0101ri\u2018<\/em>, vegeu la seva contribuci\u00f3 en el llibre (especialment, les p\u00e0g. 227-254):<\/p>\n\n\n\n<ul style=\"margin-right:var(--wp--preset--spacing--30);margin-left:var(--wp--preset--spacing--30)\" class=\"wp-block-list\">\n<li>Julio Sams\u00f3. (2020). <em>On Both Sides of the Strait of Gibraltar: Studies in the History of Medieval Astronomy in the Iberian Peninsula and the Maghrib<\/em>. Leiden, Boston: Brill.&nbsp;<\/li>\n<\/ul>\n\n\n\n<p style=\"margin-right:var(--wp--preset--spacing--30);margin-left:var(--wp--preset--spacing--30)\"><a href=\"https:\/\/barcelona.academia.edu\/JulioSams%C3%B3Moya\" target=\"_blank\" rel=\"noreferrer noopener\">M\u00e9s informaci\u00f3<\/a> | <a href=\"mailto:jsamsomoya@gmail.com\" target=\"_blank\" rel=\"noreferrer noopener\">jsamsomoya@gmail.com<\/a><\/p>\n<\/details>\n<\/div>\n<\/div>\n<\/div>\n","protected":false},"excerpt":{"rendered":"","protected":false},"author":1,"featured_media":0,"parent":0,"menu_order":0,"comment_status":"closed","ping_status":"closed","template":"wp-custom-template-p-gina-ca","meta":{"_eb_attr":"","footnotes":""},"class_list":["post-361","page","type-page","status-publish","hentry"],"_links":{"self":[{"href":"https:\/\/www.ub.edu\/asargafil\/wp-json\/wp\/v2\/pages\/361","targetHints":{"allow":["GET"]}}],"collection":[{"href":"https:\/\/www.ub.edu\/asargafil\/wp-json\/wp\/v2\/pages"}],"about":[{"href":"https:\/\/www.ub.edu\/asargafil\/wp-json\/wp\/v2\/types\/page"}],"author":[{"embeddable":true,"href":"https:\/\/www.ub.edu\/asargafil\/wp-json\/wp\/v2\/users\/1"}],"replies":[{"embeddable":true,"href":"https:\/\/www.ub.edu\/asargafil\/wp-json\/wp\/v2\/comments?post=361"}],"version-history":[{"count":6,"href":"https:\/\/www.ub.edu\/asargafil\/wp-json\/wp\/v2\/pages\/361\/revisions"}],"predecessor-version":[{"id":727,"href":"https:\/\/www.ub.edu\/asargafil\/wp-json\/wp\/v2\/pages\/361\/revisions\/727"}],"wp:attachment":[{"href":"https:\/\/www.ub.edu\/asargafil\/wp-json\/wp\/v2\/media?parent=361"}],"curies":[{"name":"wp","href":"https:\/\/api.w.org\/{rel}","templated":true}]}}