{"id":367,"date":"2023-01-16T13:10:17","date_gmt":"2023-01-16T11:10:17","guid":{"rendered":"https:\/\/www.ub.edu\/asargafil\/?page_id=367"},"modified":"2024-01-30T17:39:12","modified_gmt":"2024-01-30T15:39:12","slug":"figures","status":"publish","type":"page","link":"https:\/\/www.ub.edu\/asargafil\/en\/figures\/","title":{"rendered":"FIGURES"},"content":{"rendered":"\n<div class=\"wp-block-image-gallery-block-image-gallery-block\"><div class=\"eb-parent-wrapper eb-parent-eb-image-gallery-txvowt4 \"><div class=\"eb-gallery-img-wrapper eb-image-gallery-txvowt4 grid overlay-bottom caption-style-0  \" data-id=\"eb-image-gallery-txvowt4\"><a href=\"https:\/\/www.ub.edu\/asargafil\/wp-content\/uploads\/Web_Imagen3.webp\" id=\"eb-gallery-img-content\" data-fslightbox=\"gallery\" data-type=\"image\" class=\"eb-gallery-img-content eb-filter-img-\"><span class=\"eb-gallery-link-wrapper\"><img decoding=\"async\" class=\"eb-gallery-img\" src=\"https:\/\/www.ub.edu\/asargafil\/wp-content\/uploads\/Web_Imagen3.webp\" image-index=\"0\" alt=\"Kit\u0101b al-B\u0101ri\u2018, Ibn Ab\u012b-l-Ri\u0177\u0101l. gallica.bnf.fr Biblioth\u00e8que nationale de France. D\u00e9partement des manuscrits. Arabe 2590.\"\/><span class=\"eb-gallery-img-caption center bottom\">Kit\u0101b al-B\u0101ri\u2018, Ibn Ab\u012b-l-Ri\u0177\u0101l. gallica.bnf.fr Biblioth\u00e8que nationale de France. D\u00e9partement des manuscrits. Arabe 2590.<\/span><\/span><\/a><\/div><\/div><\/div>\n","protected":false},"excerpt":{"rendered":"","protected":false},"author":1,"featured_media":0,"parent":0,"menu_order":0,"comment_status":"closed","ping_status":"closed","template":"wp-custom-template-p-gina-en","meta":{"_eb_attr":"","footnotes":""},"class_list":["post-367","page","type-page","status-publish","hentry"],"_links":{"self":[{"href":"https:\/\/www.ub.edu\/asargafil\/wp-json\/wp\/v2\/pages\/367","targetHints":{"allow":["GET"]}}],"collection":[{"href":"https:\/\/www.ub.edu\/asargafil\/wp-json\/wp\/v2\/pages"}],"about":[{"href":"https:\/\/www.ub.edu\/asargafil\/wp-json\/wp\/v2\/types\/page"}],"author":[{"embeddable":true,"href":"https:\/\/www.ub.edu\/asargafil\/wp-json\/wp\/v2\/users\/1"}],"replies":[{"embeddable":true,"href":"https:\/\/www.ub.edu\/asargafil\/wp-json\/wp\/v2\/comments?post=367"}],"version-history":[{"count":2,"href":"https:\/\/www.ub.edu\/asargafil\/wp-json\/wp\/v2\/pages\/367\/revisions"}],"predecessor-version":[{"id":625,"href":"https:\/\/www.ub.edu\/asargafil\/wp-json\/wp\/v2\/pages\/367\/revisions\/625"}],"wp:attachment":[{"href":"https:\/\/www.ub.edu\/asargafil\/wp-json\/wp\/v2\/media?parent=367"}],"curies":[{"name":"wp","href":"https:\/\/api.w.org\/{rel}","templated":true}]}}