{"id":159,"date":"2017-07-25T10:40:24","date_gmt":"2017-07-25T09:40:24","guid":{"rendered":"http:\/\/www.ub.edu\/avd\/?page_id=159"},"modified":"2022-05-29T17:58:15","modified_gmt":"2022-05-29T16:58:15","slug":"infraestructures","status":"publish","type":"page","link":"https:\/\/www.ub.edu\/avd\/ca\/departament\/infraestructures\/","title":{"rendered":"Espais"},"content":{"rendered":"<div id=\"pl-159\"  class=\"panel-layout\" ><div id=\"pg-159-0\"  class=\"panel-grid panel-no-style\" ><div id=\"pgc-159-0-0\"  class=\"panel-grid-cell\" ><div id=\"panel-159-0-0-0\" class=\"so-panel widget widget_sow-editor panel-first-child panel-last-child\" data-index=\"0\" ><div\n\t\t\t\n\t\t\tclass=\"so-widget-sow-editor so-widget-sow-editor-base\"\n\t\t\t\n\t\t>\n<div class=\"siteorigin-widget-tinymce textwidget\">\n\t<p><span style=\"color: #3366ff;\"><a style=\"color: #3366ff;\" href=\"http:\/\/www.ub.edu\/avd\/ca\/departament\/infraestructures\/taller-de-gravat\/\"><strong>Taller de Gravat\u00a0<\/strong><\/a><\/span><\/p>\n<p><span style=\"color: #3366ff;\"><a style=\"color: #3366ff;\" href=\"http:\/\/www.ub.edu\/avd\/ca\/departament\/infraestructures\/taller-dimpressions\/\"><strong><span class=\"item-title\"><span class=\"menu-item-title\">Taller de Litografia<\/span>\u00a0<\/span><\/strong><\/a><\/span><\/p>\n<p><span style=\"color: #3366ff;\"><a style=\"color: #3366ff;\" href=\"http:\/\/www.ub.edu\/avd\/ca\/departament\/infraestructures\/taller-de-serigrafia\/\"><strong><span class=\"item-title\"><span class=\"menu-item-title\">Taller de Serigrafia<\/span><\/span><\/strong><\/a><\/span><\/p>\n<p class=\"menu-item-handle ui-sortable-handle\"><span style=\"color: #3366ff;\"><a style=\"color: #3366ff;\" href=\"http:\/\/www.ub.edu\/avd\/ca\/tallers-de-pintura\/\"><strong><span class=\"item-title\"><span class=\"menu-item-title\">Tallers de Pintura<\/span>\u00a0<\/span><\/strong><\/a><\/span><\/p>\n<p class=\"menu-item-handle ui-sortable-handle\"><span style=\"color: #3366ff;\"><a style=\"color: #3366ff;\" href=\"http:\/\/www.ub.edu\/avd\/ca\/departament\/infraestructures\/taller-danimacio\/\"><strong><span class=\"item-title\"><span class=\"menu-item-title\">Taller d'Animaci\u00f3<\/span>\u00a0<\/span><\/strong><\/a><\/span><\/p>\n<p class=\"menu-item-handle ui-sortable-handle\"><span style=\"color: #3366ff;\"><a style=\"color: #3366ff;\" href=\"http:\/\/www.ub.edu\/avd\/ca\/departament\/infraestructures\/taller-de-tipografia\/\"><strong><span class=\"item-title\"><span class=\"menu-item-title\">Taller de Tipografia<\/span><\/span><\/strong><\/a><\/span><\/p>\n<p class=\"menu-item-handle ui-sortable-handle\"><span style=\"color: #3366ff;\"><strong><span class=\"item-title\"><span style=\"color: #3366ff;\"><a style=\"color: #3366ff;\" href=\"http:\/\/www.ub.edu\/avd\/ca\/departament\/infraestructures\/taller-de-models\/\"><span class=\"menu-item-title\">Taller de Maquetes<\/span><\/a><\/span><br \/>\n<\/span><\/strong><\/span><\/p>\n<p><span style=\"color: #3366ff;\"><a style=\"color: #3366ff;\" href=\"http:\/\/www.ub.edu\/avd\/ca\/departament\/infraestructures\/laboratori-de-fotografia\/\"><strong><span class=\"item-title\"><span class=\"menu-item-title\">Laboratori de Fotografia<\/span>\u00a0<\/span><\/strong><\/a><\/span><\/p>\n<p><span style=\"color: #3366ff;\"><a style=\"color: #3366ff;\" href=\"http:\/\/www.ub.edu\/avd\/ca\/departament\/infraestructures\/laboratori-media\/\"><strong>Lab-Media<\/strong><\/a><\/span><\/p>\n<p class=\"menu-item-handle ui-sortable-handle\"><span style=\"color: #3366ff;\"><a style=\"color: #3366ff;\" href=\"http:\/\/www.ub.edu\/avd\/ca\/departament\/infraestructures\/lpgr\/\"><strong><span class=\"item-title\"><span class=\"menu-item-title\">Laboratori de Produccions Gr\u00e0fiques<\/span><\/span><\/strong><\/a><\/span><\/p>\n<p><span style=\"color: #3366ff;\"><a style=\"color: #3366ff;\" href=\"http:\/\/www.ub.edu\/avd\/ca\/departament\/infraestructures\/laboratori-dart-sonor\/\"><strong><span class=\"item-title\"><span class=\"menu-item-title\"><strong><span class=\"item-title\"><span class=\"menu-item-title\">L<\/span><\/span><\/strong>aboratori d'Art Sonor<\/span>\u00a0<\/span><\/strong><\/a><\/span><\/p>\n<p><span style=\"color: #3366ff;\"><a style=\"color: #3366ff;\" href=\"http:\/\/www.ub.edu\/avd\/ca\/departament\/infraestructures\/laboratori-de-disseny\/\"><strong><span class=\"item-title\"><span class=\"menu-item-title\">Laboratori de Disseny<\/span><\/span><\/strong><\/a><\/span><\/p>\n<p class=\"menu-item-handle ui-sortable-handle\"><span style=\"color: #3366ff;\"><strong><a style=\"color: #3366ff;\" href=\"http:\/\/www.ub.edu\/avd\/ca\/departament\/infraestructures\/aula-miro\/\"><span class=\"item-title\"><span class=\"menu-item-title\">Aula \"Mir\u00f3\"<\/span><\/span><\/a><\/strong><\/span><\/p>\n<p class=\"menu-item-handle ui-sortable-handle\"><span style=\"color: #3366ff;\"><a style=\"color: #3366ff;\" href=\"http:\/\/www.ub.edu\/avd\/ca\/departament\/infraestructures\/sala-albert-gonzalo\/\"><strong><span class=\"item-title\"><span class=\"menu-item-title\">Aula \"Albert Gonzalo\"<\/span>\u00a0<\/span><\/strong><\/a><\/span><\/p>\n<p><a href=\"http:\/\/www.ub.edu\/avd\/ca\/departament\/infraestructures\/aula-angel-ferrant\/\"><span style=\"color: #3366ff;\"><strong>Aula \"\u00c0ngel Ferrant\"<\/strong><\/span><\/a><\/p>\n<p class=\"menu-item-handle ui-sortable-handle\"><span style=\"color: #3366ff;\"><a style=\"color: #3366ff;\" href=\"http:\/\/www.ub.edu\/avd\/ca\/departament\/infraestructures\/aulari-de-disseny\/\"><strong><span class=\"item-title\"><span class=\"menu-item-title\">Aulari de Disseny<\/span>\u00a0<\/span><\/strong><\/a><\/span><\/p>\n<p><a href=\"http:\/\/www.ub.edu\/avd\/ca\/departament\/infraestructures\/aulari-polivalent\/\"><span style=\"color: #3366ff;\"><strong>Aulari Polivalent<\/strong><\/span><\/a><\/p>\n<p class=\"menu-item-handle ui-sortable-handle\"><span style=\"color: #3366ff;\"><a style=\"color: #3366ff;\" href=\"http:\/\/www.ub.edu\/avd\/ca\/departament\/infraestructures\/aula-master-ati\/\"><strong><span class=\"item-title\"><span class=\"menu-item-title\">Aula M\u00e0ster Prodart ATI<\/span>\u00a0<\/span><\/strong><\/a><\/span><\/p>\n<p class=\"menu-item-handle ui-sortable-handle\"><span style=\"color: #3366ff;\"><a style=\"color: #3366ff;\" href=\"http:\/\/www.ub.edu\/avd\/ca\/departament\/infraestructures\/aula-master-aci\/\"><strong><span class=\"item-title\"><span class=\"menu-item-title\">Aula M\u00e0ster Prodart ACI<\/span>\u00a0<\/span><\/strong><\/a><\/span><\/p>\n<p class=\"menu-item-handle ui-sortable-handle\"><span style=\"color: #3366ff;\"><a style=\"color: #3366ff;\" href=\"http:\/\/www.ub.edu\/avd\/ca\/departament\/infraestructures\/aula-seminaris\/\"><strong><span class=\"item-title\"><span class=\"menu-item-title\">Aula Seminaris<\/span>\u00a0<\/span><\/strong><\/a><\/span><\/p>\n<p class=\"menu-item-handle ui-sortable-handle\"><span style=\"color: #3366ff;\"><a style=\"color: #3366ff;\" href=\"http:\/\/www.ub.edu\/avd\/ca\/departament\/infraestructures\/laboratori-dimpressio-digital-imarte\/\"><strong><span class=\"item-title\"><span class=\"menu-item-title\">Aula Imarte. Laboratori d'autoedici\u00f3<\/span><\/span><\/strong><\/a><\/span><\/p>\n<div class=\"menu-item-bar\"><\/div>\n<\/div>\n<\/div><\/div><\/div><\/div><\/div>","protected":false},"excerpt":{"rendered":"<p>Taller de Gravat\u00a0 Taller de Litografia\u00a0 Taller de Serigrafia Tallers de Pintura\u00a0 Taller d&#8217;Animaci\u00f3\u00a0 Taller de Tipografia Taller de Maquetes Laboratori de Fotografia\u00a0 Lab-Media Laboratori de Produccions Gr\u00e0fiques Laboratori d&#8217;Art Sonor\u00a0 Laboratori de Disseny Aula &#8220;Mir\u00f3&#8221; Aula &#8220;Albert Gonzalo&#8221;\u00a0 Aula &#8220;\u00c0ngel Ferrant&#8221; Aulari de Disseny\u00a0 Aulari Polivalent Aula M\u00e0ster Prodart ATI\u00a0 Aula M\u00e0ster Prodart ACI\u00a0 [&hellip;]<\/p>\n","protected":false},"author":1,"featured_media":0,"parent":2423,"menu_order":10,"comment_status":"closed","ping_status":"closed","template":"","meta":{"jetpack_post_was_ever_published":false,"footnotes":""},"class_list":["post-159","page","type-page","status-publish","hentry"],"jetpack_sharing_enabled":true,"jetpack_shortlink":"https:\/\/wp.me\/P8A6Wh-2z","jetpack-related-posts":[{"id":1986,"url":"https:\/\/www.ub.edu\/avd\/ca\/departament\/infraestructures\/taller-de-tipografia\/","url_meta":{"origin":159,"position":0},"title":"Taller de Tipografia","author":"administrador","date":"21 de novembre de 2021","format":false,"excerpt":"TALLER DE TIPOGRAFIA Ubicaci\u00f3:\u00a0Edifici Florensa, soterrani (Aula S01) Descripci\u00f3 de l\u2019espai:\u00a0Taller de composici\u00f3\u00a0i impressi\u00f3\u00a0tipogr\u00e0fica en plom,\u00a0i\u00a0de\u00a0manipulats b\u00e0sics. Superf\u00edcie:\u00a0133 m2 Equipament:\u00a0 26\u00a0mobles tipogr\u00e0fics (xivalets, comodins,\u00a0supercomodins,\u00a0portasafates) 1 premsa planocil\u00edndrica\u00a0de\u00a0proves 2 premses de proves de sobretaula 1 premsa Minerva 1 premsa de paper 1 taula de llum 1 cisalla de corr\u00f3 de gran\u2026","rel":"","context":"Entrada similar","block_context":{"text":"Entrada similar","link":""},"img":{"alt_text":"","src":"https:\/\/i0.wp.com\/www.ub.edu\/avd\/wp-content\/uploads\/2021\/11\/IMG_0215B.jpg?fit=1024%2C481&ssl=1&resize=350%2C200","width":350,"height":200,"srcset":"https:\/\/i0.wp.com\/www.ub.edu\/avd\/wp-content\/uploads\/2021\/11\/IMG_0215B.jpg?fit=1024%2C481&ssl=1&resize=350%2C200 1x, https:\/\/i0.wp.com\/www.ub.edu\/avd\/wp-content\/uploads\/2021\/11\/IMG_0215B.jpg?fit=1024%2C481&ssl=1&resize=525%2C300 1.5x, https:\/\/i0.wp.com\/www.ub.edu\/avd\/wp-content\/uploads\/2021\/11\/IMG_0215B.jpg?fit=1024%2C481&ssl=1&resize=700%2C400 2x"},"classes":[]},{"id":1921,"url":"https:\/\/www.ub.edu\/avd\/ca\/departament\/infraestructures\/taller-de-serigrafia\/","url_meta":{"origin":159,"position":1},"title":"Taller de Serigrafia","author":"administrador","date":"21 de novembre de 2021","format":false,"excerpt":"TALLER DE\u00a0SERIGRAFIA\u00a0 Ubicaci\u00f3:\u00a0Edifici\u00a0Principal. Planta\u00a0baixa\u00a0\u2013 S04\/S03. Descripci\u00f3\u00a0de\u00a0l'espai: Taller de\u00a0Serigrafia\u00a0equipat per serigrafia gr\u00e0fica. \u00a0Superf\u00edcie: 250 m\u00b2 aprox. Equipament: 2 Racks d\u2019assecat 13 Taules d\u2019estampaci\u00f3 1 polp de serigrafia t\u00e8xtil 1\u00a0insoladora\u00a0serigr\u00e0fica 1 taula de\u00a0llum 1 sala de revelat\/recuperat 1\u00a0impressora\u00a0l\u00e0ser\u00a0per\u00a0impressi\u00f3\u00a0de\u00a0fotolits eines i utillatge espec\u00edfic. Horari\u00a0de\u00a0funcionament: En\u00a0funci\u00f3\u00a0de la\u00a0doc\u00e8ncia, de 10 a 14 i 15 a\u2026","rel":"","context":"Entrada similar","block_context":{"text":"Entrada similar","link":""},"img":{"alt_text":"","src":"https:\/\/i0.wp.com\/www.ub.edu\/avd\/wp-content\/uploads\/2021\/11\/IMG_0076-2.jpg?fit=1024%2C683&ssl=1&resize=350%2C200","width":350,"height":200,"srcset":"https:\/\/i0.wp.com\/www.ub.edu\/avd\/wp-content\/uploads\/2021\/11\/IMG_0076-2.jpg?fit=1024%2C683&ssl=1&resize=350%2C200 1x, https:\/\/i0.wp.com\/www.ub.edu\/avd\/wp-content\/uploads\/2021\/11\/IMG_0076-2.jpg?fit=1024%2C683&ssl=1&resize=525%2C300 1.5x, https:\/\/i0.wp.com\/www.ub.edu\/avd\/wp-content\/uploads\/2021\/11\/IMG_0076-2.jpg?fit=1024%2C683&ssl=1&resize=700%2C400 2x"},"classes":[]},{"id":1953,"url":"https:\/\/www.ub.edu\/avd\/ca\/departament\/infraestructures\/taller-de-models\/","url_meta":{"origin":159,"position":2},"title":"Taller de Maquetes","author":"administrador","date":"21 de novembre de 2021","format":false,"excerpt":"TALLER DE MODELS , MAQUETES I PROTOTIPS Ubicaci\u00f3:\u00a0Edifici Menjadors , carrer Adolf Florensa, planta baixa. Descripci\u00f3 de l\u2019espai:\u00a0Aula-Taller Superf\u00edcie:\u00a0 Equipament:\u00a0 Aula amb 6 taules i equip de projecci\u00f3. 3 Taules de marbre per a feines d'escaiola. Zona de tall amb una bateria de 4 serres Multicut Hegner, una escairadora-ingletadora i\u2026","rel":"","context":"Entrada similar","block_context":{"text":"Entrada similar","link":""},"img":{"alt_text":"","src":"https:\/\/i0.wp.com\/www.ub.edu\/avd\/wp-content\/uploads\/2021\/11\/IMG_20211123_143415.jpg?fit=1024%2C577&ssl=1&resize=350%2C200","width":350,"height":200,"srcset":"https:\/\/i0.wp.com\/www.ub.edu\/avd\/wp-content\/uploads\/2021\/11\/IMG_20211123_143415.jpg?fit=1024%2C577&ssl=1&resize=350%2C200 1x, https:\/\/i0.wp.com\/www.ub.edu\/avd\/wp-content\/uploads\/2021\/11\/IMG_20211123_143415.jpg?fit=1024%2C577&ssl=1&resize=525%2C300 1.5x, https:\/\/i0.wp.com\/www.ub.edu\/avd\/wp-content\/uploads\/2021\/11\/IMG_20211123_143415.jpg?fit=1024%2C577&ssl=1&resize=700%2C400 2x"},"classes":[]},{"id":1931,"url":"https:\/\/www.ub.edu\/avd\/ca\/departament\/infraestructures\/taller-danimacio\/","url_meta":{"origin":159,"position":3},"title":"Taller d&#8217;Animaci\u00f3","author":"administrador","date":"21 de novembre de 2021","format":false,"excerpt":"TALLER D'ANIMACI\u00d3 Ubicaci\u00f3:\u00a0Edifici Parx\u00eds. Aules PS1, PS2 i PS3 Descripci\u00f3 de l\u2019espai:\u00a0Tres aules. Una aula gran de treball amb taules de llum, una aula mitjana amb 6 ordinadors i equipament variat i una aula petita per presentacions actualment inhabilitada. Superf\u00edcie: 120 m2 aprox. Equipament:\u00a06 ordinadors, 2 c\u00e0meres reflex digital, 3\u2026","rel":"","context":"Entrada similar","block_context":{"text":"Entrada similar","link":""},"img":{"alt_text":"","src":"https:\/\/i0.wp.com\/www.ub.edu\/avd\/wp-content\/uploads\/2021\/11\/IMG_20211118_200119-copy.jpg?fit=1024%2C576&ssl=1&resize=350%2C200","width":350,"height":200,"srcset":"https:\/\/i0.wp.com\/www.ub.edu\/avd\/wp-content\/uploads\/2021\/11\/IMG_20211118_200119-copy.jpg?fit=1024%2C576&ssl=1&resize=350%2C200 1x, https:\/\/i0.wp.com\/www.ub.edu\/avd\/wp-content\/uploads\/2021\/11\/IMG_20211118_200119-copy.jpg?fit=1024%2C576&ssl=1&resize=525%2C300 1.5x, https:\/\/i0.wp.com\/www.ub.edu\/avd\/wp-content\/uploads\/2021\/11\/IMG_20211118_200119-copy.jpg?fit=1024%2C576&ssl=1&resize=700%2C400 2x"},"classes":[]},{"id":1945,"url":"https:\/\/www.ub.edu\/avd\/ca\/departament\/infraestructures\/lpgr\/","url_meta":{"origin":159,"position":4},"title":"Laboratori de Produccions Gr\u00e0fiques","author":"administrador","date":"21 de novembre de 2021","format":false,"excerpt":"LABORATORI DE PRODUCCIONS GR\u00c0FIQUES I REPROGRAFIA [LPGR] Ubicaci\u00f3: Edifici principal de la Facultat de Belles Arts.\u00a0Aula 201 (2a planta) Descripci\u00f3 de l\u2019espai:\u00a0El\u00a0Laboratori de Produccions Gr\u00e0fiques i Reprografia [LPGR]\u00a0compta amb equipaments d\u2019impressi\u00f3, inform\u00e0tics i t\u00e8cnics per al desenvolupament de la doc\u00e8ncia de les assignatures de l\u2019\u00e0mbit de Dibuix A2_Projectes Interm\u00e8dia: Dibuix\u2026","rel":"","context":"Entrada similar","block_context":{"text":"Entrada similar","link":""},"img":{"alt_text":"","src":"https:\/\/i0.wp.com\/www.ub.edu\/avd\/wp-content\/uploads\/2021\/11\/IMG_0069-1.jpg?fit=617%2C766&ssl=1&resize=350%2C200","width":350,"height":200,"srcset":"https:\/\/i0.wp.com\/www.ub.edu\/avd\/wp-content\/uploads\/2021\/11\/IMG_0069-1.jpg?fit=617%2C766&ssl=1&resize=350%2C200 1x, https:\/\/i0.wp.com\/www.ub.edu\/avd\/wp-content\/uploads\/2021\/11\/IMG_0069-1.jpg?fit=617%2C766&ssl=1&resize=525%2C300 1.5x"},"classes":[]},{"id":1955,"url":"https:\/\/www.ub.edu\/avd\/ca\/departament\/infraestructures\/tallers-de-pintura\/","url_meta":{"origin":159,"position":5},"title":"Tallers de Pintura","author":"administrador","date":"21 de novembre de 2021","format":false,"excerpt":"TALLERS DE PINTURA P2 - P3 Ubicaci\u00f3:\u00a0Edifici\u00a0Parx\u00eds, Planta 0 -\u00a0 1 Descripci\u00f3 de l\u2019espai: Tallers de Pintura pels grups P2 i P3 situats respectivament a la planta baixa i planta primera de l'edifici Parx\u00eds. Superf\u00edcie: P2: 240 m2 aprox. P3: 440 m2 aprox. Equipament:\u00a0 taules cavallets aig\u00fcera ordinador projector altaveus\u2026","rel":"","context":"Entrada similar","block_context":{"text":"Entrada similar","link":""},"img":{"alt_text":"","src":"https:\/\/i0.wp.com\/www.ub.edu\/avd\/wp-content\/uploads\/2021\/11\/IMG_20211118_201431-copy.jpg?fit=1024%2C576&ssl=1&resize=350%2C200","width":350,"height":200,"srcset":"https:\/\/i0.wp.com\/www.ub.edu\/avd\/wp-content\/uploads\/2021\/11\/IMG_20211118_201431-copy.jpg?fit=1024%2C576&ssl=1&resize=350%2C200 1x, https:\/\/i0.wp.com\/www.ub.edu\/avd\/wp-content\/uploads\/2021\/11\/IMG_20211118_201431-copy.jpg?fit=1024%2C576&ssl=1&resize=525%2C300 1.5x, https:\/\/i0.wp.com\/www.ub.edu\/avd\/wp-content\/uploads\/2021\/11\/IMG_20211118_201431-copy.jpg?fit=1024%2C576&ssl=1&resize=700%2C400 2x"},"classes":[]}],"_links":{"self":[{"href":"https:\/\/www.ub.edu\/avd\/wp-json\/wp\/v2\/pages\/159","targetHints":{"allow":["GET"]}}],"collection":[{"href":"https:\/\/www.ub.edu\/avd\/wp-json\/wp\/v2\/pages"}],"about":[{"href":"https:\/\/www.ub.edu\/avd\/wp-json\/wp\/v2\/types\/page"}],"author":[{"embeddable":true,"href":"https:\/\/www.ub.edu\/avd\/wp-json\/wp\/v2\/users\/1"}],"replies":[{"embeddable":true,"href":"https:\/\/www.ub.edu\/avd\/wp-json\/wp\/v2\/comments?post=159"}],"version-history":[{"count":29,"href":"https:\/\/www.ub.edu\/avd\/wp-json\/wp\/v2\/pages\/159\/revisions"}],"predecessor-version":[{"id":2490,"href":"https:\/\/www.ub.edu\/avd\/wp-json\/wp\/v2\/pages\/159\/revisions\/2490"}],"up":[{"embeddable":true,"href":"https:\/\/www.ub.edu\/avd\/wp-json\/wp\/v2\/pages\/2423"}],"wp:attachment":[{"href":"https:\/\/www.ub.edu\/avd\/wp-json\/wp\/v2\/media?parent=159"}],"curies":[{"name":"wp","href":"https:\/\/api.w.org\/{rel}","templated":true}]}}