{"id":291,"date":"2017-09-01T09:34:18","date_gmt":"2017-09-01T08:34:18","guid":{"rendered":"http:\/\/www.ub.edu\/avd\/?page_id=291"},"modified":"2022-05-09T10:50:53","modified_gmt":"2022-05-09T09:50:53","slug":"contacte","status":"publish","type":"page","link":"https:\/\/www.ub.edu\/avd\/ca\/departament\/contacte\/","title":{"rendered":"Contacte"},"content":{"rendered":"<p>Facultat de Belles Arts<br \/>\nPau Gargallo, 4<br \/>\n08028 Barcelona<\/p>\n<p><iframe loading=\"lazy\" src=\"https:\/\/www.google.com\/maps\/embed?pb=!1m18!1m12!1m3!1d2993.5889191478973!2d2.1118405161928293!3d41.38301520422782!2m3!1f0!2f0!3f0!3m2!1i1024!2i768!4f13.1!3m3!1m2!1s0x12a49857c9f21e39%3A0x57024f8211a9cadc!2sEscuela+de+Bellas+Artes+de+Barcelona!5e0!3m2!1sen!2ses!4v1518590314715\" width=\"600\" height=\"450\" frameborder=\"0\" style=\"border:0\" allowfullscreen><\/iframe><\/p>\n<p>Correus institucionals<\/p>\n<ul>\n<li><strong>Administraci\u00f3:\u00a0<\/strong><\/li>\n<\/ul>\n<table border=\"1\" width=\"465\" cellspacing=\"2\" cellpadding=\"2\">\n<tbody>\n<tr>\n<td>\u00a0\u00a0\u00a0\u00a0\u00a0\u00a0\u00a0\u00a0\u00a0\u00a0\u00a0\u00a0\u00a0\u00a0\u00a0\u00a0\u00a0\u00a0\u00a0\u00a0\u00a0\u00a0\u00a0\u00a0\u00a0\u00a0\u00a0\u00a0\u00a0\u00a0<a class=\"moz-txt-link-abbreviated\" href=\"mailto:dp.arts.disseny@ub.edu\">dp.arts.disseny@ub.edu<\/a><\/td>\n<\/tr>\n<\/tbody>\n<\/table>\n<ul>\n<li><strong>Direcci\u00f3<\/strong>:<\/li>\n<\/ul>\n<table border=\"1\" width=\"465\" cellspacing=\"2\" cellpadding=\"2\">\n<tbody>\n<tr>\n<td>\u00a0\u00a0\u00a0\u00a0\u00a0\u00a0\u00a0\u00a0\u00a0\u00a0\u00a0\u00a0\u00a0\u00a0\u00a0\u00a0\u00a0\u00a0\u00a0\u00a0\u00a0\u00a0\u00a0\u00a0\u00a0\u00a0\u00a0\u00a0\u00a0\u00a0<a class=\"moz-txt-link-abbreviated\" href=\"mailto:dr.dp.arts.disseny@ub.edu\">dr.dp.arts.disseny@ub.edu<\/a><\/td>\n<\/tr>\n<\/tbody>\n<\/table>\n<ul>\n<li><strong>Secretariat:\u00a0<\/strong><\/li>\n<\/ul>\n<table border=\"1\" width=\"465\" cellspacing=\"2\" cellpadding=\"2\">\n<tbody>\n<tr>\n<td>\u00a0\u00a0\u00a0\u00a0\u00a0\u00a0\u00a0\u00a0\u00a0\u00a0\u00a0\u00a0\u00a0\u00a0\u00a0\u00a0\u00a0\u00a0\u00a0\u00a0\u00a0\u00a0\u00a0\u00a0\u00a0\u00a0\u00a0\u00a0\u00a0\u00a0<a class=\"moz-txt-link-abbreviated\" href=\"mailto:sc.dp.arts.disseny@ub.edu\">sc.dp.arts.disseny@ub.edu<\/a><\/td>\n<\/tr>\n<\/tbody>\n<\/table>\n<p><\/p>\n","protected":false},"excerpt":{"rendered":"<p>Facultat de Belles Arts Pau Gargallo, 4 08028 Barcelona Correus institucionals Administraci\u00f3:\u00a0 \u00a0\u00a0\u00a0\u00a0\u00a0\u00a0\u00a0\u00a0\u00a0\u00a0\u00a0\u00a0\u00a0\u00a0\u00a0\u00a0\u00a0\u00a0\u00a0\u00a0\u00a0\u00a0\u00a0\u00a0\u00a0\u00a0\u00a0\u00a0\u00a0\u00a0dp.arts.disseny@ub.edu Direcci\u00f3: \u00a0\u00a0\u00a0\u00a0\u00a0\u00a0\u00a0\u00a0\u00a0\u00a0\u00a0\u00a0\u00a0\u00a0\u00a0\u00a0\u00a0\u00a0\u00a0\u00a0\u00a0\u00a0\u00a0\u00a0\u00a0\u00a0\u00a0\u00a0\u00a0\u00a0dr.dp.arts.disseny@ub.edu Secretariat:\u00a0 \u00a0\u00a0\u00a0\u00a0\u00a0\u00a0\u00a0\u00a0\u00a0\u00a0\u00a0\u00a0\u00a0\u00a0\u00a0\u00a0\u00a0\u00a0\u00a0\u00a0\u00a0\u00a0\u00a0\u00a0\u00a0\u00a0\u00a0\u00a0\u00a0\u00a0sc.dp.arts.disseny@ub.edu<\/p>\n","protected":false},"author":1,"featured_media":0,"parent":2423,"menu_order":32,"comment_status":"closed","ping_status":"closed","template":"","meta":{"jetpack_post_was_ever_published":false,"footnotes":""},"class_list":["post-291","page","type-page","status-publish","hentry"],"jetpack_sharing_enabled":true,"jetpack_shortlink":"https:\/\/wp.me\/P8A6Wh-4H","jetpack-related-posts":[{"id":1986,"url":"https:\/\/www.ub.edu\/avd\/ca\/departament\/infraestructures\/taller-de-tipografia\/","url_meta":{"origin":291,"position":0},"title":"Taller de Tipografia","author":"administrador","date":"21 de novembre de 2021","format":false,"excerpt":"TALLER DE TIPOGRAFIA Ubicaci\u00f3:\u00a0Edifici Florensa, soterrani (Aula S01) Descripci\u00f3 de l\u2019espai:\u00a0Taller de composici\u00f3\u00a0i impressi\u00f3\u00a0tipogr\u00e0fica en plom,\u00a0i\u00a0de\u00a0manipulats b\u00e0sics. Superf\u00edcie:\u00a0133 m2 Equipament:\u00a0 26\u00a0mobles tipogr\u00e0fics (xivalets, comodins,\u00a0supercomodins,\u00a0portasafates) 1 premsa planocil\u00edndrica\u00a0de\u00a0proves 2 premses de proves de sobretaula 1 premsa Minerva 1 premsa de paper 1 taula de llum 1 cisalla de corr\u00f3 de gran\u2026","rel":"","context":"Entrada similar","block_context":{"text":"Entrada similar","link":""},"img":{"alt_text":"","src":"https:\/\/i0.wp.com\/www.ub.edu\/avd\/wp-content\/uploads\/2021\/11\/IMG_0215B.jpg?fit=1024%2C481&ssl=1&resize=350%2C200","width":350,"height":200,"srcset":"https:\/\/i0.wp.com\/www.ub.edu\/avd\/wp-content\/uploads\/2021\/11\/IMG_0215B.jpg?fit=1024%2C481&ssl=1&resize=350%2C200 1x, https:\/\/i0.wp.com\/www.ub.edu\/avd\/wp-content\/uploads\/2021\/11\/IMG_0215B.jpg?fit=1024%2C481&ssl=1&resize=525%2C300 1.5x, https:\/\/i0.wp.com\/www.ub.edu\/avd\/wp-content\/uploads\/2021\/11\/IMG_0215B.jpg?fit=1024%2C481&ssl=1&resize=700%2C400 2x"},"classes":[]},{"id":1965,"url":"https:\/\/www.ub.edu\/avd\/ca\/departament\/infraestructures\/aula-seminaris\/","url_meta":{"origin":291,"position":1},"title":"Aula Seminaris","author":"administrador","date":"21 de novembre de 2021","format":false,"excerpt":"AULA SEMINARIS Ubicaci\u00f3:\u00a0Edifici\u00a0Parx\u00eds, Planta 1 Descripci\u00f3 de l\u2019espai: Aula\u00a0de seminaris Superf\u00edcie: 130 m2. aprox. Equipament:\u00a0 ordinador projector altaveus Horari de funcionament:\u00a0Segons programaci\u00f3 Tel\u00e8fon:\u00a0\u00a0934.034.060","rel":"","context":"Entrada similar","block_context":{"text":"Entrada similar","link":""},"img":{"alt_text":"","src":"https:\/\/i0.wp.com\/www.ub.edu\/avd\/wp-content\/uploads\/2021\/11\/IMG_20211118_201740-copy.jpg?fit=1024%2C576&ssl=1&resize=350%2C200","width":350,"height":200,"srcset":"https:\/\/i0.wp.com\/www.ub.edu\/avd\/wp-content\/uploads\/2021\/11\/IMG_20211118_201740-copy.jpg?fit=1024%2C576&ssl=1&resize=350%2C200 1x, https:\/\/i0.wp.com\/www.ub.edu\/avd\/wp-content\/uploads\/2021\/11\/IMG_20211118_201740-copy.jpg?fit=1024%2C576&ssl=1&resize=525%2C300 1.5x, https:\/\/i0.wp.com\/www.ub.edu\/avd\/wp-content\/uploads\/2021\/11\/IMG_20211118_201740-copy.jpg?fit=1024%2C576&ssl=1&resize=700%2C400 2x"},"classes":[]},{"id":2423,"url":"https:\/\/www.ub.edu\/avd\/ca\/departament\/","url_meta":{"origin":291,"position":2},"title":"Departament","author":"administrador","date":"7 de maig de 2022","format":false,"excerpt":"El Departament vol integrar coneixements disciplinaris, multidisciplinaris i interdisciplinaris dins dels \u00e0mbits de les Arts Visuals i del Disseny, posant-los en relaci\u00f3 amb aquells m\u00e9s propis de les humanitats, de les ci\u00e8ncies i de les tecnologies.","rel":"","context":"Entrada similar","block_context":{"text":"Entrada similar","link":""},"img":{"alt_text":"","src":"https:\/\/i0.wp.com\/www.ub.edu\/avd\/wp-content\/uploads\/2022\/05\/departament-avd.png?fit=896%2C299&ssl=1&resize=350%2C200","width":350,"height":200,"srcset":"https:\/\/i0.wp.com\/www.ub.edu\/avd\/wp-content\/uploads\/2022\/05\/departament-avd.png?fit=896%2C299&ssl=1&resize=350%2C200 1x, https:\/\/i0.wp.com\/www.ub.edu\/avd\/wp-content\/uploads\/2022\/05\/departament-avd.png?fit=896%2C299&ssl=1&resize=525%2C300 1.5x, https:\/\/i0.wp.com\/www.ub.edu\/avd\/wp-content\/uploads\/2022\/05\/departament-avd.png?fit=896%2C299&ssl=1&resize=700%2C400 2x"},"classes":[]},{"id":1538,"url":"https:\/\/www.ub.edu\/avd\/ca\/departament\/infraestructures\/laboratori-dart-sonor\/","url_meta":{"origin":291,"position":3},"title":"Laboratori d&#8217;Art Sonor","author":"administrador","date":"8 de novembre de 2021","format":false,"excerpt":"LABORATORI D'ART SONOR\u00a0 Ubicaci\u00f3:\u00a0Edifici\u00a0principal. Planta segona - 206.2 bis Descripci\u00f3\u00a0de\u00a0l'espai: Laboratori equipat per a realitzacions d'art sonor. Superf\u00edcie: 100 m\u00b2 aprox. Horari\u00a0de\u00a0funcionament: En\u00a0horari de doc\u00e8ncia. Tel\u00e8fon: 93 4034060\u00a0","rel":"","context":"Entrada similar","block_context":{"text":"Entrada similar","link":""},"img":{"alt_text":"","src":"https:\/\/i0.wp.com\/www.ub.edu\/avd\/wp-content\/uploads\/2021\/11\/IMG_0060-1-1.jpg?fit=1200%2C800&ssl=1&resize=350%2C200","width":350,"height":200,"srcset":"https:\/\/i0.wp.com\/www.ub.edu\/avd\/wp-content\/uploads\/2021\/11\/IMG_0060-1-1.jpg?fit=1200%2C800&ssl=1&resize=350%2C200 1x, https:\/\/i0.wp.com\/www.ub.edu\/avd\/wp-content\/uploads\/2021\/11\/IMG_0060-1-1.jpg?fit=1200%2C800&ssl=1&resize=525%2C300 1.5x, https:\/\/i0.wp.com\/www.ub.edu\/avd\/wp-content\/uploads\/2021\/11\/IMG_0060-1-1.jpg?fit=1200%2C800&ssl=1&resize=700%2C400 2x, https:\/\/i0.wp.com\/www.ub.edu\/avd\/wp-content\/uploads\/2021\/11\/IMG_0060-1-1.jpg?fit=1200%2C800&ssl=1&resize=1050%2C600 3x"},"classes":[]},{"id":2021,"url":"https:\/\/www.ub.edu\/avd\/ca\/departament\/infraestructures\/aulari-polivalent\/","url_meta":{"origin":291,"position":4},"title":"Aulari Polivalent","author":"administrador","date":"22 de novembre de 2021","format":false,"excerpt":"AULARI POLIVALENT Aules Edifici Principal, Planta 2: 206.1 \/ 206.1 - bis \/ 206.2 \/ 206.2 - bis \/ 201 \/ Kantor Superf\u00edcie: les 206100 m2 aprox. cadascuna; la 201 140 m2. i la Kantor 110 m2. Despatx de professorat a cada aula. \u00a0","rel":"","context":"Entrada similar","block_context":{"text":"Entrada similar","link":""},"img":{"alt_text":"","src":"https:\/\/i0.wp.com\/www.ub.edu\/avd\/wp-content\/uploads\/2021\/11\/IMG_0062-1-2.jpg?fit=665%2C493&ssl=1&resize=350%2C200","width":350,"height":200,"srcset":"https:\/\/i0.wp.com\/www.ub.edu\/avd\/wp-content\/uploads\/2021\/11\/IMG_0062-1-2.jpg?fit=665%2C493&ssl=1&resize=350%2C200 1x, https:\/\/i0.wp.com\/www.ub.edu\/avd\/wp-content\/uploads\/2021\/11\/IMG_0062-1-2.jpg?fit=665%2C493&ssl=1&resize=525%2C300 1.5x"},"classes":[]},{"id":1959,"url":"https:\/\/www.ub.edu\/avd\/ca\/departament\/infraestructures\/sala-albert-gonzalo\/","url_meta":{"origin":291,"position":5},"title":"Aula &#8220;Albert Gonzalo&#8221;","author":"administrador","date":"21 de novembre de 2021","format":false,"excerpt":"AULA \"ALBERT GONZALO\" Ubicaci\u00f3:\u00a0Edifici\u00a0Parx\u00eds, Planta 0 Descripci\u00f3 de l\u2019espai:\u00a0Espai d'exposici\u00f3 i presentaci\u00f3 d'obres de l'alumnat de Pintura del Grup P2 Superf\u00edcie: 65 m2 Equipament:\u00a0 il\u00b7luminaci\u00f3 Horari de funcionament:\u00a0A disposici\u00f3 dels cursos de Pintura. Tel\u00e8fon:\u00a0\u00a0934.034.060","rel":"","context":"Entrada similar","block_context":{"text":"Entrada similar","link":""},"img":{"alt_text":"","src":"https:\/\/i0.wp.com\/www.ub.edu\/avd\/wp-content\/uploads\/2021\/11\/IMG_20211123_145140-1.jpg?fit=1016%2C562&ssl=1&resize=350%2C200","width":350,"height":200,"srcset":"https:\/\/i0.wp.com\/www.ub.edu\/avd\/wp-content\/uploads\/2021\/11\/IMG_20211123_145140-1.jpg?fit=1016%2C562&ssl=1&resize=350%2C200 1x, https:\/\/i0.wp.com\/www.ub.edu\/avd\/wp-content\/uploads\/2021\/11\/IMG_20211123_145140-1.jpg?fit=1016%2C562&ssl=1&resize=525%2C300 1.5x, https:\/\/i0.wp.com\/www.ub.edu\/avd\/wp-content\/uploads\/2021\/11\/IMG_20211123_145140-1.jpg?fit=1016%2C562&ssl=1&resize=700%2C400 2x"},"classes":[]}],"_links":{"self":[{"href":"https:\/\/www.ub.edu\/avd\/wp-json\/wp\/v2\/pages\/291","targetHints":{"allow":["GET"]}}],"collection":[{"href":"https:\/\/www.ub.edu\/avd\/wp-json\/wp\/v2\/pages"}],"about":[{"href":"https:\/\/www.ub.edu\/avd\/wp-json\/wp\/v2\/types\/page"}],"author":[{"embeddable":true,"href":"https:\/\/www.ub.edu\/avd\/wp-json\/wp\/v2\/users\/1"}],"replies":[{"embeddable":true,"href":"https:\/\/www.ub.edu\/avd\/wp-json\/wp\/v2\/comments?post=291"}],"version-history":[{"count":2,"href":"https:\/\/www.ub.edu\/avd\/wp-json\/wp\/v2\/pages\/291\/revisions"}],"predecessor-version":[{"id":532,"href":"https:\/\/www.ub.edu\/avd\/wp-json\/wp\/v2\/pages\/291\/revisions\/532"}],"up":[{"embeddable":true,"href":"https:\/\/www.ub.edu\/avd\/wp-json\/wp\/v2\/pages\/2423"}],"wp:attachment":[{"href":"https:\/\/www.ub.edu\/avd\/wp-json\/wp\/v2\/media?parent=291"}],"curies":[{"name":"wp","href":"https:\/\/api.w.org\/{rel}","templated":true}]}}