{"id":74,"date":"2017-04-03T11:36:49","date_gmt":"2017-04-03T10:36:49","guid":{"rendered":"http:\/\/www.ub.edu\/avd\/?page_id=74"},"modified":"2026-05-01T08:41:53","modified_gmt":"2026-05-01T07:41:53","slug":"tramits","status":"publish","type":"page","link":"https:\/\/www.ub.edu\/avd\/ca\/departament\/tramits\/","title":{"rendered":"Tr\u00e0mits"},"content":{"rendered":"<h4>SORTIDES AMB L&#8217;ALUMNAT<\/h4>\n<p>En cas d\u2019organitzar sortides o visites amb l\u2019alumnat fora de l\u2019\u00e0mbit de la Facultat, \u00e9s imprescindible que el professorat responsable de l&#8217;assignatura on es realitza faci comunicaci\u00f3 pr\u00e8via al Departament i al Centre per estar cobert davant qualsevol eventualitat. S&#8217;ha de fer arribar al correu del Departament, com a m\u00ednim, una setmana abans de la sortida.<\/p>\n<p><strong>Procediment:<\/strong><\/p>\n<ul>\n<li>Omplir i signar el formulari disponible al\u00a0<a href=\"https:\/\/www.ub.edu\/portal\/web\/bellesarts\/permisos-de-sortida\">web de la Facultat<\/a> o en l&#8217;apartat <em>Desc\u00e0rregues de documents.<\/em><\/li>\n<li>Trametre el formulari emplenat amb totes les dades necess\u00e0ries al Departament AVD (<a href=\"mailto:dp.arts.disseny@ub.edu\"><span class=\"s1\">dp.arts.disseny@ub.edu<\/span><\/a>), adjuntant el llistat d&#8217;estudiants participants en l&#8217;activitat en el mateix document.<\/li>\n<\/ul>\n<hr \/>\n<h4>PERMISOS PDI<\/h4>\n<p class=\"p1\">Estatut del personal docent i investigador de la Universitat de Barcelona. Aprovat perl Consell de Govern en data 11 d\u2019octubre de 2023. <span class=\"s1\"><a href=\"https:\/\/web.ub.edu\/documents\/27187686\/0\/Estatut+del+personal+docent+i+investigador+de+la+Universitat+de+Barcelona.pdf\" target=\"_blank\" rel=\"noopener\">https:\/\/web.ub.edu\/documents\/27187686\/0\/Estatut+del+personal+docent+i+investigador+de+la+Universitat+de+Barcelona.pdf<\/a><\/span><\/p>\n<p class=\"p1\">Normativa reguladora dels permisos per al Personal Docent i Investigador de la UB <span class=\"s1\"><a href=\"https:\/\/www.ub.edu\/campusmundet\/oag\/professorat\/permisos.html\">https:\/\/www.ub.edu\/campusmundet\/oag\/professorat\/permisos.html<\/a><\/span><\/p>\n<p class=\"p1\">Tipus de permisos PDI:<\/p>\n<ul>\n<li><span class=\"s2\">Fins a 10 dies: Model de sol\u00b7licitud de perm\u00eds fins a 10 dies.<\/span><\/li>\n<li><span class=\"s2\">De 11 dies a 3 mesos: Model de sol\u00b7licitud de perm\u00eds d\u201911 dies a 3 mesos.<\/span><\/li>\n<li><span class=\"s2\">De 3 a 6 mesos: Model de sol\u00b7licitud de perm\u00eds de 3 a 6 mesos.<\/span><\/li>\n<li><span class=\"s2\">Formulari de despla\u00e7ament de la seguretat social.<\/span><\/li>\n<li><span class=\"s2\">Perm\u00eds assumpte personals.<\/span><\/li>\n<\/ul>\n<p class=\"p6\">Article 34. Llic\u00e8ncies per a activitats de doc\u00e8ncia, recerca I transfer\u00e8ncia inferiors a tres mesos.<\/p>\n<ul>\n<li><span class=\"s2\">Pot demanar aquesta llic\u00e8ncia el professorat permanent amb dedicaci\u00f3 a temps complet ininterrompuda durant els darrers cinc anys, i tamb\u00e9 el professorat lecor.<\/span><\/li>\n<li><span class=\"s2\">Per atorgar aquesta llic\u00e8ncia, cal que el professor acrediti que el seu enc\u00e0rrec docent \u00e9s compatible amb el gaudiment de la llic\u00e8ncia i que assumeix el total de l\u2019enc\u00e0rrec docent assignat amb car\u00e0cter anual, concentrant la doc\u00e8ncia en la resta de mesos lectius.<\/span><\/li>\n<li><span class=\"s2\">La persona interessada pot obtenir aqueseta llic\u00e8ncia sempre que en el darres cinc anys el total de llic\u00e8ncies gaudides, i referides als articles 34 i 35 \u00e9s de nou mesos per cada per\u00edode de cinc anys.<\/span><\/li>\n<\/ul>\n<p class=\"p1\">En cas que no hi hagi despla\u00e7ament a l\u2019estranger nom\u00e9s s\u2019ha d\u2019emplenar el model de sol\u00b7licitud segons els dies (signat per la persona interessada i la direcci\u00f3 del Departament).<\/p>\n<p class=\"p1\">En cas que hi hagi despla\u00e7ament a l\u2019estranger per feina, s\u2019ha d\u2019emplenar el model de sol\u00b7licitud segons els dies (signat per la persona interessada i la direcci\u00f3 del Departament), conjuntament amb el formulari de despla\u00e7ament la SS perqu\u00e8 s\u2019han de comunicar a la Seguretat Social tots els despla\u00e7aments a l\u2019estranger per feina (permisos doc\u00e8ncia i\/o recerca, confer\u00e8ncies, congressos, etc.) nom\u00e9s afecta al professorat contractat laboral (cotitza a la Seguretat Social). El formulari de despla\u00e7ament a la seguretat social, nom\u00e9s l\u2019ha de signar l\u2019interessat i han de coincidir els dies demanats els dos documents). El professorat funcionari ha de contactar directament amb MUFACE.<\/p>\n<p>Els permisos superiors a 10 dies per activitats de recerca, doc\u00e8ncia i transfer\u00e8ncia inclouen l\u2019assist\u00e8ncia a congressos i altres activitats an\u00e0logues i exclouen els permisos d\u2019\u00e0mbit personal, com ara vacances, afers propis, matrimoni, etc.)<\/p>\n<p class=\"p1\">Del perm\u00eds d\u2019assumptes personals, s\u2019ha d\u2019assegurar que quedi coberta la doc\u00e8ncia, s\u2019ha de signat per la persona interessada i la direcci\u00f3 del Departament.<\/p>\n<p class=\"p7\"><span class=\"s2\">S\u2019ha de tramitar cas per cas i amb celeritat i antelaci\u00f3 m\u00ednima de 15 dies al despla\u00e7ament. Ja que despr\u00e9s hem d\u2019informar a l\u2019OAG i l\u2019OAG ha d\u2019enviar la informaci\u00f3 a personal acad\u00e8mic. <\/span><\/p>\n<p><strong>Procediment:<\/strong><\/p>\n<ul>\n<li>En el cas de sol\u00b7licitar el Perm\u00eds fins a 10 dies, cal omplir i signar el formulari corresponent disponible en l&#8217;apartat <em>Desc\u00e0rregues de documents<\/em>\u00a0i trametre el formulari emplenat amb totes les dades necess\u00e0ries al Departament AVD (<a href=\"mailto:dp.arts.disseny@ub.edu\"><span class=\"s1\">dp.arts.disseny@ub.edu<\/span><\/a>).<\/li>\n<li>En el cas de sol\u00b7licitar els Permisos superiors a 10 dies, cal omplir el formulari en l\u00ednia a la Seu Electr\u00f2nica UB (<a href=\"https:\/\/seu.ub.edu\/tramits\/detalleTramite\/PR-000270\" target=\"_blank\" rel=\"noopener\">https:\/\/seu.ub.edu\/tramits\/detalleTramite\/PR-000270<\/a>).<\/li>\n<\/ul>\n<hr \/>\n<h4>CERTIFICATS DE DOC\u00c8NCIA I FULLS HORARIS<\/h4>\n<p>En el cas que el professorat vulgui sol\u00b7licitar un certificat de doc\u00e8ncia o un full horari de compatibilitat pot posar-se en contacte directament amb la Secretaria acad\u00e8mica del Departament AVD i aportar la informaci\u00f3 necess\u00e0ria de la doc\u00e8ncia impartida per a la seva elaboraci\u00f3.<\/p>\n<p><strong>Procediment:<\/strong><\/p>\n<ul>\n<li>Enviar un mail amb totes les dades necess\u00e0ries a la Secretaria del Departament AVD (<a href=\"mailto:sc.dp.arts.disseny@ub.edu\"><span class=\"s1\">sc.dp.arts.disseny@ub.edu<\/span><\/a>).<\/li>\n<\/ul>\n<hr \/>\n<h4>Desc\u00e0rregues de documents<\/h4>\n<p>A continuaci\u00f3 trobar\u00e0s diferents documents per descarregar i realitzar diferents tr\u00e0mits relacionats amb el departament:<\/p>\n\n<!-- Generated using Document Gallery. Get yours here: http:\/\/wordpress.org\/extend\/plugins\/document-gallery -->\n<div id=\"document-gallery-1\" class=\"document-gallery\" data-shortcode='{\"id\":74,\"include\":\"3003,3004,2983,2984,2985,2989,2987,2988,2761,2762\",\"exclude\":\"\",\"columns\":3,\"fancy\":true,\"order\":\"ASC\",\"orderby\":\"post__in\",\"relation\":\"AND\",\"limit\":-1,\"mime_types\":\"application,video,text,audio,image\",\"paginate\":true,\"post_status\":\"any\",\"post_type\":\"attachment\",\"attachment_pg\":false,\"descriptions\":false,\"new_window\":false,\"skip\":0}' style='--dg-icon-width: 32%'>\n<div class='document-icon-row'>\n   <div class=\"document-icon\">\n      <a href=\"https:\/\/www.ub.edu\/avd\/wp-content\/uploads\/2025\/07\/Sortides.pdf\" target=\"_self\">\n         <img data-recalc-dims=\"1\" decoding=\"async\" src=\"https:\/\/i0.wp.com\/www.ub.edu\/avd\/wp-content\/uploads\/2025\/07\/Sortides-thumb.png?ssl=1\" title=\"Sortides\" alt=\"Sortides\" data-ext=\"pdf\"\/>\n         <span class=\"title\">Sortides<\/span>\n      <\/a>\n   <\/div>\n   <div class=\"document-icon\">\n      <a href=\"https:\/\/www.ub.edu\/avd\/wp-content\/uploads\/2025\/07\/Sortides.doc\" target=\"_self\">\n         <img data-recalc-dims=\"1\" decoding=\"async\" src=\"https:\/\/i0.wp.com\/www.ub.edu\/avd\/wp-content\/plugins\/document-gallery\/src\/assets\/icons\/msdoc.png?ssl=1\" title=\"Sortides\" alt=\"Sortides\" data-ext=\"doc\"\/>\n         <span class=\"title\">Sortides<\/span>\n      <\/a>\n   <\/div>\n   <div class=\"document-icon\">\n      <a href=\"https:\/\/www.ub.edu\/avd\/wp-content\/uploads\/2025\/07\/1.-Model_a_permis_10_dies.doc\" target=\"_self\">\n         <img data-recalc-dims=\"1\" decoding=\"async\" src=\"https:\/\/i0.wp.com\/www.ub.edu\/avd\/wp-content\/plugins\/document-gallery\/src\/assets\/icons\/msdoc.png?ssl=1\" title=\"1. Model_a_permi\u0301s_10_dies\" alt=\"1. Model_a_permi\u0301s_10_dies\" data-ext=\"doc\"\/>\n         <span class=\"title\">1. Model_a_permi\u0301s_10_dies<\/span>\n      <\/a>\n   <\/div>\n\n<\/div>\n<div class='document-icon-row'>\n   <div class=\"document-icon\">\n      <a href=\"https:\/\/www.ub.edu\/avd\/wp-content\/uploads\/2025\/07\/2.-Model_b_permis_3_mesos.doc\" target=\"_self\">\n         <img data-recalc-dims=\"1\" decoding=\"async\" src=\"https:\/\/i0.wp.com\/www.ub.edu\/avd\/wp-content\/plugins\/document-gallery\/src\/assets\/icons\/msdoc.png?ssl=1\" title=\"2. Model_b_permis_3_mesos\" alt=\"2. Model_b_permis_3_mesos\" data-ext=\"doc\"\/>\n         <span class=\"title\">2. Model_b_permis_3_mesos<\/span>\n      <\/a>\n   <\/div>\n   <div class=\"document-icon\">\n      <a href=\"https:\/\/www.ub.edu\/avd\/wp-content\/uploads\/2025\/07\/3.-Model-c_permis_de_3_a_6_mesos-.docx\" target=\"_self\">\n         <img data-recalc-dims=\"1\" decoding=\"async\" src=\"https:\/\/i0.wp.com\/www.ub.edu\/avd\/wp-content\/plugins\/document-gallery\/src\/assets\/icons\/msdoc.png?ssl=1\" title=\"3. Model c_permi\u0301s_de_3_a_6_mesos-\" alt=\"3. Model c_permi\u0301s_de_3_a_6_mesos-\" data-ext=\"docx\"\/>\n         <span class=\"title\">3. Model c_permi\u0301s_de_3_a_6_mesos-<\/span>\n      <\/a>\n   <\/div>\n   <div class=\"document-icon\">\n      <a href=\"https:\/\/www.ub.edu\/avd\/wp-content\/uploads\/2025\/07\/4.-Formulari-Desplacaments-INSS.pdf\" target=\"_self\">\n         <img data-recalc-dims=\"1\" decoding=\"async\" src=\"https:\/\/i0.wp.com\/www.ub.edu\/avd\/wp-content\/uploads\/2025\/07\/4-Formulari-Desplacaments-INSS-thumb.png?ssl=1\" title=\"4. Formulari Desplac\u0327aments INSS\" alt=\"4. Formulari Desplac\u0327aments INSS\" data-ext=\"pdf\"\/>\n         <span class=\"title\">4. Formulari Desplac\u0327aments INSS<\/span>\n      <\/a>\n   <\/div>\n\n<\/div>\n<div class='document-icon-row'>\n   <div class=\"document-icon\">\n      <a href=\"https:\/\/www.ub.edu\/avd\/wp-content\/uploads\/2025\/07\/5.-Model_a_permis_assumptes-personals.doc\" target=\"_self\">\n         <img data-recalc-dims=\"1\" decoding=\"async\" src=\"https:\/\/i0.wp.com\/www.ub.edu\/avd\/wp-content\/plugins\/document-gallery\/src\/assets\/icons\/msdoc.png?ssl=1\" title=\"5. Model_a_permi\u0301s_assumptes personals\" alt=\"5. Model_a_permi\u0301s_assumptes personals\" data-ext=\"doc\"\/>\n         <span class=\"title\">5. Model_a_permi\u0301s_assumptes personals<\/span>\n      <\/a>\n   <\/div>\n   <div class=\"document-icon\">\n      <a href=\"https:\/\/www.ub.edu\/avd\/wp-content\/uploads\/2025\/07\/Estatut-PDI-2023.pdf\" target=\"_self\">\n         <img data-recalc-dims=\"1\" decoding=\"async\" src=\"https:\/\/i0.wp.com\/www.ub.edu\/avd\/wp-content\/uploads\/2025\/07\/Estatut-PDI-2023-thumb.png?ssl=1\" title=\"Estatut PDI 2023\" alt=\"Estatut PDI 2023\" data-ext=\"pdf\"\/>\n         <span class=\"title\">Estatut PDI 2023<\/span>\n      <\/a>\n   <\/div>\n   <div class=\"document-icon\">\n      <a href=\"https:\/\/www.ub.edu\/avd\/wp-content\/uploads\/2023\/06\/Nota-informativa-permisos-PDI.pdf\" target=\"_self\">\n         <img data-recalc-dims=\"1\" decoding=\"async\" src=\"https:\/\/i0.wp.com\/www.ub.edu\/avd\/wp-content\/uploads\/2023\/06\/Nota-informativa-permisos-PDI-thumb.png?ssl=1\" title=\"Nota informativa permisos PDI\" alt=\"Nota informativa permisos PDI\" data-ext=\"pdf\"\/>\n         <span class=\"title\">Nota informativa permisos PDI<\/span>\n      <\/a>\n   <\/div>\n\n<\/div>\n<div class='document-icon-row'>\n   <div class=\"document-icon\">\n      <a href=\"https:\/\/www.ub.edu\/avd\/wp-content\/uploads\/2023\/06\/circuit_permisos_PDI.pdf\" target=\"_self\">\n         <img data-recalc-dims=\"1\" decoding=\"async\" src=\"https:\/\/i0.wp.com\/www.ub.edu\/avd\/wp-content\/uploads\/2023\/06\/circuit_permisos_PDI-thumb.png?ssl=1\" title=\"circuit_permisos_PDI\" alt=\"circuit_permisos_PDI\" data-ext=\"pdf\"\/>\n         <span class=\"title\">circuit_permisos_PDI<\/span>\n      <\/a>\n   <\/div>\n\n<\/div>\n<\/div>\n<h4>\u00a0<\/h4>\n\n\n<p><\/p>\n","protected":false},"excerpt":{"rendered":"<p>SORTIDES AMB L&#8217;ALUMNAT En cas d\u2019organitzar sortides o visites amb l\u2019alumnat fora de l\u2019\u00e0mbit de la Facultat, \u00e9s imprescindible que el professorat responsable de l&#8217;assignatura on es realitza faci comunicaci\u00f3 pr\u00e8via al Departament i al Centre per estar cobert davant qualsevol eventualitat. S&#8217;ha de fer arribar al correu del Departament, com a m\u00ednim, una setmana [&hellip;]<\/p>\n","protected":false},"author":1,"featured_media":0,"parent":2423,"menu_order":9,"comment_status":"closed","ping_status":"closed","template":"","meta":{"footnotes":""},"class_list":["post-74","page","type-page","status-publish","hentry"],"jetpack_sharing_enabled":true,"jetpack_shortlink":"https:\/\/wp.me\/P8A6Wh-1c","jetpack-related-posts":[{"id":1945,"url":"https:\/\/www.ub.edu\/avd\/ca\/departament\/infraestructures\/lpgr\/","url_meta":{"origin":74,"position":0},"title":"Laboratori de Produccions Gr\u00e0fiques","author":"administrador","date":"21 de novembre de 2021","format":false,"excerpt":"LABORATORI DE PRODUCCIONS GR\u00c0FIQUES I REPROGRAFIA [LPGR] Ubicaci\u00f3: Edifici principal de la Facultat de Belles Arts.\u00a0Aula 201 (2a planta) Descripci\u00f3 de l\u2019espai:\u00a0El\u00a0Laboratori de Produccions Gr\u00e0fiques i Reprografia [LPGR]\u00a0compta amb equipaments d\u2019impressi\u00f3, inform\u00e0tics i t\u00e8cnics per al desenvolupament de la doc\u00e8ncia de les assignatures de l\u2019\u00e0mbit de Dibuix A2_Projectes Interm\u00e8dia: Dibuix\u2026","rel":"","context":"Entrada similar","block_context":{"text":"Entrada similar","link":""},"img":{"alt_text":"","src":"https:\/\/i0.wp.com\/www.ub.edu\/avd\/wp-content\/uploads\/2021\/11\/IMG_0069-1.jpg?fit=617%2C766&ssl=1&resize=350%2C200","width":350,"height":200,"srcset":"https:\/\/i0.wp.com\/www.ub.edu\/avd\/wp-content\/uploads\/2021\/11\/IMG_0069-1.jpg?fit=617%2C766&ssl=1&resize=350%2C200 1x, https:\/\/i0.wp.com\/www.ub.edu\/avd\/wp-content\/uploads\/2021\/11\/IMG_0069-1.jpg?fit=617%2C766&ssl=1&resize=525%2C300 1.5x"},"classes":[]},{"id":2423,"url":"https:\/\/www.ub.edu\/avd\/ca\/departament\/","url_meta":{"origin":74,"position":1},"title":"Departament","author":"administrador","date":"7 de maig de 2022","format":false,"excerpt":"El Departament vol integrar coneixements disciplinaris, multidisciplinaris i interdisciplinaris dins dels \u00e0mbits de les Arts Visuals i del Disseny, posant-los en relaci\u00f3 amb aquells m\u00e9s propis de les humanitats, de les ci\u00e8ncies i de les tecnologies.","rel":"","context":"Entrada similar","block_context":{"text":"Entrada similar","link":""},"img":{"alt_text":"","src":"https:\/\/i0.wp.com\/www.ub.edu\/avd\/wp-content\/uploads\/2022\/05\/departament-avd.png?fit=896%2C299&ssl=1&resize=350%2C200","width":350,"height":200,"srcset":"https:\/\/i0.wp.com\/www.ub.edu\/avd\/wp-content\/uploads\/2022\/05\/departament-avd.png?fit=896%2C299&ssl=1&resize=350%2C200 1x, https:\/\/i0.wp.com\/www.ub.edu\/avd\/wp-content\/uploads\/2022\/05\/departament-avd.png?fit=896%2C299&ssl=1&resize=525%2C300 1.5x, https:\/\/i0.wp.com\/www.ub.edu\/avd\/wp-content\/uploads\/2022\/05\/departament-avd.png?fit=896%2C299&ssl=1&resize=700%2C400 2x"},"classes":[]},{"id":1959,"url":"https:\/\/www.ub.edu\/avd\/ca\/departament\/infraestructures\/sala-albert-gonzalo\/","url_meta":{"origin":74,"position":2},"title":"Aula &#8220;Albert Gonzalo&#8221;","author":"administrador","date":"21 de novembre de 2021","format":false,"excerpt":"AULA \"ALBERT GONZALO\" Ubicaci\u00f3:\u00a0Edifici\u00a0Parx\u00eds, Planta 0 Descripci\u00f3 de l\u2019espai:\u00a0Espai d'exposici\u00f3 i presentaci\u00f3 d'obres de l'alumnat de Pintura del Grup P2 Superf\u00edcie: 65 m2 Equipament:\u00a0 il\u00b7luminaci\u00f3 Horari de funcionament:\u00a0A disposici\u00f3 dels cursos de Pintura. Tel\u00e8fon:\u00a0\u00a0934.034.060","rel":"","context":"Entrada similar","block_context":{"text":"Entrada similar","link":""},"img":{"alt_text":"","src":"https:\/\/i0.wp.com\/www.ub.edu\/avd\/wp-content\/uploads\/2021\/11\/IMG_20211123_145140-1.jpg?fit=1016%2C562&ssl=1&resize=350%2C200","width":350,"height":200,"srcset":"https:\/\/i0.wp.com\/www.ub.edu\/avd\/wp-content\/uploads\/2021\/11\/IMG_20211123_145140-1.jpg?fit=1016%2C562&ssl=1&resize=350%2C200 1x, https:\/\/i0.wp.com\/www.ub.edu\/avd\/wp-content\/uploads\/2021\/11\/IMG_20211123_145140-1.jpg?fit=1016%2C562&ssl=1&resize=525%2C300 1.5x, https:\/\/i0.wp.com\/www.ub.edu\/avd\/wp-content\/uploads\/2021\/11\/IMG_20211123_145140-1.jpg?fit=1016%2C562&ssl=1&resize=700%2C400 2x"},"classes":[]},{"id":1957,"url":"https:\/\/www.ub.edu\/avd\/ca\/departament\/infraestructures\/aula-miro\/","url_meta":{"origin":74,"position":3},"title":"Aula &#8220;Mir\u00f3&#8221;","author":"administrador","date":"21 de novembre de 2021","format":false,"excerpt":"AULA \"MIR\u00d3\" Ubicaci\u00f3:\u00a0Edifici\u00a0Parx\u00eds, Planta 1 Descripci\u00f3 de l\u2019espai:\u00a0Espai d'exposici\u00f3 i presentaci\u00f3 d'obres de l'alumnat de Pintura del Grup P3 i M\u00e0ster Prodart. Superf\u00edcie: 150 m2 Equipament:\u00a0 ordinador projector altaveus il\u00b7luminaci\u00f3 Horari de funcionament:\u00a0A disposici\u00f3 del cursos de Pintura i M\u00e0ster. Tel\u00e8fon:\u00a0\u00a0934.034.060","rel":"","context":"Entrada similar","block_context":{"text":"Entrada similar","link":""},"img":{"alt_text":"","src":"https:\/\/i0.wp.com\/www.ub.edu\/avd\/wp-content\/uploads\/2021\/11\/IMG_20211118_200516-copy.jpg?fit=1024%2C576&ssl=1&resize=350%2C200","width":350,"height":200,"srcset":"https:\/\/i0.wp.com\/www.ub.edu\/avd\/wp-content\/uploads\/2021\/11\/IMG_20211118_200516-copy.jpg?fit=1024%2C576&ssl=1&resize=350%2C200 1x, https:\/\/i0.wp.com\/www.ub.edu\/avd\/wp-content\/uploads\/2021\/11\/IMG_20211118_200516-copy.jpg?fit=1024%2C576&ssl=1&resize=525%2C300 1.5x, https:\/\/i0.wp.com\/www.ub.edu\/avd\/wp-content\/uploads\/2021\/11\/IMG_20211118_200516-copy.jpg?fit=1024%2C576&ssl=1&resize=700%2C400 2x"},"classes":[]},{"id":2148,"url":"https:\/\/www.ub.edu\/avd\/ca\/departament\/infraestructures\/aula-angel-ferrant\/","url_meta":{"origin":74,"position":4},"title":"Aula &#8220;\u00c0ngel Ferrant&#8221;","author":"administrador","date":"25 de novembre de 2021","format":false,"excerpt":"\u00adAULA \"\u00c0NGEL FERRANT\" Ubicaci\u00f3:\u00a0Edifici\u00a0Principal, Soterrani 2 Descripci\u00f3 de l\u2019espai:\u00a0Espai d'exposici\u00f3 i presentaci\u00f3 d'obres de l'alumnat de l'\u00e0mbit d'Escultura. Superf\u00edcie: 120 m2 aprox. Equipament:\u00a0 ordinador projector altaveus taules cavallets bastida i escala homologades sostre insonoritzat il\u00b7luminaci\u00f3 Horari de funcionament:\u00a0A disposici\u00f3 dels cursos d'Escultura. Tel\u00e8fon:\u00a0\u00a0934.034.060 \u00a0 \u00a0","rel":"","context":"Entrada similar","block_context":{"text":"Entrada similar","link":""},"img":{"alt_text":"","src":"https:\/\/i0.wp.com\/www.ub.edu\/avd\/wp-content\/uploads\/2021\/11\/IMG_20211125_173838-1.jpg?fit=1024%2C488&ssl=1&resize=350%2C200","width":350,"height":200,"srcset":"https:\/\/i0.wp.com\/www.ub.edu\/avd\/wp-content\/uploads\/2021\/11\/IMG_20211125_173838-1.jpg?fit=1024%2C488&ssl=1&resize=350%2C200 1x, https:\/\/i0.wp.com\/www.ub.edu\/avd\/wp-content\/uploads\/2021\/11\/IMG_20211125_173838-1.jpg?fit=1024%2C488&ssl=1&resize=525%2C300 1.5x, https:\/\/i0.wp.com\/www.ub.edu\/avd\/wp-content\/uploads\/2021\/11\/IMG_20211125_173838-1.jpg?fit=1024%2C488&ssl=1&resize=700%2C400 2x"},"classes":[]},{"id":1931,"url":"https:\/\/www.ub.edu\/avd\/ca\/departament\/infraestructures\/taller-danimacio\/","url_meta":{"origin":74,"position":5},"title":"Taller d&#8217;Animaci\u00f3","author":"administrador","date":"21 de novembre de 2021","format":false,"excerpt":"TALLER D'ANIMACI\u00d3 Ubicaci\u00f3:\u00a0Edifici Parx\u00eds. Aules PS1, PS2 i PS3 Descripci\u00f3 de l\u2019espai:\u00a0Tres aules. Una aula gran de treball amb taules de llum, una aula mitjana amb 6 ordinadors i equipament variat i una aula petita per presentacions actualment inhabilitada. Superf\u00edcie: 120 m2 aprox. Equipament:\u00a06 ordinadors, 2 c\u00e0meres reflex digital, 3\u2026","rel":"","context":"Entrada similar","block_context":{"text":"Entrada similar","link":""},"img":{"alt_text":"","src":"https:\/\/i0.wp.com\/www.ub.edu\/avd\/wp-content\/uploads\/2021\/11\/IMG_20211118_200119-copy.jpg?fit=1024%2C576&ssl=1&resize=350%2C200","width":350,"height":200,"srcset":"https:\/\/i0.wp.com\/www.ub.edu\/avd\/wp-content\/uploads\/2021\/11\/IMG_20211118_200119-copy.jpg?fit=1024%2C576&ssl=1&resize=350%2C200 1x, https:\/\/i0.wp.com\/www.ub.edu\/avd\/wp-content\/uploads\/2021\/11\/IMG_20211118_200119-copy.jpg?fit=1024%2C576&ssl=1&resize=525%2C300 1.5x, https:\/\/i0.wp.com\/www.ub.edu\/avd\/wp-content\/uploads\/2021\/11\/IMG_20211118_200119-copy.jpg?fit=1024%2C576&ssl=1&resize=700%2C400 2x"},"classes":[]}],"_links":{"self":[{"href":"https:\/\/www.ub.edu\/avd\/wp-json\/wp\/v2\/pages\/74","targetHints":{"allow":["GET"]}}],"collection":[{"href":"https:\/\/www.ub.edu\/avd\/wp-json\/wp\/v2\/pages"}],"about":[{"href":"https:\/\/www.ub.edu\/avd\/wp-json\/wp\/v2\/types\/page"}],"author":[{"embeddable":true,"href":"https:\/\/www.ub.edu\/avd\/wp-json\/wp\/v2\/users\/1"}],"replies":[{"embeddable":true,"href":"https:\/\/www.ub.edu\/avd\/wp-json\/wp\/v2\/comments?post=74"}],"version-history":[{"count":20,"href":"https:\/\/www.ub.edu\/avd\/wp-json\/wp\/v2\/pages\/74\/revisions"}],"predecessor-version":[{"id":3185,"href":"https:\/\/www.ub.edu\/avd\/wp-json\/wp\/v2\/pages\/74\/revisions\/3185"}],"up":[{"embeddable":true,"href":"https:\/\/www.ub.edu\/avd\/wp-json\/wp\/v2\/pages\/2423"}],"wp:attachment":[{"href":"https:\/\/www.ub.edu\/avd\/wp-json\/wp\/v2\/media?parent=74"}],"curies":[{"name":"wp","href":"https:\/\/api.w.org\/{rel}","templated":true}]}}