{"id":2429,"date":"2024-05-17T21:02:35","date_gmt":"2024-05-17T19:02:35","guid":{"rendered":"https:\/\/www.ub.edu\/bcnlab\/?page_id=2429"},"modified":"2024-07-02T19:30:10","modified_gmt":"2024-07-02T17:30:10","slug":"publications","status":"publish","type":"page","link":"https:\/\/www.ub.edu\/bcnlab\/publications\/","title":{"rendered":"PUBLICATIONS"},"content":{"rendered":"<div class=\"fusion-fullwidth fullwidth-box fusion-builder-row-1 fusion-flex-container has-pattern-background has-mask-background nonhundred-percent-fullwidth non-hundred-percent-height-scrolling\" style=\"--link_hover_color: var(--awb-color5);--link_color: var(--awb-color5);--awb-background-position:left top;--awb-border-sizes-top:0px;--awb-border-sizes-bottom:0px;--awb-border-sizes-left:0px;--awb-border-sizes-right:0px;--awb-border-radius-top-left:0px;--awb-border-radius-top-right:0px;--awb-border-radius-bottom-right:0px;--awb-border-radius-bottom-left:0px;--awb-padding-top:90px;--awb-padding-right:21px;--awb-padding-bottom:30px;--awb-padding-left:20px;--awb-padding-top-medium:90px;--awb-padding-bottom-medium:90px;--awb-padding-top-small:60px;--awb-padding-right-small:34px;--awb-padding-bottom-small:48px;--awb-padding-left-small:21px;--awb-margin-bottom-medium:0px;--awb-background-color:var(--awb-color1);--awb-flex-wrap:wrap;\" ><div class=\"fusion-builder-row fusion-row fusion-flex-align-items-flex-start fusion-flex-justify-content-center fusion-flex-content-wrap\" style=\"max-width:calc( 1200px + 80px );margin-left: calc(-80px \/ 2 );margin-right: calc(-80px \/ 2 );\"><div class=\"fusion-layout-column fusion_builder_column fusion-builder-column-0 fusion_builder_column_1_1 1_1 fusion-flex-column\" style=\"--awb-bg-size:cover;--awb-width-large:100%;--awb-margin-top-large:0px;--awb-spacing-right-large:0px;--awb-margin-bottom-large:20px;--awb-spacing-left-large:0px;--awb-width-medium:100%;--awb-order-medium:0;--awb-spacing-right-medium:0px;--awb-spacing-left-medium:0px;--awb-width-small:100%;--awb-order-small:0;--awb-spacing-right-small:33px;--awb-spacing-left-small:26px;\"><div class=\"fusion-column-wrapper fusion-column-has-shadow fusion-flex-justify-content-flex-start fusion-content-layout-column\"><div class=\"fusion-text fusion-text-1\" style=\"--awb-text-color:var(--awb-color8);\"><ul>\n<li>Grandjean, J.; et al. Soria, G.; Stoop, R.; Thompson, GJ.; Till, SM.; Todd, N.; Van Der Linden, A.; Van Der Toorn, A.; Van Tilborg, GAF.; Vanhove, C.; Veltien, A.; Verhoye, M.; Wachsmuth, L.; Weber-Fahr, W.; Wenk, P.; Yu, X.; Zerbi, V.; Zhang, N.; Zhan, BB.; Zimmer, L.; Devenyi, GA.; Chakravarty, MM.; Hess, A. <strong>A consensus protocol for functional connectivity analysis in the rat brain (2023)<\/strong>. Nature Neuroscience, 26(4), pp. 673 &#8211; 681. <a style=\"color: #000000; border-bottom: solid; border-color: #ffe9b3; paddin: 30px 50px 30px 50px;\" href=\"https:\/\/doi.org\/10.1038\/s41593-023-01286-8\" target=\"_blank\" rel=\"noopener\"> https:\/\/doi.org\/10.1038\/s41593-023-01286-8<\/a>. ISSN: 1097-6256<\/li>\n<\/ul>\n<\/div><div class=\"fusion-text fusion-text-2\" style=\"--awb-text-color:var(--awb-color8);\"><ul>\n<li>Conde-Berriozabal, S.; Garc\u00eda-Gilabert, L.; Garc\u00eda-Garc\u00eda, E.; Sitj\u00e0-Roqueta, L.; L\u00f3pez-Gil, X.; Mu\u00f1oz-Moreno, E.; Boutagouga Boudjadja, M.; Soria, G.; Rodr\u00edguez, M.J.; Alberch, J.; Masana, M. <strong>M2 Cortex Circuitry and Sensory-Induced Behavioral Alterations in Huntington&#8217;s Disease: Role of Superior Colliculus (2023)<\/strong> Journal of Neuroscience, 18(43), pp. 3379 &#8211; 3390. <a style=\"color: #000000; border-bottom: solid; border-color: #ffe9b3; paddin: 30px 50px 30px 50px;\" href=\"https:\/\/doi.org\/10.1523\/JNEUROSCI.1172-22.2023\" target=\"_blank\" rel=\"noopener\"> https:\/\/doi.org\/10.1523\/JNEUROSCI.1172-22.2023<\/a>. ISSN: 0270-6474<\/li>\n<\/ul>\n<\/div><div class=\"fusion-text fusion-text-3\" style=\"--awb-text-color:var(--awb-color8);\"><ul>\n<li>Haddad-T\u00f3volli, R.; Ram\u00edrez, S.; Mu\u00f1oz-Moreno, E.; Mil\u00e0-Guasch, M.; Miquel-Rio, Ll.; Pozo, M.; Chivite, I.; Altirriba, J.; Obri, A.; G\u00f3mez-Valad\u00e9s, A.; Toledo, M.; Eyre, E.; Bortolozzi, A.; Valjent, E.; Soria, G.; Claret, M.<strong> Food craving-like episodes during pregnancy are mediated by accumbal dopaminergic circuits (2023).<\/strong> Nature Metabolism. <a style=\"color: #000000; border-bottom: solid; border-color: #ffe9b3; paddin: 30px 50px 30px 50px;\" href=\"https:\/\/doi.org\/10.1038\/s42255-022-00557-1\" target=\"_blank\" rel=\"noopener\">https:\/\/doi.org\/10.1038\/s42255-022-00557-1<\/a>. ISSN: 2522-5812<\/li>\n<\/ul>\n<\/div><div class=\"fusion-text fusion-text-4\" style=\"--awb-text-color:var(--awb-color8);\"><ul>\n<li>Haddad-T\u00f3volli, R.; Ram\u00edrez, S.; Mu\u00f1oz-Moreno, E.; Vasco Sim\u00f5es, R.; Tudela, R.; L\u00f3pez-Gil, X.; Soria, G.<strong> Spatio-temporal metabolic rewiring in the brain of TgF344-AD rat model of Alzheimer&#8217;s disease (2022)<\/strong>. Scientific Reports, 12, p. 16958. <a style=\"color: #000000; border-bottom: solid; border-color: #ffe9b3; paddin: 30px 50px 30px 50px;\" href=\"https:\/\/doi.org\/10.1038\/s41598-022-20962-6\" target=\"_blank\" rel=\"noopener\"> https:\/\/doi.org\/10.1038\/s41598-022-20962-6<\/a> . ISSN: 2045-2322<\/li>\n<\/ul>\n<\/div><div class=\"fusion-text fusion-text-5\" style=\"--awb-text-color:var(--awb-color8);\"><ul>\n<li>Mart\u00ednez-Torres, S.; Bergad\u00e0-Mart\u00ednez, A.; Ortega, J.E.; Galera-L\u00f3pez, L.; Hervera, A.; de los Reyes-Ram\u00edrez, L.; Ortega-\u00c1lvaro, A.; Remmers, F.; Mu\u00f1oz-Moreno, E.; Soria, G.; del R\u00edo, J.A.; Lutz, B.; Ru\u00edz-Ortega, J.\u00c1.; Meana, J.J.; Maldonado, R.; Ozaita, A. <strong>Peripheral CB1 receptor blockade acts as a memory enhancer through a noradrenergic mechanism (2022)<\/strong>. Neuropsychopharmacology. <a style=\"color: #000000; border-bottom: solid; border-color: #ffe9b3; paddin: 30px 50px 30px 50px;\" href=\"https:\/\/doi.org\/10.1038\/s41386-022-01436-9\" target=\"_blank\" rel=\"noopener\"> https:\/\/doi.org\/10.1038\/s41386-022-01436-9<\/a>. ISSN: 0893-133X<\/li>\n<\/ul>\n<\/div><div class=\"fusion-text fusion-text-6\" style=\"--awb-text-color:var(--awb-color8);\"><ul>\n<li>Pascual-Ant\u00f3n, R.; Blasco-Serra, A.; Mu\u00f1oz-Moreno, E.; Pilar-Cu\u00e9llar, F.; Garro-Mart\u00ednez, E.; Florensa-Zanuy, E.; L\u00f3pez-Gil, X.; Campa, V.M.; Soria, G.; Adell, A. <strong>Structural connectivity and subcellular changes after antidepressant doses of ketamine and Ro 25-6981 in the rat: an MRI and immuno-labeling study (2021).<\/strong> Brain Structure and Function, 226(8), pp. 2603 &#8211; 2616. <a style=\"color: #000000; border-bottom: solid; border-color: #ffe9b3; paddin: 30px 50px 30px 50px;\" href=\"https:\/\/doi.org\/10.1007\/s00429-021-02354-0\" target=\"_blank\" rel=\"noopener\">https:\/\/doi.org\/10.1007\/s00429-021-02354-0<\/a>. ISSN: 1863-2653<\/li>\n<\/ul>\n<\/div><div class=\"fusion-text fusion-text-7\" style=\"--awb-text-color:var(--awb-color8);\"><ul>\n<li>Mu\u00f1oz-Moreno, E.; Tudela, R.; L\u00f3pez-Gil, X.; Soria, G. <strong>Brain connectivity during Alzheimer&#8217;s disease progression and its cognitive impact in a transgenic rat model (2020)<\/strong>. Network Neuroscience, 4(2), pp. 397 &#8211; 415. <a style=\"color: #000000; border-bottom: solid; border-color: #ffe9b3; paddin: 30px 50px 30px 50px;\" href=\"https:\/\/doi.org\/10.1162\/netn_a_00126\" target=\"_blank\" rel=\"noopener\">https:\/\/doi.org\/10.1162\/netn_a_00126<\/a>. ISSN: 2472-1751<\/li>\n<\/ul>\n<\/div><div class=\"fusion-text fusion-text-8\" style=\"--awb-text-color:var(--awb-color8);\"><ul>\n<li>Fern\u00e1ndez-Garc\u00eda, S.; Conde-Berrioz\u00e1bal, S.; Garc\u00eda-Garc\u00eda, E.; Gort-Paniello, C.; Bernal-Casas, B.; Garc\u00eda-D\u00edaz Barriga, G.; L\u00f3pez-Gil, J.; Mu\u00f1oz-Moreno, E.; Soria, G.; Campa, L.; Artigas, F.; Jos\u00e9 Rodr\u00edguez, M.; Alberch, J.; Masana, M. <strong>Brain connectivity during Alzheimer&#8217;s disease progression and its cognitive impact in a transgenic rat model (2020)<\/strong>. eLife, 9(e57017) <a style=\"color: #000000; border-bottom: solid; border-color: #ffe9b3; paddin: 30px 50px 30px 50px;\" href=\"https:\/\/doi.org\/10.7554\/eLife.57017\" target=\"_blank\" rel=\"noopener\">https:\/\/doi.org\/10.7554\/eLife.57017<\/a>. ISSN: 2050-084X<\/li>\n<\/ul>\n<\/div><div class=\"fusion-text fusion-text-9\" style=\"--awb-text-color:var(--awb-color8);\"><ul>\n<li>Mu\u00f1oz\u2011Moreno, E.; Vasco Sim\u00f5es, R.; Tudela, R.; L\u00f3pez\u2011Gil, X.; Soria, G. <strong>Spatio\u2011temporal metabolic rewiring in the brain of TgF344\u2011AD rat model of Alzheimer\u2019s disease (2022)<\/strong> <a style=\"color: #000000; border-bottom: solid; border-color: #ffe9b3; paddin: 30px 50px 30px 50px;\" href=\"https:\/\/www.nature.com\/articles\/s41598-022-20962-6\" target=\"_blank\" rel=\"noopener\">https:\/\/www.nature.com\/articles\/s41598-022-20962-6<\/a>. ISSN: 1663-4365<\/li>\n<\/ul>\n<\/div><div class=\"fusion-text fusion-text-10\" style=\"--awb-text-color:var(--awb-color8);\"><ul>\n<li>Tudela, R.; Mu\u00f1oz-Moreno, E.; Sala-Llonch, R.; L\u00f3pez-Gil, X.; Soria, G. <strong>Resting state networks in the TgF344-AD rat model of Alzheimer&#8217;s Disease are altered from early stages (2019).<\/strong> Frontiers in Aging Neuroscience, 11, p. 213 <a style=\"color: #000000; border-bottom: solid; border-color: #ffe9b3; paddin: 30px 50px 30px 50px;\" href=\"https:\/\/doi.org\/10.3389\/fnagi.2019.00213\" target=\"_blank\" rel=\"noopener\">https:\/\/doi.org\/10.3389\/fnagi.2019.00213<\/a><\/li>\n<\/ul>\n<\/div><div class=\"fusion-text fusion-text-11\" style=\"--awb-text-color:var(--awb-color8);\"><ul>\n<li>Mu\u00f1oz\u2011Moreno, E.; Tudela, R.; L\u00f3pez\u2011Gil, X.; Soria, G.<strong> Early brain connectivity alterations and cognitive impairment in a rat model of Alzheimer\u2019s disease (2018)<\/strong>. Alzheimer&#8217;s Research &amp; Therapy. <a style=\"color: #000000; border-bottom: solid; border-color: #ffe9b3; paddin: 30px 50px 30px 50px;\" href=\"https:\/\/alzres.biomedcentral.com\/articles\/10.1186\/s13195-018-0346-2\" target=\"_blank\" rel=\"noopener\">https:\/\/alzres.biomedcentral.com\/articles\/10.1186\/s13195-018-0346-2<\/a><\/li>\n<\/ul>\n<\/div><\/div><\/div><\/div><\/div>\n","protected":false},"excerpt":{"rendered":"","protected":false},"author":2,"featured_media":2577,"parent":0,"menu_order":0,"comment_status":"closed","ping_status":"closed","template":"100-width.php","meta":{"footnotes":""},"class_list":["post-2429","page","type-page","status-publish","has-post-thumbnail","hentry"],"_links":{"self":[{"href":"https:\/\/www.ub.edu\/bcnlab\/wp-json\/wp\/v2\/pages\/2429","targetHints":{"allow":["GET"]}}],"collection":[{"href":"https:\/\/www.ub.edu\/bcnlab\/wp-json\/wp\/v2\/pages"}],"about":[{"href":"https:\/\/www.ub.edu\/bcnlab\/wp-json\/wp\/v2\/types\/page"}],"author":[{"embeddable":true,"href":"https:\/\/www.ub.edu\/bcnlab\/wp-json\/wp\/v2\/users\/2"}],"replies":[{"embeddable":true,"href":"https:\/\/www.ub.edu\/bcnlab\/wp-json\/wp\/v2\/comments?post=2429"}],"version-history":[{"count":18,"href":"https:\/\/www.ub.edu\/bcnlab\/wp-json\/wp\/v2\/pages\/2429\/revisions"}],"predecessor-version":[{"id":2806,"href":"https:\/\/www.ub.edu\/bcnlab\/wp-json\/wp\/v2\/pages\/2429\/revisions\/2806"}],"wp:featuredmedia":[{"embeddable":true,"href":"https:\/\/www.ub.edu\/bcnlab\/wp-json\/wp\/v2\/media\/2577"}],"wp:attachment":[{"href":"https:\/\/www.ub.edu\/bcnlab\/wp-json\/wp\/v2\/media?parent=2429"}],"curies":[{"name":"wp","href":"https:\/\/api.w.org\/{rel}","templated":true}]}}