{"id":271,"date":"2015-06-17T21:36:09","date_gmt":"2015-06-17T21:36:09","guid":{"rendered":"https:\/\/www.ub.edu\/calitme\/?page_id=271"},"modified":"2022-03-10T12:56:24","modified_gmt":"2022-03-10T12:56:24","slug":"home","status":"publish","type":"page","link":"https:\/\/www.ub.edu\/calitme\/","title":{"rendered":"Home"},"content":{"rendered":"\n<div class=\"wp-block-columns\">\n<div class=\"wp-block-column\" style=\"flex-basis:100%\">\n<div class=\"wp-block-columns\">\n<div class=\"wp-block-column\" style=\"flex-basis:100%\">\n        <div class=\"wp-block-getwid-post-slider custom-post-type-post has-arrows-inside has-dots-none\">\n            <div data-slider-option=\"{&quot;getwid_fade_effect&quot;:&quot;fade&quot;,&quot;getwid_autoplay&quot;:true,&quot;getwid_autoplay_speed&quot;:6000,&quot;getwid_infinite&quot;:true,&quot;getwid_animation_speed&quot;:800,&quot;getwid_arrows&quot;:&quot;inside&quot;,&quot;getwid_dots&quot;:&quot;none&quot;}\" class=\"wp-block-getwid-post-slider__content no-init-slider\">\n                \t\t\t\t\t\t\t<div class=\"wp-block-getwid-post-slider__slide\" style=\"min-height:400px;\">\n\t\t\t\t\t\t\t\t\n<div class=\"wp-block-getwid-post-slider__post \">\n        <div class=\"wp-block-getwid-post-slider__post-overlay \"><\/div>\n    <div class=\"wp-block-getwid-post-slider__post-content-wrapper\">\n        <h3 class=\"wp-block-getwid-post-slider__post-title\"><a href=\"https:\/\/www.ub.edu\/calitme\/la-guerra-de-miguel\/\">La guerra de Miguel<\/a><\/h3>        <div class=\"wp-block-getwid-post-slider__post-excerpt\"><p>Passi del film d&#8217;Eliane Rehab &#8220;La guerra de Miguel&#8221; (2021) i conversa posterior amb el protagonista, Miguel Jelelaty<\/p>\n<\/div>\n    <\/div>\n<\/div>\n\t\t\t\t\t\t\t<\/div>\n\t\t\t\t\t\t\t\t\t\t\t\t\t<div class=\"wp-block-getwid-post-slider__slide\" style=\"min-height:400px;\">\n\t\t\t\t\t\t\t\t\n<div class=\"wp-block-getwid-post-slider__post \">\n        <div class=\"wp-block-getwid-post-slider__post-overlay \"><\/div>\n    <div class=\"wp-block-getwid-post-slider__post-content-wrapper\">\n        <h3 class=\"wp-block-getwid-post-slider__post-title\"><a href=\"https:\/\/www.ub.edu\/calitme\/conversa-amb-youssef-el-maimouni\/\">Conversa amb Youssef El Maimouni<\/a><\/h3>        <div class=\"wp-block-getwid-post-slider__post-excerpt\"><\/div>\n    <\/div>\n<\/div>\n\t\t\t\t\t\t\t<\/div>\n\t\t\t\t\t\t            <\/div>\n        <\/div>\n        <\/div>\n<\/div>\n<\/div>\n<\/div>\n\n\n\n<div class=\"wp-block-columns\">\n<div class=\"wp-block-column inici-activitats\" style=\"flex-basis:100%\"><h2 class=\"ub_advanced_heading\" id=\"ub-advanced-heading-d041bb24-7ee4-4c58-94aa-8458c802301b\" data-blockid=\"d041bb24-7ee4-4c58-94aa-8458c802301b\">Activitats<\/h2>\n\n        <div class=\"wp-block-getwid-custom-post-type custom-post-type-tribe_events has-layout-list activitats\">\n            <div class=\"wp-block-getwid-custom-post-type__wrapper\">\n                \t\t\t\t\t\t\t\t<div class='wp-block-getwid-custom-post-type__post'>\n\t\t\t\t\t\t\t\t\t\n<div class=\"wp-block-getwid-custom-post-type__post-wrapper\">\n            <div class=\"wp-block-getwid-custom-post-type__post-thumbnail\">\n            <a href=\"https:\/\/www.ub.edu\/calitme\/activitat\/conversa-amb-lescriptor-youssef-el-maimouni\/\"><img width=\"800\" height=\"1000\" src=\"https:\/\/www.ub.edu\/calitme\/wp-content\/uploads\/2026\/04\/conversa-amb-lescriptor-Youssef-El-Maimouni.jpg\" class=\"attachment-post-thumbnail size-post-thumbnail wp-post-image\" alt=\"\" loading=\"lazy\" srcset=\"https:\/\/www.ub.edu\/calitme\/wp-content\/uploads\/2026\/04\/conversa-amb-lescriptor-Youssef-El-Maimouni.jpg 800w, https:\/\/www.ub.edu\/calitme\/wp-content\/uploads\/2026\/04\/conversa-amb-lescriptor-Youssef-El-Maimouni-240x300.jpg 240w, https:\/\/www.ub.edu\/calitme\/wp-content\/uploads\/2026\/04\/conversa-amb-lescriptor-Youssef-El-Maimouni-768x960.jpg 768w\" sizes=\"(max-width: 800px) 100vw, 800px\" \/><\/a>\n        <\/div>\n        <div class=\"wp-block-getwid-custom-post-type__content-wrapper\">\n        <div class=\"wp-block-getwid-custom-post-type__post-header\">\n            <h3 class=\"wp-block-getwid-custom-post-type__post-title\"><a href=\"https:\/\/www.ub.edu\/calitme\/activitat\/conversa-amb-lescriptor-youssef-el-maimouni\/\">Conversa amb l&#8217;escriptor Youssef El Maimouni<\/a><\/h3>        <\/div>\n        <div class=\"wp-block-getwid-custom-post-type__post-excerpt \"><p>Conversa amb l&#8217;escriptor Youssef El Maimouni<\/p>\n<\/div>\n    <\/div>\n<\/div>\n\t\t\t\t\t\t\t\t<\/div>\n\t\t\t\t\t\t\t\t\t\t\t\t\t\t\t<div class='wp-block-getwid-custom-post-type__post'>\n\t\t\t\t\t\t\t\t\t\n<div class=\"wp-block-getwid-custom-post-type__post-wrapper\">\n            <div class=\"wp-block-getwid-custom-post-type__post-thumbnail\">\n            <a href=\"https:\/\/www.ub.edu\/calitme\/activitat\/passi-del-film-la-guerra-de-miguel-i-colloqui-posterior-amb-el-protagonista\/\"><img width=\"800\" height=\"1000\" src=\"https:\/\/www.ub.edu\/calitme\/wp-content\/uploads\/2026\/04\/Film-La-guerra-de-Miguel-Eliane-Rehab-2021.png\" class=\"attachment-post-thumbnail size-post-thumbnail wp-post-image\" alt=\"\" loading=\"lazy\" srcset=\"https:\/\/www.ub.edu\/calitme\/wp-content\/uploads\/2026\/04\/Film-La-guerra-de-Miguel-Eliane-Rehab-2021.png 800w, https:\/\/www.ub.edu\/calitme\/wp-content\/uploads\/2026\/04\/Film-La-guerra-de-Miguel-Eliane-Rehab-2021-240x300.png 240w, https:\/\/www.ub.edu\/calitme\/wp-content\/uploads\/2026\/04\/Film-La-guerra-de-Miguel-Eliane-Rehab-2021-768x960.png 768w\" sizes=\"(max-width: 800px) 100vw, 800px\" \/><\/a>\n        <\/div>\n        <div class=\"wp-block-getwid-custom-post-type__content-wrapper\">\n        <div class=\"wp-block-getwid-custom-post-type__post-header\">\n            <h3 class=\"wp-block-getwid-custom-post-type__post-title\"><a href=\"https:\/\/www.ub.edu\/calitme\/activitat\/passi-del-film-la-guerra-de-miguel-i-colloqui-posterior-amb-el-protagonista\/\">Passi del film La guerra de Miguel i col\u00b7loqui posterior amb el protagonista<\/a><\/h3>        <\/div>\n        <div class=\"wp-block-getwid-custom-post-type__post-excerpt \"><p>Passi del film &#8220;La guerra de Miguel&#8221; d&#8217;Eliane Rehab amb un debat posterior amb el seu protagonista, Miguel Jelelaty.<\/p>\n<\/div>\n    <\/div>\n<\/div>\n\t\t\t\t\t\t\t\t<\/div>\n\t\t\t\t\t\t\t            <\/div>\n\n                    <\/div>\n        <\/div>\n<\/div>\n\n\n\n<div style=\"background-color:#000000;padding-left:5%;padding-right:5%;padding-bottom:2.5%;padding-top:3%;margin-top:3%;margin-bottom:1.5%\" class=\"wp-block-genesis-blocks-gb-container inici-hero gb-block-container alignfull\"><div class=\"gb-container-inside\"><div class=\"gb-container-content\" style=\"max-width:1600px\"><h3 class=\"ub_advanced_heading\" id=\"ub-advanced-heading-6ea75214-e561-4fa3-a508-0b474030c712\" data-blockid=\"6ea75214-e561-4fa3-a508-0b474030c712\">Entenem l&#8217;<em>arabitat<\/em> no nom\u00e9s des d&#8217;un sentit geogr\u00e0fic, sin\u00f3 tamb\u00e9 ling\u00fc\u00edstic, de g\u00e8nere i de classe.<\/h3>\n\n\n<div style=\"text-align:center\" class=\"wp-block-genesis-blocks-gb-button gb-block-button\"><a href=\"https:\/\/www.ub.edu\/calitme\/projectes-2\/\" class=\"gb-button gb-button-shape-square gb-button-size-medium\" style=\"color:#ffffff;background-color:#cf7041\">L\u00ednies de recerca<\/a><\/div>\n<\/div><\/div><\/div>\n\n\n\n<p><\/p>\n","protected":false},"excerpt":{"rendered":"","protected":false},"author":1,"featured_media":0,"parent":0,"menu_order":0,"comment_status":"closed","ping_status":"closed","template":"front-page.php","meta":{"ub_ctt_via":"","_genesis_hide_title":true,"_genesis_hide_breadcrumbs":false,"_genesis_hide_singular_image":false,"_genesis_hide_footer_widgets":false,"_genesis_custom_body_class":"","_genesis_custom_post_class":"","_genesis_layout":""},"categories":[],"tags":[],"featured_image_src":"","featured_image_src_square":false,"rbea_author_info":{"display_name":"sandra","author_link":"https:\/\/www.ub.edu\/calitme\/author\/sandra\/"},"rbea_excerpt_info":null,"_links":{"self":[{"href":"https:\/\/www.ub.edu\/calitme\/wp-json\/wp\/v2\/pages\/271"}],"collection":[{"href":"https:\/\/www.ub.edu\/calitme\/wp-json\/wp\/v2\/pages"}],"about":[{"href":"https:\/\/www.ub.edu\/calitme\/wp-json\/wp\/v2\/types\/page"}],"author":[{"embeddable":true,"href":"https:\/\/www.ub.edu\/calitme\/wp-json\/wp\/v2\/users\/1"}],"replies":[{"embeddable":true,"href":"https:\/\/www.ub.edu\/calitme\/wp-json\/wp\/v2\/comments?post=271"}],"version-history":[{"count":36,"href":"https:\/\/www.ub.edu\/calitme\/wp-json\/wp\/v2\/pages\/271\/revisions"}],"predecessor-version":[{"id":1876,"href":"https:\/\/www.ub.edu\/calitme\/wp-json\/wp\/v2\/pages\/271\/revisions\/1876"}],"wp:attachment":[{"href":"https:\/\/www.ub.edu\/calitme\/wp-json\/wp\/v2\/media?parent=271"}],"wp:term":[{"taxonomy":"category","embeddable":true,"href":"https:\/\/www.ub.edu\/calitme\/wp-json\/wp\/v2\/categories?post=271"},{"taxonomy":"post_tag","embeddable":true,"href":"https:\/\/www.ub.edu\/calitme\/wp-json\/wp\/v2\/tags?post=271"}],"curies":[{"name":"wp","href":"https:\/\/api.w.org\/{rel}","templated":true}]}}