{"id":435,"date":"2021-11-25T14:58:18","date_gmt":"2021-11-25T14:58:18","guid":{"rendered":"https:\/\/www.ub.edu\/cccub\/?page_id=435"},"modified":"2021-12-20T14:57:31","modified_gmt":"2021-12-20T14:57:31","slug":"variacio-funcional-cor","status":"publish","type":"page","link":"https:\/\/www.ub.edu\/cccub\/variacio-funcional-cor\/","title":{"rendered":"Variaci\u00f3 Funcional. Corpus Oral de Registres"},"content":{"rendered":"\n<div class=\"wp-block-advgb-columns advgb-columns-wrapper\" id=\"advgb-cols-1397dca4-a32c-480c-bea0-c70cad9a4033\"><div class=\"advgb-columns-container\"><div class=\"advgb-columns advgb-columns-row advgb-is-mobile advgb-columns-2 layout-23-13 mbl-layout-stacked gutter-40 vgutter-10\">\n<div class=\"wp-block-advgb-column advgb-column advgb-is-two-thirds-tablet advgb-is-full-mobile\" id=\"advgb-col-a565b0cd-9a32-493d-af4f-b1425806cb41\"><div class=\"advgb-column-inner\" style=\"border-style:none;border-width:1px\">\n<div class=\"wp-block-advgb-adv-tabs advgb-tabs-wrapper advgb-tab-horz-desktop advgb-tab-vert-tablet advgb-tab-stack-mobile advgb-tabs-6c79d1ad-cc6f-4915-8717-61d89326e7d1 cccub_tabs\" data-tab-active=\"0\"><ul class=\"advgb-tabs-panel\"><li class=\"advgb-tab\" style=\"background-color:#ffffff;border-style:none;border-width:1px;border-radius:0px\"><a href=\"#advgb-tabs-tab0\" style=\"color:#87898c\"><span>Publicacions<\/span><\/a><\/li><li class=\"advgb-tab\" style=\"background-color:#ffffff;border-style:none;border-width:1px;border-radius:0px\"><a href=\"#advgb-tabs-tab1\" style=\"color:#87898c\"><span>Textos per \u00e0mbit<\/span><\/a><\/li><\/ul><div class=\"advgb-tab-body-wrapper\" style=\"background-color:#ffffff;border-style:none;border-width:1px;border-radius:0px\">\n<div class=\"wp-block-advgb-tab advgb-tab-body-container\"><div class=\"advgb-tab-body-header\">Publicacions<\/div><div class=\"advgb-tab-_f6cecf-63 advgb-tab-body\" aria-labelledby=\"advgb-tabs-tab0\">\n<h2 class=\"wp-block-heading\">Publicacions<\/h2>\n\n\n<div class=\"wp-block-advgb-accordions advgb-accordion-wrapper ui-accordion ui-widget ui-helper-reset\" role=\"tablist\" data-collapsed=\"true\"><div class=\"wp-block-advgb-accordion-item advgb-accordion-item cccub_pub_links\" style=\"margin-bottom:15px\">\r\n\t\t<div class=\"advgb-accordion-header ui-accordion-header ui-corner-top ui-state-default ui-accordion-header-active ui-state-active ui-accordion-icons\"role=\"tab\" id=\"ui-id-1\" aria-controls=\"ui-id-2\" aria-selected=\"true\" aria-expanded=\"true\" tabindex=\"0\">\r\n\t\t\t<span class=\"ui-accordion-header-icon ui-icon ui-icon-triangle-1-s\"><\/span>\r\n\t\t\t<span class=\"advgb-accordion-header-icon\"><svg fill=\"#0072ce\" xmlns=\"http:\/\/www.w3.org\/2000\/svg\" width=\"24\" height=\"24\" viewBox=\"0 0 24 24\">\r\n\t\t\t\t<path fill=\"none\" d=\"M0,0h24v24H0V0z\"><\/path>\r\n\t\t\t\t<path d=\"M13,7h-2v4H7v2h4v4h2v-4h4v-2h-4V7z M12,2C6.48,2,2,6.48,2,12s4.48,10,10,10s10-4.48,10-10S17.52,2,12,2z M12,20 c-4.41,0-8-3.59-8-8s3.59-8,8-8s8,3.59,8,8S16.41,20,12,20z\"><\/path>\r\n\t\t\t\t<\/svg>\r\n\t\t\t<\/span>\r\n\t\t\t<div class=\"cccub_llista_pub\"><img loading=\"lazy\" decoding=\"async\" width=\"150\" height=\"150\" src=\"https:\/\/www.ub.edu\/cccub\/wp-content\/uploads\/2021\/11\/9788447528127_00_640x640-e1637868481869-150x150.jpg\" class=\"attachment-thumbnail size-thumbnail\" alt=\"\" srcset=\"https:\/\/www.ub.edu\/cccub\/wp-content\/uploads\/2021\/11\/9788447528127_00_640x640-e1637868481869-150x150.jpg 150w, https:\/\/www.ub.edu\/cccub\/wp-content\/uploads\/2021\/11\/9788447528127_00_640x640-e1637868481869-300x300.jpg 300w, https:\/\/www.ub.edu\/cccub\/wp-content\/uploads\/2021\/11\/9788447528127_00_640x640-e1637868481869.jpg 395w\" sizes=\"auto, (max-width: 150px) 100vw, 150px\" \/><h5 class=\"advgb-accordion-header-title\" style=\"color:inherit\"><p>Alturo, N\u00faria; \u00d2scar Bladas, Marta Pay\u00e0 i Llu\u00eds Payrat\u00f3 (ed.) (2004):\u00a0<em>Corpus oral de registres. Materials de treball.<\/em>\u00a0Barcelona:\u00a0Publicacions i Edicions de la Universitat de Barcelona. [Llibre i CD-ROM]\u00a0 ISBN: 84-475-2812-X<\/p>\n<\/h5><\/div>\r\n\t\t<\/div>\r\n\t\t<div class=\"advgb-accordion-body ui-accordion-content ui-corner-bottom ui-helper-reset ui-widget-content ui-accordion-content-active\"  id=\"ui-id-2\" aria-labelledby=\"ui-id-1\" role=\"tabpanel\" aria-hidden=\"false\">\r\n\t\t\t<ul class=\"textos\">\r\n\t\r\n\t\t\t\t\r\n\t\t\t\t\t<li class=\"corpus_txt isoitem Casament civil (CIV2)\"><h3><a href=\"http:\/\/diposit.ub.edu\/dspace\/handle\/2445\/11584\" target=\"_blank\" rel=\"noopener\">Casament civil (CIV2)<\/a><\/h3><\/li>\r\n\t\t\t\t\r\n\t\t\t\t\t<li class=\"corpus_txt isoitem Judici de primera inst\u00e0ncia (CIV1)\"><h3><a href=\"http:\/\/diposit.ub.edu\/dspace\/handle\/2445\/11583\" target=\"_blank\" rel=\"noopener\">Judici de primera inst\u00e0ncia (CIV1)<\/a><\/h3><\/li>\r\n\t\t\t\t\r\n\t\t\t\t\t<li class=\"corpus_txt isoitem Confer\u00e8ncia (EDUC4)\"><h3><a href=\"http:\/\/hdl.handle.net\/2445\/11592\" target=\"_blank\" rel=\"noopener\">Confer\u00e8ncia (EDUC4)<\/a><\/h3><\/li>\r\n\t\t\t\t\r\n\t\t\t\t\t<li class=\"corpus_txt isoitem Classe magistral (EDUC3)\"><h3><a href=\"http:\/\/hdl.handle.net\/2445\/11591\" target=\"_blank\" rel=\"noopener\">Classe magistral (EDUC3)<\/a><\/h3><\/li>\r\n\t\t\t\t\r\n\t\t\t\t\t<li class=\"corpus_txt isoitem Conte escolar (EDUC2)\"><h3><a href=\"http:\/\/hdl.handle.net\/2445\/11590\" target=\"_blank\" rel=\"noopener\">Conte escolar (EDUC2)<\/a><\/h3><\/li>\r\n\t\t\t\t\r\n\t\t\t\t\t<li class=\"corpus_txt isoitem Reuni\u00f3 de professors (EDUC1)\"><h3><a href=\"http:\/\/hdl.handle.net\/2445\/11589\" target=\"_blank\" rel=\"noopener\">Reuni\u00f3 de professors (EDUC1)<\/a><\/h3><\/li>\r\n\t\t\t\t\r\n\t\t\t\t\t<li class=\"corpus_txt isoitem Roda de premsa (POL4)\"><h3><a href=\"http:\/\/hdl.handle.net\/2445\/11602\" target=\"_blank\" rel=\"noopener\">Roda de premsa (POL4)<\/a><\/h3><\/li>\r\n\t\t\t\t\r\n\t\t\t\t\t<li class=\"corpus_txt isoitem Conversa telef\u00f2nica (PRIV3)\"><h3><a href=\"http:\/\/hdl.handle.net\/2445\/11606\" target=\"_blank\" rel=\"noopener\">Conversa telef\u00f2nica (PRIV3)<\/a><\/h3><\/li>\r\n\t\t\t\t\r\n\t\r\n\t\t\t<\/ul>\t\r\n\t\t<\/div>\r\n\t<\/div><\/div>\n\n\n<p><\/p>\n<\/div><\/div>\n\n\n\n<div class=\"wp-block-advgb-tab advgb-tab-body-container\"><div class=\"advgb-tab-body-header\">Textos per \u00e0mbit<\/div><div class=\"advgb-tab-_430730-91 advgb-tab-body\" aria-labelledby=\"advgb-tabs-tab1\">\n<h2 class=\"wp-block-heading\">Textos per \u00e0mbit<\/h2>\n\n\n\n<div class=\"wp-block-advgb-accordions advgb-accordion-wrapper cccub_accordion\" data-collapsed=\"true\">\n<div class=\"wp-block-advgb-accordion-item advgb-accordion-item\" style=\"margin-bottom:15px\"><div class=\"advgb-accordion-header\" style=\"background-color:#ffffff;color:#1e73be;border-style:solid;border-width:1px;border-color:#ffffff;border-radius:2px\"><span class=\"advgb-accordion-header-icon\"><svg fill=\"#1e73be\" xmlns=\"http:\/\/www.w3.org\/2000\/svg\" width=\"24\" height=\"24\" viewbox=\"0 0 24 24\"><path fill=\"none\" d=\"M0,0h24v24H0V0z\"><\/path><path d=\"M13,7h-2v4H7v2h4v4h2v-4h4v-2h-4V7z M12,2C6.48,2,2,6.48,2,12s4.48,10,10,10s10-4.48,10-10S17.52,2,12,2z M12,20 c-4.41,0-8-3.59-8-8s3.59-8,8-8s8,3.59,8,8S16.41,20,12,20z\"><\/path><\/svg><\/span><h3 class=\"advgb-accordion-header-title\" style=\"color:inherit\">\u00c0mbit civil<\/h3><\/div><div class=\"advgb-accordion-body\" style=\"border-style:solid !important;border-width:1px !important;border-color:#ffffff !important;border-top:none !important;border-radius:2px !important\">\n<p><\/p>\n\n\n<ul><li class=\"corpus_txt isoitem Casament civil (CIV2)\"><h5 ><a href=\"http:\/\/diposit.ub.edu\/dspace\/handle\/2445\/11584\">Casament civil (CIV2)<\/a><\/h5><\/li><li class=\"corpus_txt isoitem Judici de primera inst\u00e0ncia (CIV1)\"><h5 ><a href=\"http:\/\/diposit.ub.edu\/dspace\/handle\/2445\/11583\">Judici de primera inst\u00e0ncia (CIV1)<\/a><\/h5><\/li><\/ul>\n\n\n<p><\/p>\n<\/div><\/div>\n\n\n\n<div class=\"wp-block-advgb-accordion-item advgb-accordion-item\" style=\"margin-bottom:15px\"><div class=\"advgb-accordion-header\" style=\"background-color:#ffffff;color:#1e73be;border-style:solid;border-width:1px;border-color:#ffffff;border-radius:2px\"><span class=\"advgb-accordion-header-icon\"><svg fill=\"#1e73be\" xmlns=\"http:\/\/www.w3.org\/2000\/svg\" width=\"24\" height=\"24\" viewbox=\"0 0 24 24\"><path fill=\"none\" d=\"M0,0h24v24H0V0z\"><\/path><path d=\"M13,7h-2v4H7v2h4v4h2v-4h4v-2h-4V7z M12,2C6.48,2,2,6.48,2,12s4.48,10,10,10s10-4.48,10-10S17.52,2,12,2z M12,20 c-4.41,0-8-3.59-8-8s3.59-8,8-8s8,3.59,8,8S16.41,20,12,20z\"><\/path><\/svg><\/span><h3 class=\"advgb-accordion-header-title\" style=\"color:inherit\">\u00c0mbit educatiu, acad\u00e8mic, cient\u00edfic<\/h3><\/div><div class=\"advgb-accordion-body\" style=\"border-style:solid !important;border-width:1px !important;border-color:#ffffff !important;border-top:none !important;border-radius:2px !important\">\n<p><\/p>\n\n\n<ul><li class=\"corpus_txt isoitem Classe magistral (EDUC3)\"><h5 ><a href=\"http:\/\/hdl.handle.net\/2445\/11591\">Classe magistral (EDUC3)<\/a><\/h5><\/li><li class=\"corpus_txt isoitem Confer\u00e8ncia (EDUC4)\"><h5 ><a href=\"http:\/\/hdl.handle.net\/2445\/11592\">Confer\u00e8ncia (EDUC4)<\/a><\/h5><\/li><li class=\"corpus_txt isoitem Conte escolar (EDUC2)\"><h5 ><a href=\"http:\/\/hdl.handle.net\/2445\/11590\">Conte escolar (EDUC2)<\/a><\/h5><\/li><li class=\"corpus_txt isoitem Reuni\u00f3 de professors (EDUC1)\"><h5 ><a href=\"http:\/\/hdl.handle.net\/2445\/11589\">Reuni\u00f3 de professors (EDUC1)<\/a><\/h5><\/li><\/ul>\n\n\n<p><\/p>\n<\/div><\/div>\n<\/div>\n\n\n\n<p><\/p>\n<\/div><\/div>\n<\/div><\/div>\n\n\n\n<p><\/p>\n<\/div><\/div>\n\n\n\n<div class=\"wp-block-advgb-column advgb-column advgb-is-one-third-tablet advgb-is-full-mobile\" id=\"advgb-col-967569b0-6cd9-425c-a70a-1ef35638f91b\"><div class=\"advgb-column-inner\" style=\"border-style:none;border-width:1px\">\n<h2 class=\"wp-block-heading\">El Corpus COR<\/h2>\n\n\n\n<p><\/p>\n\n\n\n<p>El <em>Corpus oral de registres<\/em> (COR) consta d\u2019un total de 168 textos orals que constitueixen una mostra de la variaci\u00f3 funcional en la llengua catalana entre l\u2019any 1994 i el 2000. La mostra compr\u00e8n, en conjunt, un total de 154198 paraules.&nbsp;<\/p>\n\n\n\n<p>Els textos s\u00f3n caracter\u00edstics de 26 g\u00e8neres de discurs produ\u00efts en 7 \u00e0mbits diferents. Amb el terme <em>g\u00e8nere de discurs<\/em> ens referim a les classes de text que associem a un fet comunicatiu que ocorre en un context social particular (per exemple una roda de premsa). Amb el terme <em>\u00e0mbit<\/em> ens referim al domini o context social ampli en qu\u00e8 es produeix un discurs particular. En el cas del COR, els textos formen part dels \u00e0mbits civil, cultural, educatiu-acad\u00e8mic-cient\u00edfic, empresarial-comercial, pol\u00edtic, privat i religi\u00f3s.<\/p>\n\n\n\n<p>Els arxius sonors dels textos i la transcripci\u00f3 discursiva que se n\u2019ha fet es poden consultar a la <a href=\"http:\/\/diposit.ub.edu\/dspace\/handle\/2445\/10412\">p\u00e0gina del COR del Dip\u00f2sit Digital de la Universitat de Barcelona<\/a>. Per a m\u00e9s informaci\u00f3 sobre el COR es pot consultar Alturo, Bladas, Pay\u00e0 i Payrat\u00f3 (ed.) (2004).<\/p>\n<\/div><\/div>\n<\/div><\/div><\/div>\n\n\n\n<p><\/p>\n<style class=\"advgb-styles-renderer\">.advgb-tabs-6c79d1ad-cc6f-4915-8717-61d89326e7d1 ul.advgb-tabs-panel li.advgb-tab.advgb-tab-active {background-color:#ffffff !important;color:#1e73be !important;}#advgb-tabs-6c79d1ad-cc6f-4915-8717-61d89326e7d1 .advgb-tab-body-header.header-active, .advgb-tabs-6c79d1ad-cc6f-4915-8717-61d89326e7d1 .advgb-tab-body-header.header-active{background-color:#ffffff !important;color:#1e73be !important;}#advgb-col-a565b0cd-9a32-493d-af4f-b1425806cb41>.advgb-column-inner{}@media screen and (max-width: 1023px) {#advgb-col-a565b0cd-9a32-493d-af4f-b1425806cb41>.advgb-column-inner{}}@media screen and (max-width: 767px) {#advgb-col-a565b0cd-9a32-493d-af4f-b1425806cb41>.advgb-column-inner{}}.advgb-tabs-6c79d1ad-cc6f-4915-8717-61d89326e7d1 ul.advgb-tabs-panel li.advgb-tab.advgb-tab-active {background-color:#ffffff !important;color:#1e73be !important;}#advgb-tabs-6c79d1ad-cc6f-4915-8717-61d89326e7d1 .advgb-tab-body-header.header-active, .advgb-tabs-6c79d1ad-cc6f-4915-8717-61d89326e7d1 .advgb-tab-body-header.header-active{background-color:#ffffff !important;color:#1e73be !important;}#advgb-col-967569b0-6cd9-425c-a70a-1ef35638f91b>.advgb-column-inner{}@media screen and (max-width: 1023px) {#advgb-col-967569b0-6cd9-425c-a70a-1ef35638f91b>.advgb-column-inner{}}@media screen and (max-width: 767px) {#advgb-col-967569b0-6cd9-425c-a70a-1ef35638f91b>.advgb-column-inner{}}#advgb-cols-1397dca4-a32c-480c-bea0-c70cad9a4033{padding-top:0em;padding-right:0em;padding-left:0em;}@media screen and (max-width: 1023px) {#advgb-cols-1397dca4-a32c-480c-bea0-c70cad9a4033{}}@media screen and (max-width: 767px) {#advgb-cols-1397dca4-a32c-480c-bea0-c70cad9a4033{}}#advgb-col-a565b0cd-9a32-493d-af4f-b1425806cb41>.advgb-column-inner{}@media screen and (max-width: 1023px) {#advgb-col-a565b0cd-9a32-493d-af4f-b1425806cb41>.advgb-column-inner{}}@media screen and (max-width: 767px) {#advgb-col-a565b0cd-9a32-493d-af4f-b1425806cb41>.advgb-column-inner{}}.advgb-tabs-6c79d1ad-cc6f-4915-8717-61d89326e7d1 ul.advgb-tabs-panel li.advgb-tab.advgb-tab-active {background-color:#ffffff !important;color:#1e73be !important;}#advgb-tabs-6c79d1ad-cc6f-4915-8717-61d89326e7d1 .advgb-tab-body-header.header-active, .advgb-tabs-6c79d1ad-cc6f-4915-8717-61d89326e7d1 .advgb-tab-body-header.header-active{background-color:#ffffff !important;color:#1e73be !important;}#advgb-col-967569b0-6cd9-425c-a70a-1ef35638f91b>.advgb-column-inner{}@media screen and (max-width: 1023px) {#advgb-col-967569b0-6cd9-425c-a70a-1ef35638f91b>.advgb-column-inner{}}@media screen and (max-width: 767px) {#advgb-col-967569b0-6cd9-425c-a70a-1ef35638f91b>.advgb-column-inner{}}<\/style>","protected":false},"excerpt":{"rendered":"","protected":false},"author":1,"featured_media":669,"parent":0,"menu_order":0,"comment_status":"closed","ping_status":"closed","template":"","meta":{"advgb_blocks_editor_width":"","advgb_blocks_columns_visual_guide":"","footnotes":""},"class_list":["post-435","page","type-page","status-publish","has-post-thumbnail","hentry","entry","has-media"],"coauthors":[],"author_meta":{"author_link":"https:\/\/www.ub.edu\/cccub\/author\/sandra\/","display_name":"sandra"},"relative_dates":{"created":"Posted 4 anys ago","modified":"Updated 4 anys ago"},"absolute_dates":{"created":"Posted on 25\/11\/2021","modified":"Updated on 20\/12\/2021"},"absolute_dates_time":{"created":"Posted on 25\/11\/2021 14:58","modified":"Updated on 20\/12\/2021 14:57"},"featured_img_caption":"","featured_img":"https:\/\/www.ub.edu\/cccub\/wp-content\/uploads\/2021\/12\/cccub-funcional-Neus.jpg","_links":{"self":[{"href":"https:\/\/www.ub.edu\/cccub\/wp-json\/wp\/v2\/pages\/435","targetHints":{"allow":["GET"]}}],"collection":[{"href":"https:\/\/www.ub.edu\/cccub\/wp-json\/wp\/v2\/pages"}],"about":[{"href":"https:\/\/www.ub.edu\/cccub\/wp-json\/wp\/v2\/types\/page"}],"author":[{"embeddable":true,"href":"https:\/\/www.ub.edu\/cccub\/wp-json\/wp\/v2\/users\/1"}],"replies":[{"embeddable":true,"href":"https:\/\/www.ub.edu\/cccub\/wp-json\/wp\/v2\/comments?post=435"}],"version-history":[{"count":28,"href":"https:\/\/www.ub.edu\/cccub\/wp-json\/wp\/v2\/pages\/435\/revisions"}],"predecessor-version":[{"id":934,"href":"https:\/\/www.ub.edu\/cccub\/wp-json\/wp\/v2\/pages\/435\/revisions\/934"}],"wp:featuredmedia":[{"embeddable":true,"href":"https:\/\/www.ub.edu\/cccub\/wp-json\/wp\/v2\/media\/669"}],"wp:attachment":[{"href":"https:\/\/www.ub.edu\/cccub\/wp-json\/wp\/v2\/media?parent=435"}],"curies":[{"name":"wp","href":"https:\/\/api.w.org\/{rel}","templated":true}]}}