{"id":2279,"date":"2023-07-14T10:16:22","date_gmt":"2023-07-14T08:16:22","guid":{"rendered":"https:\/\/www.ub.edu\/ccle\/?page_id=2279"},"modified":"2024-12-23T15:52:08","modified_gmt":"2024-12-23T13:52:08","slug":"presentacio","status":"publish","type":"page","link":"https:\/\/www.ub.edu\/ccle\/","title":{"rendered":"Inici"},"content":{"rendered":"\n<div class=\"wp-block-group alignwide is-vertical is-content-justification-center is-layout-flex wp-container-core-group-is-layout-48c2c4f0 wp-block-group-is-layout-flex\">\n<div style=\"height:20px\" aria-hidden=\"true\" class=\"wp-block-spacer wp-container-content-62aae154\"><\/div>\n\n\n\n<h2 class=\"wp-block-heading has-text-align-center has-text-color has-link-color has-large-font-size wp-elements-ec56e806610d1d837dcc693feb7d0b87\" style=\"color:#4365a0\"><strong>Climate Change<br>and<br>Landscape Ecology<\/strong><\/h2>\n<\/div>\n\n\n\n<div style=\"height:30px\" aria-hidden=\"true\" class=\"wp-block-spacer\"><\/div>\n\n\n\n<div class=\"wp-block-cover alignwide is-light\" style=\"min-height:382px;aspect-ratio:unset;\"><span aria-hidden=\"true\" class=\"wp-block-cover__background has-nv-site-bg-background-color has-background-dim-0 has-background-dim\"><\/span><img loading=\"lazy\" decoding=\"async\" width=\"2560\" height=\"897\" class=\"wp-block-cover__image-background wp-image-3311\" alt=\"\" src=\"https:\/\/www.ub.edu\/ccle\/wp-content\/uploads\/Layout_Landsat-scaled.jpg\" style=\"object-position:100% 0%\" data-object-fit=\"cover\" data-object-position=\"100% 0%\" srcset=\"https:\/\/www.ub.edu\/ccle\/wp-content\/uploads\/Layout_Landsat-scaled.jpg 2560w, https:\/\/www.ub.edu\/ccle\/wp-content\/uploads\/Layout_Landsat-300x105.jpg 300w, https:\/\/www.ub.edu\/ccle\/wp-content\/uploads\/Layout_Landsat-1024x359.jpg 1024w, https:\/\/www.ub.edu\/ccle\/wp-content\/uploads\/Layout_Landsat-150x53.jpg 150w, https:\/\/www.ub.edu\/ccle\/wp-content\/uploads\/Layout_Landsat-768x269.jpg 768w, https:\/\/www.ub.edu\/ccle\/wp-content\/uploads\/Layout_Landsat-1536x538.jpg 1536w, https:\/\/www.ub.edu\/ccle\/wp-content\/uploads\/Layout_Landsat-2048x718.jpg 2048w\" sizes=\"auto, (max-width: 2560px) 100vw, 2560px\" \/><div class=\"wp-block-cover__inner-container is-layout-flow wp-block-cover-is-layout-flow\">\n<p><\/p>\n<\/div><\/div>\n\n\n\n<div style=\"height:63px\" aria-hidden=\"true\" class=\"wp-block-spacer\"><\/div>\n\n\n\n<div class=\"wp-block-group alignwide\"><div class=\"wp-block-group__inner-container is-layout-constrained wp-block-group-is-layout-constrained\">\n<h2 class=\"wp-block-heading alignwide has-text-align-center has-neve-text-color-color has-text-color has-background\" style=\"background-color:#a0b4d6\"><strong>Not\u00edcies<\/strong><\/h2>\n\n\n\n<div class=\"wp-block-columns is-layout-flex wp-container-core-columns-is-layout-9d6595d7 wp-block-columns-is-layout-flex\">\n<div class=\"wp-block-column is-layout-flow wp-block-column-is-layout-flow\" style=\"flex-basis:100%\">\n<div class=\"wp-block-columns is-layout-flex wp-container-core-columns-is-layout-9d6595d7 wp-block-columns-is-layout-flex\">\n<div class=\"wp-block-column is-layout-flow wp-block-column-is-layout-flow\" style=\"flex-basis:100%\">\n<script type=\"module\" src=\"https:\/\/cdn.jsdelivr.net\/npm\/bsky-embed\/dist\/bsky-embed.es.js\" async><\/script>\n\n<h2 style=\"text-align: center;\">Segueix-nos al nostre perfil de Bluesky<\/h2>\n\n<!-- Contenedor del feed con l\u00edmite visual -->\n<div style=\"max-height: 500px; overflow-y: auto; border: 1px solid #ccc; padding: 10px;\">\n  <bsky-embed\n    username=\"ccleub.bsky.social\"  <!-- Aseg\u00farate de poner tu nombre de usuario de Bluesky aqu\u00ed -->\n    mode=&#8221;dark&#8221;                    <!-- Modo oscuro -->\n    link-target=&#8221;_blank&#8221;           <!-- Los enlaces se abren en una nueva pesta\u00f1a -->\n    link-image=&#8221;false&#8221;             <!-- No mostrar im\u00e1genes en los enlaces -->\n    load-more=&#8221;false&#8221;              <!-- Desactivar carga de m\u00e1s publicaciones -->\n    custom-styles=&#8221;.border-slate-300 { border-color: dark; }&#8221; <!-- Personalizaci\u00f3n del borde -->\n  >\n  <\/bsky-embed>\n<\/div>\n\n\n<\/div>\n<\/div>\n<\/div>\n<\/div>\n<\/div><\/div>\n\n\n\n<div class=\"wp-block-media-text alignwide is-stacked-on-mobile is-vertically-aligned-center has-background\" style=\"background-color:#b7cee5;text-decoration:none;grid-template-columns:52% auto\"><figure class=\"wp-block-media-text__media\"><img loading=\"lazy\" decoding=\"async\" width=\"1024\" height=\"977\" src=\"https:\/\/www.ub.edu\/ccle\/wp-content\/uploads\/Captura-de-pantalla-2023-10-05-a-les-17.45.35-1024x977.png\" alt=\"\" class=\"wp-image-2993 size-full\" srcset=\"https:\/\/www.ub.edu\/ccle\/wp-content\/uploads\/Captura-de-pantalla-2023-10-05-a-les-17.45.35-1024x977.png 1024w, https:\/\/www.ub.edu\/ccle\/wp-content\/uploads\/Captura-de-pantalla-2023-10-05-a-les-17.45.35-300x286.png 300w, https:\/\/www.ub.edu\/ccle\/wp-content\/uploads\/Captura-de-pantalla-2023-10-05-a-les-17.45.35-150x143.png 150w, https:\/\/www.ub.edu\/ccle\/wp-content\/uploads\/Captura-de-pantalla-2023-10-05-a-les-17.45.35-768x733.png 768w, https:\/\/www.ub.edu\/ccle\/wp-content\/uploads\/Captura-de-pantalla-2023-10-05-a-les-17.45.35.png 1090w\" sizes=\"auto, (max-width: 1024px) 100vw, 1024px\" \/><\/figure><div class=\"wp-block-media-text__content\">\n<div class=\"wp-block-group\"><div class=\"wp-block-group__inner-container is-layout-constrained wp-block-group-is-layout-constrained\">\n<div style=\"height:18px\" aria-hidden=\"true\" class=\"wp-block-spacer\"><\/div>\n\n\n\n<h2 class=\"wp-block-heading has-text-align-left has-text-color\" style=\"color:#4365a0\"><a href=\"https:\/\/www.ub.edu\/ccle\/grup\/\">Grup<\/a><\/h2>\n\n\n\n<p style=\"font-size:18px\">Benvinguts a la p\u00e0gina web del Grup d&#8217;Investigaci\u00f3 CCLE. Som un grup interdisciplinari de cient\u00edfics i investigadors.<\/p>\n\n\n\n<p style=\"font-size:18px\">Centrem els nostres esfor\u00e7os especialment en l&#8217;estudi de la climatologia, bioclimatologia i biogeografia dels espais mediterranis i de les illes Can\u00e0ries. Aprofundim en l&#8217;ecologia, distribuci\u00f3, adaptaci\u00f3 i interaccions amb el seu entorn, aix\u00ed com en l&#8217;estudi de la comprensi\u00f3 del canvi clim\u00e0tic i l&#8217;escalfament global.<\/p>\n<\/div><\/div>\n<\/div><\/div>\n\n\n\n<div style=\"height:64px\" aria-hidden=\"true\" class=\"wp-block-spacer\"><\/div>\n\n\n\n<div class=\"wp-block-media-text alignwide has-media-on-the-right is-stacked-on-mobile is-vertically-aligned-center has-background\" style=\"background-color:#b7cee5;text-decoration:none;grid-template-columns:auto 64%\"><div class=\"wp-block-media-text__content\">\n<div class=\"wp-block-group\"><div class=\"wp-block-group__inner-container is-layout-constrained wp-block-group-is-layout-constrained\">\n<div style=\"height:18px\" aria-hidden=\"true\" class=\"wp-block-spacer\"><\/div>\n\n\n\n<h2 class=\"wp-block-heading has-text-align-left has-text-color\" style=\"color:#4365a0\"><a href=\"https:\/\/www.ub.edu\/ccle\/proyectes-ccle\/\">Projectes<\/a><\/h2>\n\n\n\n<p class=\"has-text-align-left has-neve-text-color-color has-text-color\" style=\"font-size:17px\">Aquest grup ha gaudit de diversos projectes.<\/p>\n\n\n\n<p class=\"has-text-align-left has-neve-text-color-color has-text-color\" style=\"font-size:17px\">PID2020-116860RB-C21 &#8220;Eventos compuestos secos y c\u00e1lidos en la Espa\u00f1a peninsular&#8221; del Ministerio de Ciencia e Innovaci\u00f3n<\/p>\n\n\n\n<p class=\"has-text-align-left has-neve-text-color-color has-text-color\" style=\"font-size:17px\">101077229 del Transforming Open responsible Research and Innovation through Charm (TORCH) de la Uni\u00f3 Europea<\/p>\n\n\n\n<div style=\"height:18px\" aria-hidden=\"true\" class=\"wp-block-spacer\"><\/div>\n<\/div><\/div>\n<\/div><figure class=\"wp-block-media-text__media\"><img loading=\"lazy\" decoding=\"async\" width=\"1024\" height=\"768\" src=\"https:\/\/www.ub.edu\/ccle\/wp-content\/uploads\/SN03-007JJ_-E2GPS-1024x768.jpg\" alt=\"\" class=\"wp-image-2452 size-full\" srcset=\"https:\/\/www.ub.edu\/ccle\/wp-content\/uploads\/SN03-007JJ_-E2GPS-1024x768.jpg 1024w, https:\/\/www.ub.edu\/ccle\/wp-content\/uploads\/SN03-007JJ_-E2GPS-300x225.jpg 300w, https:\/\/www.ub.edu\/ccle\/wp-content\/uploads\/SN03-007JJ_-E2GPS-150x113.jpg 150w, https:\/\/www.ub.edu\/ccle\/wp-content\/uploads\/SN03-007JJ_-E2GPS-768x576.jpg 768w, https:\/\/www.ub.edu\/ccle\/wp-content\/uploads\/SN03-007JJ_-E2GPS-1536x1152.jpg 1536w, https:\/\/www.ub.edu\/ccle\/wp-content\/uploads\/SN03-007JJ_-E2GPS.jpg 2048w\" sizes=\"auto, (max-width: 1024px) 100vw, 1024px\" \/><\/figure><\/div>\n\n\n\n<div style=\"height:64px\" aria-hidden=\"true\" class=\"wp-block-spacer\"><\/div>\n\n\n\n<div class=\"wp-block-media-text alignwide is-stacked-on-mobile is-vertically-aligned-center has-background\" style=\"background-color:#b7cee5;text-decoration:none;grid-template-columns:62% auto\"><figure class=\"wp-block-media-text__media\"><img loading=\"lazy\" decoding=\"async\" width=\"1024\" height=\"684\" src=\"https:\/\/www.ub.edu\/ccle\/wp-content\/uploads\/IMG_3708-1-1024x684.jpg\" alt=\"\" class=\"wp-image-2458 size-full\" srcset=\"https:\/\/www.ub.edu\/ccle\/wp-content\/uploads\/IMG_3708-1-1024x684.jpg 1024w, https:\/\/www.ub.edu\/ccle\/wp-content\/uploads\/IMG_3708-1-300x200.jpg 300w, https:\/\/www.ub.edu\/ccle\/wp-content\/uploads\/IMG_3708-1-150x100.jpg 150w, https:\/\/www.ub.edu\/ccle\/wp-content\/uploads\/IMG_3708-1-768x513.jpg 768w, https:\/\/www.ub.edu\/ccle\/wp-content\/uploads\/IMG_3708-1-1536x1025.jpg 1536w, https:\/\/www.ub.edu\/ccle\/wp-content\/uploads\/IMG_3708-1-2048x1367.jpg 2048w, https:\/\/www.ub.edu\/ccle\/wp-content\/uploads\/IMG_3708-1-930x620.jpg 930w\" sizes=\"auto, (max-width: 1024px) 100vw, 1024px\" \/><\/figure><div class=\"wp-block-media-text__content\">\n<div class=\"wp-block-group\"><div class=\"wp-block-group__inner-container is-layout-constrained wp-block-group-is-layout-constrained\">\n<div style=\"height:18px\" aria-hidden=\"true\" class=\"wp-block-spacer\"><\/div>\n\n\n\n<h2 class=\"wp-block-heading has-text-align-left has-text-color\" style=\"color:#4365a0\"><a href=\"https:\/\/www.ub.edu\/ccle\/publicacions-ccle\/\">Publicacions<\/a><\/h2>\n\n\n\n<p style=\"font-size:18px\">Les nostres investigacions se centren en dues \u00e0rees de recerca, canvi clim\u00e0tic i ecologia del paisatge. <\/p>\n\n\n\n<div style=\"height:18px\" aria-hidden=\"true\" class=\"wp-block-spacer\"><\/div>\n<\/div><\/div>\n<\/div><\/div>\n\n\n\n<div style=\"height:64px\" aria-hidden=\"true\" class=\"wp-block-spacer\"><\/div>\n","protected":false},"excerpt":{"rendered":"<p>Climate ChangeandLandscape Ecology Not\u00edcies Segueix-nos al nostre perfil de Bluesky<\/p>\n","protected":false},"author":1,"featured_media":0,"parent":0,"menu_order":0,"comment_status":"closed","ping_status":"closed","template":"","meta":{"neve_meta_sidebar":"default","neve_meta_container":"contained","neve_meta_enable_content_width":"","neve_meta_content_width":70,"neve_meta_title_alignment":"","neve_meta_author_avatar":"","neve_post_elements_order":"","neve_meta_disable_header":"","neve_meta_disable_footer":"","neve_meta_disable_title":"","footnotes":""},"class_list":["post-2279","page","type-page","status-publish","hentry"],"yoast_head":"<!-- This site is optimized with the Yoast SEO plugin v27.5 - https:\/\/yoast.com\/product\/yoast-seo-wordpress\/ -->\n<title>Presentaci\u00f3 - Climate Change and Landscape Ecology (CCLE)<\/title>\n<meta name=\"description\" content=\"Benvinguts a la p\u00e0gina web del Grup d\u2019Investigaci\u00f3 CCLE. Som un grup interdisciplinari de cient\u00edfics i investigadors. Centrem els nostres esfor\u00e7os especialment en l\u2019estudi de la climatologia, bioclimatologia i biogeografia dels espais mediterranis i de les illes Can\u00e0ries\" \/>\n<meta name=\"robots\" content=\"index, follow, max-snippet:-1, max-image-preview:large, max-video-preview:-1\" \/>\n<link rel=\"canonical\" href=\"https:\/\/www.ub.edu\/ccle\/\" \/>\n<meta property=\"og:locale\" content=\"ca_ES\" \/>\n<meta property=\"og:type\" content=\"article\" \/>\n<meta property=\"og:title\" content=\"Presentaci\u00f3 - Climate Change and Landscape Ecology (CCLE)\" \/>\n<meta property=\"og:description\" content=\"Benvinguts a la p\u00e0gina web del Grup d\u2019Investigaci\u00f3 CCLE. Som un grup interdisciplinari de cient\u00edfics i investigadors. Centrem els nostres esfor\u00e7os especialment en l\u2019estudi de la climatologia, bioclimatologia i biogeografia dels espais mediterranis i de les illes Can\u00e0ries\" \/>\n<meta property=\"og:url\" content=\"https:\/\/www.ub.edu\/ccle\/\" \/>\n<meta property=\"article:modified_time\" content=\"2024-12-23T13:52:08+00:00\" \/>\n<meta property=\"og:image\" content=\"https:\/\/www.ub.edu\/ccle\/wp-content\/uploads\/Layout_Landsat-scaled.jpg\" \/>\n\t<meta property=\"og:image:width\" content=\"2560\" \/>\n\t<meta property=\"og:image:height\" content=\"897\" \/>\n\t<meta property=\"og:image:type\" content=\"image\/jpeg\" \/>\n<meta name=\"twitter:card\" content=\"summary_large_image\" \/>\n<meta name=\"twitter:site\" content=\"@Paisatge_UB\" \/>\n<meta name=\"twitter:label1\" content=\"Temps estimat de lectura\" \/>\n\t<meta name=\"twitter:data1\" content=\"2 minuts\" \/>\n<script type=\"application\/ld+json\" class=\"yoast-schema-graph\">{\"@context\":\"https:\\\/\\\/schema.org\",\"@graph\":[{\"@type\":\"WebPage\",\"@id\":\"https:\\\/\\\/www.ub.edu\\\/ccle\\\/\",\"url\":\"https:\\\/\\\/www.ub.edu\\\/ccle\\\/\",\"name\":\"Presentaci\u00f3 - Climate Change and Landscape Ecology (CCLE)\",\"isPartOf\":{\"@id\":\"https:\\\/\\\/www.ub.edu\\\/ccle\\\/#website\"},\"primaryImageOfPage\":{\"@id\":\"https:\\\/\\\/www.ub.edu\\\/ccle\\\/#primaryimage\"},\"image\":{\"@id\":\"https:\\\/\\\/www.ub.edu\\\/ccle\\\/#primaryimage\"},\"thumbnailUrl\":\"https:\\\/\\\/www.ub.edu\\\/ccle\\\/wp-content\\\/uploads\\\/Layout_Landsat-scaled.jpg\",\"datePublished\":\"2023-07-14T08:16:22+00:00\",\"dateModified\":\"2024-12-23T13:52:08+00:00\",\"description\":\"Benvinguts a la p\u00e0gina web del Grup d\u2019Investigaci\u00f3 CCLE. Som un grup interdisciplinari de cient\u00edfics i investigadors. Centrem els nostres esfor\u00e7os especialment en l\u2019estudi de la climatologia, bioclimatologia i biogeografia dels espais mediterranis i de les illes Can\u00e0ries\",\"breadcrumb\":{\"@id\":\"https:\\\/\\\/www.ub.edu\\\/ccle\\\/#breadcrumb\"},\"inLanguage\":\"ca\",\"potentialAction\":[{\"@type\":\"ReadAction\",\"target\":[\"https:\\\/\\\/www.ub.edu\\\/ccle\\\/\"]}]},{\"@type\":\"ImageObject\",\"inLanguage\":\"ca\",\"@id\":\"https:\\\/\\\/www.ub.edu\\\/ccle\\\/#primaryimage\",\"url\":\"https:\\\/\\\/www.ub.edu\\\/ccle\\\/wp-content\\\/uploads\\\/Layout_Landsat-scaled.jpg\",\"contentUrl\":\"https:\\\/\\\/www.ub.edu\\\/ccle\\\/wp-content\\\/uploads\\\/Layout_Landsat-scaled.jpg\",\"width\":2560,\"height\":897},{\"@type\":\"BreadcrumbList\",\"@id\":\"https:\\\/\\\/www.ub.edu\\\/ccle\\\/#breadcrumb\",\"itemListElement\":[{\"@type\":\"ListItem\",\"position\":1,\"name\":\"Inici\",\"item\":\"https:\\\/\\\/www.ub.edu\\\/ccle\\\/\"},{\"@type\":\"ListItem\",\"position\":2,\"name\":\"Inici\"}]},{\"@type\":\"WebSite\",\"@id\":\"https:\\\/\\\/www.ub.edu\\\/ccle\\\/#website\",\"url\":\"https:\\\/\\\/www.ub.edu\\\/ccle\\\/\",\"name\":\"Climate Change and Landscape Ecology\",\"description\":\"\",\"alternateName\":\"CCLE\",\"potentialAction\":[{\"@type\":\"SearchAction\",\"target\":{\"@type\":\"EntryPoint\",\"urlTemplate\":\"https:\\\/\\\/www.ub.edu\\\/ccle\\\/?s={search_term_string}\"},\"query-input\":{\"@type\":\"PropertyValueSpecification\",\"valueRequired\":true,\"valueName\":\"search_term_string\"}}],\"inLanguage\":\"ca\"}]}<\/script>\n<!-- \/ Yoast SEO plugin. -->","yoast_head_json":{"title":"Presentaci\u00f3 - Climate Change and Landscape Ecology (CCLE)","description":"Benvinguts a la p\u00e0gina web del Grup d\u2019Investigaci\u00f3 CCLE. Som un grup interdisciplinari de cient\u00edfics i investigadors. Centrem els nostres esfor\u00e7os especialment en l\u2019estudi de la climatologia, bioclimatologia i biogeografia dels espais mediterranis i de les illes Can\u00e0ries","robots":{"index":"index","follow":"follow","max-snippet":"max-snippet:-1","max-image-preview":"max-image-preview:large","max-video-preview":"max-video-preview:-1"},"canonical":"https:\/\/www.ub.edu\/ccle\/","og_locale":"ca_ES","og_type":"article","og_title":"Presentaci\u00f3 - Climate Change and Landscape Ecology (CCLE)","og_description":"Benvinguts a la p\u00e0gina web del Grup d\u2019Investigaci\u00f3 CCLE. Som un grup interdisciplinari de cient\u00edfics i investigadors. Centrem els nostres esfor\u00e7os especialment en l\u2019estudi de la climatologia, bioclimatologia i biogeografia dels espais mediterranis i de les illes Can\u00e0ries","og_url":"https:\/\/www.ub.edu\/ccle\/","article_modified_time":"2024-12-23T13:52:08+00:00","og_image":[{"width":2560,"height":897,"url":"https:\/\/www.ub.edu\/ccle\/wp-content\/uploads\/Layout_Landsat-scaled.jpg","type":"image\/jpeg"}],"twitter_card":"summary_large_image","twitter_site":"@Paisatge_UB","twitter_misc":{"Temps estimat de lectura":"2 minuts"},"schema":{"@context":"https:\/\/schema.org","@graph":[{"@type":"WebPage","@id":"https:\/\/www.ub.edu\/ccle\/","url":"https:\/\/www.ub.edu\/ccle\/","name":"Presentaci\u00f3 - Climate Change and Landscape Ecology (CCLE)","isPartOf":{"@id":"https:\/\/www.ub.edu\/ccle\/#website"},"primaryImageOfPage":{"@id":"https:\/\/www.ub.edu\/ccle\/#primaryimage"},"image":{"@id":"https:\/\/www.ub.edu\/ccle\/#primaryimage"},"thumbnailUrl":"https:\/\/www.ub.edu\/ccle\/wp-content\/uploads\/Layout_Landsat-scaled.jpg","datePublished":"2023-07-14T08:16:22+00:00","dateModified":"2024-12-23T13:52:08+00:00","description":"Benvinguts a la p\u00e0gina web del Grup d\u2019Investigaci\u00f3 CCLE. Som un grup interdisciplinari de cient\u00edfics i investigadors. Centrem els nostres esfor\u00e7os especialment en l\u2019estudi de la climatologia, bioclimatologia i biogeografia dels espais mediterranis i de les illes Can\u00e0ries","breadcrumb":{"@id":"https:\/\/www.ub.edu\/ccle\/#breadcrumb"},"inLanguage":"ca","potentialAction":[{"@type":"ReadAction","target":["https:\/\/www.ub.edu\/ccle\/"]}]},{"@type":"ImageObject","inLanguage":"ca","@id":"https:\/\/www.ub.edu\/ccle\/#primaryimage","url":"https:\/\/www.ub.edu\/ccle\/wp-content\/uploads\/Layout_Landsat-scaled.jpg","contentUrl":"https:\/\/www.ub.edu\/ccle\/wp-content\/uploads\/Layout_Landsat-scaled.jpg","width":2560,"height":897},{"@type":"BreadcrumbList","@id":"https:\/\/www.ub.edu\/ccle\/#breadcrumb","itemListElement":[{"@type":"ListItem","position":1,"name":"Inici","item":"https:\/\/www.ub.edu\/ccle\/"},{"@type":"ListItem","position":2,"name":"Inici"}]},{"@type":"WebSite","@id":"https:\/\/www.ub.edu\/ccle\/#website","url":"https:\/\/www.ub.edu\/ccle\/","name":"Climate Change and Landscape Ecology","description":"","alternateName":"CCLE","potentialAction":[{"@type":"SearchAction","target":{"@type":"EntryPoint","urlTemplate":"https:\/\/www.ub.edu\/ccle\/?s={search_term_string}"},"query-input":{"@type":"PropertyValueSpecification","valueRequired":true,"valueName":"search_term_string"}}],"inLanguage":"ca"}]}},"_links":{"self":[{"href":"https:\/\/www.ub.edu\/ccle\/wp-json\/wp\/v2\/pages\/2279","targetHints":{"allow":["GET"]}}],"collection":[{"href":"https:\/\/www.ub.edu\/ccle\/wp-json\/wp\/v2\/pages"}],"about":[{"href":"https:\/\/www.ub.edu\/ccle\/wp-json\/wp\/v2\/types\/page"}],"author":[{"embeddable":true,"href":"https:\/\/www.ub.edu\/ccle\/wp-json\/wp\/v2\/users\/1"}],"replies":[{"embeddable":true,"href":"https:\/\/www.ub.edu\/ccle\/wp-json\/wp\/v2\/comments?post=2279"}],"version-history":[{"count":325,"href":"https:\/\/www.ub.edu\/ccle\/wp-json\/wp\/v2\/pages\/2279\/revisions"}],"predecessor-version":[{"id":3537,"href":"https:\/\/www.ub.edu\/ccle\/wp-json\/wp\/v2\/pages\/2279\/revisions\/3537"}],"wp:attachment":[{"href":"https:\/\/www.ub.edu\/ccle\/wp-json\/wp\/v2\/media?parent=2279"}],"curies":[{"name":"wp","href":"https:\/\/api.w.org\/{rel}","templated":true}]}}