{"id":2284,"date":"2023-07-14T10:16:23","date_gmt":"2023-07-14T08:16:23","guid":{"rendered":"https:\/\/www.ub.edu\/ccle\/?page_id=2284"},"modified":"2024-10-10T14:53:46","modified_gmt":"2024-10-10T12:53:46","slug":"proyectes-ccle","status":"publish","type":"page","link":"https:\/\/www.ub.edu\/ccle\/proyectes-ccle\/","title":{"rendered":"Projectes"},"content":{"rendered":"\n<div style=\"height:29px\" aria-hidden=\"true\" class=\"wp-block-spacer\"><\/div>\n\n\n<h3 style=\"background-color:#a0b4d6;\" class=\"has-text-align-center wp-block-post-title has-background\">Projectes<\/h3>\n\n\n<p class=\"has-text-align-left\">Climate Extremes buffering through groundwater flow-based Managed Aquifer Recharge and Public Engagement (ClimEx-PE), PCI2024-153522 (Proyectos de Colaboraci\u00f3n Internacional 2024-1), MICINN, Water4All, AEI, 2024-2027.<\/p>\n\n\n\n<p class=\"has-text-align-left\">AGORA \u2013 A Gathering place to cO-design and co-cReate Adaptation (AGORA), European Union\u2019s Horizon Europe Framework Programme for Research and Innovation (2021-2027) under grant agreement No. 101093921 (HORIZON-MISS-2021-CLIMA-02-05-Local engagement of citizens in the co-creation of societal transformational change for climate resilience), 2023-2025.<\/p>\n\n\n\n<p class=\"has-text-align-left\">Crisis Clim\u00e1tica en el Mediterr\u00e1neo Andaluz: incidencia en la Agricultura y Despoblamiento. Vulnerabilidad, riesgos y estrategias de adaptaci\u00f3n (CCLIMAAD), UMA20-FEDERJA-141, 2021-2023<\/p>\n\n\n\n<p class=\"has-text-align-left\">CNPQ-443297\/2023-1, De la emergencia a la resiliencia clim\u00e1tica: propuesta de una agenda de gobernanza para las ciudades brasile\u00f1as, africanas y europeas. Consejo Nacional de Desarrollo Cient\u00edfico y Tecnol\u00f3gico de Brasil. Fco. Javier Martin Vide; Diego Tarley Ferreira Nascimento. (Universitat de Barcelona, Universidad Federal de Goi\u00e1s).<\/p>\n\n\n\n<p class=\"has-text-align-left\">PID2020-116860RB-C21, Eventos compuestos secos y c\u00e1lidos en la Espa\u00f1a peninsular. Ministerio de Ciencia, Innovaci\u00f3n y Universidades. Fco. Javier Martin Vide; Joan Albert Lopez Bustins. (Universitat de Barcelona).<\/p>\n\n\n\n<p class=\"has-text-align-left\">101017229, Transforming Open Responsible Research and Innovation through CHARM (TORCH). Uni\u00f3 Europea. Jordi Garcia Fernandez; Raul Ramos Lobo. (Universitat de Barcelona).<\/p>\n\n\n\n<p class=\"has-text-align-left\">CSO2015-68500-R, Bioclimatolog\u00eda y biodiversidad de los sabinares de Juniperus turbinata Guss. en La Palma y El Hierro (JUNITUR+). Ministerio de Econom\u00eda y Competitividad. Montserrat Salv\u00e0 Catarineu (Universitat de Barcelona).<\/p>\n\n\n\n<p class=\"has-text-align-left\">FCT-20-15745, GEOVACUI-2: ciencia ciudadana e iniciativas de cooperaci\u00f3n contra la despoblaci\u00f3n en \u00e1reas rurales. FECYT &#8211; Fundaci\u00f3n Espa\u00f1ola para la Ciencia y la Tecnologia. Carmen M\u00ednguez. (Universidad Complutense de Madrid). El projecteha rebut una menci\u00f3 d&#8217;honor a la primera edici\u00f3 de projectes de Ci\u00e8ncia Ciutadanaha recibido de la&nbsp;&nbsp;European Union\u2019s new Citizen Science Prize (2023).  <a rel=\"noreferrer noopener\" href=\"https:\/\/ars.electronica.art\/citizenscience\/en\/geovacui-2\/\" target=\"_blank\">https:\/\/ars.electronica.art\/citizenscience\/en\/geovacui-2\/<\/a><\/p>\n\n\n\n<p class=\"has-text-align-left\">FCT-18-13421, Geovacui: Sociedades rurales en territorios vac\u00edos y potencialidad productiva. FECYT &#8211; Fundaci\u00f3n Espa\u00f1ola para la Ciencia y la Tecnologia. Mar\u00eda del Carmen M\u00ednguez Garc\u00eda. (Universidad Complutense de Madrid, Universitat de Barcelona, Universidad de Sevilla, Universidad de M\u00e1laga, Universidad de Burgos, RTVE).<\/p>\n\n\n\n<p class=\"has-text-align-left\">CSO2014-55799-C2-1-R, La oscilaci\u00f3n del Mediterr\u00e1neo Occidental (WeMO) y su influencia sobre la variabilidad pluviom\u00e9trica y la actividad tormentosa en el Mar Balear. Ministerio de Economia y Competitividad. Fco. Javier Martin Vide; Joan Albert Lopez Bustins. (Universitat de Barcelona).<\/p>\n\n\n\n<p class=\"has-text-align-left\">CGL2011-29263-C02-01, Estructura diaria y 10-minutal de la precipitaci\u00f3n y su caracterizaci\u00f3n sin\u00f3ptica objetiva en el mar Balear (Catalu\u00f1a). Ministerio de Ciencia e Innovaci\u00f3n (MICINN). Fco. Javier Martin Vide. (Universitat de Barcelona).<\/p>\n\n\n\n<p class=\"has-text-align-left\">CSO2011-24425, Biogeograf\u00eda de los sabinares de Juniperus turbinata Guss en la Reserva de la Biosfera de El Hierro y en el Parque Nacional de Do\u00f1ana (JUNITUR). Ministerio de Ciencia e Innovaci\u00f3n. Montserrat Salv\u00e0 Catarineu (Universitat de Barcelona)<\/p>\n","protected":false},"excerpt":{"rendered":"<p>Climate Extremes buffering through groundwater flow-based Managed Aquifer Recharge and Public Engagement (ClimEx-PE), PCI2024-153522 (Proyectos de Colaboraci\u00f3n Internacional 2024-1), MICINN, Water4All, AEI, 2024-2027. AGORA \u2013 A Gathering place to cO-design and co-cReate Adaptation (AGORA), European Union\u2019s Horizon Europe Framework Programme for Research and Innovation (2021-2027) under grant agreement No. 101093921 (HORIZON-MISS-2021-CLIMA-02-05-Local engagement of citizens in&hellip;&nbsp;<a href=\"https:\/\/www.ub.edu\/ccle\/proyectes-ccle\/\" class=\"\" rel=\"bookmark\">Llegiu m\u00e9s &raquo;<span class=\"screen-reader-text\">Projectes<\/span><\/a><\/p>\n","protected":false},"author":1,"featured_media":0,"parent":0,"menu_order":0,"comment_status":"closed","ping_status":"closed","template":"","meta":{"neve_meta_sidebar":"","neve_meta_container":"","neve_meta_enable_content_width":"","neve_meta_content_width":0,"neve_meta_title_alignment":"","neve_meta_author_avatar":"","neve_post_elements_order":"","neve_meta_disable_header":"","neve_meta_disable_footer":"","neve_meta_disable_title":"","footnotes":""},"class_list":["post-2284","page","type-page","status-publish","hentry"],"yoast_head":"<!-- This site is optimized with the Yoast SEO plugin v27.5 - https:\/\/yoast.com\/product\/yoast-seo-wordpress\/ -->\n<title>Proyectes CCLE<\/title>\n<meta name=\"description\" content=\"Aqu\u00ed trobar\u00e0 tots els projectes que han estat desenvolupats i gaudits pel grup de recerca.\" \/>\n<meta name=\"robots\" content=\"index, follow, max-snippet:-1, max-image-preview:large, max-video-preview:-1\" \/>\n<link rel=\"canonical\" href=\"https:\/\/www.ub.edu\/ccle\/proyectes-ccle\/\" \/>\n<meta property=\"og:locale\" content=\"ca_ES\" \/>\n<meta property=\"og:type\" content=\"article\" \/>\n<meta property=\"og:title\" content=\"Proyectes CCLE\" \/>\n<meta property=\"og:description\" content=\"Aqu\u00ed trobar\u00e0 tots els projectes que han estat desenvolupats i gaudits pel grup de recerca.\" \/>\n<meta property=\"og:url\" content=\"https:\/\/www.ub.edu\/ccle\/proyectes-ccle\/\" \/>\n<meta property=\"article:modified_time\" content=\"2024-10-10T12:53:46+00:00\" \/>\n<meta name=\"twitter:card\" content=\"summary_large_image\" \/>\n<meta name=\"twitter:site\" content=\"@Paisatge_UB\" \/>\n<meta name=\"twitter:label1\" content=\"Temps estimat de lectura\" \/>\n\t<meta name=\"twitter:data1\" content=\"3 minuts\" \/>\n<script type=\"application\/ld+json\" class=\"yoast-schema-graph\">{\"@context\":\"https:\\\/\\\/schema.org\",\"@graph\":[{\"@type\":\"WebPage\",\"@id\":\"https:\\\/\\\/www.ub.edu\\\/ccle\\\/proyectes-ccle\\\/\",\"url\":\"https:\\\/\\\/www.ub.edu\\\/ccle\\\/proyectes-ccle\\\/\",\"name\":\"Proyectes CCLE\",\"isPartOf\":{\"@id\":\"https:\\\/\\\/www.ub.edu\\\/ccle\\\/#website\"},\"datePublished\":\"2023-07-14T08:16:23+00:00\",\"dateModified\":\"2024-10-10T12:53:46+00:00\",\"description\":\"Aqu\u00ed trobar\u00e0 tots els projectes que han estat desenvolupats i gaudits pel grup de recerca.\",\"breadcrumb\":{\"@id\":\"https:\\\/\\\/www.ub.edu\\\/ccle\\\/proyectes-ccle\\\/#breadcrumb\"},\"inLanguage\":\"ca\",\"potentialAction\":[{\"@type\":\"ReadAction\",\"target\":[\"https:\\\/\\\/www.ub.edu\\\/ccle\\\/proyectes-ccle\\\/\"]}]},{\"@type\":\"BreadcrumbList\",\"@id\":\"https:\\\/\\\/www.ub.edu\\\/ccle\\\/proyectes-ccle\\\/#breadcrumb\",\"itemListElement\":[{\"@type\":\"ListItem\",\"position\":1,\"name\":\"Inici\",\"item\":\"https:\\\/\\\/www.ub.edu\\\/ccle\\\/\"},{\"@type\":\"ListItem\",\"position\":2,\"name\":\"Projectes\"}]},{\"@type\":\"WebSite\",\"@id\":\"https:\\\/\\\/www.ub.edu\\\/ccle\\\/#website\",\"url\":\"https:\\\/\\\/www.ub.edu\\\/ccle\\\/\",\"name\":\"Climate Change and Landscape Ecology\",\"description\":\"\",\"alternateName\":\"CCLE\",\"potentialAction\":[{\"@type\":\"SearchAction\",\"target\":{\"@type\":\"EntryPoint\",\"urlTemplate\":\"https:\\\/\\\/www.ub.edu\\\/ccle\\\/?s={search_term_string}\"},\"query-input\":{\"@type\":\"PropertyValueSpecification\",\"valueRequired\":true,\"valueName\":\"search_term_string\"}}],\"inLanguage\":\"ca\"}]}<\/script>\n<!-- \/ Yoast SEO plugin. -->","yoast_head_json":{"title":"Proyectes CCLE","description":"Aqu\u00ed trobar\u00e0 tots els projectes que han estat desenvolupats i gaudits pel grup de recerca.","robots":{"index":"index","follow":"follow","max-snippet":"max-snippet:-1","max-image-preview":"max-image-preview:large","max-video-preview":"max-video-preview:-1"},"canonical":"https:\/\/www.ub.edu\/ccle\/proyectes-ccle\/","og_locale":"ca_ES","og_type":"article","og_title":"Proyectes CCLE","og_description":"Aqu\u00ed trobar\u00e0 tots els projectes que han estat desenvolupats i gaudits pel grup de recerca.","og_url":"https:\/\/www.ub.edu\/ccle\/proyectes-ccle\/","article_modified_time":"2024-10-10T12:53:46+00:00","twitter_card":"summary_large_image","twitter_site":"@Paisatge_UB","twitter_misc":{"Temps estimat de lectura":"3 minuts"},"schema":{"@context":"https:\/\/schema.org","@graph":[{"@type":"WebPage","@id":"https:\/\/www.ub.edu\/ccle\/proyectes-ccle\/","url":"https:\/\/www.ub.edu\/ccle\/proyectes-ccle\/","name":"Proyectes CCLE","isPartOf":{"@id":"https:\/\/www.ub.edu\/ccle\/#website"},"datePublished":"2023-07-14T08:16:23+00:00","dateModified":"2024-10-10T12:53:46+00:00","description":"Aqu\u00ed trobar\u00e0 tots els projectes que han estat desenvolupats i gaudits pel grup de recerca.","breadcrumb":{"@id":"https:\/\/www.ub.edu\/ccle\/proyectes-ccle\/#breadcrumb"},"inLanguage":"ca","potentialAction":[{"@type":"ReadAction","target":["https:\/\/www.ub.edu\/ccle\/proyectes-ccle\/"]}]},{"@type":"BreadcrumbList","@id":"https:\/\/www.ub.edu\/ccle\/proyectes-ccle\/#breadcrumb","itemListElement":[{"@type":"ListItem","position":1,"name":"Inici","item":"https:\/\/www.ub.edu\/ccle\/"},{"@type":"ListItem","position":2,"name":"Projectes"}]},{"@type":"WebSite","@id":"https:\/\/www.ub.edu\/ccle\/#website","url":"https:\/\/www.ub.edu\/ccle\/","name":"Climate Change and Landscape Ecology","description":"","alternateName":"CCLE","potentialAction":[{"@type":"SearchAction","target":{"@type":"EntryPoint","urlTemplate":"https:\/\/www.ub.edu\/ccle\/?s={search_term_string}"},"query-input":{"@type":"PropertyValueSpecification","valueRequired":true,"valueName":"search_term_string"}}],"inLanguage":"ca"}]}},"_links":{"self":[{"href":"https:\/\/www.ub.edu\/ccle\/wp-json\/wp\/v2\/pages\/2284","targetHints":{"allow":["GET"]}}],"collection":[{"href":"https:\/\/www.ub.edu\/ccle\/wp-json\/wp\/v2\/pages"}],"about":[{"href":"https:\/\/www.ub.edu\/ccle\/wp-json\/wp\/v2\/types\/page"}],"author":[{"embeddable":true,"href":"https:\/\/www.ub.edu\/ccle\/wp-json\/wp\/v2\/users\/1"}],"replies":[{"embeddable":true,"href":"https:\/\/www.ub.edu\/ccle\/wp-json\/wp\/v2\/comments?post=2284"}],"version-history":[{"count":13,"href":"https:\/\/www.ub.edu\/ccle\/wp-json\/wp\/v2\/pages\/2284\/revisions"}],"predecessor-version":[{"id":3305,"href":"https:\/\/www.ub.edu\/ccle\/wp-json\/wp\/v2\/pages\/2284\/revisions\/3305"}],"wp:attachment":[{"href":"https:\/\/www.ub.edu\/ccle\/wp-json\/wp\/v2\/media?parent=2284"}],"curies":[{"name":"wp","href":"https:\/\/api.w.org\/{rel}","templated":true}]}}