{"id":2285,"date":"2023-07-14T10:16:23","date_gmt":"2023-07-14T08:16:23","guid":{"rendered":"https:\/\/www.ub.edu\/ccle\/?page_id=2285"},"modified":"2025-07-24T13:12:24","modified_gmt":"2025-07-24T11:12:24","slug":"publicacions-ccle","status":"publish","type":"page","link":"https:\/\/www.ub.edu\/ccle\/publicacions-ccle\/","title":{"rendered":"Publicacions"},"content":{"rendered":"\n<p><\/p>\n\n\n\n<h3 class=\"wp-block-heading has-text-align-center has-text-color has-background\" style=\"color:#182439;background-color:#a0b4d6\">Articles cient\u00edfics<\/h3>\n\n\n\n<p class=\"has-nv-dark-bg-color has-text-color has-small-font-size\">Caballero Fern\u00e1ndez, D., Salvador Franch, F., Padr\u00f3n Padr\u00f3n, P. A., &amp; Salv\u00e0 Catarineu, M. (2025). Uso de datos de rean\u00e1lisis clim\u00e1tico del ERA5 y el SPI para el estudio de las sequ\u00edas (1941-1970) en El Hierro (Islas Canarias). <em>Investigaciones Geogr\u00e1ficas<\/em>, (84), 89\u2013112. <a href=\"https:\/\/doi.org\/10.14198\/INGEO.29359 \">https:\/\/doi.org\/10.14198\/INGEO.29359 <\/a><\/p>\n\n\n\n<p class=\"has-nv-dark-bg-color has-text-color has-small-font-size\">Lopes, H.S.; Remoaldo, P.C.; Ribeiro, V.; Mart\u00edn-Vide, J.; Ribeiro I. (2024): Clothing and Outdoor Thermal Comfort (OTC) in tourist environments: a case study from Porto (Portugal). International Journal of Biometeorology, <a href=\"https:\/\/doi.org\/10.1007\/s00484-024-02753-y\" target=\"_blank\" rel=\"noreferrer noopener\">https:\/\/doi.org\/10.1007\/s00484-024-02753-y<\/a> &nbsp;&nbsp;<\/p>\n\n\n\n<p class=\"has-nv-dark-bg-color has-text-color has-small-font-size\">Poorkarim, R.; Asakareh, H.; Martin-Vide, J. (2024): Maximum daily precipitation in Iran (1979-2018). Atm\u00f3sfera, 38, 675-686. <a href=\"https:\/\/doi.org\/10.20937\/ATM.53326\" target=\"_blank\" rel=\"noreferrer noopener\">https:\/\/doi.org\/10.20937\/ATM.53326<\/a><\/p>\n\n\n\n<p class=\"has-nv-dark-bg-color has-text-color has-small-font-size\">Vicente, D. J., Salazar, F., L\u00f3pez-Chac\u00f3n, S. R., Soriano, C., &amp; Martin-Vide, J. (2024). Evaluation of different machine learning approaches for predicting high concentration episodes of ground-level ozone: A case study in Catalonia, Spain. <em>Atmospheric Pollution Research<\/em>, 15(3), 101999. <a href=\"https:\/\/doi.org\/10.1016\/j.apr.2023.101999\" target=\"_blank\" rel=\"noreferrer noopener\">https:\/\/doi.org\/10.1016\/j.apr.2023.101999 <\/a><\/p>\n\n\n\n<p class=\"has-nv-dark-bg-color has-text-color has-small-font-size\">Farnell, C., Batalla, E., Rigo, T., Pineda, N., Sole, X., Mercader, J., &amp; Martin-Vide, J. (2023). Reanalysis of giant hail event in Catalonia (NE of the Iberian Peninsula). <em>Atmospheric Research<\/em>, 296, 107051. <a href=\"https:\/\/doi.org\/10.1016\/j.atmosres.2023.107051\" target=\"_blank\" rel=\"noreferrer noopener\">https:\/\/doi.org\/10.1016\/j.atmosres.2023.107051<\/a><\/p>\n\n\n\n<p class=\"has-nv-dark-bg-color has-text-color has-small-font-size\">Mathbout, S., Martin-Vide, J., &amp; Bustins, J. A. L. (2023). Drought characteristics projections based on CMIP6 climate change scenarios in Syria.&nbsp;<em>Journal of Hydrology: Regional Studies<\/em>,&nbsp;<em>50<\/em>, 101581. <a href=\"https:\/\/doi.org\/10.1016\/j.ejrh.2023.101581\" target=\"_blank\" rel=\"noreferrer noopener\">https:\/\/doi.org\/10.1016\/j.ejrh.2023.101581<\/a><\/p>\n\n\n\n<p class=\"has-nv-dark-bg-color has-text-color has-small-font-size\">Santos, E. V. R., Silva, I. S., Nascimento, D. T. F., &amp; Luz, M. P. (2023). Application of spectral indexes in the evaluation of sediment input to the reservoirs of the Itumbiara and Batalha hydroelectric power plants (Brazil). <em>AGUA Y TERRITORIO<\/em>, 23, 99-109. <a href=\"https:\/\/doi.org\/10.17561\/at.23.7205\" target=\"_blank\" rel=\"noreferrer noopener\">https:\/\/doi.org\/10.17561\/at.23.7205 <\/a><\/p>\n\n\n\n<p class=\"has-nv-dark-bg-color has-text-color has-small-font-size\">Silva, I. S., Nascimento, D. T. F., Romao, P. de A., Silva, G. F. N., Sales, M. M., &amp; Luz, M. P. (2023). Proposition of LULC mapping in progressive detailing for the surroundings of hydroelectric powerplant reservoirs: Case study for the Batalha (Brazil). <em>International Journal of Applied Earth Observation and Geoinformation<\/em>, 103218. <a href=\"https:\/\/doi.org\/10.1016\/j.jag.2023.103218\" target=\"_blank\" rel=\"noreferrer noopener\">https:\/\/doi.org\/10.1016\/j.jag.2023.103218 <\/a><\/p>\n\n\n\n<p class=\"has-neve-text-color-color has-text-color has-small-font-size\">Azioune, R., Benhamrouche, A., Tatar, H., Martin-Vide, J., &amp; Pham, Q. B. (2023). Analysis of daily rainfall concentration in northeastern Algeria 1980\u20132012.&nbsp;<em>Theoretical and Applied Climatology<\/em>, 1-10. <a href=\"https:\/\/doi.org\/10.1007\/s00704-023-04526-w\" target=\"_blank\" rel=\"noreferrer noopener\">https:\/\/doi.org\/10.1007\/s00704-023-04526-w<\/a><\/p>\n\n\n\n<p class=\"has-neve-text-color-color has-text-color has-small-font-size\">Reyn\u00e9s Vega, J., Moreno-Garc\u00eda, M. C., &amp; Pastor Guzman, F. (2023). Climatology of waterspouts in the Balearic Islands (1989\u20132020).&nbsp;<em>Natural Hazards<\/em>,&nbsp;<em>116<\/em>(1), 33-49. <a rel=\"noreferrer noopener\" href=\"https:\/\/doi.org\/10.1007\/s11069-022-05662-8\" target=\"_blank\">https:\/\/doi.org\/10.1007\/s11069-022-05662-8<\/a><\/p>\n\n\n\n<p class=\"has-small-font-size\">Sanjos\u00e9-Blasco, J.J ; Atkinson, A.D.; S\u00e1nchez-Fern\u00e1ndez, M.; G\u00f3mez-Ortiz, A.; Salv\u00e0-Catarineu, M.; Salvador-Franch, F. (2022). Geomatic Techniques Applied to the Dynamic Study (2001\u20132019) of the Rock Glacier in the Veleta Cirque (Sierra Nevada, Spain). Land (Land-Basel).<strong> <\/strong>ISSN: 2073-445X. <a href=\"https:\/\/doi.org\/10.3390\/land11050613\" target=\"_blank\" rel=\"noreferrer noopener\">https:\/\/doi.org\/10.3390\/land11050613<\/a><\/p>\n\n\n\n<p class=\"has-small-font-size\">Vilar-Bonet, F.; Rigo, T. (2022). A Characterization of the Initiation of the Summer Diurnal Evolution Convection in the Catalan Pyrenees: an 11-year (2010-2020) Radar-Data Based Analysis. <em>Tethys<\/em>, 19, 1-13. <a href=\"https:\/\/doi.org\/10.3369\/tethys.2022.19.01\" target=\"_blank\" rel=\"noreferrer noopener\">https:\/\/doi.org\/10.3369\/tethys.2022.19.01<\/a><\/p>\n\n\n\n<p class=\"has-small-font-size\">Salv\u00e0-Catarineu, M.; Romo, A.; Mazur, M.; Zieli\u0144ska, M.; Minissale, P.; D\u00f6nmez, A.; Boraty\u0144ska, K. &amp; Boraty\u0144ski, A. (2021). Past, present, and future geographic range of the relict Mediterranean and Macaronesian <em>Juniperus phoenicea<\/em> complex. <em>Ecology and Evolution<\/em>. 11(10): 5075\u20135095. <a href=\"https:\/\/doi.org\/10.1002\/ece3.7395\" target=\"_blank\" rel=\"noreferrer noopener\">https:\/\/doi.org\/10.1002\/ece3.7395<\/a><\/p>\n\n\n\n<p class=\"has-small-font-size\">Boraty\u0144ska, K.; Jasi\u0144ska, A.K.; Sobierajska, K.I.; Salv\u00e0-Catarineu, M.; Romo, A. &amp; Boraty\u0144ski, A. (2021) Morphology supports the geographic pattern of genetic differentiation of Pinus sylvestris (Pinaceae) in the Iberian Peninsula. <em>Plant Biosystems<\/em>. <a href=\"https:\/\/doi.org\/10.1080\/11263504.2021.1922532\" target=\"_blank\" rel=\"noreferrer noopener\">https:\/\/doi.org\/10.1080\/11263504.2021.1922532<\/a><\/p>\n\n\n\n<p class=\"has-small-font-size\">Rojas, E.; Zutta, B.R.; Velazco, Y.K.; Montoya-Zumaeta, J.G. &amp; Salv\u00e0-Catarineu, M. (2021). Deforestation risk in the Peruvian Amazon basin. <em>Environmental conservation<\/em>. <a href=\"https:\/\/doi.org\/10.1017\/S0376892921000291\" target=\"_blank\" rel=\"noreferrer noopener\">https:\/\/doi.org\/10.1017\/S0376892921000291<\/a><\/p>\n\n\n\n<p class=\"has-small-font-size\">Pe\u00f1a-Angulo, D.; Gonzalez-Hidalgo, J.C.; Sandon\u00eds, L.; Begueria, S.; Tomas-Burguera, M.; Lopez-Bustins, J.A.; Lemus, M.; Martin-Vide, J. (2021). Seasonal temperature trends on the Spanish mainland: a secular study (1916-2015) 902391 -International Journal of Climatology. Wiley. 41, pp.3071-3084. ISSN 0899-8418.  <a rel=\"noreferrer noopener\" href=\"https:\/\/ doi.org\/10.1002\/joc.7006\" data-type=\"URL\" data-id=\"https:\/\/ doi.org\/10.1002\/joc.7006\" target=\"_blank\">https:\/\/doi.org\/10.1002\/joc.7006<\/a><\/p>\n\n\n\n<p class=\"has-text-color has-small-font-size\" style=\"color:#1a283e\">Meseguer-Ruiz, O.; Lopez-Bustins, J.A.; Arbiol-Roca, L.; Martin-Vide, J.; Mir\u00f3, J.; Estrela, M.J. (2021). Temporal changes in extreme precipitation and exposure of tourism in Eastern and South-Eastern Spain 902406 &#8211; Theoretical and Applied Climatology. Springer Verlag. ISSN 0177-798X. <a rel=\"noreferrer noopener\" href=\"https:\/\/doi.org\/10.1007\/s00704-021-03548-6\" data-type=\"URL\" data-id=\"https:\/\/doi.org\/10.1007\/s00704-021-03548-6\" target=\"_blank\">https:\/\/doi.org\/10.1007\/s00704-021-03548-6<\/a><\/p>\n\n\n\n<p class=\"has-small-font-size\">Mir\u00f3, J.J.; Estrela, M.J.; Olcina-Cantos, J.; Martin-Vide, J. (2021). Future Projection of precipitation changes in the J\u00facar and Segura river basins (Iberian Peninsula) by CMIP5 GCMs local downscaling 917760 &#8211; Atmosphere. MDPI. 12-7. ISSN 2073-4433. <a href=\"https:\/\/doi.org\/10.3390\/atmos12070879\">https:\/\/doi.org\/10.3390\/atmos12070879<\/a><\/p>\n\n\n\n<p class=\"has-small-font-size\">Grimalt-Gelabert, Miquel; Alomar-Garau, Gabriel; Mart\u00edn-Vide, Javier. (2021). Synoptic causes of Torrential rainfall in the Balearic Islands (1941-2010) 917760 &#8211; Atmosphere. MDPI. 12-1035, pp.1-14. ISSN 2073-4433. <a rel=\"noreferrer noopener\" href=\"https:\/\/doi.org\/10.3390\/atmos12081035\" target=\"_blank\">https:\/\/doi.org\/10.3390\/atmos12081035<\/a><\/p>\n\n\n\n<p class=\"has-small-font-size\">Da Silva Lopes, H.; Remoaldo, P.C.; Ribeiro, V.; Martin-Vide, J. (2021). Effects of the COVID-19 pandemic on tourist risk perceptions &#8211; the case study of Porto 917758 &#8211; Sustainability. MDPI. 13-6399. ISSN 2071-1050. <a href=\"https:\/\/doi.org\/10.3390\/su13116399\" target=\"_blank\" rel=\"noreferrer noopener\">https:\/\/doi.org\/10.3390\/su13116399<\/a><\/p>\n\n\n\n<p class=\"has-small-font-size\">Vilar-Bonet, Francesc. (2021). Relaci\u00f3 entre calor i mortalitat a la ciutat de Barcelona mitjan\u00e7ant l\u2019an\u00e0lisi de condicions t\u00e8rmiques i termohigrom\u00e8triques.&nbsp;<em>Treballs de la Societat Catalana de Geografia<\/em>. 91, pp. 75-96. <a href=\"https:\/\/doi.org\/10.2436\/20.3002.01.211\" target=\"_blank\" rel=\"noreferrer noopener\">https:\/\/doi.org\/10.2436\/20.3002.01.211<\/a><\/p>\n\n\n\n<p class=\"has-small-font-size\">Lemus-Canovas, M.; Martin-Vide, J.; Moreno-Garcia, M.C.; Lopez-Bustins, J.A. (2020). Estimating Barcelona&#8217;s metropolitan daytime hot and cold poles using Landsat-8 land surface temperature 901502 &#8211; Science of the Total Environment. Elsevier B.V.. 699-134307. ISSN 0048-9697. <a rel=\"noreferrer noopener\" href=\"https:\/\/doi.org\/10.1016\/j.scitotenv.2019.134307\" target=\"_blank\">https:\/\/doi.org\/10.1016\/j.scitotenv.2019.134307<\/a><\/p>\n\n\n\n<p class=\"has-small-font-size\">Miro, J.R.; Pepin, N.; Pena, J.C; Martin-Vide, J. (2020). Daily atmospheric circulation patterns for catalonia (northeast iberian peninsula) using a modified version of Jenkinson and collison method 909435 &#8211; Atmospheric Research. Elsevier B.V.. 231-UNSP 104674. ISSN 0169-8095. <a rel=\"noreferrer noopener\" href=\"https:\/\/doi.org\/10.1016\/j.atmosres.2019.104674\" target=\"_blank\">https:\/\/doi.org\/10.1016\/j.atmosres.2019.104674<\/a><\/p>\n\n\n\n<p class=\"has-small-font-size\">Mathbout, S.; Lopez-Bustins, J.A.; Roy\u00e9, D.; Martin-Vide, J.; Benhamrouche, A. (2020). Spatiotemporal variability of daily precipitation concentration and its relationship to teleconnection patterns over the Mediterranean during 1975-2015 902391 &#8211; International Journal of Climatology. Wiley. 40, pp.1435-1455. ISSN 0899-8418. <a href=\"https:\/\/doi.org\/10.1002\/joc.6278\">https:\/\/doi.org\/10.1002\/joc.6278<\/a><\/p>\n\n\n\n<p class=\"has-small-font-size\">Martin-Vide, J.; Moreno-Garc\u00eda, M.C. (2020) . Probability values for the Intensity of Barcelona&#8217;s Urban Heat Island (Spain) 909435 &#8211; Atmospheric Research. Elsevier B.V.. ISSN 0169-8095. <a rel=\"noreferrer noopener\" href=\"https:\/\/doi.org\/10.1016\/j.atmosres.2020.104877\" target=\"_blank\">https:\/\/doi.org\/10.1016\/j.atmosres.2020.104877<\/a><\/p>\n\n\n\n<p class=\"has-small-font-size\">Mart\u00ednez-Gonz\u00e1lez, J.L.; Suri\u00f1ach, J.; Jover, G. Mart\u00edn-Vide, J.; Barriendos-Vallv\u00e9, M.; Tello, E. (2020). Assessing climate impacts on English economic growth (1645-1740): an econometric approach 901455 &#8211; Climatic Change. Springer Verlag. 160, pp.233-249. ISSN 0165-0009. <a rel=\"noreferrer noopener\" href=\"https:\/\/doi.org\/10.1007\/s10584-019-02633-0\" target=\"_blank\">https:\/\/doi.org\/10.1007\/s10584-019-02633-0<\/a><\/p>\n\n\n\n<p class=\"has-small-font-size\">Roy\u00e9, D.; Tedim, F.; Martin-Vide, J.; Salis, M.; Vendrell, J.; Lovreglio, R.; Bouillon, CH.; Leone, V. (2020). Wildfire burnt area patterns and trends in<br>western mediterranean Europe via the application of a concentration index 909323 Land Degradation &amp; Development. John Wiley &amp; Sons. 31(3), pp.311-324. ISSN 1085-3278. <a rel=\"noreferrer noopener\" href=\"https:\/\/doi.org\/10.1002\/ldr.3450\" target=\"_blank\">https:\/\/doi.org\/10.1002\/ldr.3450<\/a><\/p>\n\n\n\n<p class=\"has-small-font-size\">Salhi, A; Benabdelouahab, T.; Martin-Vide, J.; et al; Casas ,A. (2020). Bridging the gap of perception is the only way to align soil protection actions 901502 &#8211; Science of the Total Environment. Elsevier B.V.. 718, pp.137421. ISSN 0048-9697. <a rel=\"noreferrer noopener\" href=\"https:\/\/doi.org\/10.1016\/j.scitotenv.2020.137421\" target=\"_blank\">https:\/\/doi.org\/10.1016\/j.scitotenv.2020.137421<\/a><\/p>\n\n\n\n<p class=\"has-small-font-size\">Monjo, R.; Roy\u00e9, D.; Martin-Vide, J. (2020). Meteorological drought Lacunarity around the world and its classification 918282 &#8211; Earth System Science Data. Copernicus Publications. 12, pp.741-752. ISSN 1866-3508. <a href=\"https:\/\/doi.org\/10.5194\/essd-12-741-2020\" target=\"_blank\" rel=\"noreferrer noopener\">https:\/\/doi.org\/10.5194\/essd-12-741-2020<\/a><\/p>\n\n\n\n<p class=\"has-small-font-size\">Lemus-Canovas, M.; Lopez-Bustins, J.A.; Trapero, L.; Martin-Vide, J. (2019). Combining circulation weather types and daily precipitation modelling to derive climatic precipitation regions in the Pyrenees 909435 &#8211; Atmospheric Research. Elsevier B.V.. 220, pp.181-193. ISSN 0169-8095. <a rel=\"noreferrer noopener\" href=\"https:\/\/doi.org\/10.1016\/j.atmosres.2019.01.018\" target=\"_blank\">https:\/\/doi.org\/10.1016\/j.atmosres.2019.01.018<\/a><\/p>\n\n\n\n<p class=\"has-small-font-size\">Lemus-Canovas, Marc; Lopez-Bustins, Joan A.; Martin-Vide, Javier; Roye, Dominic. (2019). SynoptReg: An R package for computing a synoptic climate classification and a spatial regionalization of environmental data 909875 &#8211; Environmental Modelling &amp; Software. Elsevier B.V.. 118, pp.114-119. ISSN 1364-8152. <a rel=\"noreferrer noopener\" href=\"https:\/\/doi.org\/10.1016\/j.envsoft.2019.04.006\" target=\"_blank\">https:\/\/doi.org\/10.1016\/j.envsoft.2019.04.006<\/a><\/p>\n\n\n\n<p class=\"has-small-font-size\">Romo-D\u00edez, A.; Ma\u0142gorzata, M. Salv\u00e0-Catarineu, M. &amp; Boraty\u0144ski, A. (2019). A re-evaluated taxon: Genetic values and morphological characters support the recognition of the Canary Island juniper of the phoenicea group at a specific level, <em>Phytotaxa<\/em>, 406: 64-70. <a href=\"https:\/\/doi.org\/10.11646\/phytotaxa.406.1.3\">https:\/\/doi.org\/10.11646\/phytotaxa.406.1.3<\/a><\/p>\n\n\n\n<p class=\"has-small-font-size\">Meseguer-Ruiz, O.; Osborn, T.J.; Sarricolea, P.; Jones, Ph.D.; Olcina Cantos, J.; Serrano-Notivoli, R.; Martin-Vide, J. (2018). Definition of a temporal distribution index for high temporal resolution Precipitation data over Peninsular Spain and the Balearic Islands: the fractal dimension; and its synoptic implications 908154 &#8211; Climate Dynamics. Springer Verlag. 52-1-2, pp.439-456. ISSN 0930-7575.<a rel=\"noreferrer noopener\" href=\"https:\/\/doi.org\/10.1007\/s00382-018-4159-6\" target=\"_blank\"> https:\/\/doi.org\/10.1007\/s00382-018-4159-6<\/a><\/p>\n\n\n\n<p class=\"has-small-font-size\">Roy\u00e9, D.; Lorenzo, N.; Martin-Vide, J. (2018). Spatial-temporal patterns of cloud-to-ground Lightning over the northwest Iberian Peninsula during the period 2010-2015 909343 &#8211; Natural Hazards. Springer Science + Business Media. 92-2, pp.857-884. ISSN 0921-030X. <a rel=\"noreferrer noopener\" href=\"https:\/\/doi.org\/10.1007\/s11069-018-3228-9\" target=\"_blank\">https:\/\/doi.org\/10.1007\/s11069-018-3228-9<\/a><\/p>\n\n\n\n<p class=\"has-small-font-size\">V\u00e9lez, A.; Martin-Vide, J.; Roy\u00e9, D.; Santaella, O. 2018. Spatial analysis of daily precipitation concentration in Puerto Rico 902406 &#8211; Theoretical and Applied Climatology. Springer Verlag. ISSN 0177-798X.<a rel=\"noreferrer noopener\" href=\"https:\/\/doi.org\/10.1007\/s00704-018-2550-1\" target=\"_blank\"> https:\/\/doi.org\/10.1007\/s00704-018-2550-1<\/a><\/p>\n\n\n\n<p class=\"has-small-font-size\">Mazur, M.; Zieli\u0144ska, M.; Boraty\u0144ska, K.; Romo, A.; Salv\u00e0-Catarineu, M.; Marcysiak, K. &amp; Boraty\u0144ski, A. (2018). Taxonomic and geographic differentiation of Juniperus phoenicea agg. based on cone, seed, and needle characteristics. <em>Systematics and Biodiversity. <\/em>16(5), pp. 469-482. <a href=\"https:\/\/doi.org\/10.1080\/14772000.2018.1439120\">https:\/\/doi.org\/10.1080\/14772000.2018.1439120<\/a><\/p>\n\n\n\n<p class=\"has-small-font-size\"><\/p>\n","protected":false},"excerpt":{"rendered":"<p>Articles cient\u00edfics Caballero Fern\u00e1ndez, D., Salvador Franch, F., Padr\u00f3n Padr\u00f3n, P. A., &amp; Salv\u00e0 Catarineu, M. (2025). Uso de datos de rean\u00e1lisis clim\u00e1tico del ERA5 y el SPI para el estudio de las sequ\u00edas (1941-1970) en El Hierro (Islas Canarias). Investigaciones Geogr\u00e1ficas, (84), 89\u2013112. https:\/\/doi.org\/10.14198\/INGEO.29359 Lopes, H.S.; Remoaldo, P.C.; Ribeiro, V.; Mart\u00edn-Vide, J.; Ribeiro I.&hellip;&nbsp;<a href=\"https:\/\/www.ub.edu\/ccle\/publicacions-ccle\/\" class=\"\" rel=\"bookmark\">Llegiu m\u00e9s &raquo;<span class=\"screen-reader-text\">Publicacions<\/span><\/a><\/p>\n","protected":false},"author":1,"featured_media":0,"parent":0,"menu_order":0,"comment_status":"closed","ping_status":"closed","template":"","meta":{"neve_meta_sidebar":"","neve_meta_container":"","neve_meta_enable_content_width":"","neve_meta_content_width":0,"neve_meta_title_alignment":"","neve_meta_author_avatar":"","neve_post_elements_order":"","neve_meta_disable_header":"","neve_meta_disable_footer":"","neve_meta_disable_title":"","footnotes":""},"class_list":["post-2285","page","type-page","status-publish","hentry"],"yoast_head":"<!-- This site is optimized with the Yoast SEO plugin v27.5 - https:\/\/yoast.com\/product\/yoast-seo-wordpress\/ -->\n<title>Publicacions CCLE<\/title>\n<meta name=\"description\" content=\"Aqui trobar\u00e0 les publicacions m\u00e9s destacades del grup.\" \/>\n<meta name=\"robots\" content=\"index, follow, max-snippet:-1, max-image-preview:large, max-video-preview:-1\" \/>\n<link rel=\"canonical\" href=\"https:\/\/www.ub.edu\/ccle\/publicacions-ccle\/\" \/>\n<meta property=\"og:locale\" content=\"ca_ES\" \/>\n<meta property=\"og:type\" content=\"article\" \/>\n<meta property=\"og:title\" content=\"Publicacions CCLE\" \/>\n<meta property=\"og:description\" content=\"Aqui trobar\u00e0 les publicacions m\u00e9s destacades del grup.\" \/>\n<meta property=\"og:url\" content=\"https:\/\/www.ub.edu\/ccle\/publicacions-ccle\/\" \/>\n<meta property=\"article:modified_time\" content=\"2025-07-24T11:12:24+00:00\" \/>\n<meta name=\"twitter:card\" content=\"summary_large_image\" \/>\n<meta name=\"twitter:site\" content=\"@Paisatge_UB\" \/>\n<meta name=\"twitter:label1\" content=\"Temps estimat de lectura\" \/>\n\t<meta name=\"twitter:data1\" content=\"7 minuts\" \/>\n<script type=\"application\/ld+json\" class=\"yoast-schema-graph\">{\"@context\":\"https:\\\/\\\/schema.org\",\"@graph\":[{\"@type\":\"WebPage\",\"@id\":\"https:\\\/\\\/www.ub.edu\\\/ccle\\\/publicacions-ccle\\\/\",\"url\":\"https:\\\/\\\/www.ub.edu\\\/ccle\\\/publicacions-ccle\\\/\",\"name\":\"Publicacions CCLE\",\"isPartOf\":{\"@id\":\"https:\\\/\\\/www.ub.edu\\\/ccle\\\/#website\"},\"datePublished\":\"2023-07-14T08:16:23+00:00\",\"dateModified\":\"2025-07-24T11:12:24+00:00\",\"description\":\"Aqui trobar\u00e0 les publicacions m\u00e9s destacades del grup.\",\"breadcrumb\":{\"@id\":\"https:\\\/\\\/www.ub.edu\\\/ccle\\\/publicacions-ccle\\\/#breadcrumb\"},\"inLanguage\":\"ca\",\"potentialAction\":[{\"@type\":\"ReadAction\",\"target\":[\"https:\\\/\\\/www.ub.edu\\\/ccle\\\/publicacions-ccle\\\/\"]}]},{\"@type\":\"BreadcrumbList\",\"@id\":\"https:\\\/\\\/www.ub.edu\\\/ccle\\\/publicacions-ccle\\\/#breadcrumb\",\"itemListElement\":[{\"@type\":\"ListItem\",\"position\":1,\"name\":\"Inici\",\"item\":\"https:\\\/\\\/www.ub.edu\\\/ccle\\\/\"},{\"@type\":\"ListItem\",\"position\":2,\"name\":\"Publicacions\"}]},{\"@type\":\"WebSite\",\"@id\":\"https:\\\/\\\/www.ub.edu\\\/ccle\\\/#website\",\"url\":\"https:\\\/\\\/www.ub.edu\\\/ccle\\\/\",\"name\":\"Climate Change and Landscape Ecology\",\"description\":\"\",\"alternateName\":\"CCLE\",\"potentialAction\":[{\"@type\":\"SearchAction\",\"target\":{\"@type\":\"EntryPoint\",\"urlTemplate\":\"https:\\\/\\\/www.ub.edu\\\/ccle\\\/?s={search_term_string}\"},\"query-input\":{\"@type\":\"PropertyValueSpecification\",\"valueRequired\":true,\"valueName\":\"search_term_string\"}}],\"inLanguage\":\"ca\"}]}<\/script>\n<!-- \/ Yoast SEO plugin. -->","yoast_head_json":{"title":"Publicacions CCLE","description":"Aqui trobar\u00e0 les publicacions m\u00e9s destacades del grup.","robots":{"index":"index","follow":"follow","max-snippet":"max-snippet:-1","max-image-preview":"max-image-preview:large","max-video-preview":"max-video-preview:-1"},"canonical":"https:\/\/www.ub.edu\/ccle\/publicacions-ccle\/","og_locale":"ca_ES","og_type":"article","og_title":"Publicacions CCLE","og_description":"Aqui trobar\u00e0 les publicacions m\u00e9s destacades del grup.","og_url":"https:\/\/www.ub.edu\/ccle\/publicacions-ccle\/","article_modified_time":"2025-07-24T11:12:24+00:00","twitter_card":"summary_large_image","twitter_site":"@Paisatge_UB","twitter_misc":{"Temps estimat de lectura":"7 minuts"},"schema":{"@context":"https:\/\/schema.org","@graph":[{"@type":"WebPage","@id":"https:\/\/www.ub.edu\/ccle\/publicacions-ccle\/","url":"https:\/\/www.ub.edu\/ccle\/publicacions-ccle\/","name":"Publicacions CCLE","isPartOf":{"@id":"https:\/\/www.ub.edu\/ccle\/#website"},"datePublished":"2023-07-14T08:16:23+00:00","dateModified":"2025-07-24T11:12:24+00:00","description":"Aqui trobar\u00e0 les publicacions m\u00e9s destacades del grup.","breadcrumb":{"@id":"https:\/\/www.ub.edu\/ccle\/publicacions-ccle\/#breadcrumb"},"inLanguage":"ca","potentialAction":[{"@type":"ReadAction","target":["https:\/\/www.ub.edu\/ccle\/publicacions-ccle\/"]}]},{"@type":"BreadcrumbList","@id":"https:\/\/www.ub.edu\/ccle\/publicacions-ccle\/#breadcrumb","itemListElement":[{"@type":"ListItem","position":1,"name":"Inici","item":"https:\/\/www.ub.edu\/ccle\/"},{"@type":"ListItem","position":2,"name":"Publicacions"}]},{"@type":"WebSite","@id":"https:\/\/www.ub.edu\/ccle\/#website","url":"https:\/\/www.ub.edu\/ccle\/","name":"Climate Change and Landscape Ecology","description":"","alternateName":"CCLE","potentialAction":[{"@type":"SearchAction","target":{"@type":"EntryPoint","urlTemplate":"https:\/\/www.ub.edu\/ccle\/?s={search_term_string}"},"query-input":{"@type":"PropertyValueSpecification","valueRequired":true,"valueName":"search_term_string"}}],"inLanguage":"ca"}]}},"_links":{"self":[{"href":"https:\/\/www.ub.edu\/ccle\/wp-json\/wp\/v2\/pages\/2285","targetHints":{"allow":["GET"]}}],"collection":[{"href":"https:\/\/www.ub.edu\/ccle\/wp-json\/wp\/v2\/pages"}],"about":[{"href":"https:\/\/www.ub.edu\/ccle\/wp-json\/wp\/v2\/types\/page"}],"author":[{"embeddable":true,"href":"https:\/\/www.ub.edu\/ccle\/wp-json\/wp\/v2\/users\/1"}],"replies":[{"embeddable":true,"href":"https:\/\/www.ub.edu\/ccle\/wp-json\/wp\/v2\/comments?post=2285"}],"version-history":[{"count":30,"href":"https:\/\/www.ub.edu\/ccle\/wp-json\/wp\/v2\/pages\/2285\/revisions"}],"predecessor-version":[{"id":3547,"href":"https:\/\/www.ub.edu\/ccle\/wp-json\/wp\/v2\/pages\/2285\/revisions\/3547"}],"wp:attachment":[{"href":"https:\/\/www.ub.edu\/ccle\/wp-json\/wp\/v2\/media?parent=2285"}],"curies":[{"name":"wp","href":"https:\/\/api.w.org\/{rel}","templated":true}]}}