{"id":2957,"date":"2023-09-13T12:45:41","date_gmt":"2023-09-13T10:45:41","guid":{"rendered":"https:\/\/www.ub.edu\/ccle\/?page_id=2957"},"modified":"2023-12-07T12:08:15","modified_gmt":"2023-12-07T10:08:15","slug":"contacte-2","status":"publish","type":"page","link":"https:\/\/www.ub.edu\/ccle\/contacte-2\/","title":{"rendered":"Contacte"},"content":{"rendered":"\n<p><\/p>\n\n\n\n<h3 class=\"wp-block-heading has-text-align-center has-text-color has-background\" style=\"color:#182439;background-color:#a0b4d6\">Contacte<\/h3>\n\n\n\n<div class=\"wp-block-columns is-layout-flex wp-container-core-columns-is-layout-9d6595d7 wp-block-columns-is-layout-flex\">\n<div class=\"wp-block-column is-layout-flow wp-block-column-is-layout-flow\">\n<div style=\"height:25px\" aria-hidden=\"true\" class=\"wp-block-spacer\"><\/div>\n\n\n\n<p><strong>Si teniu alguna consulta estem ubicats a:<\/strong><\/p>\n\n\n\n<p>Universitat de la Barcelona<\/p>\n\n\n\n<p>Facultat de Geografia i Hist\u00f2ria<\/p>\n\n\n\n<p>Laboratori de Climatologia<\/p>\n\n\n\n<p>C\/ de Montalegre, 6<\/p>\n\n\n\n<p>08001 Barcelona (Spain)<\/p>\n<\/div>\n\n\n\n<div class=\"wp-block-column is-layout-flow wp-block-column-is-layout-flow\">\n<iframe src=\"https:\/\/www.google.com\/maps\/embed?pb=!1m18!1m12!1m3!1d2993.5445733149295!2d2.1644194759664312!3d41.38397849620676!2m3!1f0!2f0!3f0!3m2!1i1024!2i768!4f13.1!3m3!1m2!1s0x12a4910a0589b879%3A0xef2c128649bc086!2sC%2F%20de%20Montalegre%2C%206%2C%2008001%20Barcelona!5e0!3m2!1ses!2ses!4v1696701852926!5m2!1ses!2ses\" width=\"600\" height=\"450\" style=\"border:0;\" allowfullscreen=\"\" loading=\"lazy\" referrerpolicy=\"no-referrer-when-downgrade\"><\/iframe>\n<\/div>\n<\/div>\n\n\n\n<div style=\"height:41px\" aria-hidden=\"true\" class=\"wp-block-spacer\"><\/div>\n\n\n\n<h3 class=\"wp-block-heading has-text-align-center has-text-color has-background\" style=\"color:#182439;background-color:#a0b4d6\">Formulari<\/h3>\n\n\n\n<p class=\"has-text-align-left has-background\" style=\"background-color:#a1b4d626\"> Si desitja enviar-nos un missatge, si us plau, ompli el formulari seg\u00fcent sense dubtar-ho:<\/p>\n\n\n\n<div class=\"wp-block-contact-form-7-contact-form-selector\">\n<div class=\"wpcf7 no-js\" id=\"wpcf7-f2936-o1\" lang=\"ca\" dir=\"ltr\" data-wpcf7-id=\"2936\">\n<div class=\"screen-reader-response\"><p role=\"status\" aria-live=\"polite\" aria-atomic=\"true\"><\/p> <ul><\/ul><\/div>\n<form action=\"\/ccle\/wp-json\/wp\/v2\/pages\/2957#wpcf7-f2936-o1\" method=\"post\" class=\"wpcf7-form init\" aria-label=\"Formulari de contacte\" novalidate=\"novalidate\" data-status=\"init\">\n<fieldset class=\"hidden-fields-container\"><input type=\"hidden\" name=\"_wpcf7\" value=\"2936\" \/><input type=\"hidden\" name=\"_wpcf7_version\" value=\"6.1.5\" \/><input type=\"hidden\" name=\"_wpcf7_locale\" value=\"ca\" \/><input type=\"hidden\" name=\"_wpcf7_unit_tag\" value=\"wpcf7-f2936-o1\" \/><input type=\"hidden\" name=\"_wpcf7_container_post\" value=\"0\" \/><input type=\"hidden\" name=\"_wpcf7_posted_data_hash\" value=\"\" \/>\n<\/fieldset>\n<p><label>\n\t\t<center> Nom i cognoms\n\t\t<\/center>\n\t\t<center><span class=\"wpcf7-form-control-wrap\" data-name=\"your-name\"><input size=\"40\" maxlength=\"400\" class=\"wpcf7-form-control wpcf7-text wpcf7-validates-as-required\" autocomplete=\"name\" aria-required=\"true\" aria-invalid=\"false\" value=\"\" type=\"text\" name=\"your-name\" \/><\/span>\n\t\t<\/center><\/label>\n<\/p>\n<p><label>\n\t\t<center> Correu electr\u00f2nic\n\t\t<\/center>\n\t\t<center> <span class=\"wpcf7-form-control-wrap\" data-name=\"your-email\"><input size=\"40\" maxlength=\"400\" class=\"wpcf7-form-control wpcf7-email wpcf7-validates-as-required wpcf7-text wpcf7-validates-as-email\" autocomplete=\"email\" aria-required=\"true\" aria-invalid=\"false\" value=\"\" type=\"email\" name=\"your-email\" \/><\/span>\n\t\t<\/center><\/label>\n<\/p>\n<p><label>\n\t\t<center> Assumpte\n\t\t<\/center>\n\t\t<center><span class=\"wpcf7-form-control-wrap\" data-name=\"your-subject\"><input size=\"40\" maxlength=\"400\" class=\"wpcf7-form-control wpcf7-text wpcf7-validates-as-required\" aria-required=\"true\" aria-invalid=\"false\" value=\"\" type=\"text\" name=\"your-subject\" \/><\/span>\n\t\t<\/center><\/label>\n<\/p>\n<p><label>\n\t\t<center> Missatge\n\t\t<\/center>\n\t\t<center> <span class=\"wpcf7-form-control-wrap\" data-name=\"your-message\"><textarea cols=\"43\" rows=\"8\" maxlength=\"2000\" class=\"wpcf7-form-control wpcf7-textarea wpcf7-validates-as-required\" aria-required=\"true\" aria-invalid=\"false\" name=\"your-message\"><\/textarea><\/span>\n\t\t<\/center><\/label>\n<\/p>\n<center>\n\t<p><input class=\"wpcf7-form-control wpcf7-submit has-spinner\" type=\"submit\" value=\"Envia\" \/>\n\t<\/p>\n<\/center><div class=\"wpcf7-response-output\" aria-hidden=\"true\"><\/div>\n<\/form>\n<\/div>\n<\/div>\n\n\n\n<div style=\"height:41px\" aria-hidden=\"true\" class=\"wp-block-spacer\"><\/div>\n\n\n\n<h3 class=\"wp-block-heading has-text-align-center has-text-color has-background\" style=\"color:#182439;background-color:#a0b4d6\">Enlla\u00e7os d&#8217;inter\u00e8s<\/h3>\n\n\n\n<div class=\"wp-block-columns alignfull are-vertically-aligned-top has-background is-layout-flex wp-container-core-columns-is-layout-9d6595d7 wp-block-columns-is-layout-flex\" style=\"background-color:#2f59ad08;font-size:12px\">\n<div class=\"wp-block-column is-layout-flow wp-block-column-is-layout-flow\" style=\"flex-basis:1px\"><\/div>\n\n\n\n<div class=\"wp-block-column is-vertically-aligned-top is-layout-flow wp-block-column-is-layout-flow\"><div class=\"vlp-link-container vlp-layout-basic wp-block-visual-link-preview-link\"><a href=\"https:\/\/www.ipcc.ch\/\" class=\"vlp-link\" title=\"IPCC \u2014 Intergovernmental Panel on Climate Change\" rel=\"nofollow\" target=\"_blank\"><\/a><div class=\"vlp-layout-zone-side\"><div class=\"vlp-block-2 vlp-link-image\"><img decoding=\"async\" src=\"https:\/\/www.ipcc.ch\/site\/assets\/themes\/ipcc\/resources\/img\/splash_logos.png\" style=\"max-width: 150px; max-height: 150px\" \/><\/div><\/div><div class=\"vlp-layout-zone-main\"><div class=\"vlp-block-0 vlp-link-title\">IPCC \u2014 Intergovernmental Panel on Climate Change<\/div><\/div><\/div>\n\n<div class=\"vlp-link-container vlp-layout-basic wp-block-visual-link-preview-link\"><a href=\"https:\/\/www.worldclim.org\/data\/bioclim.html\" class=\"vlp-link\" title=\"Bioclimatic variables \u2014 WorldClim 1 documentation\" rel=\"nofollow\" target=\"_blank\"><\/a><div class=\"vlp-layout-zone-main\"><div class=\"vlp-block-0 vlp-link-title\">Bioclimatic variables \u2014 WorldClim 1 documentation<\/div><div class=\"vlp-block-1 vlp-link-summary\">Bioclimatic variables are derived from the monthly temperature and rainfall values in order to generate more biologically meaningful variables. These are often used in species distribution modeling and related ecological modeling techniques. The bioclimatic variables represent annual trends (e.g., m\u2026<\/div><\/div><\/div><\/div>\n\n\n\n<div class=\"wp-block-column is-vertically-aligned-top is-layout-flow wp-block-column-is-layout-flow\"><div class=\"vlp-link-container vlp-layout-basic wp-block-visual-link-preview-link\"><a href=\"https:\/\/www.aemet.es\/es\/portada\" class=\"vlp-link\" title=\"Agencia Estatal de Meteorolog\u00eda - AEMET. Gobierno de Espa\u00f1a\" rel=\"nofollow\" target=\"_blank\"><\/a><div class=\"vlp-layout-zone-side\"><div class=\"vlp-block-2 vlp-link-image\"><img decoding=\"async\" src=\"https:\/\/www.aemet.es\/imagenes\/gif\/logo_AEMET_og.gif\" style=\"max-width: 150px; max-height: 150px\" \/><\/div><\/div><div class=\"vlp-layout-zone-main\"><div class=\"vlp-block-0 vlp-link-title\">Agencia Estatal de Meteorolog\u00eda &#8211; AEMET. Gobierno de Espa\u00f1a<\/div><div class=\"vlp-block-1 vlp-link-summary\">Informaci\u00f3n meteorol\u00f3gica y climatol\u00f3gica, predicci\u00f3n, avisos, observaci\u00f3n, anuncios, atenci\u00f3n al p\u00fablico, divulgaci\u00f3n e informaci\u00f3n de la Agencia<\/div><\/div><\/div><\/div>\n\n\n\n<div class=\"wp-block-column is-vertically-aligned-top is-layout-flow wp-block-column-is-layout-flow\"><div class=\"vlp-link-container vlp-layout-basic wp-block-visual-link-preview-link\"><a href=\"https:\/\/www.ametsoc.org\/index.cfm\/ams\/\" class=\"vlp-link\" title=\"Home\" rel=\"nofollow\" target=\"_blank\"><\/a><div class=\"vlp-layout-zone-side\"><div class=\"vlp-block-2 vlp-link-image\"><img decoding=\"async\" src=\"https:\/\/www.ametsoc.org\/themes\/ametsoc-new\/images\/AMSlogoC-web.png\" style=\"max-width: 150px; max-height: 150px\" \/><\/div><\/div><div class=\"vlp-layout-zone-main\"><div class=\"vlp-block-0 vlp-link-title\">Home<\/div><div class=\"vlp-block-1 vlp-link-summary\">The AMS is a global community committed to advancing weather, water, and climate science and service.<\/div><\/div><\/div>\n\n<div class=\"vlp-link-container vlp-layout-basic wp-block-visual-link-preview-link\"><a href=\"https:\/\/www.itis.gov\/\" class=\"vlp-link\" title=\"Integrated Taxonomic Information System\" rel=\"nofollow\" target=\"_blank\"><\/a><div class=\"vlp-layout-zone-side\"><div class=\"vlp-block-2 vlp-link-image\"><img decoding=\"async\" src=\"https:\/\/www.itis.gov\/Static\/images\/ITIS-Logo.jpg\" style=\"max-width: 150px; max-height: 150px\" \/><\/div><\/div><div class=\"vlp-layout-zone-main\"><div class=\"vlp-block-0 vlp-link-title\">Integrated Taxonomic Information System<\/div><div class=\"vlp-block-1 vlp-link-summary\">Hosted by the USGS Core Science Analytics and Synthesis. Page designed through the cooperative efforts of interagency ITIS Teams. Point of Contact: itiswebmaster@itis.gov.<\/div><\/div><\/div><\/div>\n\n\n\n<div class=\"wp-block-column is-vertically-aligned-top is-layout-flow wp-block-column-is-layout-flow\"><div class=\"vlp-link-container vlp-layout-basic wp-block-visual-link-preview-link\"><a href=\"https:\/\/www.biodiversidadcanarias.es\/biota\/\" class=\"vlp-link\" title=\"Biota\" rel=\"nofollow\" target=\"_blank\"><\/a><div class=\"vlp-layout-zone-side\"><div class=\"vlp-block-2 vlp-link-image\"><img decoding=\"async\" src=\"https:\/\/www.biodiversidadcanarias.es\/biota\/images\/header\/social-facebook.png\" style=\"max-width: 150px; max-height: 150px\" \/><\/div><\/div><div class=\"vlp-layout-zone-main\"><div class=\"vlp-block-0 vlp-link-title\">Biota<\/div><div class=\"vlp-block-1 vlp-link-summary\">Sitio web que aglutina informaci\u00f3n sobre las especies de Canarias<\/div><\/div><\/div>\n\n<div class=\"vlp-link-container vlp-layout-basic wp-block-visual-link-preview-link\"><a href=\"https:\/\/www.meteo.cat\/\" class=\"vlp-link\" title=\"El temps a Catalunya - Servei Meteorol\u00f2gic de Catalunya\" rel=\"nofollow\" target=\"_blank\"><\/a><div class=\"vlp-layout-zone-side\"><div class=\"vlp-block-2 vlp-link-image\"><img decoding=\"async\" src=\"https:\/\/static-m.meteo.cat\/assets-w3\/images\/social_logo.png\" style=\"max-width: 150px; max-height: 150px\" \/><\/div><\/div><div class=\"vlp-layout-zone-main\"><div class=\"vlp-block-0 vlp-link-title\">El temps a Catalunya &#8211; Servei Meteorol\u00f2gic de Catalunya<\/div><div class=\"vlp-block-1 vlp-link-summary\">Informaci\u00f3 meteorol\u00f2gica de Catalunya \u21d2 Previsi\u00f3 del temps avui, radar, avisos de perill, temperatura, not\u00edcies i novetats.<\/div><\/div><\/div><\/div>\n\n\n\n<div class=\"wp-block-column is-layout-flow wp-block-column-is-layout-flow\" style=\"flex-basis:1px\"><\/div>\n<\/div>\n","protected":false},"excerpt":{"rendered":"<p>Contacte Si teniu alguna consulta estem ubicats a: Universitat de la Barcelona Facultat de Geografia i Hist\u00f2ria Laboratori de Climatologia C\/ de Montalegre, 6 08001 Barcelona (Spain) Formulari Si desitja enviar-nos un missatge, si us plau, ompli el formulari seg\u00fcent sense dubtar-ho: Enlla\u00e7os d&#8217;inter\u00e8s<\/p>\n","protected":false},"author":1,"featured_media":0,"parent":0,"menu_order":0,"comment_status":"closed","ping_status":"closed","template":"","meta":{"neve_meta_sidebar":"default","neve_meta_container":"default","neve_meta_enable_content_width":"","neve_meta_content_width":0,"neve_meta_title_alignment":"","neve_meta_author_avatar":"","neve_post_elements_order":"","neve_meta_disable_header":"","neve_meta_disable_footer":"","neve_meta_disable_title":"","footnotes":""},"class_list":["post-2957","page","type-page","status-publish","hentry"],"yoast_head":"<!-- This site is optimized with the Yoast SEO plugin v27.5 - https:\/\/yoast.com\/product\/yoast-seo-wordpress\/ -->\n<title>Contacte -<\/title>\n<meta name=\"robots\" content=\"index, follow, max-snippet:-1, max-image-preview:large, max-video-preview:-1\" \/>\n<link rel=\"canonical\" href=\"https:\/\/www.ub.edu\/ccle\/contacte-2\/\" \/>\n<meta property=\"og:locale\" content=\"ca_ES\" \/>\n<meta property=\"og:type\" content=\"article\" \/>\n<meta property=\"og:title\" content=\"Contacte -\" \/>\n<meta property=\"og:description\" content=\"Contacte Si teniu alguna consulta estem ubicats a: Universitat de la Barcelona Facultat de Geografia i Hist\u00f2ria Laboratori de Climatologia C\/ de Montalegre, 6 08001 Barcelona (Spain) Formulari Si desitja enviar-nos un missatge, si us plau, ompli el formulari seg\u00fcent sense dubtar-ho: Enlla\u00e7os d&#8217;inter\u00e8s\" \/>\n<meta property=\"og:url\" content=\"https:\/\/www.ub.edu\/ccle\/contacte-2\/\" \/>\n<meta property=\"article:modified_time\" content=\"2023-12-07T10:08:15+00:00\" \/>\n<meta property=\"og:image\" content=\"https:\/\/www.ipcc.ch\/site\/assets\/themes\/ipcc\/resources\/img\/splash_logos.png\" \/>\n<meta name=\"twitter:card\" content=\"summary_large_image\" \/>\n<meta name=\"twitter:site\" content=\"@Paisatge_UB\" \/>\n<meta name=\"twitter:label1\" content=\"Temps estimat de lectura\" \/>\n\t<meta name=\"twitter:data1\" content=\"3 minuts\" \/>\n<script type=\"application\/ld+json\" class=\"yoast-schema-graph\">{\"@context\":\"https:\\\/\\\/schema.org\",\"@graph\":[{\"@type\":\"WebPage\",\"@id\":\"https:\\\/\\\/www.ub.edu\\\/ccle\\\/contacte-2\\\/\",\"url\":\"https:\\\/\\\/www.ub.edu\\\/ccle\\\/contacte-2\\\/\",\"name\":\"Contacte -\",\"isPartOf\":{\"@id\":\"https:\\\/\\\/www.ub.edu\\\/ccle\\\/#website\"},\"primaryImageOfPage\":{\"@id\":\"https:\\\/\\\/www.ub.edu\\\/ccle\\\/contacte-2\\\/#primaryimage\"},\"image\":{\"@id\":\"https:\\\/\\\/www.ub.edu\\\/ccle\\\/contacte-2\\\/#primaryimage\"},\"thumbnailUrl\":\"https:\\\/\\\/www.ipcc.ch\\\/site\\\/assets\\\/themes\\\/ipcc\\\/resources\\\/img\\\/splash_logos.png\",\"datePublished\":\"2023-09-13T10:45:41+00:00\",\"dateModified\":\"2023-12-07T10:08:15+00:00\",\"breadcrumb\":{\"@id\":\"https:\\\/\\\/www.ub.edu\\\/ccle\\\/contacte-2\\\/#breadcrumb\"},\"inLanguage\":\"ca\",\"potentialAction\":[{\"@type\":\"ReadAction\",\"target\":[\"https:\\\/\\\/www.ub.edu\\\/ccle\\\/contacte-2\\\/\"]}]},{\"@type\":\"ImageObject\",\"inLanguage\":\"ca\",\"@id\":\"https:\\\/\\\/www.ub.edu\\\/ccle\\\/contacte-2\\\/#primaryimage\",\"url\":\"https:\\\/\\\/www.ipcc.ch\\\/site\\\/assets\\\/themes\\\/ipcc\\\/resources\\\/img\\\/splash_logos.png\",\"contentUrl\":\"https:\\\/\\\/www.ipcc.ch\\\/site\\\/assets\\\/themes\\\/ipcc\\\/resources\\\/img\\\/splash_logos.png\"},{\"@type\":\"BreadcrumbList\",\"@id\":\"https:\\\/\\\/www.ub.edu\\\/ccle\\\/contacte-2\\\/#breadcrumb\",\"itemListElement\":[{\"@type\":\"ListItem\",\"position\":1,\"name\":\"Inici\",\"item\":\"https:\\\/\\\/www.ub.edu\\\/ccle\\\/\"},{\"@type\":\"ListItem\",\"position\":2,\"name\":\"Contacte\"}]},{\"@type\":\"WebSite\",\"@id\":\"https:\\\/\\\/www.ub.edu\\\/ccle\\\/#website\",\"url\":\"https:\\\/\\\/www.ub.edu\\\/ccle\\\/\",\"name\":\"Climate Change and Landscape Ecology\",\"description\":\"\",\"alternateName\":\"CCLE\",\"potentialAction\":[{\"@type\":\"SearchAction\",\"target\":{\"@type\":\"EntryPoint\",\"urlTemplate\":\"https:\\\/\\\/www.ub.edu\\\/ccle\\\/?s={search_term_string}\"},\"query-input\":{\"@type\":\"PropertyValueSpecification\",\"valueRequired\":true,\"valueName\":\"search_term_string\"}}],\"inLanguage\":\"ca\"}]}<\/script>\n<!-- \/ Yoast SEO plugin. -->","yoast_head_json":{"title":"Contacte -","robots":{"index":"index","follow":"follow","max-snippet":"max-snippet:-1","max-image-preview":"max-image-preview:large","max-video-preview":"max-video-preview:-1"},"canonical":"https:\/\/www.ub.edu\/ccle\/contacte-2\/","og_locale":"ca_ES","og_type":"article","og_title":"Contacte -","og_description":"Contacte Si teniu alguna consulta estem ubicats a: Universitat de la Barcelona Facultat de Geografia i Hist\u00f2ria Laboratori de Climatologia C\/ de Montalegre, 6 08001 Barcelona (Spain) Formulari Si desitja enviar-nos un missatge, si us plau, ompli el formulari seg\u00fcent sense dubtar-ho: Enlla\u00e7os d&#8217;inter\u00e8s","og_url":"https:\/\/www.ub.edu\/ccle\/contacte-2\/","article_modified_time":"2023-12-07T10:08:15+00:00","og_image":[{"url":"https:\/\/www.ipcc.ch\/site\/assets\/themes\/ipcc\/resources\/img\/splash_logos.png","type":"","width":"","height":""}],"twitter_card":"summary_large_image","twitter_site":"@Paisatge_UB","twitter_misc":{"Temps estimat de lectura":"3 minuts"},"schema":{"@context":"https:\/\/schema.org","@graph":[{"@type":"WebPage","@id":"https:\/\/www.ub.edu\/ccle\/contacte-2\/","url":"https:\/\/www.ub.edu\/ccle\/contacte-2\/","name":"Contacte -","isPartOf":{"@id":"https:\/\/www.ub.edu\/ccle\/#website"},"primaryImageOfPage":{"@id":"https:\/\/www.ub.edu\/ccle\/contacte-2\/#primaryimage"},"image":{"@id":"https:\/\/www.ub.edu\/ccle\/contacte-2\/#primaryimage"},"thumbnailUrl":"https:\/\/www.ipcc.ch\/site\/assets\/themes\/ipcc\/resources\/img\/splash_logos.png","datePublished":"2023-09-13T10:45:41+00:00","dateModified":"2023-12-07T10:08:15+00:00","breadcrumb":{"@id":"https:\/\/www.ub.edu\/ccle\/contacte-2\/#breadcrumb"},"inLanguage":"ca","potentialAction":[{"@type":"ReadAction","target":["https:\/\/www.ub.edu\/ccle\/contacte-2\/"]}]},{"@type":"ImageObject","inLanguage":"ca","@id":"https:\/\/www.ub.edu\/ccle\/contacte-2\/#primaryimage","url":"https:\/\/www.ipcc.ch\/site\/assets\/themes\/ipcc\/resources\/img\/splash_logos.png","contentUrl":"https:\/\/www.ipcc.ch\/site\/assets\/themes\/ipcc\/resources\/img\/splash_logos.png"},{"@type":"BreadcrumbList","@id":"https:\/\/www.ub.edu\/ccle\/contacte-2\/#breadcrumb","itemListElement":[{"@type":"ListItem","position":1,"name":"Inici","item":"https:\/\/www.ub.edu\/ccle\/"},{"@type":"ListItem","position":2,"name":"Contacte"}]},{"@type":"WebSite","@id":"https:\/\/www.ub.edu\/ccle\/#website","url":"https:\/\/www.ub.edu\/ccle\/","name":"Climate Change and Landscape Ecology","description":"","alternateName":"CCLE","potentialAction":[{"@type":"SearchAction","target":{"@type":"EntryPoint","urlTemplate":"https:\/\/www.ub.edu\/ccle\/?s={search_term_string}"},"query-input":{"@type":"PropertyValueSpecification","valueRequired":true,"valueName":"search_term_string"}}],"inLanguage":"ca"}]}},"_links":{"self":[{"href":"https:\/\/www.ub.edu\/ccle\/wp-json\/wp\/v2\/pages\/2957","targetHints":{"allow":["GET"]}}],"collection":[{"href":"https:\/\/www.ub.edu\/ccle\/wp-json\/wp\/v2\/pages"}],"about":[{"href":"https:\/\/www.ub.edu\/ccle\/wp-json\/wp\/v2\/types\/page"}],"author":[{"embeddable":true,"href":"https:\/\/www.ub.edu\/ccle\/wp-json\/wp\/v2\/users\/1"}],"replies":[{"embeddable":true,"href":"https:\/\/www.ub.edu\/ccle\/wp-json\/wp\/v2\/comments?post=2957"}],"version-history":[{"count":46,"href":"https:\/\/www.ub.edu\/ccle\/wp-json\/wp\/v2\/pages\/2957\/revisions"}],"predecessor-version":[{"id":3242,"href":"https:\/\/www.ub.edu\/ccle\/wp-json\/wp\/v2\/pages\/2957\/revisions\/3242"}],"wp:attachment":[{"href":"https:\/\/www.ub.edu\/ccle\/wp-json\/wp\/v2\/media?parent=2957"}],"curies":[{"name":"wp","href":"https:\/\/api.w.org\/{rel}","templated":true}]}}