{"id":15937,"date":"2020-08-27T06:56:09","date_gmt":"2020-08-27T06:56:09","guid":{"rendered":"http:\/\/www.ub.edu\/ce-pas\/?page_id=15937"},"modified":"2024-07-17T09:14:09","modified_gmt":"2024-07-17T09:14:09","slug":"benvonguts","status":"publish","type":"page","link":"https:\/\/www.ub.edu\/ce-pas\/","title":{"rendered":"Comit\u00e9 d&#8217;empresa. Personal Tecnic Gesti\u00f3, Administraci\u00f3 i Serveis LABORAL(PTGAS-L)"},"content":{"rendered":"<p>[vc_row][vc_column width=&#8221;1\/1&#8243;]<div class=\"single_image wpb_content_element align-center    \" data-animation=\"none\" data-delay=\"0\"><img width=\"819\" height=\"399\" src=\"https:\/\/www.ub.edu\/ce-pas\/wp-content\/uploads\/2020\/08\/cepasL_nusUB.png\" class=\"attachment-full\" alt=\"\" loading=\"lazy\" srcset=\"https:\/\/www.ub.edu\/ce-pas\/wp-content\/uploads\/2020\/08\/cepasL_nusUB.png 819w, https:\/\/www.ub.edu\/ce-pas\/wp-content\/uploads\/2020\/08\/cepasL_nusUB-300x146.png 300w, https:\/\/www.ub.edu\/ce-pas\/wp-content\/uploads\/2020\/08\/cepasL_nusUB-768x374.png 768w\" sizes=\"(max-width: 819px) 100vw, 819px\" \/><\/div>[vc_column_text css_animation=&#8221;fadeIn&#8221;]<\/p>\n<p style=\"text-align: right;\">Imatges cedides per <em>Desi Moncl\u00fas<\/em><\/p>\n<p>[\/vc_column_text]<div class=\"blog-shortcode blog-page blog-large\"><div class=\"blog-wrap\"><div id=\"post-16723\" class=\"post-wrap clearfix post-16723 post type-post status-publish format-standard hentry category-sin-categoria\">\n    \n    <div class=\"post-time\">\n        <span class=\"month\">juny<\/span>\n        <span class=\"day\">20<\/span>\n    <\/div>\n\n    <article>\n        \n                                    \n        <div class=\"entry-wrap\">\n\n            <div class=\"entry-title\">\n                                    <h2><a href=\"https:\/\/www.ub.edu\/ce-pas\/convocatoria-dassemblea-del-personal-tecnic-de-gestio-i-dadministracio-i-serveis-ptgas\/\" title=\"Permalink to Convocat\u00f2ria d\u2019Assemblea del Personal T\u00e8cnic, de Gesti\u00f3 i d\u2019Administraci\u00f3 i Serveis (PTGAS)\" rel=\"bookmark\">Convocat\u00f2ria d\u2019Assemblea del Personal T\u00e8cnic, de Gesti\u00f3 i d\u2019Administraci\u00f3 i Serveis (PTGAS)<\/a><\/h2>\n                            <\/div>\n\n            \n            <div class=\"entry-content\">\n                                    Companyes, companys Us convoquem a una assemblea&nbsp; adre\u00e7ada a tot el PTGAS Laboral&nbsp; amb l\u2019objectiu de compartir els aven\u00e7os i les implicacions del \u201cPla de mesures de millora de l'organitzaci\u00f3, relleu i tecnificaci\u00f3 de les plantilles\u201d (Pla de xoc). Aquestes actuacions s\u00f3n una continuaci\u00f3 de les iniciades per la Universitat... <a class=\"read-more-link\" href=\"https:\/\/www.ub.edu\/ce-pas\/convocatoria-dassemblea-del-personal-tecnic-de-gestio-i-dadministracio-i-serveis-ptgas\/\">read more  &rarr;<\/a>                            <\/div>\n            \n                        <div class=\"entry-meta\">\n                <ul>\n\t\t\n\t\t<li class=\"meta-date\">20 juny 2025<\/li>\n\t\t\t\t<li class=\"meta-author\"><a href=\"https:\/\/www.ub.edu\/ce-pas\/author\/comitedempresa-pas\/\" title=\"View all posts by comitedempresa.pas\">comitedempresa.pas<\/a><\/li>\n\t\t\t\t<li class=\"meta-comment\"><a href=\"https:\/\/www.ub.edu\/ce-pas\/convocatoria-dassemblea-del-personal-tecnic-de-gestio-i-dadministracio-i-serveis-ptgas\/#respond\" class=\"comments-link\" >No Comments<\/a><\/li>\t\t\t<li class=\"meta-category\"><a href=\"https:\/\/www.ub.edu\/ce-pas\/category\/sin-categoria\/\" rel=\"category tag\">Sin categor\u00eda<\/a><\/li>\n\t\t<\/ul>\n            <\/div>\n            \n        <\/div>\n\n    <\/article><!-- #post -->\n\n<\/div><div id=\"post-16713\" class=\"post-wrap clearfix post-16713 post type-post status-publish format-standard hentry category-sin-categoria\">\n    \n    <div class=\"post-time\">\n        <span class=\"month\">abr.<\/span>\n        <span class=\"day\">29<\/span>\n    <\/div>\n\n    <article>\n        \n                                    \n        <div class=\"entry-wrap\">\n\n            <div class=\"entry-title\">\n                                    <h2><a href=\"https:\/\/www.ub.edu\/ce-pas\/assemblees-sobre-jubilacio-parcial-amb-contracte-de-relleu\/\" title=\"Permalink to Assemblees sobre Jubilaci\u00f3 Parcial amb Contracte de Relleu\" rel=\"bookmark\">Assemblees sobre Jubilaci\u00f3 Parcial amb Contracte de Relleu<\/a><\/h2>\n                            <\/div>\n\n            \n            <div class=\"entry-content\">\n                                    Els dies 24 i 25 d\u2019abril, el Comit\u00e8 d\u2019Empresa del PTGAS laboral de la Universitat de Barcelona va convocar 5 assemblees informatives per abordar un tema clau per al futur del nostre col\u00b7lectiu: la jubilaci\u00f3 parcial amb contracte de relleu. Les sessions, celebrades als campus de Pla\u00e7a Universitat, Diagonal Sud,... <a class=\"read-more-link\" href=\"https:\/\/www.ub.edu\/ce-pas\/assemblees-sobre-jubilacio-parcial-amb-contracte-de-relleu\/\">read more  &rarr;<\/a>                            <\/div>\n            \n                        <div class=\"entry-meta\">\n                <ul>\n\t\t\n\t\t<li class=\"meta-date\">29 abril 2025<\/li>\n\t\t\t\t<li class=\"meta-author\"><a href=\"https:\/\/www.ub.edu\/ce-pas\/author\/comitedempresa-pas\/\" title=\"View all posts by comitedempresa.pas\">comitedempresa.pas<\/a><\/li>\n\t\t\t\t<li class=\"meta-comment\"><a href=\"https:\/\/www.ub.edu\/ce-pas\/assemblees-sobre-jubilacio-parcial-amb-contracte-de-relleu\/#respond\" class=\"comments-link\" >No Comments<\/a><\/li>\t\t\t<li class=\"meta-category\"><a href=\"https:\/\/www.ub.edu\/ce-pas\/category\/sin-categoria\/\" rel=\"category tag\">Sin categor\u00eda<\/a><\/li>\n\t\t<\/ul>\n            <\/div>\n            \n        <\/div>\n\n    <\/article><!-- #post -->\n\n<\/div><div id=\"post-16711\" class=\"post-wrap clearfix post-16711 post type-post status-publish format-standard hentry category-sin-categoria\">\n    \n    <div class=\"post-time\">\n        <span class=\"month\">abr.<\/span>\n        <span class=\"day\">11<\/span>\n    <\/div>\n\n    <article>\n        \n                                    \n        <div class=\"entry-wrap\">\n\n            <div class=\"entry-title\">\n                                    <h2><a href=\"https:\/\/www.ub.edu\/ce-pas\/convocatoria-dassemblees-del-ptgas-laboral\/\" title=\"Permalink to Convocat\u00f2ria d\u2019Assemblees del PTGAS laboral\" rel=\"bookmark\">Convocat\u00f2ria d\u2019Assemblees del PTGAS laboral<\/a><\/h2>\n                            <\/div>\n\n            \n            <div class=\"entry-content\">\n                                    Jubilaci\u00f3 Parcial amb Contracte de Relleu &nbsp;\ud83d\uddd3&nbsp;Dia 24 d\u2019abril&nbsp;&nbsp;\ud83d\udccd&nbsp;9:30 a 11:30&nbsp; Campus Pla\u00e7a Universitat (Aula 111)&nbsp; &nbsp;&nbsp;&nbsp;&nbsp;&nbsp;&nbsp;&nbsp; 13:00 a 15:00 Campus Diagonal Sud - Facultat de F\u00edsica i Qu\u00edmica ( Aula Magna)&nbsp; &nbsp;&nbsp;&nbsp;&nbsp;&nbsp;&nbsp;&nbsp; 16:30 a 18:30 Campus Diagonal Sud \u2013 Facultat de Dret ( Aula 8)&nbsp; \ud83d\uddd3&nbsp;Dia 25 d\u2019abril&nbsp; \ud83d\udccd&nbsp;9:30... <a class=\"read-more-link\" href=\"https:\/\/www.ub.edu\/ce-pas\/convocatoria-dassemblees-del-ptgas-laboral\/\">read more  &rarr;<\/a>                            <\/div>\n            \n                        <div class=\"entry-meta\">\n                <ul>\n\t\t\n\t\t<li class=\"meta-date\">11 abril 2025<\/li>\n\t\t\t\t<li class=\"meta-author\"><a href=\"https:\/\/www.ub.edu\/ce-pas\/author\/comitedempresa-pas\/\" title=\"View all posts by comitedempresa.pas\">comitedempresa.pas<\/a><\/li>\n\t\t\t\t<li class=\"meta-comment\"><a href=\"https:\/\/www.ub.edu\/ce-pas\/convocatoria-dassemblees-del-ptgas-laboral\/#respond\" class=\"comments-link\" >No Comments<\/a><\/li>\t\t\t<li class=\"meta-category\"><a href=\"https:\/\/www.ub.edu\/ce-pas\/category\/sin-categoria\/\" rel=\"category tag\">Sin categor\u00eda<\/a><\/li>\n\t\t<\/ul>\n            <\/div>\n            \n        <\/div>\n\n    <\/article><!-- #post -->\n\n<\/div><div id=\"post-16709\" class=\"post-wrap clearfix post-16709 post type-post status-publish format-standard hentry category-sin-categoria\">\n    \n    <div class=\"post-time\">\n        <span class=\"month\">febr.<\/span>\n        <span class=\"day\">14<\/span>\n    <\/div>\n\n    <article>\n        \n                                    \n        <div class=\"entry-wrap\">\n\n            <div class=\"entry-title\">\n                                    <h2><a href=\"https:\/\/www.ub.edu\/ce-pas\/comunicat-2-comite-dempresa-de-ptgasl-pla-de-xoc-jubilacio-amb-contracte-de-relleu\/\" title=\"Permalink to Comunicat 2. Comit\u00e9 d&#8217;Empresa de PTGASL. Pla de Xoc. Jubilaci\u00f3 amb Contracte de Relleu\" rel=\"bookmark\">Comunicat 2. Comit\u00e9 d&#8217;Empresa de PTGASL. Pla de Xoc. Jubilaci\u00f3 amb Contracte de Relleu<\/a><\/h2>\n                            <\/div>\n\n            \n            <div class=\"entry-content\">\n                                    Companyes i companys,&nbsp; Volem compartir amb vosaltres les l\u00ednies de treball que s'han tractat en la darrera reuni\u00f3 del dia 6 de febrer amb la Ger\u00e8ncia en el marc de negociaci\u00f3 del Pla de Xoc i de la Jubilaci\u00f3 Parcial amb Contracte de Relleu.&nbsp; La informaci\u00f3 ens va arribar amb... <a class=\"read-more-link\" href=\"https:\/\/www.ub.edu\/ce-pas\/comunicat-2-comite-dempresa-de-ptgasl-pla-de-xoc-jubilacio-amb-contracte-de-relleu\/\">read more  &rarr;<\/a>                            <\/div>\n            \n                        <div class=\"entry-meta\">\n                <ul>\n\t\t\n\t\t<li class=\"meta-date\">14 febrer 2025<\/li>\n\t\t\t\t<li class=\"meta-author\"><a href=\"https:\/\/www.ub.edu\/ce-pas\/author\/comitedempresa-pas\/\" title=\"View all posts by comitedempresa.pas\">comitedempresa.pas<\/a><\/li>\n\t\t\t\t<li class=\"meta-comment\"><a href=\"https:\/\/www.ub.edu\/ce-pas\/comunicat-2-comite-dempresa-de-ptgasl-pla-de-xoc-jubilacio-amb-contracte-de-relleu\/#respond\" class=\"comments-link\" >No Comments<\/a><\/li>\t\t\t<li class=\"meta-category\"><a href=\"https:\/\/www.ub.edu\/ce-pas\/category\/sin-categoria\/\" rel=\"category tag\">Sin categor\u00eda<\/a><\/li>\n\t\t<\/ul>\n            <\/div>\n            \n        <\/div>\n\n    <\/article><!-- #post -->\n\n<\/div><\/div><\/div>[\/vc_column][\/vc_row][vc_row bg_color=&#8221;#ffffff&#8221; section_arrow=&#8221;false&#8221; top_padding=&#8221;80&#8243; bottom_padding=&#8221;80&#8243; bg_position=&#8221;left top&#8221;][vc_column width=&#8221;1\/2&#8243;][vc_column_text]<\/p>\n<h3>Membres electes<\/h3>\n<p><b>Formem part del Comit\u00e8 d&#8217;Empresa de Personal Laboral de la Universitat de Barcelona les seg\u00fcents persones:<\/b><\/p>\n<p>&#8211; Adanero Ladero, Ester Benita (CCOO)<br \/>\n&#8211; Beltran Moreso, Alicia (CGT)<br \/>\n&#8211; Campo L\u00f3pez, Rub\u00e9n (CGT)<br \/>\n&#8211; C\u00e1rdenas L\u00f3pez, Francisco (UGT)<br \/>\n&#8211; Cases Solana, Esther (CGT)<br \/>\n&#8211; Castilla S\u00e1nchez, Marisa (CCOO)<br \/>\n&#8211; Garcia Gimenez, Joan Manel (CCOO)<br \/>\n&#8211; Garcia Ruiz, Rosa (CCOO)<br \/>\n&#8211; Jim\u00e9nez Guerrero, Andr\u00e9s (CCOO)<br \/>\n&#8211; Marron Palau, Eduard (CGT)<br \/>\n&#8211; Martinez Jesus, Jaime (CCOO)<br \/>\n&#8211; Mellado Gallego, Mar (CCOO)<br \/>\n&#8211; Nu\u00f1ez Gonz\u00e1lez, Xus (CGT)<br \/>\n&#8211; Rodr\u00edguez Rodr\u00edguez, Margarita (CCOO)<br \/>\n&#8211; Ruda Gutierrez, Francisco (CCOO)<br \/>\n&#8211; Salami\u00e0 Castellet, Anna (CCOO)<br \/>\n&#8211; S\u00e1nchez Garc\u00eda, Eva (CGT)<br \/>\n&#8211; Saumoy Gascon, Salvador (CCOO)<br \/>\n&#8211; Seminago Fabian, Ram\u00f3n (CCOO)<br \/>\n&#8211; Serra Garc\u00eda, Guillem (CGT)<br \/>\n&#8211; Solanilla Rodriguez, Leandro (CCOO)<br \/>\n&#8211; Soriano Romero, Silvia (CCOO)<br \/>\n&#8211; Tineo G\u00f3mez, Carlos (UGT)[\/vc_column_text][\/vc_column][vc_column width=&#8221;1\/2&#8243;][vc_column_text]<a href=\"http:\/\/ub.ccoo.cat\/\" target=\"_blank\" rel=\"noopener noreferrer\"><img loading=\"lazy\" class=\"alignleft wp-image-15949\" src=\"http:\/\/www.ub.edu\/ce-pas\/wp-content\/uploads\/2020\/08\/Logo-CCOOUB.jpg\" alt=\"\" width=\"258\" height=\"62\" \/><\/a> \u00a0 \u00a0 <a href=\"http:\/\/www.ub.edu\/cgt\/\" target=\"_blank\" rel=\"noopener noreferrer\"><img loading=\"lazy\" class=\"alignnone wp-image-15951\" src=\"http:\/\/www.ub.edu\/ce-pas\/wp-content\/uploads\/2020\/08\/cgt.png\" alt=\"\" width=\"93\" height=\"143\" \/><\/a>\u00a0 \u00a0 \u00a0 \u00a0 \u00a0\u00a0<a href=\"http:\/\/www.ub.edu\/ugt-ub\/\" target=\"_blank\" rel=\"noopener noreferrer\"><img loading=\"lazy\" class=\"alignnone wp-image-15948\" src=\"http:\/\/www.ub.edu\/ce-pas\/wp-content\/uploads\/2020\/08\/16730275_379346459113648_896606881050278582_n-300x300.jpg\" alt=\"\" width=\"131\" height=\"131\" srcset=\"https:\/\/www.ub.edu\/ce-pas\/wp-content\/uploads\/2020\/08\/16730275_379346459113648_896606881050278582_n-300x300.jpg 300w, https:\/\/www.ub.edu\/ce-pas\/wp-content\/uploads\/2020\/08\/16730275_379346459113648_896606881050278582_n-150x150.jpg 150w, https:\/\/www.ub.edu\/ce-pas\/wp-content\/uploads\/2020\/08\/16730275_379346459113648_896606881050278582_n-80x80.jpg 80w, https:\/\/www.ub.edu\/ce-pas\/wp-content\/uploads\/2020\/08\/16730275_379346459113648_896606881050278582_n-500x500.jpg 500w, https:\/\/www.ub.edu\/ce-pas\/wp-content\/uploads\/2020\/08\/16730275_379346459113648_896606881050278582_n.jpg 512w\" sizes=\"(max-width: 131px) 100vw, 131px\" \/><\/a>[\/vc_column_text][\/vc_column][\/vc_row]<\/p>\n","protected":false},"excerpt":{"rendered":"<p>[vc_row][vc_column width=&#8221;1\/1&#8243;][vc_column_text css_animation=&#8221;fadeIn&#8221;] Imatges cedides per Desi Moncl\u00fas [\/vc_column_text][\/vc_column][\/vc_row][vc_row bg_color=&#8221;#ffffff&#8221; section_arrow=&#8221;false&#8221; top_padding=&#8221;80&#8243; bottom_padding=&#8221;80&#8243; bg_position=&#8221;left top&#8221;][vc_column width=&#8221;1\/2&#8243;][vc_column_text] Membres electes Formem part del Comit\u00e8 d&#8217;Empresa de Personal Laboral de la Universitat de Barcelona les seg\u00fcents persones: &#8211; Adanero Ladero, Ester Benita (CCOO) &#8211; Beltran Moreso, Alicia (CGT) &#8211; Campo L\u00f3pez, Rub\u00e9n (CGT) &#8211; C\u00e1rdenas L\u00f3pez, Francisco (UGT) &#8211; Cases Solana, Esther (CGT) &#8211; Castilla S\u00e1nchez, Marisa (CCOO) &#8211; Garcia Gimenez, Joan Manel (CCOO) &#8211; Garcia Ruiz, Rosa (CCOO) &#8211; Jim\u00e9nez Guerrero, Andr\u00e9s (CCOO) &#8211; Marron Palau, Eduard (CGT) &#8211; Martinez Jesus, Jaime (CCOO) &#8211; Mellado Gallego, Mar (CCOO) &#8211; Nu\u00f1ez Gonz\u00e1lez, Xus (CGT) &#8211; Rodr\u00edguez Rodr\u00edguez, Margarita (CCOO) &#8211; Ruda Gutierrez, Francisco (CCOO) &#8211; Salami\u00e0 Castellet, Anna (CCOO) &#8211; S\u00e1nchez Garc\u00eda, Eva (CGT) &#8211; Saumoy Gascon, Salvador (CCOO) &#8211; Seminago Fabian, Ram\u00f3n (CCOO) &#8211; Serra Garc\u00eda, Guillem (CGT) &#8211; Solanilla Rodriguez, Leandro (CCOO) &#8211; Soriano Romero, Silvia (CCOO) &#8211; Tineo G\u00f3mez, Carlos (UGT)[\/vc_column_text][\/vc_column][vc_column width=&#8221;1\/2&#8243;][vc_column_text] \u00a0 \u00a0 \u00a0 \u00a0 \u00a0 \u00a0 \u00a0\u00a0[\/vc_column_text][\/vc_column][\/vc_row]<\/p>\n","protected":false},"author":1,"featured_media":0,"parent":3182,"menu_order":0,"comment_status":"open","ping_status":"open","template":"","meta":[],"_links":{"self":[{"href":"https:\/\/www.ub.edu\/ce-pas\/wp-json\/wp\/v2\/pages\/15937"}],"collection":[{"href":"https:\/\/www.ub.edu\/ce-pas\/wp-json\/wp\/v2\/pages"}],"about":[{"href":"https:\/\/www.ub.edu\/ce-pas\/wp-json\/wp\/v2\/types\/page"}],"author":[{"embeddable":true,"href":"https:\/\/www.ub.edu\/ce-pas\/wp-json\/wp\/v2\/users\/1"}],"replies":[{"embeddable":true,"href":"https:\/\/www.ub.edu\/ce-pas\/wp-json\/wp\/v2\/comments?post=15937"}],"version-history":[{"count":53,"href":"https:\/\/www.ub.edu\/ce-pas\/wp-json\/wp\/v2\/pages\/15937\/revisions"}],"predecessor-version":[{"id":16689,"href":"https:\/\/www.ub.edu\/ce-pas\/wp-json\/wp\/v2\/pages\/15937\/revisions\/16689"}],"up":[{"embeddable":true,"href":"https:\/\/www.ub.edu\/ce-pas\/wp-json\/wp\/v2\/pages\/3182"}],"wp:attachment":[{"href":"https:\/\/www.ub.edu\/ce-pas\/wp-json\/wp\/v2\/media?parent=15937"}],"curies":[{"name":"wp","href":"https:\/\/api.w.org\/{rel}","templated":true}]}}