{"id":16213,"date":"2020-08-31T10:38:19","date_gmt":"2020-08-31T10:38:19","guid":{"rendered":"http:\/\/www.ub.edu\/ce-pas\/?page_id=16213"},"modified":"2020-08-31T10:55:40","modified_gmt":"2020-08-31T10:55:40","slug":"permisos","status":"publish","type":"page","link":"https:\/\/www.ub.edu\/ce-pas\/permisos\/","title":{"rendered":"Permisos"},"content":{"rendered":"<p>[vc_row bottom_padding=&#8221;40&#8243; bg_position=&#8221;left top&#8221;][vc_column width=&#8221;1\/2&#8243;]<div onclick=\"location.href='https:\/\/intranet.ub.edu\/dyn\/export\/sites\/ubintranet\/galeries\/pdfs\/2_treball_UB\/2_7\/manperm.pdf';\" style=\"cursor:pointer;\"><div class=\"flip\"><div class=\"iconbox  iconbox-style-9 icon-color-accent color-dark card clearfix\"><div class=\"iconbox-box1 face front\"><table><tr><td><i class=\"fa fa-info boxicon\" style=\"\"><\/i><h3>Manual de permisos, llic\u00e8ncies i vacances<\/h3><\/td><\/tr><\/table><\/div><div class=\"iconbox-box2 face back\"><table><tr><td><h3>Manual de permisos, llic\u00e8ncies i vacances<\/h3><p>Accediu al document amb la regulaci\u00f3 vigent<\/p><\/td><\/tr><\/table><\/div><\/div><\/div><\/div>[\/vc_column][vc_column width=&#8221;1\/2&#8243;]<div onclick=\"location.href='https:\/\/intranet.ub.edu\/dyn\/cms\/02_treball_UB\/07_normativa_impresos\/2_normativa_gestio_pas\/';\" style=\"cursor:pointer;\"><div class=\"flip\"><div class=\"iconbox  iconbox-style-9 icon-color-accent color-dark card clearfix\"><div class=\"iconbox-box1 face front\"><table><tr><td><i class=\"fa fa-download boxicon\" style=\"\"><\/i><h3>Normativa de gesti\u00f3 de permisos (Intranet)<\/h3><\/td><\/tr><\/table><\/div><div class=\"iconbox-box2 face back\"><table><tr><td><h3>Normativa de gesti\u00f3 de permisos (Intranet)<\/h3><p>Consulteu la resta de normativa aplicable<\/p><\/td><\/tr><\/table><\/div><\/div><\/div><\/div>[\/vc_column][\/vc_row][vc_row][vc_column width=&#8221;1\/1&#8243;]<div class=\"spacer\" style=\"height: 10px;\"><\/div>[vc_tta_accordion style=&#8221;modern&#8221; c_icon=&#8221;&#8221; active_section=&#8221;1&#8243;][vc_tta_section i_icon_fontawesome=&#8221;fas fa-chevron-circle-right&#8221; add_icon=&#8221;true&#8221; title=&#8221;Notes&#8221; tab_id=&#8221;1598608564980-adb51799-dc74&#8243;][vc_column_text]<i>&#8211; Nota (2018, setembre)<\/i>: Modificat per la Llei de Pressupostos Generals de l\u2019Estat per a l\u2019any 2018, en la seva disposici\u00f3 final 38.1. (Veure la Nota d&#8217;Ampliaci\u00f3 de la prestaci\u00f3 del perm\u00eds de Paternitat a 5 setmanes).<\/p>\n<p><i>&#8211; Nota<\/i>: Amb la Instrucci\u00f3 5\/2014 es modifica l\u2019apartat 5.1 (indisposici\u00f3 dels empleats) del Manual de vacances i permisos del personal d\u2019administraci\u00f3 i serveis. Aix\u00ed mateix, s\u2019han clarificat els criteris de gesti\u00f3 de l\u2019apartat 5.2 (Visita m\u00e8dica dels empleats).[\/vc_column_text][\/vc_tta_section][vc_tta_section i_icon_fontawesome=&#8221;fas fa-exclamation&#8221; add_icon=&#8221;true&#8221; title=&#8221;Conciliaci\u00f3 de la vida personal, gesti\u00f3 del temps, flexibilitat i altres mesures&#8221; tab_id=&#8221;1598608564959-08b7d855-8210&#8243;][vc_column_text]Des dels enlla\u00e7os seg\u00fcents podeu consultar la informaci\u00f3 relativa a la instrucci\u00f3 de Ger\u00e8ncia 5\/2013 i al preacord sobre conciliaci\u00f3:<\/p>\n<ul>\n<li><a href=\"https:\/\/intranet.ub.edu\/dyn\/cms\/galeries\/pdfs\/noticies_pdf\/persub\/instruccio52013.pdf\" target=\"_blank\" rel=\"noopener noreferrer\">Instrucci\u00f3 de Ger\u00e8ncia 5\/2013, de 8 de mar<\/a>\u00e7<\/li>\n<li><a href=\"https:\/\/intranet.ub.edu\/dyn\/cms\/galeries\/pdfs\/noticies_pdf\/persub\/acords01032013.pdf\" target=\"_blank\" rel=\"noopener noreferrer\">Preacord sobre conciliaci\u00f3 de la vida personal, gesti\u00f3 del temps, flexibilitat i altres mesures<\/a><\/li>\n<\/ul>\n<p>[\/vc_column_text][\/vc_tta_section][\/vc_tta_accordion][\/vc_column][\/vc_row]<\/p>\n","protected":false},"excerpt":{"rendered":"<p>[vc_row bottom_padding=&#8221;40&#8243; bg_position=&#8221;left top&#8221;][vc_column width=&#8221;1\/2&#8243;][\/vc_column][vc_column width=&#8221;1\/2&#8243;][\/vc_column][\/vc_row][vc_row][vc_column width=&#8221;1\/1&#8243;][vc_tta_accordion style=&#8221;modern&#8221; c_icon=&#8221;&#8221; active_section=&#8221;1&#8243;][vc_tta_section i_icon_fontawesome=&#8221;fas fa-chevron-circle-right&#8221; add_icon=&#8221;true&#8221; title=&#8221;Notes&#8221; tab_id=&#8221;1598608564980-adb51799-dc74&#8243;][vc_column_text]&#8211; Nota (2018, setembre): Modificat per la Llei de Pressupostos Generals de l\u2019Estat per a l\u2019any 2018, en la seva disposici\u00f3 final 38.1. (Veure la Nota d&#8217;Ampliaci\u00f3 de la prestaci\u00f3 del perm\u00eds de Paternitat a 5 setmanes). &#8211; Nota: Amb la Instrucci\u00f3 5\/2014 es modifica l\u2019apartat 5.1 (indisposici\u00f3 dels empleats) del Manual de vacances i permisos del personal d\u2019administraci\u00f3 i serveis. Aix\u00ed mateix, s\u2019han clarificat els criteris de gesti\u00f3 de l\u2019apartat 5.2 (Visita m\u00e8dica dels empleats).[\/vc_column_text][\/vc_tta_section][vc_tta_section i_icon_fontawesome=&#8221;fas fa-exclamation&#8221; add_icon=&#8221;true&#8221; title=&#8221;Conciliaci\u00f3 de la vida personal, gesti\u00f3 del temps, flexibilitat i altres mesures&#8221; tab_id=&#8221;1598608564959-08b7d855-8210&#8243;][vc_column_text]Des dels enlla\u00e7os seg\u00fcents podeu consultar la informaci\u00f3 relativa a la instrucci\u00f3 de Ger\u00e8ncia 5\/2013 i al preacord sobre conciliaci\u00f3: Instrucci\u00f3 de Ger\u00e8ncia 5\/2013, de 8 de mar\u00e7 Preacord sobre conciliaci\u00f3 de la vida personal, gesti\u00f3 del temps, flexibilitat i altres mesures [\/vc_column_text][\/vc_tta_section][\/vc_tta_accordion][\/vc_column][\/vc_row]<\/p>\n","protected":false},"author":1,"featured_media":0,"parent":0,"menu_order":0,"comment_status":"open","ping_status":"open","template":"","meta":[],"_links":{"self":[{"href":"https:\/\/www.ub.edu\/ce-pas\/wp-json\/wp\/v2\/pages\/16213"}],"collection":[{"href":"https:\/\/www.ub.edu\/ce-pas\/wp-json\/wp\/v2\/pages"}],"about":[{"href":"https:\/\/www.ub.edu\/ce-pas\/wp-json\/wp\/v2\/types\/page"}],"author":[{"embeddable":true,"href":"https:\/\/www.ub.edu\/ce-pas\/wp-json\/wp\/v2\/users\/1"}],"replies":[{"embeddable":true,"href":"https:\/\/www.ub.edu\/ce-pas\/wp-json\/wp\/v2\/comments?post=16213"}],"version-history":[{"count":6,"href":"https:\/\/www.ub.edu\/ce-pas\/wp-json\/wp\/v2\/pages\/16213\/revisions"}],"predecessor-version":[{"id":16220,"href":"https:\/\/www.ub.edu\/ce-pas\/wp-json\/wp\/v2\/pages\/16213\/revisions\/16220"}],"wp:attachment":[{"href":"https:\/\/www.ub.edu\/ce-pas\/wp-json\/wp\/v2\/media?parent=16213"}],"curies":[{"name":"wp","href":"https:\/\/api.w.org\/{rel}","templated":true}]}}