{"id":16235,"date":"2020-08-31T11:49:51","date_gmt":"2020-08-31T11:49:51","guid":{"rendered":"http:\/\/www.ub.edu\/ce-pas\/?page_id=16235"},"modified":"2020-09-04T07:08:44","modified_gmt":"2020-09-04T07:08:44","slug":"roba-de-treball","status":"publish","type":"page","link":"https:\/\/www.ub.edu\/ce-pas\/roba-de-treball\/","title":{"rendered":"Roba de treball"},"content":{"rendered":"<p>[vc_row bottom_padding=&#8221;40&#8243; bg_position=&#8221;left top&#8221;][vc_column width=&#8221;1\/2&#8243;]<div onclick=\"location.href='https:\/\/intranet.ub.edu\/dyn\/export\/sites\/ubintranet\/galeries\/pdfs\/2_treball_UB\/2_1\/acord_roba_treball_2019_preguntes_mes_frequents.pdf';\" style=\"cursor:pointer;\"><div class=\"flip\"><div class=\"iconbox  iconbox-style-9 icon-color-accent color-dark card clearfix\"><div class=\"iconbox-box1 face front\"><table><tr><td><i class=\"fa fa-compass boxicon\" style=\"\"><\/i><h3>Preguntes m\u00e9s freq\u00fcents<\/h3><\/td><\/tr><\/table><\/div><div class=\"iconbox-box2 face back\"><table><tr><td><h3>Preguntes m\u00e9s freq\u00fcents<\/h3><p>Preguntes m\u00e9s freq\u00fcents\u00a0sobre la roba de treball. Modificat el mar\u00e7 de 2019 (PDF)<\/p><\/td><\/tr><\/table><\/div><\/div><\/div><\/div>[\/vc_column][vc_column width=&#8221;1\/2&#8243;]<div class=\"flip\"><div class=\"iconbox  iconbox-style-9 icon-color-accent color-dark card clearfix\"><div class=\"iconbox-box1 face front\"><table><tr><td><i class=\"fa fa-file-pdf-o boxicon\" style=\"\"><\/i><h3>Acord Consell Social<\/h3><\/td><\/tr><\/table><\/div><div class=\"iconbox-box2 face back\"><table><tr><td><h3>Acord Consell Social<\/h3><p><span style=\"color: #ffffff;\"><a style=\"color: #ffffff;\" href=\"https:\/\/intranet.ub.edu\/dyn\/export\/sites\/ubintranet\/galeries\/pdfs\/2_treball_UB\/2_1\/acord_roba_treball_2019_pas-f_cs.pdf\" target=\"_blank\" rel=\"noopener noreferrer\">Acord del Consell Social relatiu a la roba de treball en relaci\u00f3 a les places de PAS laboral de la relaci\u00f3 de llocs de treball (2019-03-07)<\/a><\/span><\/p><\/td><\/tr><\/table><\/div><\/div><\/div>[\/vc_column][\/vc_row][vc_row][vc_column width=&#8221;1\/1&#8243;]<div class=\"spacer\" style=\"height: 10px;\"><\/div>[vc_tta_accordion style=&#8221;modern&#8221; c_icon=&#8221;&#8221; active_section=&#8221;1&#8243;][vc_tta_section i_icon_fontawesome=&#8221;fas fa-chevron-circle-right&#8221; add_icon=&#8221;true&#8221; title=&#8221;Sent\u00e8ncia TSJC \/ Setembre 2016&#8243; tab_id=&#8221;1598608564980-adb51799-dc74&#8243;][vc_column_text]<a href=\"https:\/\/intranet.ub.edu\/dyn\/export\/sites\/ubintranet\/galeries\/pdfs\/2_treball_UB\/2_1\/acord_roba_treball_2016.pdf\" target=\"_blank\" rel=\"noopener noreferrer\">Acord d\u2019execuci\u00f3 de la sent\u00e8ncia 8\/2016 del Tribunal Superior de Just\u00edcia de Catalunya en mat\u00e8ria de\u00a0<b>roba de treball del PAS laboral<\/b><\/a>. Setembre de 2016 (PDF)[\/vc_column_text][\/vc_tta_section][vc_tta_section i_icon_fontawesome=&#8221;fas fa-chevron-circle-right&#8221; add_icon=&#8221;true&#8221; title=&#8221;Relaci\u00f3 de fets&#8221; tab_id=&#8221;1599033620905-4c2dc7f5-8e16&#8243;][vc_column_text]<strong>2016<\/strong><\/p>\n<ul>\n<li><a href=\"http:\/\/www.ub.edu\/ce-pas\/docs\/roba\/Acord%20execucio%20sentencia%20roba%20de%20treball.pdf\" target=\"_blank\" rel=\"noopener noreferrer\">Acord Execuci\u00f3 Sent\u00e8ncia Roba de Treball<\/a> (7\/7\/2016)<\/li>\n<li><a href=\"http:\/\/www.ub.edu\/ce-pas\/docs\/roba\/ROBA%20DE%20TREBALL%2005%2007%2016.pdf\" target=\"_blank\" rel=\"noopener noreferrer\">Proposta acord Roba de Treball<\/a> (5\/7\/2016)<\/li>\n<li><a href=\"http:\/\/www.ub.edu\/ce-pas\/docs\/roba\/Consideracions%20CEPASL-UB%2029-06-2016%20.pdf\" target=\"_blank\" rel=\"noopener noreferrer\">Roba de Treball 20\/06\/2016<\/a> (Consideracions CEPASL-UB 29-06-2016)<\/li>\n<li><a href=\"http:\/\/www.ub.edu\/ce-pas\/docs\/roba\/Proposta%20acord%20ROBA%20DE%20TREBALL%209-6-2016.pdf\" target=\"_blank\" rel=\"noopener noreferrer\">Proposta acord Roba de Treball<\/a> (20\/6\/2016)<\/li>\n<li><a href=\"http:\/\/www.ub.edu\/ce-pas\/docs\/roba\/Esmenes%20ROBA%20DE%20TREBALL%209-6-2016.pdf\" target=\"_blank\" rel=\"noopener noreferrer\">Esmenes del Comit\u00e8 al document ROBA DE TREBALL de 9\/6\/2016<\/a> (15\/6\/2016)<\/li>\n<li><a href=\"http:\/\/www.ub.edu\/ce-pas\/docs\/roba\/Proposta%20acord%20ROBA%20DE%20TREBALL%209-6-2016.pdf\" target=\"_blank\" rel=\"noopener noreferrer\">Proposta acord Roba de Treball<\/a> (9\/6\/2016)<\/li>\n<li><a href=\"http:\/\/www.ub.edu\/ce-pas\/docs\/roba\/Sentencia.pdf\" target=\"_blank\" rel=\"noopener noreferrer\">Sent\u00e8ncia Roba de treball<\/a> (12\/5\/2016)<\/li>\n<li><a href=\"http:\/\/www.ub.edu\/ce-pas\/docs\/roba\/Citacion%20juicio%2026-4-2016.pdf\" target=\"_blank\" rel=\"noopener noreferrer\">C\u00e8lula de Notificaci\u00f3 i Citaci\u00f3<\/a> (21\/3\/2016)<\/li>\n<li><a href=\"http:\/\/www.ub.edu\/ce-pas\/docs\/roba\/CONFLICTE%20COLLECTIU%20TSJC%20-%20ROBA%20DE%20TREBALL.pdf\" target=\"_blank\" rel=\"noopener noreferrer\">Conflicte col\u00b7lectiu al TSJ<\/a> (27\/1\/2016)<\/li>\n<li><a href=\"http:\/\/www.ub.edu\/ce-pas\/docs\/roba\/Anex%203.pdf\" target=\"_blank\" rel=\"noopener noreferrer\">Anex 3 del VI\u00e8 Conveni<\/a><\/li>\n<\/ul>\n<p><strong>2015<\/strong><\/p>\n<ul>\n<li><a href=\"http:\/\/www.ub.edu\/ce-pas\/docs\/roba\/Acta%20de%20conciliacion.pdf\" target=\"_blank\" rel=\"noopener noreferrer\">Acta de conciliaci\u00f3<\/a> (1\/9\/2015)<\/li>\n<\/ul>\n<p><strong>2010<\/strong><\/p>\n<ul>\n<li><a href=\"http:\/\/www.ub.edu\/ce-pas\/docs\/roba\/acord%20roba%20pas%20lab.pdf\" target=\"_blank\" rel=\"noopener noreferrer\">Acord de Desenvolupament de l&#8217;Article 58 del V\u00e8 Conveni col\u00b7lectiu del PAS Laboral del la UB<\/a> (20\/12\/2010)<\/li>\n<\/ul>\n<p>[\/vc_column_text][\/vc_tta_section][\/vc_tta_accordion][\/vc_column][\/vc_row]<\/p>\n","protected":false},"excerpt":{"rendered":"<p>[vc_row bottom_padding=&#8221;40&#8243; bg_position=&#8221;left top&#8221;][vc_column width=&#8221;1\/2&#8243;][\/vc_column][vc_column width=&#8221;1\/2&#8243;][\/vc_column][\/vc_row][vc_row][vc_column width=&#8221;1\/1&#8243;][vc_tta_accordion style=&#8221;modern&#8221; c_icon=&#8221;&#8221; active_section=&#8221;1&#8243;][vc_tta_section i_icon_fontawesome=&#8221;fas fa-chevron-circle-right&#8221; add_icon=&#8221;true&#8221; title=&#8221;Sent\u00e8ncia TSJC \/ Setembre 2016&#8243; tab_id=&#8221;1598608564980-adb51799-dc74&#8243;][vc_column_text]Acord d\u2019execuci\u00f3 de la sent\u00e8ncia 8\/2016 del Tribunal Superior de Just\u00edcia de Catalunya en mat\u00e8ria de\u00a0roba de treball del PAS laboral. Setembre de 2016 (PDF)[\/vc_column_text][\/vc_tta_section][vc_tta_section i_icon_fontawesome=&#8221;fas fa-chevron-circle-right&#8221; add_icon=&#8221;true&#8221; title=&#8221;Relaci\u00f3 de fets&#8221; tab_id=&#8221;1599033620905-4c2dc7f5-8e16&#8243;][vc_column_text]2016 Acord Execuci\u00f3 Sent\u00e8ncia Roba de Treball (7\/7\/2016) Proposta acord Roba de Treball (5\/7\/2016) Roba de Treball 20\/06\/2016 (Consideracions CEPASL-UB 29-06-2016) Proposta acord Roba de Treball (20\/6\/2016) Esmenes del Comit\u00e8 al document ROBA DE TREBALL de 9\/6\/2016 (15\/6\/2016) Proposta acord Roba de Treball (9\/6\/2016) Sent\u00e8ncia Roba de treball (12\/5\/2016) C\u00e8lula de Notificaci\u00f3 i Citaci\u00f3 (21\/3\/2016) Conflicte col\u00b7lectiu al TSJ (27\/1\/2016) Anex 3 del VI\u00e8 Conveni 2015 Acta de conciliaci\u00f3 (1\/9\/2015) 2010 Acord de Desenvolupament de l&#8217;Article 58 del V\u00e8 Conveni col\u00b7lectiu del PAS Laboral del la UB (20\/12\/2010) [\/vc_column_text][\/vc_tta_section][\/vc_tta_accordion][\/vc_column][\/vc_row]<\/p>\n","protected":false},"author":1,"featured_media":0,"parent":0,"menu_order":0,"comment_status":"open","ping_status":"open","template":"","meta":[],"_links":{"self":[{"href":"https:\/\/www.ub.edu\/ce-pas\/wp-json\/wp\/v2\/pages\/16235"}],"collection":[{"href":"https:\/\/www.ub.edu\/ce-pas\/wp-json\/wp\/v2\/pages"}],"about":[{"href":"https:\/\/www.ub.edu\/ce-pas\/wp-json\/wp\/v2\/types\/page"}],"author":[{"embeddable":true,"href":"https:\/\/www.ub.edu\/ce-pas\/wp-json\/wp\/v2\/users\/1"}],"replies":[{"embeddable":true,"href":"https:\/\/www.ub.edu\/ce-pas\/wp-json\/wp\/v2\/comments?post=16235"}],"version-history":[{"count":7,"href":"https:\/\/www.ub.edu\/ce-pas\/wp-json\/wp\/v2\/pages\/16235\/revisions"}],"predecessor-version":[{"id":16326,"href":"https:\/\/www.ub.edu\/ce-pas\/wp-json\/wp\/v2\/pages\/16235\/revisions\/16326"}],"wp:attachment":[{"href":"https:\/\/www.ub.edu\/ce-pas\/wp-json\/wp\/v2\/media?parent=16235"}],"curies":[{"name":"wp","href":"https:\/\/api.w.org\/{rel}","templated":true}]}}