{"id":16440,"date":"2020-10-11T21:12:01","date_gmt":"2020-10-11T21:12:01","guid":{"rendered":"http:\/\/www.ub.edu\/ce-pas\/?page_id=16440"},"modified":"2020-10-12T06:13:01","modified_gmt":"2020-10-12T06:13:01","slug":"catalunya_covid_11oct","status":"publish","type":"page","link":"https:\/\/www.ub.edu\/ce-pas\/catalunya_covid_11oct\/","title":{"rendered":"Teletreball i classes virtuals a les Universitats"},"content":{"rendered":"<p>[vc_row][vc_column width=&#8221;1\/2&#8243;][vc_column_text]Benvolgudes i benvolguts,<\/p>\n<p>Segons ha informat el Rector per correu electr\u00f2nic a la plantilla del PAS, la UB est\u00e0 en contacte amb les autoritats sanit\u00e0ries i universit\u00e0ries respecte de les manifestacions publicades el diumenge al mat\u00ed pel Secretari de Salut P\u00fablica de la Generalitat en relaci\u00f3 a l\u2019aplicaci\u00f3 de mesures per frenar la Covid-19 en els propers dies.<\/p>\n<p>En aquestes manifestacions, <strong>el Secretari de Salut demana a les empreses que tornin a nivells de teletreball semblants als realitzats al mar\u00e7 i l\u2019abril i recomana la virtualitzaci\u00f3 de la doc\u00e8ncia a les universitats almenys durant dues setmanes<\/strong>.<\/p>\n<p><a href=\"https:\/\/www.ccma.cat\/324\/salut-demana-fer-teletreball-i-classes-virtuals-a-les-universitats-durant-15-dies\/noticia\/3052265\/#.X4LI5zUizAd.whatsapp\" target=\"_blank\" rel=\"noopener noreferrer\">Text de la not\u00edcia<\/a><\/p>\n<p>A manca de les concrecions en les mesures pel PROCICAT, entenem que aquesta \u00e9s la direcci\u00f3 que ha de fixar la universitat en els propers dies per reduir la mobilitat i l\u2019activitat social en l\u2019entorn universitari amb el doble objectiu d\u2019evitar i disminuir el risc de contagi.<\/p>\n<p>Malauradament\u00a0a\u00a0la UB, malgrat les reiterades peticions del Comit\u00e8 d\u2019Empresa de PASL\u00a0tot i que l\u2019actual instrucci\u00f3 de la Ger\u00e8ncia permet mantenir\u00a0el\u00a0funcionament\u00a0de molts serves\u00a0amb un 20% de treball presencial, moltes\u00a0persones\u00a0caps i responsables han optat per fixar el 50% com a l\u00edmit al teletreball sense atendre a la necessitat de prioritzar la prevenci\u00f3.<\/p>\n<p>Tampoc s\u2019ha at\u00e8s la petici\u00f3 de que el % de presencialitat als llocs de treball del PAS ha de ser l\u2019estrictament indispensable\u00a0descartant la implementaci\u00f3\u00a0de\u00a0torns de\u00a0treball .<\/p>\n<p><span style=\"font-size: 14pt;\"><strong>Tornem a reclamar que es reconsideri aquest topall del 50%\u00a0pel teletreball aix\u00ed com\u00a0a\u00a0reduir\u00a0la\u00a0presencialitat\u00a0a la\u00a0indispensable per tots els llocs de treball. <\/strong><\/span><\/p>\n<p><span style=\"font-size: 14pt;\"><strong>Cal tornar a\u00a0prioritzar\u00a0la seguretat de tots els membres de la nostra universitat i de la societat de la que formem part.\u00a0<\/strong><\/span><\/p>\n<p>Atesa la situaci\u00f3 actual, la\u00a0universitat ha\u00a0de\u00a0servir d&#8217;exemple i liderar les mesures que permetin doblegar la corba i aconseguir que no calgui prendre mesures m\u00e9s dr\u00e0stiques!<\/p>\n<p>De nou el comprom\u00eds i professionalitat de la plantilla UB permetr\u00e0 mantenir aquest serveis en funcionament si, com sembla l\u2019opci\u00f3 m\u00e9s sensata, hem de tornar a fer-ho des de casa\u00a0o amb reducci\u00f3 de la presencialitat.[\/vc_column_text][\/vc_column][vc_column width=&#8221;1\/2&#8243;]<div onclick=\"location.href='http:\/\/www.ub.edu\/ce-pas\/comunicat-sobre-la-instruccio-de-la-gerencia-del-18-de-setembre\/';\" style=\"cursor:pointer;\"><div class=\"iconbox  iconbox-style-10 icon-color-accent color-dark clearfix\"><i class=\"fa fa-exclamation boxicon\" style=\"\"><\/i><h3>Comunicat sobre la Instrucci\u00f3 de la Ger\u00e8ncia del 18 de setembre<\/h3><p><\/p><\/div><\/div>[\/vc_column][\/vc_row][vc_row][vc_column width=&#8221;1\/1&#8243;][vc_column_text]<span style=\"color: #ffffff;\">Visites:[srs_total_visitors]<\/span>[\/vc_column_text][\/vc_column][\/vc_row]<\/p>\n","protected":false},"excerpt":{"rendered":"<p>[vc_row][vc_column width=&#8221;1\/2&#8243;][vc_column_text]Benvolgudes i benvolguts, Segons ha informat el Rector per correu electr\u00f2nic a la plantilla del PAS, la UB est\u00e0 en contacte amb les autoritats sanit\u00e0ries i universit\u00e0ries respecte de les manifestacions publicades el diumenge al mat\u00ed pel Secretari de Salut P\u00fablica de la Generalitat en relaci\u00f3 a l\u2019aplicaci\u00f3 de mesures per frenar la Covid-19 en els propers dies. En aquestes manifestacions, el Secretari de Salut demana a les empreses que tornin a nivells de teletreball semblants als realitzats al mar\u00e7 i l\u2019abril i recomana la virtualitzaci\u00f3 de la doc\u00e8ncia a les universitats almenys durant dues setmanes. Text de la not\u00edcia A manca de les concrecions en les mesures pel PROCICAT, entenem que aquesta \u00e9s la direcci\u00f3 que ha de fixar la universitat en els propers dies per reduir la mobilitat i l\u2019activitat social en l\u2019entorn universitari amb el doble objectiu d\u2019evitar i disminuir el risc de contagi. Malauradament\u00a0a\u00a0la UB, malgrat les reiterades peticions del Comit\u00e8 d\u2019Empresa de PASL\u00a0tot i que l\u2019actual instrucci\u00f3 de la Ger\u00e8ncia permet mantenir\u00a0el\u00a0funcionament\u00a0de molts serves\u00a0amb un 20% de treball presencial, moltes\u00a0persones\u00a0caps i responsables han optat per fixar el 50% com a l\u00edmit al teletreball sense atendre a la necessitat de prioritzar la prevenci\u00f3. Tampoc s\u2019ha [&hellip;]<\/p>\n","protected":false},"author":1,"featured_media":0,"parent":0,"menu_order":0,"comment_status":"closed","ping_status":"closed","template":"","meta":[],"_links":{"self":[{"href":"https:\/\/www.ub.edu\/ce-pas\/wp-json\/wp\/v2\/pages\/16440"}],"collection":[{"href":"https:\/\/www.ub.edu\/ce-pas\/wp-json\/wp\/v2\/pages"}],"about":[{"href":"https:\/\/www.ub.edu\/ce-pas\/wp-json\/wp\/v2\/types\/page"}],"author":[{"embeddable":true,"href":"https:\/\/www.ub.edu\/ce-pas\/wp-json\/wp\/v2\/users\/1"}],"replies":[{"embeddable":true,"href":"https:\/\/www.ub.edu\/ce-pas\/wp-json\/wp\/v2\/comments?post=16440"}],"version-history":[{"count":8,"href":"https:\/\/www.ub.edu\/ce-pas\/wp-json\/wp\/v2\/pages\/16440\/revisions"}],"predecessor-version":[{"id":16450,"href":"https:\/\/www.ub.edu\/ce-pas\/wp-json\/wp\/v2\/pages\/16440\/revisions\/16450"}],"wp:attachment":[{"href":"https:\/\/www.ub.edu\/ce-pas\/wp-json\/wp\/v2\/media?parent=16440"}],"curies":[{"name":"wp","href":"https:\/\/api.w.org\/{rel}","templated":true}]}}