{"id":16466,"date":"2020-12-21T06:54:35","date_gmt":"2020-12-21T06:54:35","guid":{"rendered":"http:\/\/www.ub.edu\/ce-pas\/?page_id=16466"},"modified":"2020-12-22T10:27:27","modified_gmt":"2020-12-22T10:27:27","slug":"informe2020","status":"publish","type":"page","link":"https:\/\/www.ub.edu\/ce-pas\/informe2020\/","title":{"rendered":"Informe 2020"},"content":{"rendered":"<p>[vc_row top_padding=&#8221;80&#8243; bottom_padding=&#8221;80&#8243; bg_position=&#8221;left top&#8221;][vc_column width=&#8221;1\/2&#8243;]<h2 class=\"headline font-special fontsize-m fontweight-700 lh-inherit align-left transform-uppercase \" style=\"margin: 0 0 20px 0;\">Informaci\u00f3 pel PAS Laboral UB<\/h2>[vc_column_text]<strong>Presentaci\u00f3 de l&#8217;Informe 2020<\/strong><\/p>\n<p>Us presenten un recull de les accions portades a terme per aquest Comit\u00e8 en el transcurs d&#8217;aquest any 2020.<\/p>\n<p>Trobareu acords assolits, acords previstos encara en fase de negociaci\u00f3 que treballem per assolir en les\u00a0properes setmanes, i desacords evidents.<\/p>\n<p>En qualsevol dels casos, us volem oferir els detalls sobre la situaci\u00f3 actual dels\u00a0<span class=\"hiddenSpellError\">asumptes<\/span>\u00a0que han marcat les nostres agendes aquest any.<\/p>\n<p><strong>Reconeixement a l&#8217;esfor\u00e7 del\u00a0<span class=\"hiddenSpellError\">PASL<\/span>\u00a0en per\u00edode de pand\u00e8mia al llarg del 2020<\/strong><\/p>\n<p>Un any que ens ha marcat a totes les persones que formem part del PAS,\u00a0personal\u00a0i professionalment.<\/p>\n<p><span class=\"hiddenGrammarError\">Us<\/span>\u00a0desitgem\u00a0a totes i tots que vosaltres i els vostres us mantingueu sans i us volem\u00a0agrair\u00a0l&#8217;enorme esfor\u00e7 d&#8217;implicaci\u00f3 personal en l&#8217;exercici de les vostres responsabilitats professionals que, sense quedar reflectit en n\u00fameros o estad\u00edstiques, ens permet mantenir el servei p\u00fablic i de qualitat que oferim.<\/p>\n<p>Des del Comit\u00e8 hem treballat per fer-vos m\u00e9s lleuger aquest esfor\u00e7 sobretot en aquells moments\u00a0en els quals\u00a0calia m\u00e9s seguretat tant personal com laboral. I amb aquest objectiu seguim a la vostra disposici\u00f3. Treballarem, amb la vostra col\u00b7laboraci\u00f3, perqu\u00e8 tot aquest esfor\u00e7 que esteu portant a terme\u00a0<span class=\"hiddenGrammarError\">es<\/span>\u00a0vegi\u00a0reconegut en forma de millora de les condicions actuals de treball i en consolidaci\u00f3 d&#8217;aquelles noves din\u00e0miques que ens poden afavorir la nostra tasca com a col\u00b7lectiu.<\/p>\n<p>Seguim a la vostra disposici\u00f3 mitjan\u00e7ant aquest nou canal web i els canals habituals.<\/p>\n<p>\u00c0nim i salut.[\/vc_column_text][\/vc_column][vc_column width=&#8221;1\/2&#8243;][vc_accordion collapsible=&#8221;yes&#8221; disable_keyboard=&#8221;yes&#8221;][vc_accordion_tab title=&#8221;Accions portades a terme&#8221;][vc_column_text]<\/p>\n<ul>\n<li>Concursos de PASL: <a href=\"http:\/\/www.ub.edu\/ce-pas\/docs\/informe2020\/201216%20CEPASL%20informe%20concursos%20de%20PASL.pdf\" target=\"_blank\" rel=\"noopener noreferrer\">Informe del CEPASL<\/a><\/li>\n<li>Teletreball: <a href=\"http:\/\/www.ub.edu\/ce-pas\/docs\/informe2020\/201221%20CRONOLOGIA%20DE%20LA%20NEGOCIACI%C3%93%20DE%20TLT.pdf\" target=\"_blank\" rel=\"noopener noreferrer\">Informe del CEPASL<\/a><\/li>\n<li data-leveltext=\"\uf0b7\" data-font=\"Symbol\" data-listid=\"1\" aria-setsize=\"-1\" data-aria-posinset=\"1\" data-aria-level=\"1\"><span data-contrast=\"none\">Jubilaci\u00f3<\/span><span data-contrast=\"none\">\u00a0Parcial\u00a0<\/span><span data-contrast=\"none\">amb<\/span><span data-contrast=\"none\">\u00a0contracte de\u00a0<\/span><span data-contrast=\"none\">relleu<\/span><span data-contrast=\"none\">: <a href=\"http:\/\/www.ub.edu\/ce-pas\/docs\/informe2020\/201216%20CEPASL%20informe%20jubilaci%C3%B3%20parcial%20anticipada%20%2B%20relleu.pdf\" target=\"_blank\" rel=\"noopener noreferrer\">Informe del CEPASL<\/a><\/span><span data-ccp-props=\"{&quot;134233279&quot;:true,&quot;335551550&quot;:6,&quot;335551620&quot;:6,&quot;335559685&quot;:426,&quot;335559991&quot;:306}\">\u00a0<\/span><\/li>\n<li data-leveltext=\"\uf0b7\" data-font=\"Symbol\" data-listid=\"1\" aria-setsize=\"-1\" data-aria-posinset=\"2\" data-aria-level=\"1\"><span data-contrast=\"none\">Roba de\u00a0<\/span><span data-contrast=\"none\">Treball<\/span><span data-contrast=\"none\">: <a href=\"http:\/\/www.ub.edu\/ce-pas\/docs\/informe2020\/201216%20CEPASL%20informe%20roba%20de%20treball.pdf\" target=\"_blank\" rel=\"noopener noreferrer\">Informe del CEPASL<\/a><\/span><span data-ccp-props=\"{&quot;134233279&quot;:true,&quot;335551550&quot;:6,&quot;335551620&quot;:6,&quot;335559685&quot;:426,&quot;335559991&quot;:306}\">\u00a0<\/span><\/li>\n<li data-leveltext=\"\uf0b7\" data-font=\"Symbol\" data-listid=\"1\" aria-setsize=\"-1\" data-aria-posinset=\"5\" data-aria-level=\"1\"><span data-contrast=\"none\">Pla\u00a0<\/span><span data-contrast=\"none\">d\u2019Igualtat<\/span><span data-contrast=\"none\">: D<\/span><span data-contrast=\"none\">en<\/span><span data-contrast=\"none\">\u00fa<\/span><span data-contrast=\"none\">ncia<\/span><span data-contrast=\"none\">\u00a0a\u00a0<\/span><span data-contrast=\"none\">I<\/span><span data-contrast=\"none\">nspecci\u00f3<\/span><span data-contrast=\"none\">\u00a0de\u00a0<\/span><span data-contrast=\"none\">T<\/span><span data-contrast=\"none\">reball<\/span><span data-contrast=\"none\">\u00a0i de la\u00a0<\/span><span data-contrast=\"none\">S<\/span><span data-contrast=\"none\">eguretat<\/span><span data-contrast=\"none\">\u00a0<\/span><span data-contrast=\"none\">S<\/span><span data-contrast=\"none\">ocial de Catalunya. (13 novembre) <a href=\"http:\/\/www.ub.edu\/ce-pas\/docs\/informe2020\/Den%C3%BAncia%20%20a%20Inspecci%C3%B3%20de%20Treball%20i%20Seguretat%20Social%20de%20Catalunya.pdf\" target=\"_blank\" rel=\"noopener noreferrer\">Informe del CEPASL<\/a><\/span><\/li>\n<li><span data-contrast=\"none\">Contenci<\/span><span data-contrast=\"none\">\u00f3<\/span><span data-contrast=\"none\">s<\/span><span data-contrast=\"none\">\u00a0<\/span><span data-contrast=\"none\">administratiu <\/span><span data-contrast=\"none\">per la <\/span><span data-contrast=\"none\">laboralitzaci\u00f3 <\/span><span data-contrast=\"none\">dels <\/span><span data-contrast=\"none\">llocs <\/span><span data-contrast=\"none\">de <\/span><span data-contrast=\"none\">treball <\/span><span data-contrast=\"none\">de\u00a0<\/span><span data-contrast=\"none\">t\u00e8cnics <\/span><span data-contrast=\"none\">especialistes <\/span><span data-contrast=\"none\">del CRAI: <a href=\"http:\/\/www.ub.edu\/ce-pas\/docs\/informe2020\/201216%20CEPASL%20informe%20actual%20demanda%20CRAI.pdf\" target=\"_blank\" rel=\"noopener noreferrer\">Informe del CEPASL<\/a><\/span><span data-ccp-props=\"{&quot;134233279&quot;:true,&quot;335551550&quot;:6,&quot;335551620&quot;:6,&quot;335559685&quot;:426,&quot;335559991&quot;:306}\">\u00a0<\/span><\/li>\n<li>Situaci\u00f3 de les persones treballadores que superen els 545 dies (18 mesos) en situaci\u00f3 d\u2019IT. <a href=\"http:\/\/www.ub.edu\/ce-pas\/docs\/informe2020\/201216%20Informe%20sobre%20superaci%C3%B3%20dels%20545%20dies%20d%27IT.pdf\" target=\"_blank\" rel=\"noopener noreferrer\">Informe del CEPASL<\/a><\/li>\n<li data-leveltext=\"\uf0b7\" data-font=\"Symbol\" data-listid=\"1\" aria-setsize=\"-1\" data-aria-posinset=\"5\" data-aria-level=\"1\"><span data-contrast=\"none\">Contractaci\u00f3<\/span><span data-contrast=\"none\"> Temporal: Aplicaci\u00f3 de l&#8217;<\/span><span data-contrast=\"none\">article<\/span><span data-contrast=\"none\">\u00a022 del VI\u00a0<\/span><span data-contrast=\"none\">Conveni<\/span><span data-contrast=\"none\">\u00a0<\/span><span data-contrast=\"none\">Col\u00b7lectiu. <\/span><span data-ccp-props=\"{&quot;134233279&quot;:true,&quot;335551550&quot;:6,&quot;335551620&quot;:6,&quot;335559685&quot;:426,&quot;335559991&quot;:306}\">Proposta de negociaci\u00f3 <\/span><span data-contrast=\"none\">a la\u00a0<\/span><span data-contrast=\"none\">Direcci\u00f3<\/span><span data-contrast=\"none\">\u00a0<\/span><span data-contrast=\"none\">d\u2019Organitzaci\u00f3<\/span><span data-contrast=\"none\">\u00a0i Recursos\u00a0<\/span><span data-contrast=\"none\">Humans<\/span><span data-ccp-props=\"{&quot;134233279&quot;:true,&quot;335551550&quot;:6,&quot;335551620&quot;:6,&quot;335559685&quot;:426,&quot;335559991&quot;:306}\"> (18 febrer).<br \/>\n<\/span><span data-contrast=\"none\"><span data-contrast=\"none\"><span data-contrast=\"none\">En desacord amb els procediments de contractaci\u00f3 temporal de PASL a la UB, tot i la proposta d&#8217;acord presentada, <span style=\"font-style: inherit; font-weight: inherit;\">els membres d\u2019aquest CEPASL participaran en els tribunals com a persones observadores, tot i deixant const\u00e0ncia de l\u2019incompliment de l\u2019establert en l\u2019esmentat article 22. <a href=\"http:\/\/www.ub.edu\/ce-pas\/docs\/informe2020\/120220%20CEPASL%20Proposta%20acord%20de%20contractaci%C3%B3%20temporal.pdf\" target=\"_blank\" rel=\"noopener noreferrer\">Proposta d&#8217;acord<\/a><\/span><\/span><\/span><\/span><\/li>\n<li data-leveltext=\"\uf0b7\" data-font=\"Symbol\" data-listid=\"1\" aria-setsize=\"-1\" data-aria-posinset=\"5\" data-aria-level=\"1\"><span data-contrast=\"none\">T<\/span><span data-contrast=\"none\">r<\/span><span data-contrast=\"none\">eballs<\/span><span data-contrast=\"none\">\u00a0de\u00a0<\/span><span data-contrast=\"none\">categoria<\/span><span data-contrast=\"none\"> superior: <\/span><span data-contrast=\"none\">\u00a0Aplicaci\u00f3 de <\/span><span data-contrast=\"none\">l\u2019article<\/span><span data-contrast=\"none\">\u00a026 del VI\u00a0<\/span><span data-contrast=\"none\">Conveni<\/span><span data-contrast=\"none\">\u00a0<\/span><span data-contrast=\"none\">Col\u00b7lectiu. <\/span><span data-contrast=\"none\">Proposta<\/span><span data-contrast=\"none\">\u00a0de\u00a0<\/span><span data-contrast=\"none\">negociaci\u00f3 <\/span><span data-contrast=\"none\">a la\u00a0<\/span><span data-contrast=\"none\">Direcci\u00f3<\/span><span data-contrast=\"none\">\u00a0<\/span><span data-contrast=\"none\">d\u2019Organitzaci\u00f3<\/span><span data-contrast=\"none\">\u00a0i Recursos\u00a0<\/span><span data-contrast=\"none\">Humans<\/span><span data-contrast=\"none\"> (3 de\u00a0<\/span><span data-contrast=\"none\">juny)<\/span><span data-contrast=\"none\">. <a href=\"http:\/\/www.ub.edu\/ce-pas\/docs\/informe2020\/200603%20CEPASL%20Proposta%20acord%20superior%20categoria.pdf\" target=\"_blank\" rel=\"noopener noreferrer\">Proposta d&#8217;acord<\/a><\/span><span data-ccp-props=\"{&quot;134233279&quot;:true,&quot;335551550&quot;:6,&quot;335551620&quot;:6,&quot;335559685&quot;:426,&quot;335559991&quot;:306}\">\u00a0<\/span><\/li>\n<li data-leveltext=\"\uf0b7\" data-font=\"Symbol\" data-listid=\"1\" aria-setsize=\"-1\" data-aria-posinset=\"5\" data-aria-level=\"1\"><span data-contrast=\"none\">Concurs en torn de nou ingr\u00e9s. Acord per la publicaci\u00f3 de<\/span><span data-ccp-props=\"{&quot;134233279&quot;:true,&quot;335551550&quot;:6,&quot;335551620&quot;:6,&quot;335559685&quot;:426,&quot;335559991&quot;:306}\"> 73 places en 3a Fase (OPO 2017 i 2018, i Taxa addicional). <a href=\"http:\/\/www.ub.edu\/ce-pas\/docs\/informe2020\/041220%20ACORD%20Concurs%20PAS%20laboral.pdf\" target=\"_blank\" rel=\"noopener noreferrer\">Document d&#8217;acord<\/a><\/span><\/li>\n<li data-leveltext=\"\uf0b7\" data-font=\"Symbol\" data-listid=\"1\" aria-setsize=\"-1\" data-aria-posinset=\"5\" data-aria-level=\"1\"><span data-ccp-props=\"{&quot;134233279&quot;:true,&quot;335551550&quot;:6,&quot;335551620&quot;:6,&quot;335559685&quot;:426,&quot;335559991&quot;:306}\">Acord complementari a l\u2019acord de bases reguladores per a la mobilitat volunt\u00e0ria del personal d\u2019administraci\u00f3 i serveis laboral fix mitjan\u00e7ant la provisi\u00f3 temporal de llocs de treball per motiu de jubilaci\u00f3 parcial. <a href=\"http:\/\/www.ub.edu\/ce-pas\/docs\/informe2020\/20201217_V13%20ACORD%20AT%20definitiu.pdf\" target=\"_blank\" rel=\"noopener noreferrer\">Document d&#8217;acord<\/a><\/span><\/li>\n<\/ul>\n<p>[\/vc_column_text][\/vc_accordion_tab][vc_accordion_tab title=&#8221;Altres informacions&#8221;][vc_column_text]<\/p>\n<ul>\n<li data-leveltext=\"\uf0b7\" data-font=\"Symbol\" data-listid=\"2\" aria-setsize=\"-1\" data-aria-posinset=\"1\" data-aria-level=\"1\"><span data-contrast=\"none\">Adhesi\u00f3<\/span><span data-contrast=\"none\">\u00a0al Pla de\u00a0<\/span><span data-contrast=\"none\">Gesti\u00f3<\/span><span data-contrast=\"none\">\u00a0de\u00a0<\/span><span data-contrast=\"none\">l\u2019Experi\u00e8ncia<\/span><span data-contrast=\"none\">\u00a0<\/span><span data-contrast=\"none\">acordat<\/span><span data-contrast=\"none\">\u00a0<\/span><span data-contrast=\"none\">amb<\/span><span data-contrast=\"none\"> la Junta de PASF\u202f.<\/span><span data-ccp-props=\"{&quot;134233279&quot;:true,&quot;335551550&quot;:6,&quot;335551620&quot;:6,&quot;335559685&quot;:142,&quot;335559991&quot;:153}\"><br \/>\n<\/span>El 10 d&#8217;octubre\u202fde\u202f2019\u202fel\u202fComit\u00e8 d&#8217;Empresa\u202fde\u202fPASL va\u202fdemanar a la Direcci\u00f3 d&#8217;Organitzaci\u00f3 i RH\u202fl\u2019adhesi\u00f3\u202fdel PASL\u202fal\u202fPla\u202fde\u202fGesti\u00f3\u202fde\u202fl\u2019Experi\u00e8ncia\u202facordat amb la Junta\u202fde\u202fPAS Funcionari.<br \/>\nAquest\u00a0pla\u00a0suposa\u00a0la\u00a0reducci\u00f3\u00a0d&#8217;1h laborable al\u00a0dia\u00a0per a persones\u00a0majors\u00a0de 60\u00a0anys.<br \/>\nFins\u00a0a data\u00a0d&#8217;avui\u00a0hem\u00a0reiterat\u00a0la\u00a0petici\u00f3,\u00a0per\u00f2\u00a0sense\u00a0resposta\u00a0oficial per\u00a0part\u00a0de\u00a0l\u2019\u00c0rea\u00a0d\u2019Organitzaci\u00f3\u00a0i Recursos\u00a0Humans.<\/li>\n<li><span data-contrast=\"none\">PILS.\u00a0<\/span><span data-contrast=\"none\">Petici\u00f3<\/span><span data-contrast=\"none\">\u00a0<\/span><span data-contrast=\"none\">d\u2019estudi<\/span><span data-contrast=\"none\">\u00a0de\u00a0<\/span><span data-contrast=\"none\">dimensionament<\/span><span data-contrast=\"none\">\u00a0i\u00a0<\/span><span data-contrast=\"none\">funcions<\/span><span data-contrast=\"none\">.\u00a0<\/span><span data-contrast=\"none\">Suport<\/span><span data-contrast=\"none\">\u00a0a la\u00a0<\/span><span data-contrast=\"none\">doc\u00e8ncia<\/span><span data-contrast=\"none\">\u00a0semipresencial.\u202f<\/span><span data-ccp-props=\"{&quot;134233279&quot;:true,&quot;335551550&quot;:6,&quot;335551620&quot;:6,&quot;335559685&quot;:284,&quot;335559991&quot;:295}\"><br \/>\n<\/span>Al\u00a0<span data-contrast=\"none\">llarg<\/span><span data-contrast=\"none\">\u00a0de\u00a0<\/span><span data-contrast=\"none\">l\u2019any<\/span><span data-contrast=\"none\">\u00a0<\/span><span data-contrast=\"none\">s\u2019ha<\/span><span data-contrast=\"none\">\u00a0<\/span><span data-contrast=\"none\">demanat<\/span><span data-contrast=\"none\">,<\/span><span data-contrast=\"none\">\u00a0per\u00a0<\/span><span data-contrast=\"none\">part<\/span><span data-contrast=\"none\">\u00a0del\u00a0<\/span><span data-contrast=\"none\">Comit\u00e8<\/span><span data-contrast=\"none\">\u00a0<\/span><span data-contrast=\"none\">d\u2019Empresa<\/span><span data-contrast=\"none\">\u00a0de PASL<\/span><span data-contrast=\"none\">,<\/span><span data-contrast=\"none\">\u00a0en les\u00a0<\/span><span data-contrast=\"none\">diverses<\/span><span data-contrast=\"none\">\u00a0<\/span><span data-contrast=\"none\">reunions<\/span><span data-contrast=\"none\">\u00a0de la\u00a0<\/span><span data-contrast=\"none\">Comissi\u00f3<\/span><span data-contrast=\"none\">\u00a0<\/span><span data-contrast=\"none\">Delegada<\/span><span data-contrast=\"none\">\u00a0de PAS<\/span><span data-contrast=\"none\">,<\/span><span data-contrast=\"none\">\u00a0un\u00a0<\/span><span data-contrast=\"none\">estudi<\/span><span data-contrast=\"none\">\u00a0sobre el\u00a0<\/span><span data-contrast=\"none\">dimensionament<\/span><span data-contrast=\"none\">\u00a0i les\u00a0<\/span><span data-contrast=\"none\">funcions<\/span><span data-contrast=\"none\">\u00a0de\u00a0<\/span><span data-contrast=\"none\">l\u2019\u00e0mbit<\/span><span data-contrast=\"none\">\u00a0<\/span><span data-contrast=\"none\">d\u2019Informaci\u00f3<\/span><span data-contrast=\"none\">\u00a0i\u00a0<\/span><span data-contrast=\"none\">Logistica<\/span><span data-contrast=\"none\">.<\/span><\/li>\n<li>Drets meritats en situaci\u00f3 d\u2019IT.<br \/>\nEn el cas d\u2019aquelles persones en situaci\u00f3 d\u2019IT que no han vist reflectit a la seva n\u00f2mina els increments retributius consolidats, des del CEPASL hem sol\u00b7licitat a la Ger\u00e8ncia la regulaci\u00f3 d\u2019aquesta situaci\u00f3 i el cobrament de l\u2019import relatiu als mesos pendents.<\/li>\n<li><span data-contrast=\"none\">Calendari<\/span><span data-contrast=\"none\"><span data-contrast=\"none\"><span data-contrast=\"none\"> laboral.<br \/>\n<\/span><\/span><\/span>Arrel de la recuperaci\u00f3 de la jornada de <em>35 hores setmanals<\/em>, i conjuntament amb la Junta de PAS de la UB, tenim pendent tancar un acord amb la Ger\u00e8ncia sobre jornada laboral que incorpori elements de flexibilitzaci\u00f3 i respecte a la conciliaci\u00f3 amb la vida personal i familiar.<br \/>\nLa negociaci\u00f3 pr\u00e8via ha perm\u00e8s ampliar el termini de gaudiment dels dies d\u2019afers propis pendents de 2020 fins el 30 de juny de 2021.<br \/>\nInstruccions de Ger\u00e8ncia 4 desembre 2020 (<a href=\"https:\/\/intranet.ub.edu\/dyn\/export\/sites\/ubintranet\/galeries\/pdfs\/noticies_pdf\/persub\/2020\/instruccio_gerent_calendari_laboral_2021.pdf\" target=\"_blank\" rel=\"noopener noreferrer\">Calendari Laboral 2021<\/a> \/ <a href=\"https:\/\/intranet.ub.edu\/dyn\/export\/sites\/ubintranet\/galeries\/pdfs\/noticies_pdf\/persub\/2020\/instruccio_gerent_ampliacio_termini_AP2020.pdf\" target=\"_blank\" rel=\"noopener noreferrer\">Afers propis<\/a>)<span data-contrast=\"none\"><span data-contrast=\"none\"><span data-contrast=\"none\"><br \/>\n<\/span><\/span><\/span><span data-contrast=\"none\"><span data-contrast=\"none\"><br \/>\n<\/span><\/span><\/li>\n<\/ul>\n<p>[\/vc_column_text][\/vc_accordion_tab][\/vc_accordion][\/vc_column][\/vc_row]<\/p>\n","protected":false},"excerpt":{"rendered":"<p>[vc_row top_padding=&#8221;80&#8243; bottom_padding=&#8221;80&#8243; bg_position=&#8221;left top&#8221;][vc_column width=&#8221;1\/2&#8243;][vc_column_text]Presentaci\u00f3 de l&#8217;Informe 2020 Us presenten un recull de les accions portades a terme per aquest Comit\u00e8 en el transcurs d&#8217;aquest any 2020. Trobareu acords assolits, acords previstos encara en fase de negociaci\u00f3 que treballem per assolir en les\u00a0properes setmanes, i desacords evidents. En qualsevol dels casos, us volem oferir els detalls sobre la situaci\u00f3 actual dels\u00a0asumptes\u00a0que han marcat les nostres agendes aquest any. Reconeixement a l&#8217;esfor\u00e7 del\u00a0PASL\u00a0en per\u00edode de pand\u00e8mia al llarg del 2020 Un any que ens ha marcat a totes les persones que formem part del PAS,\u00a0personal\u00a0i professionalment. Us\u00a0desitgem\u00a0a totes i tots que vosaltres i els vostres us mantingueu sans i us volem\u00a0agrair\u00a0l&#8217;enorme esfor\u00e7 d&#8217;implicaci\u00f3 personal en l&#8217;exercici de les vostres responsabilitats professionals que, sense quedar reflectit en n\u00fameros o estad\u00edstiques, ens permet mantenir el servei p\u00fablic i de qualitat que oferim. Des del Comit\u00e8 hem treballat per fer-vos m\u00e9s lleuger aquest esfor\u00e7 sobretot en aquells moments\u00a0en els quals\u00a0calia m\u00e9s seguretat tant personal com laboral. I amb aquest objectiu seguim a la vostra disposici\u00f3. Treballarem, amb la vostra col\u00b7laboraci\u00f3, perqu\u00e8 tot aquest esfor\u00e7 que esteu portant a terme\u00a0es\u00a0vegi\u00a0reconegut en forma de millora de les condicions actuals de treball i en consolidaci\u00f3 d&#8217;aquelles [&hellip;]<\/p>\n","protected":false},"author":1,"featured_media":0,"parent":0,"menu_order":0,"comment_status":"closed","ping_status":"open","template":"","meta":[],"_links":{"self":[{"href":"https:\/\/www.ub.edu\/ce-pas\/wp-json\/wp\/v2\/pages\/16466"}],"collection":[{"href":"https:\/\/www.ub.edu\/ce-pas\/wp-json\/wp\/v2\/pages"}],"about":[{"href":"https:\/\/www.ub.edu\/ce-pas\/wp-json\/wp\/v2\/types\/page"}],"author":[{"embeddable":true,"href":"https:\/\/www.ub.edu\/ce-pas\/wp-json\/wp\/v2\/users\/1"}],"replies":[{"embeddable":true,"href":"https:\/\/www.ub.edu\/ce-pas\/wp-json\/wp\/v2\/comments?post=16466"}],"version-history":[{"count":23,"href":"https:\/\/www.ub.edu\/ce-pas\/wp-json\/wp\/v2\/pages\/16466\/revisions"}],"predecessor-version":[{"id":16490,"href":"https:\/\/www.ub.edu\/ce-pas\/wp-json\/wp\/v2\/pages\/16466\/revisions\/16490"}],"wp:attachment":[{"href":"https:\/\/www.ub.edu\/ce-pas\/wp-json\/wp\/v2\/media?parent=16466"}],"curies":[{"name":"wp","href":"https:\/\/api.w.org\/{rel}","templated":true}]}}