{"id":16691,"date":"2024-07-22T09:38:29","date_gmt":"2024-07-22T09:38:29","guid":{"rendered":"https:\/\/www.ub.edu\/ce-pas\/?page_id=16691"},"modified":"2024-07-23T10:28:04","modified_gmt":"2024-07-23T10:28:04","slug":"novetats-concursos","status":"publish","type":"page","link":"https:\/\/www.ub.edu\/ce-pas\/novetats-concursos\/","title":{"rendered":"Novetats Concursos"},"content":{"rendered":"<p>[vc_row][vc_column width=&#8221;1\/1&#8243;][vc_column_text]En aquest apartat anirem publicant noticies sobre els concursos en marxa i el seu estat[\/vc_column_text][\/vc_column][\/vc_row][vc_row][vc_column width=&#8221;1\/1&#8243;][vc_column_text]<\/p>\n<h2><strong>Situaci\u00f3 actual dels concursos en desenvolupament (actualitzaci\u00f3 22\/07\/24):<\/strong><\/h2>\n<h3>Processos selectius grups III, II i I<\/h3>\n<p>Processos selectius en <strong>fase de presentaci\u00f3 de documentaci\u00f3 de les persones proposades per l\u2019adjudicaci\u00f3<\/strong>. La resoluci\u00f3 de la contractaci\u00f3 i la data d\u2019efectes dels nous contractes tamb\u00e9 ser\u00e0 despr\u00e9s de les vacances d\u2019estiu.<\/p>\n<ul>\n<li><a href=\"https:\/\/seu.ub.edu\/ofertaPublicaCategoriaPublic\/listPublicacionsAmbCategoria?categoria.id=354904\">OF123\/2022\/1<\/a>\u00a0proc\u00e9s de trasllat, reincorporaci\u00f3 d\u2019exced\u00e8ncies, promoci\u00f3 i torn de nou ingr\u00e9s de 13 places. Termini de presentaci\u00f3 de documentaci\u00f3 des del dia 27 de juny fins el 24 de juliol de 2024 ambd\u00f3s inclosos.<\/li>\n<\/ul>\n<ul>\n<li><a href=\"https:\/\/seu.ub.edu\/ofertaPublicaCategoriaPublic\/listPublicacionsAmbCategoria?categoria.id=363480\">OF3\/2022\/4<\/a>\u00a0proc\u00e9s d\u2019estabilitzaci\u00f3 pel sistema de concurs oposici\u00f3 de 10 places. Termini de presentaci\u00f3 de documentaci\u00f3 de les persones proposades per l\u2019adjudicaci\u00f3\u00a0des del dia 2 al 29 de juliol de 2024, ambd\u00f3s inclosos.<\/li>\n<\/ul>\n<p><strong>Proc\u00e9s selectiu en fase de valoraci\u00f3 d\u2019al\u00b7legacions:<\/strong><\/p>\n<ul>\n<li><a href=\"https:\/\/seu.ub.edu\/ofertaPublicaCategoriaPublic\/listPublicacionsAmbCategoria?categoria.id=363398\">OF3\/2022\/3<\/a>\u00a0proc\u00e9s d\u2019estabilitzaci\u00f3 extraordinari per m\u00e8rits de 105 places. Les al\u00b7legacions es van presentar fins el 5 de juliol de 2024. Caldr\u00e0 esperar fins despr\u00e9s de les vacances per la resoluci\u00f3 de la contractaci\u00f3\u00a0 i la concreci\u00f3 de la data d\u2019efectes dels contractes<\/li>\n<\/ul>\n<p><strong>Proc\u00e9s selectiu pendent de la publicaci\u00f3 de la llista de persones admeses\/excloses i del nomenament dels tribunals:<\/strong><\/p>\n<ul>\n<li><a href=\"https:\/\/seu.ub.edu\/ofertaPublicaCategoriaPublic\/listPublicacionsAmbCategoria?categoria.id=474321\">OF123\/2023\/1<\/a>\u00a0proc\u00e9s de trasllat, reincorporaci\u00f3 d\u2019exced\u00e8ncies, promoci\u00f3 i torn de nou ingr\u00e9s de 69 places.<\/li>\n<\/ul>\n<p>En fase valoraci\u00f3 de les esmenes presentades fins el 17 de maig contra la publicaci\u00f3 de persones admeses\/excloses provisional i de nomenament de vocals als diferents tribunals que desenvoluparan el proc\u00e9s selectiu. El Comit\u00e8 d\u2019Empresa, despr\u00e9s del proc\u00e9s electoral, ha informat a Recursos Humans dels nomenaments dels vocals que ens corresponen. Estem a l\u2019espera de la seva validaci\u00f3 aix\u00ed com del nomenament dels vocals de l\u2019\u00c0rea de Recursos Humans per la seva publicaci\u00f3.<\/p>\n<p><strong>Processos selectius d\u2019auxiliars de servei<\/strong><\/p>\n<p><a href=\"https:\/\/seu.ub.edu\/ofertaPublicaCategoriaPublic\/listPublicacionsAmbCategoria?categoria.id=363434\">OF3\/2022\/2<\/a>\u00a0torn de nou ingr\u00e9s de 5 places d\u2019auxiliars de servei<\/p>\n<p>En fase de valoraci\u00f3 d\u2019entrevistes.<\/p>\n<p><a href=\"https:\/\/seu.ub.edu\/ofertaPublicaCategoriaPublic\/listPublicacionsAmbCategoria?categoria.id=522556\">Full 273<\/a>\u00a0torn de trasllat i reincorporaci\u00f3 d\u2019exced\u00e8ncies de 51 places d\u2019auxiliars de servei.<\/p>\n<p>En fase de constituci\u00f3 del tribunal el dimarts 16 de juliol. Aquest concurs s\u2019ha de resoldre pr\u00e8viament a la resoluci\u00f3 del proc\u00e9s selectiu en torn de nou ingr\u00e9s de 5 places.<\/p>\n<p><strong>Altres processos selectius<\/strong><\/p>\n<p>Continuem treballant per la convocat\u00f2ria de concursos en 1\u00aa i 2\u00aa fase de les places que queden vacants per jubilaci\u00f3 o altres motius, i per l\u2019eliminaci\u00f3 dels enc\u00e0rrecs de superior categoria que estan fora de termini.[\/vc_column_text][\/vc_column][\/vc_row]<\/p>\n","protected":false},"excerpt":{"rendered":"<p>[vc_row][vc_column width=&#8221;1\/1&#8243;][vc_column_text]En aquest apartat anirem publicant noticies sobre els concursos en marxa i el seu estat[\/vc_column_text][\/vc_column][\/vc_row][vc_row][vc_column width=&#8221;1\/1&#8243;][vc_column_text] Situaci\u00f3 actual dels concursos en desenvolupament (actualitzaci\u00f3 22\/07\/24): Processos selectius grups III, II i I Processos selectius en fase de presentaci\u00f3 de documentaci\u00f3 de les persones proposades per l\u2019adjudicaci\u00f3. La resoluci\u00f3 de la contractaci\u00f3 i la data d\u2019efectes dels nous contractes tamb\u00e9 ser\u00e0 despr\u00e9s de les vacances d\u2019estiu. OF123\/2022\/1\u00a0proc\u00e9s de trasllat, reincorporaci\u00f3 d\u2019exced\u00e8ncies, promoci\u00f3 i torn de nou ingr\u00e9s de 13 places. Termini de presentaci\u00f3 de documentaci\u00f3 des del dia 27 de juny fins el 24 de juliol de 2024 ambd\u00f3s inclosos. OF3\/2022\/4\u00a0proc\u00e9s d\u2019estabilitzaci\u00f3 pel sistema de concurs oposici\u00f3 de 10 places. Termini de presentaci\u00f3 de documentaci\u00f3 de les persones proposades per l\u2019adjudicaci\u00f3\u00a0des del dia 2 al 29 de juliol de 2024, ambd\u00f3s inclosos. Proc\u00e9s selectiu en fase de valoraci\u00f3 d\u2019al\u00b7legacions: OF3\/2022\/3\u00a0proc\u00e9s d\u2019estabilitzaci\u00f3 extraordinari per m\u00e8rits de 105 places. Les al\u00b7legacions es van presentar fins el 5 de juliol de 2024. Caldr\u00e0 esperar fins despr\u00e9s de les vacances per la resoluci\u00f3 de la contractaci\u00f3\u00a0 i la concreci\u00f3 de la data d\u2019efectes dels contractes Proc\u00e9s selectiu pendent de la publicaci\u00f3 de la llista de persones admeses\/excloses i del nomenament dels tribunals: OF123\/2023\/1\u00a0proc\u00e9s de trasllat, [&hellip;]<\/p>\n","protected":false},"author":1,"featured_media":0,"parent":0,"menu_order":0,"comment_status":"closed","ping_status":"closed","template":"","meta":[],"_links":{"self":[{"href":"https:\/\/www.ub.edu\/ce-pas\/wp-json\/wp\/v2\/pages\/16691"}],"collection":[{"href":"https:\/\/www.ub.edu\/ce-pas\/wp-json\/wp\/v2\/pages"}],"about":[{"href":"https:\/\/www.ub.edu\/ce-pas\/wp-json\/wp\/v2\/types\/page"}],"author":[{"embeddable":true,"href":"https:\/\/www.ub.edu\/ce-pas\/wp-json\/wp\/v2\/users\/1"}],"replies":[{"embeddable":true,"href":"https:\/\/www.ub.edu\/ce-pas\/wp-json\/wp\/v2\/comments?post=16691"}],"version-history":[{"count":3,"href":"https:\/\/www.ub.edu\/ce-pas\/wp-json\/wp\/v2\/pages\/16691\/revisions"}],"predecessor-version":[{"id":16695,"href":"https:\/\/www.ub.edu\/ce-pas\/wp-json\/wp\/v2\/pages\/16691\/revisions\/16695"}],"wp:attachment":[{"href":"https:\/\/www.ub.edu\/ce-pas\/wp-json\/wp\/v2\/media?parent=16691"}],"curies":[{"name":"wp","href":"https:\/\/api.w.org\/{rel}","templated":true}]}}