{"id":7,"date":"2024-02-07T12:30:35","date_gmt":"2024-02-07T12:30:35","guid":{"rendered":"https:\/\/www.ub.edu\/ceipac_ub\/?page_id=7"},"modified":"2024-02-08T12:05:00","modified_gmt":"2024-02-08T12:05:00","slug":"presentacion","status":"publish","type":"page","link":"https:\/\/www.ub.edu\/ceipac_ub\/presentacion\/","title":{"rendered":"Presentaci\u00f3n"},"content":{"rendered":"\n<h2 class=\"wp-block-heading\">Introducci\u00f3n <\/h2>\n\n\n\n<p align=\"justify\">El grupo de investigaci\u00f3n&nbsp;<strong>CEIPAC (Centro para el Estudio de la Interdependencia Provincial en la Antig\u00fcedad Cl\u00e1sica)<\/strong>&nbsp;de la Universidad de Barcelona, fue creado en el a\u00f1o 1990 con la finalidad de&nbsp;<strong>estudiar las<\/strong>&nbsp;<strong>relaciones econ\u00f3micas y sociales establecidas entre las diversas provincias del Imperio Romano<\/strong>. En los \u00faltimos a\u00f1os<strong>, coordina un amplio programa de investigaci\u00f3n internacional dedicado al estudio de la producci\u00f3n y comercio de alimentos y, a trav\u00e9s de ello, de las relaciones sociales y pol\u00edticas que conllevan<\/strong>.<\/p>\n\n\n\n<p align=\"justify\">La producci\u00f3n y comercializaci\u00f3n de alimentos era una cuesti\u00f3n de capital importancia en el mundo antiguo y todav\u00eda lo sigue siendo en la actualidad. Es un hecho que dentro del Imperio Romano, que abarcaba la mayor parte de los pa\u00edses que actualmente conforman la Uni\u00f3n Europea y la cuenca del Mediterr\u00e1neo, los diferentes productos alimenticios circulaban en grandes cantidades. Desde el CEIPAC se trata de desentramar esas relaciones entre las diferentes provincias, y dilucidar como el aceite, el vino o las salazones procedentes de Libia, T\u00fanez o la Pen\u00ednsula Ib\u00e9rica llegaban a Alemania, Austria, Suiza o Italia.<\/p>\n\n\n\n<p align=\"justify\">El n\u00facleo de la investigaci\u00f3n del grupo lo constituye el estudio sobre la producci\u00f3n y el comercio de alimentos en el mundo romano. Para llevar a cabo este estudio nos valemos de la investigaci\u00f3n sobre los envases, las \u00e1nforas que contuvieron aceite, vino y conservas de pescado, y de lo que podr\u00edamos llamar \u201cetiquetas\u201d, es decir, las inscripciones encontradas en estos envases.<\/p>\n\n\n\n<p align=\"justify\">El grupo CEIPAC est\u00e1 integrado en el proyecto \u00ab<strong><em>Timbres Amphoriques<\/em><\/strong>\u00bb de la&nbsp;<strong><em>Union Acad\u00e9mique<\/em><\/strong><strong><em>&nbsp;Internationale<\/em><\/strong>&nbsp;desde 1996 y bajo el patrocinio de la&nbsp;<strong>Real Academia<\/strong><strong>&nbsp;de la Historia<\/strong>&nbsp;(Madrid). Ha sido declarado&nbsp;<strong><em>Grup de Recerca de Qualitat&nbsp;<\/em><\/strong>por la&nbsp;<strong><em>Generalitat<\/em><\/strong><strong><em>&nbsp;de Catalunya<\/em><\/strong>&nbsp;(<strong>2005SGR 01010<\/strong>,&nbsp;<strong>2009 SGR 480<\/strong>,&nbsp;<strong>2014 SGR 218 y 2017 SGR 512<\/strong>). Financiado mediante un&nbsp;<strong>Proyecto I+D+i<\/strong>&nbsp;del&nbsp;<strong>Ministerio de Ciencia e Innovaci\u00f3n<\/strong>&nbsp;(<strong>HAR2017-85635-P<\/strong>). Es&nbsp;<strong>grupo de investigaci\u00f3n consolidado<\/strong>&nbsp;de la&nbsp;<strong>Universidad de Barcelona<\/strong>. Recientemente el&nbsp;<strong>ERC<\/strong>&nbsp;patrocina el proyecto&nbsp;<strong><em>EPNet<\/em>&nbsp;(Economic and Political Networks) ERC-2013-ADG 340828<\/strong>&nbsp;con una duraci\u00f3n de cinco a\u00f1os.<\/p>\n\n\n\n<h2 class=\"wp-block-heading\">La P\u00e1gina Web y la Base de Datos CEIPAC<\/h2>\n\n\n\n<p align=\"justify\">La p\u00e1gina web del grupo CEIPAC,&nbsp;<strong>activa desde septiembre de 1995<\/strong>,&nbsp; dispone, adem\u00e1s de informaci\u00f3n relativa a la historia, miembros y proyectos del grupo, de una&nbsp;<strong>completa biblioteca en l\u00ednea de los trabajos publicados por el grupo y de una biblioteca especializada sobre bibliograf\u00eda anf\u00f3rica<\/strong>, que, en la actualidad, dispone de&nbsp;<strong>m\u00e1s de 4.000 t\u00edtulos consultables<\/strong>.<\/p>\n\n\n\n<p align=\"justify\">La base de datos CEIPAC contiene a d\u00eda de hoy&nbsp;<strong>m\u00e1s de 49.000 registros de epigraf\u00eda anf\u00f3rica<\/strong>&nbsp;de muy diversa procedencia, recogiendo as\u00ed una gran masa de datos e informaci\u00f3n dispersa en multitud de publicaciones de muy diferentes pa\u00edses y lenguas. Esta base de datos en l\u00ednea permite a cualquier historiador o arque\u00f3logo disponer de una amplia informaci\u00f3n sobre el tema y poner en valor un rico patrimonio existente en toda Europa y el Mediterr\u00e1neo.<\/p>\n\n\n\n<figure class=\"wp-block-image alignleft size-full is-resized\"><img decoding=\"async\" width=\"250\" height=\"188\" src=\"https:\/\/www.ub.edu\/ceipac_ub\/wp-content\/uploads\/2024\/02\/image.png\" alt=\"\" class=\"wp-image-77\" style=\"width:279px;height:auto\"\/><\/figure>\n\n\n\n<p><p align=\"justify\">Tambi\u00e9n permite a cualquier conservador de museo identificar, datar y catalogar los materiales de los que es responsable, permitiendo la recuperaci\u00f3n del patrimonio arqueol\u00f3gico de&nbsp; los museos europeos.<\/p><\/p>\n\n\n\n<p><p align=\"justify\">Nuestra base dispone de un sistema de aprendizaje de las t\u00e9cnicas y m\u00e9todos propios de este tipo de investigaci\u00f3n. Lo que permite a cualquier estudiante, o investigador novel, iniciarse en este tipo de investigaciones. Adem\u00e1s, dispone de una serie de recursos de b\u00fasqueda, catalogaci\u00f3n e interacci\u00f3n de datos que facilitan y potencian nuevas investigaciones y sirven de punto de partida para el establecimiento de colaboraciones internacionales.El estudio de estos materiales establece las bases para conocer las relaciones comerciales establecidas entre los diversos pueblos europeos en la antig\u00fcedad. Permite estudiar la evoluci\u00f3n de la pol\u00edtica alimentaria del imperio romano y determinar el influjo de la pol\u00edtica alimentaria en la evoluci\u00f3n de la vida pol\u00edtica, econ\u00f3mica y social del mundo antiguo.<\/p><\/p>\n\n\n\n<h2 class=\"wp-block-heading\"><strong>El Proyecto&nbsp;<em>Testaccio<\/em><\/strong><\/h2>\n\n\n\n<p><p align=\"justify\">Adem\u00e1s de la base de datos, el conocido como&nbsp;<strong><em>Proyecto Testaccio<\/em><\/strong>, las excavaciones arqueol\u00f3gicas en el&nbsp;<strong><em>Monte Testaccio (Roma)<\/em><\/strong>&nbsp;en colaboraci\u00f3n con la&nbsp;<em>Universit\u00e0 La<\/em><em>&nbsp;Sapienza di Roma<\/em>, es el proyecto principal del CEIPAC. Con excavaciones anuales ininterrumpidas desde 1989, el material obtenido en el Monte Testaccio representa la mayor fuente de informaci\u00f3n para el estudio de la producci\u00f3n y consumo del aceite de oliva b\u00e9tico en la capital del Imperio. Estos datos son la principal forma de estudio de la evoluci\u00f3n administrativa del comercio romano.Gracias a las dataciones absolutas conseguidas en el yacimiento, dadas por algunas inscripciones halladas en las \u00e1nforas, es posible datar otros materiales procedentes de otras regiones de Europa.<\/p><\/p>\n\n\n\n<h2 class=\"wp-block-heading\"><strong>Otros Proyectos Internacionales<\/strong><\/h2>\n\n\n\n<p>El grupo CEIPAC ha intensificado sus estudios en el norte de \u00c1frica en los \u00faltimos a\u00f1os y realiza en la actualidad activas investigaciones en Libia y T\u00fanez.<\/p>\n\n\n\n<p><p align=\"justify\">El CEIPAC realiza investigaciones en&nbsp;<strong><em>Leptis Magna<\/em>&nbsp;(Libia)<\/strong>&nbsp;bajo la direcci\u00f3n de la&nbsp;<em>Prof.\u00aa Musso<\/em>&nbsp;de la&nbsp;<em>Universit\u00e0<\/em><em>&nbsp;degli Studi Roma Tre<\/em>. Nuestra misi\u00f3n consiste en estudiar las \u00e1nforas halladas en las necr\u00f3polis de la ciudad ya que, dado que los ritos funerarios antiguos inclu\u00edan la celebraci\u00f3n de un banquete y que dicho banquete representaba la posici\u00f3n social del individuo y de su familia, estudiar las \u00e1nforas de cada tumba nos permite conocer que productos eran importados en Leptis Magna en \u00e9poca romana.<\/p><\/p>\n\n\n\n<p><p align=\"justify\">Por otra parte, tambi\u00e9n referente a Libia, se estudia la comercializaci\u00f3n del aceite de oliva tripolitano en el Mediterr\u00e1neo antiguo. Nuestras excavaciones en el&nbsp;<strong>Monte Testaccio (Roma)<\/strong>&nbsp;son, hoy en d\u00eda, el mejor lugar para estudiar la evoluci\u00f3n de dicha producci\u00f3n. El estudio de la difusi\u00f3n y comercio del aceite tripolitano pone de manifiesto la integraci\u00f3n de la Tripolitania en el Mediterr\u00e1neo. Dar a conocer estas relaciones ayudar\u00e1 a difundir la idea de la integraci\u00f3n, desde antiguamente, de la actual Libia en el concierto de todo el Mediterr\u00e1neo, poniendo de manifiesto los elementos comunes de la cultura de ambas orillas.<\/p><\/p>\n\n\n\n<p>El Grupo CEIPAC realiza tambi\u00e9n investigaciones en T\u00fanez en colaboraci\u00f3n con la Universidad de Sousse, estudiando asimismo la producci\u00f3n y comercio del aceite de oliva de la antigua provincia romana del \u00c1frica Proconsular.<\/p>\n\n\n\n<p><p align=\"justify\">El Grupo CEIPAC est\u00e1 actualmente envuelto en otros dos proyectos de alcance internacional. Se trata del estudio de los materiales anf\u00f3ricos procedentes de la&nbsp;<strong><em>Colonia Ulpia Traiana<\/em>&nbsp;(Xanten, Alemania)<\/strong>&nbsp;y de&nbsp;<strong><em>Brigantium<\/em>&nbsp;(Bregenz. Austria)<\/strong>. Estos proyectos nos proporcionan la posibilidad de estudiar las relaciones comerciales entre las antiguas provincias de&nbsp;<strong><em>Germania<\/em>&nbsp;(Alemania)<\/strong>&nbsp;y&nbsp;<strong><em>Retia<\/em>&nbsp;(Alemania, Austria y Suiza)<\/strong>&nbsp;con el Mediterr\u00e1neo y las regiones septentrionales del Imperio.<\/p><\/p>\n\n\n\n<p><p align=\"justify\">En nuestro grupo recae la direcci\u00f3n de la parte de epigraf\u00eda anf\u00f3rica latina del proyecto \u201c<strong><em>Timbres amphoriques<\/em><\/strong>\u201d de la&nbsp;<strong><em>Union Acad\u00e9mique Internationale<\/em><\/strong>. Colaboramos a su vez con las&nbsp;<strong>Universidades de Lisboa (Portugal)<\/strong>,&nbsp;<strong><em>University of Southampton<\/em>&nbsp;(Reino Unido)<\/strong>, las universidades de&nbsp;<strong><em>La Sapienza<\/em><\/strong>&nbsp;y&nbsp;<strong><em>Roma Tre<\/em><\/strong>&nbsp;y la&nbsp;<strong><em>Soprintenza Archeologica di Roma<\/em>&nbsp;(Italia)<\/strong>,&nbsp;<strong>Universidad de Graz (Austria)<\/strong>,&nbsp;<strong>Universidad de M\u00fcnchen (Alemania)<\/strong>,&nbsp;<strong><em>Universit\u00e9 de Paris X<\/em>&nbsp;(Francia)<\/strong>&nbsp;y la&nbsp;<strong><em>Universit\u00e9 de Sousse<\/em>&nbsp;(T\u00fanez)<\/strong>. As\u00ed mismo con los&nbsp;<strong>museos de&nbsp;<em>Xanten<\/em>&nbsp;(Alemania)<\/strong>&nbsp;y de&nbsp;<strong><em>Bregenz<\/em>&nbsp;(Austria)<\/strong>.<\/p><\/p>\n\n\n\n<p><p align=\"justify\">En una perspectiva inmediata ampliaremos nuestra colaboraci\u00f3n a la&nbsp;<strong>Universidad de Gante (B\u00e9lgica)<\/strong>,&nbsp;<strong>Universidad de Milano (Italia)<\/strong>&nbsp;y los&nbsp;<strong>museos Capitolini<\/strong>&nbsp;<strong>(Roma)<\/strong>, de&nbsp;<strong>Windich (Suiza)<\/strong>&nbsp;y de<strong>&nbsp;Trier (Alemania)<\/strong>.<\/p><\/p>\n","protected":false},"excerpt":{"rendered":"<p>Introducci\u00f3n El grupo de investigaci\u00f3n&nbsp;CEIPAC (Centro para el Estudio de la Interdependencia Provincial en la Antig\u00fcedad Cl\u00e1sica)&nbsp;de la Universidad de Barcelona, fue creado en el a\u00f1o 1990 con la finalidad [&hellip;]<\/p>\n","protected":false},"author":2,"featured_media":0,"parent":0,"menu_order":0,"comment_status":"closed","ping_status":"closed","template":"","meta":{"site-sidebar-layout":"default","site-content-layout":"","ast-site-content-layout":"default","site-content-style":"default","site-sidebar-style":"default","ast-global-header-display":"","ast-banner-title-visibility":"","ast-main-header-display":"","ast-hfb-above-header-display":"","ast-hfb-below-header-display":"","ast-hfb-mobile-header-display":"","site-post-title":"","ast-breadcrumbs-content":"","ast-featured-img":"","footer-sml-layout":"","ast-disable-related-posts":"","theme-transparent-header-meta":"","adv-header-id-meta":"","stick-header-meta":"","header-above-stick-meta":"","header-main-stick-meta":"","header-below-stick-meta":"","astra-migrate-meta-layouts":"default","ast-page-background-enabled":"default","ast-page-background-meta":{"desktop":{"background-color":"var(--ast-global-color-4)","background-image":"","background-repeat":"repeat","background-position":"center center","background-size":"auto","background-attachment":"scroll","background-type":"","background-media":"","overlay-type":"","overlay-color":"","overlay-opacity":"","overlay-gradient":""},"tablet":{"background-color":"","background-image":"","background-repeat":"repeat","background-position":"center center","background-size":"auto","background-attachment":"scroll","background-type":"","background-media":"","overlay-type":"","overlay-color":"","overlay-opacity":"","overlay-gradient":""},"mobile":{"background-color":"","background-image":"","background-repeat":"repeat","background-position":"center center","background-size":"auto","background-attachment":"scroll","background-type":"","background-media":"","overlay-type":"","overlay-color":"","overlay-opacity":"","overlay-gradient":""}},"ast-content-background-meta":{"desktop":{"background-color":"var(--ast-global-color-5)","background-image":"","background-repeat":"repeat","background-position":"center center","background-size":"auto","background-attachment":"scroll","background-type":"","background-media":"","overlay-type":"","overlay-color":"","overlay-opacity":"","overlay-gradient":""},"tablet":{"background-color":"var(--ast-global-color-5)","background-image":"","background-repeat":"repeat","background-position":"center center","background-size":"auto","background-attachment":"scroll","background-type":"","background-media":"","overlay-type":"","overlay-color":"","overlay-opacity":"","overlay-gradient":""},"mobile":{"background-color":"var(--ast-global-color-5)","background-image":"","background-repeat":"repeat","background-position":"center center","background-size":"auto","background-attachment":"scroll","background-type":"","background-media":"","overlay-type":"","overlay-color":"","overlay-opacity":"","overlay-gradient":""}},"footnotes":""},"class_list":["post-7","page","type-page","status-publish","hentry"],"rttpg_featured_image_url":null,"rttpg_author":{"display_name":"soco_ceipac","author_link":"https:\/\/www.ub.edu\/ceipac_ub\/author\/soco_ceipac\/"},"rttpg_comment":0,"rttpg_category":null,"rttpg_excerpt":"Introducci\u00f3n El grupo de investigaci\u00f3n&nbsp;CEIPAC (Centro para el Estudio de la Interdependencia Provincial en la Antig\u00fcedad Cl\u00e1sica)&nbsp;de la Universidad de Barcelona, fue creado en el a\u00f1o 1990 con la finalidad [&hellip;]","_links":{"self":[{"href":"https:\/\/www.ub.edu\/ceipac_ub\/wp-json\/wp\/v2\/pages\/7","targetHints":{"allow":["GET"]}}],"collection":[{"href":"https:\/\/www.ub.edu\/ceipac_ub\/wp-json\/wp\/v2\/pages"}],"about":[{"href":"https:\/\/www.ub.edu\/ceipac_ub\/wp-json\/wp\/v2\/types\/page"}],"author":[{"embeddable":true,"href":"https:\/\/www.ub.edu\/ceipac_ub\/wp-json\/wp\/v2\/users\/2"}],"replies":[{"embeddable":true,"href":"https:\/\/www.ub.edu\/ceipac_ub\/wp-json\/wp\/v2\/comments?post=7"}],"version-history":[{"count":25,"href":"https:\/\/www.ub.edu\/ceipac_ub\/wp-json\/wp\/v2\/pages\/7\/revisions"}],"predecessor-version":[{"id":100,"href":"https:\/\/www.ub.edu\/ceipac_ub\/wp-json\/wp\/v2\/pages\/7\/revisions\/100"}],"wp:attachment":[{"href":"https:\/\/www.ub.edu\/ceipac_ub\/wp-json\/wp\/v2\/media?parent=7"}],"curies":[{"name":"wp","href":"https:\/\/api.w.org\/{rel}","templated":true}]}}