{"id":75,"date":"2020-01-27T08:29:32","date_gmt":"2020-01-27T06:29:32","guid":{"rendered":"https:\/\/demosites.io\/web-agency-gb\/?page_id=75"},"modified":"2023-04-21T11:58:55","modified_gmt":"2023-04-21T09:58:55","slug":"credits","status":"publish","type":"page","link":"https:\/\/www.ub.edu\/certifica-llengues\/credits\/","title":{"rendered":"Cr\u00e8dits"},"content":{"rendered":"<p>[vc_row][vc_column][vc_column_text]<strong>Idea original, elaboraci\u00f3 de continguts i coordinaci\u00f3 del projecte: <\/strong>\u00d2scar Serra Salvia<\/p>\n<p><strong>Revisi\u00f3 de continguts<\/strong>: Marina Rovira Montes<\/p>\n<p><strong>Revisi\u00f3 ling\u00fc\u00edstica:<\/strong><\/p>\n<p><strong>Edici\u00f3 web:<\/strong> <a href=\"https:\/\/ample24.cat\/\" target=\"_blank\" rel=\"noopener noreferrer\">Ample24<\/a><\/p>\n<p>Aquest projecte ha rebut un ajut Interlingua de la Generalitat de Catalunya.<\/p>\n<p><img loading=\"lazy\" decoding=\"async\" class=\"alignleft wp-image-3967\" src=\"https:\/\/www.ub.edu\/idiomesb2\/wp-content\/uploads\/2016\/07\/Logo_UB_nou.jpg\" width=\"200\" height=\"89\" \/>[\/vc_column_text][\/vc_column][\/vc_row]<\/p>\n","protected":false},"excerpt":{"rendered":"<p>[vc_row][vc_column][vc_column_text]Idea original, elaboraci\u00f3 de continguts i coordinaci\u00f3 del projecte: \u00d2scar Serra Salvia Revisi\u00f3 de continguts: Marina Rovira Montes Revisi\u00f3 ling\u00fc\u00edstica: Edici\u00f3 web: Ample24 Aquest projecte ha rebut un ajut Interlingua de la Generalitat de Catalunya. [\/vc_column_text][\/vc_column][\/vc_row]<\/p>\n","protected":false},"author":1,"featured_media":0,"parent":0,"menu_order":0,"comment_status":"closed","ping_status":"closed","template":"","meta":{"neve_meta_sidebar":"","neve_meta_container":"","neve_meta_enable_content_width":"off","neve_meta_content_width":100,"neve_meta_title_alignment":"","neve_meta_author_avatar":"","neve_post_elements_order":"","neve_meta_disable_header":"","neve_meta_disable_footer":"","neve_meta_disable_title":"","_ti_tpc_template_sync":false,"_ti_tpc_template_id":"zuvhy18wufi8o2qqt4z7","footnotes":""},"class_list":["post-75","page","type-page","status-publish","hentry"],"_links":{"self":[{"href":"https:\/\/www.ub.edu\/certifica-llengues\/wp-json\/wp\/v2\/pages\/75","targetHints":{"allow":["GET"]}}],"collection":[{"href":"https:\/\/www.ub.edu\/certifica-llengues\/wp-json\/wp\/v2\/pages"}],"about":[{"href":"https:\/\/www.ub.edu\/certifica-llengues\/wp-json\/wp\/v2\/types\/page"}],"author":[{"embeddable":true,"href":"https:\/\/www.ub.edu\/certifica-llengues\/wp-json\/wp\/v2\/users\/1"}],"replies":[{"embeddable":true,"href":"https:\/\/www.ub.edu\/certifica-llengues\/wp-json\/wp\/v2\/comments?post=75"}],"version-history":[{"count":10,"href":"https:\/\/www.ub.edu\/certifica-llengues\/wp-json\/wp\/v2\/pages\/75\/revisions"}],"predecessor-version":[{"id":1281,"href":"https:\/\/www.ub.edu\/certifica-llengues\/wp-json\/wp\/v2\/pages\/75\/revisions\/1281"}],"wp:attachment":[{"href":"https:\/\/www.ub.edu\/certifica-llengues\/wp-json\/wp\/v2\/media?parent=75"}],"curies":[{"name":"wp","href":"https:\/\/api.w.org\/{rel}","templated":true}]}}