{"id":2588,"date":"2021-11-14T12:30:22","date_gmt":"2021-11-14T11:30:22","guid":{"rendered":"https:\/\/www.ub.edu\/cheminflowgroup\/?page_id=2588"},"modified":"2023-10-11T09:58:36","modified_gmt":"2023-10-11T07:58:36","slug":"albert-c-aragones","status":"publish","type":"page","link":"https:\/\/www.ub.edu\/cheminflowgroup\/people\/albert-c-aragones\/","title":{"rendered":"Dr. Albert C. Aragon\u00e8s"},"content":{"rendered":"\n<div class=\"wp-block-columns is-layout-flex wp-container-core-columns-is-layout-9d6595d7 wp-block-columns-is-layout-flex\">\n<div class=\"wp-block-column is-layout-flow wp-block-column-is-layout-flow\" style=\"flex-basis:66.66%\">\n<p class=\"has-text-align-left has-colibri-color-6-color has-text-color\">Albert C. Aragon\u00e8s is Serra-H\u00fanter Lecturer Professor and Head of a Max Planck Institute Partner Group at the University of Barcelona.<\/p>\n\n\n\n<p class=\"has-text-align-left has-colibri-color-6-color has-text-color\">He obtained his Master&#8217;s degree in Nanoscience from the University of Barcelona in 2012 and his Ph.D. in Molecular Electronics from the same institution in 2017 under the supervision of Prof. Fausto Sanz. After his PhD, he carried out postdoctoral research in the group of Prof. D\u00edez-P\u00e9rez at King&#8217;s College London (UK), focusing on biomolecular electronics. Later, he was awarded a Marie Sk\u0142odowska-Curie Postdoctoral Fellowship in 2019, which led him to join the molecular spectroscopy group of Prof. Bonn at the Max Planck Institute (MPI-P Mainz, Germany), where he worked under the supervision of the independent group leader Prof. Domke. He returned to the University of Barcelona in 2021 as a junior group leader funded by the &#8220;la Caixa&#8221; Foundation. <\/p>\n\n\n\n<p class=\"has-text-align-left has-colibri-color-6-color has-text-color\">His research focuses on molecular-scale charge transport under force fields, with a current emphasis on integrating molecular charge transport with plasmonics and (nano-optical) trapping.&nbsp;<\/p>\n<\/div>\n\n\n\n<div class=\"wp-block-column is-layout-flow wp-block-column-is-layout-flow\" style=\"flex-basis:33.33%\">\n<figure class=\"wp-block-image size-large\"><img decoding=\"async\" width=\"895\" height=\"1024\" data-src=\"https:\/\/www.ub.edu\/cheminflowgroup\/wp-content\/uploads\/2021\/11\/ACA-foto1-895x1024.png\" alt=\"\" class=\"wp-image-2580 lazyload\" data-srcset=\"https:\/\/www.ub.edu\/cheminflowgroup\/wp-content\/uploads\/2021\/11\/ACA-foto1-895x1024.png 895w, https:\/\/www.ub.edu\/cheminflowgroup\/wp-content\/uploads\/2021\/11\/ACA-foto1-262x300.png 262w, https:\/\/www.ub.edu\/cheminflowgroup\/wp-content\/uploads\/2021\/11\/ACA-foto1-768x879.png 768w, https:\/\/www.ub.edu\/cheminflowgroup\/wp-content\/uploads\/2021\/11\/ACA-foto1.png 1127w\" data-sizes=\"(max-width: 895px) 100vw, 895px\" src=\"data:image\/svg+xml;base64,PHN2ZyB3aWR0aD0iMSIgaGVpZ2h0PSIxIiB4bWxucz0iaHR0cDovL3d3dy53My5vcmcvMjAwMC9zdmciPjwvc3ZnPg==\" style=\"--smush-placeholder-width: 895px; --smush-placeholder-aspect-ratio: 895\/1024;\" \/><\/figure>\n<\/div>\n<\/div>\n\n\n\n\n\n<p><\/p>\n","protected":false},"excerpt":{"rendered":"<p>Albert C. Aragon\u00e8s is Serra-H\u00fanter Lecturer Professor and Head of a Max Planck Institute Partner Group at the University of Barcelona. He obtained his Master&#8217;s degree in Nanoscience from the University of Barcelona in 2012 and his Ph.D. in Molecular Electronics from the same institution in 2017 under the supervision of Prof. Fausto Sanz. After [&hellip;]<\/p>\n","protected":false},"author":2,"featured_media":0,"parent":527,"menu_order":0,"comment_status":"closed","ping_status":"closed","template":"","meta":{"footnotes":""},"class_list":["post-2588","page","type-page","status-publish","hentry"],"yoast_head":"<!-- This site is optimized with the Yoast SEO plugin v26.1.1 - https:\/\/yoast.com\/wordpress\/plugins\/seo\/ -->\n<title>Dr. Albert C. Aragon\u00e8s - ChemInFlow Group<\/title>\n<meta name=\"robots\" content=\"index, follow, max-snippet:-1, max-image-preview:large, max-video-preview:-1\" \/>\n<link rel=\"canonical\" href=\"https:\/\/www.ub.edu\/cheminflowgroup\/people\/albert-c-aragones\/\" \/>\n<meta property=\"og:locale\" content=\"en_GB\" \/>\n<meta property=\"og:type\" content=\"article\" \/>\n<meta property=\"og:title\" content=\"Dr. Albert C. Aragon\u00e8s - ChemInFlow Group\" \/>\n<meta property=\"og:description\" content=\"Albert C. Aragon\u00e8s is Serra-H\u00fanter Lecturer Professor and Head of a Max Planck Institute Partner Group at the University of Barcelona. He obtained his Master&#8217;s degree in Nanoscience from the University of Barcelona in 2012 and his Ph.D. in Molecular Electronics from the same institution in 2017 under the supervision of Prof. Fausto Sanz. After [&hellip;]\" \/>\n<meta property=\"og:url\" content=\"https:\/\/www.ub.edu\/cheminflowgroup\/people\/albert-c-aragones\/\" \/>\n<meta property=\"og:site_name\" content=\"ChemInFlow Group\" \/>\n<meta property=\"article:modified_time\" content=\"2023-10-11T07:58:36+00:00\" \/>\n<meta property=\"og:image\" content=\"https:\/\/www.ub.edu\/cheminflowgroup\/wp-content\/uploads\/2021\/11\/ACA-foto1-895x1024.png\" \/>\n<meta name=\"twitter:card\" content=\"summary_large_image\" \/>\n<meta name=\"twitter:site\" content=\"@puigmartiluis\" \/>\n<meta name=\"twitter:label1\" content=\"Estimated reading time\" \/>\n\t<meta name=\"twitter:data1\" content=\"1 minute\" \/>\n<script type=\"application\/ld+json\" class=\"yoast-schema-graph\">{\"@context\":\"https:\/\/schema.org\",\"@graph\":[{\"@type\":\"WebPage\",\"@id\":\"https:\/\/www.ub.edu\/cheminflowgroup\/people\/albert-c-aragones\/\",\"url\":\"https:\/\/www.ub.edu\/cheminflowgroup\/people\/albert-c-aragones\/\",\"name\":\"Dr. Albert C. Aragon\u00e8s - ChemInFlow Group\",\"isPartOf\":{\"@id\":\"https:\/\/www.ub.edu\/cheminflowgroup\/#website\"},\"primaryImageOfPage\":{\"@id\":\"https:\/\/www.ub.edu\/cheminflowgroup\/people\/albert-c-aragones\/#primaryimage\"},\"image\":{\"@id\":\"https:\/\/www.ub.edu\/cheminflowgroup\/people\/albert-c-aragones\/#primaryimage\"},\"thumbnailUrl\":\"https:\/\/www.ub.edu\/cheminflowgroup\/wp-content\/uploads\/2021\/11\/ACA-foto1-895x1024.png\",\"datePublished\":\"2021-11-14T11:30:22+00:00\",\"dateModified\":\"2023-10-11T07:58:36+00:00\",\"breadcrumb\":{\"@id\":\"https:\/\/www.ub.edu\/cheminflowgroup\/people\/albert-c-aragones\/#breadcrumb\"},\"inLanguage\":\"en-GB\",\"potentialAction\":[{\"@type\":\"ReadAction\",\"target\":[\"https:\/\/www.ub.edu\/cheminflowgroup\/people\/albert-c-aragones\/\"]}]},{\"@type\":\"ImageObject\",\"inLanguage\":\"en-GB\",\"@id\":\"https:\/\/www.ub.edu\/cheminflowgroup\/people\/albert-c-aragones\/#primaryimage\",\"url\":\"https:\/\/www.ub.edu\/cheminflowgroup\/wp-content\/uploads\/2021\/11\/ACA-foto1.png\",\"contentUrl\":\"https:\/\/www.ub.edu\/cheminflowgroup\/wp-content\/uploads\/2021\/11\/ACA-foto1.png\",\"width\":1127,\"height\":1290},{\"@type\":\"BreadcrumbList\",\"@id\":\"https:\/\/www.ub.edu\/cheminflowgroup\/people\/albert-c-aragones\/#breadcrumb\",\"itemListElement\":[{\"@type\":\"ListItem\",\"position\":1,\"name\":\"Home\",\"item\":\"https:\/\/www.ub.edu\/cheminflowgroup\/\"},{\"@type\":\"ListItem\",\"position\":2,\"name\":\"People\",\"item\":\"https:\/\/www.ub.edu\/cheminflowgroup\/people\/\"},{\"@type\":\"ListItem\",\"position\":3,\"name\":\"Dr. Albert C. Aragon\u00e8s\"}]},{\"@type\":\"WebSite\",\"@id\":\"https:\/\/www.ub.edu\/cheminflowgroup\/#website\",\"url\":\"https:\/\/www.ub.edu\/cheminflowgroup\/\",\"name\":\"ChemInFlow Group\",\"description\":\"Puigmarti Group\",\"publisher\":{\"@id\":\"https:\/\/www.ub.edu\/cheminflowgroup\/#organization\"},\"potentialAction\":[{\"@type\":\"SearchAction\",\"target\":{\"@type\":\"EntryPoint\",\"urlTemplate\":\"https:\/\/www.ub.edu\/cheminflowgroup\/?s={search_term_string}\"},\"query-input\":{\"@type\":\"PropertyValueSpecification\",\"valueRequired\":true,\"valueName\":\"search_term_string\"}}],\"inLanguage\":\"en-GB\"},{\"@type\":\"Organization\",\"@id\":\"https:\/\/www.ub.edu\/cheminflowgroup\/#organization\",\"name\":\"ChemInFlow Group\",\"url\":\"https:\/\/www.ub.edu\/cheminflowgroup\/\",\"logo\":{\"@type\":\"ImageObject\",\"inLanguage\":\"en-GB\",\"@id\":\"https:\/\/www.ub.edu\/cheminflowgroup\/#\/schema\/logo\/image\/\",\"url\":\"https:\/\/www.ub.edu\/cheminflowgroup\/wp-content\/uploads\/2020\/11\/cropped-final_color-removebg-preview-2.png\",\"contentUrl\":\"https:\/\/www.ub.edu\/cheminflowgroup\/wp-content\/uploads\/2020\/11\/cropped-final_color-removebg-preview-2.png\",\"width\":500,\"height\":500,\"caption\":\"ChemInFlow Group\"},\"image\":{\"@id\":\"https:\/\/www.ub.edu\/cheminflowgroup\/#\/schema\/logo\/image\/\"},\"sameAs\":[\"https:\/\/x.com\/puigmartiluis\"]}]}<\/script>\n<!-- \/ Yoast SEO plugin. -->","yoast_head_json":{"title":"Dr. Albert C. Aragon\u00e8s - ChemInFlow Group","robots":{"index":"index","follow":"follow","max-snippet":"max-snippet:-1","max-image-preview":"max-image-preview:large","max-video-preview":"max-video-preview:-1"},"canonical":"https:\/\/www.ub.edu\/cheminflowgroup\/people\/albert-c-aragones\/","og_locale":"en_GB","og_type":"article","og_title":"Dr. Albert C. Aragon\u00e8s - ChemInFlow Group","og_description":"Albert C. Aragon\u00e8s is Serra-H\u00fanter Lecturer Professor and Head of a Max Planck Institute Partner Group at the University of Barcelona. He obtained his Master&#8217;s degree in Nanoscience from the University of Barcelona in 2012 and his Ph.D. in Molecular Electronics from the same institution in 2017 under the supervision of Prof. Fausto Sanz. After [&hellip;]","og_url":"https:\/\/www.ub.edu\/cheminflowgroup\/people\/albert-c-aragones\/","og_site_name":"ChemInFlow Group","article_modified_time":"2023-10-11T07:58:36+00:00","og_image":[{"url":"https:\/\/www.ub.edu\/cheminflowgroup\/wp-content\/uploads\/2021\/11\/ACA-foto1-895x1024.png","type":"","width":"","height":""}],"twitter_card":"summary_large_image","twitter_site":"@puigmartiluis","twitter_misc":{"Estimated reading time":"1 minute"},"schema":{"@context":"https:\/\/schema.org","@graph":[{"@type":"WebPage","@id":"https:\/\/www.ub.edu\/cheminflowgroup\/people\/albert-c-aragones\/","url":"https:\/\/www.ub.edu\/cheminflowgroup\/people\/albert-c-aragones\/","name":"Dr. Albert C. Aragon\u00e8s - ChemInFlow Group","isPartOf":{"@id":"https:\/\/www.ub.edu\/cheminflowgroup\/#website"},"primaryImageOfPage":{"@id":"https:\/\/www.ub.edu\/cheminflowgroup\/people\/albert-c-aragones\/#primaryimage"},"image":{"@id":"https:\/\/www.ub.edu\/cheminflowgroup\/people\/albert-c-aragones\/#primaryimage"},"thumbnailUrl":"https:\/\/www.ub.edu\/cheminflowgroup\/wp-content\/uploads\/2021\/11\/ACA-foto1-895x1024.png","datePublished":"2021-11-14T11:30:22+00:00","dateModified":"2023-10-11T07:58:36+00:00","breadcrumb":{"@id":"https:\/\/www.ub.edu\/cheminflowgroup\/people\/albert-c-aragones\/#breadcrumb"},"inLanguage":"en-GB","potentialAction":[{"@type":"ReadAction","target":["https:\/\/www.ub.edu\/cheminflowgroup\/people\/albert-c-aragones\/"]}]},{"@type":"ImageObject","inLanguage":"en-GB","@id":"https:\/\/www.ub.edu\/cheminflowgroup\/people\/albert-c-aragones\/#primaryimage","url":"https:\/\/www.ub.edu\/cheminflowgroup\/wp-content\/uploads\/2021\/11\/ACA-foto1.png","contentUrl":"https:\/\/www.ub.edu\/cheminflowgroup\/wp-content\/uploads\/2021\/11\/ACA-foto1.png","width":1127,"height":1290},{"@type":"BreadcrumbList","@id":"https:\/\/www.ub.edu\/cheminflowgroup\/people\/albert-c-aragones\/#breadcrumb","itemListElement":[{"@type":"ListItem","position":1,"name":"Home","item":"https:\/\/www.ub.edu\/cheminflowgroup\/"},{"@type":"ListItem","position":2,"name":"People","item":"https:\/\/www.ub.edu\/cheminflowgroup\/people\/"},{"@type":"ListItem","position":3,"name":"Dr. Albert C. Aragon\u00e8s"}]},{"@type":"WebSite","@id":"https:\/\/www.ub.edu\/cheminflowgroup\/#website","url":"https:\/\/www.ub.edu\/cheminflowgroup\/","name":"ChemInFlow Group","description":"Puigmarti Group","publisher":{"@id":"https:\/\/www.ub.edu\/cheminflowgroup\/#organization"},"potentialAction":[{"@type":"SearchAction","target":{"@type":"EntryPoint","urlTemplate":"https:\/\/www.ub.edu\/cheminflowgroup\/?s={search_term_string}"},"query-input":{"@type":"PropertyValueSpecification","valueRequired":true,"valueName":"search_term_string"}}],"inLanguage":"en-GB"},{"@type":"Organization","@id":"https:\/\/www.ub.edu\/cheminflowgroup\/#organization","name":"ChemInFlow Group","url":"https:\/\/www.ub.edu\/cheminflowgroup\/","logo":{"@type":"ImageObject","inLanguage":"en-GB","@id":"https:\/\/www.ub.edu\/cheminflowgroup\/#\/schema\/logo\/image\/","url":"https:\/\/www.ub.edu\/cheminflowgroup\/wp-content\/uploads\/2020\/11\/cropped-final_color-removebg-preview-2.png","contentUrl":"https:\/\/www.ub.edu\/cheminflowgroup\/wp-content\/uploads\/2020\/11\/cropped-final_color-removebg-preview-2.png","width":500,"height":500,"caption":"ChemInFlow Group"},"image":{"@id":"https:\/\/www.ub.edu\/cheminflowgroup\/#\/schema\/logo\/image\/"},"sameAs":["https:\/\/x.com\/puigmartiluis"]}]}},"_links":{"self":[{"href":"https:\/\/www.ub.edu\/cheminflowgroup\/wp-json\/wp\/v2\/pages\/2588","targetHints":{"allow":["GET"]}}],"collection":[{"href":"https:\/\/www.ub.edu\/cheminflowgroup\/wp-json\/wp\/v2\/pages"}],"about":[{"href":"https:\/\/www.ub.edu\/cheminflowgroup\/wp-json\/wp\/v2\/types\/page"}],"author":[{"embeddable":true,"href":"https:\/\/www.ub.edu\/cheminflowgroup\/wp-json\/wp\/v2\/users\/2"}],"replies":[{"embeddable":true,"href":"https:\/\/www.ub.edu\/cheminflowgroup\/wp-json\/wp\/v2\/comments?post=2588"}],"version-history":[{"count":9,"href":"https:\/\/www.ub.edu\/cheminflowgroup\/wp-json\/wp\/v2\/pages\/2588\/revisions"}],"predecessor-version":[{"id":4648,"href":"https:\/\/www.ub.edu\/cheminflowgroup\/wp-json\/wp\/v2\/pages\/2588\/revisions\/4648"}],"up":[{"embeddable":true,"href":"https:\/\/www.ub.edu\/cheminflowgroup\/wp-json\/wp\/v2\/pages\/527"}],"wp:attachment":[{"href":"https:\/\/www.ub.edu\/cheminflowgroup\/wp-json\/wp\/v2\/media?parent=2588"}],"curies":[{"name":"wp","href":"https:\/\/api.w.org\/{rel}","templated":true}]}}