{"id":18,"date":"2017-06-07T09:09:36","date_gmt":"2017-06-07T09:09:36","guid":{"rendered":"http:\/\/www.ub.edu\/cinaf\/?page_id=18"},"modified":"2025-06-13T17:05:49","modified_gmt":"2025-06-13T17:05:49","slug":"contacte","status":"publish","type":"page","link":"https:\/\/www.ub.edu\/cinaf\/contacte\/","title":{"rendered":"CONTACTE"},"content":{"rendered":"<div class=\"columna1\">Secretaria del Departament d&#8217;Antropologia Social, Hist\u00f2ria d&#8217;Am\u00e8rica i d&#8217;Africa<br \/>\nTel. 934037773<br \/>\nFax. 934037774<\/div>\n<div class=\"columna2\">Gemma Orobitg<br \/>\n(coordinadora del CINAF) Tel.934037759<br \/>\nEmail: <a href=\"mailto:cinafub@gmail.com\">cinafub@gmail.com<\/a><br \/>\n<iframe loading=\"lazy\" style=\"border: 0;\" src=\"https:\/\/www.google.com\/maps\/embed?pb=!1m18!1m12!1m3!1d2993.52766495472!2d2.1648249155505286!3d41.38434577926442!2m3!1f0!2f0!3f0!3m2!1i1024!2i768!4f13.1!3m3!1m2!1s0x12a4a2f4f9cc85c9%3A0xf0bd50b697103508!2sFacultat+de+Geografia+i+Hist%C3%B2ria+Universitat+de+Barcelona!5e0!3m2!1sca!2ses!4v1501573249828\" width=\"300\" height=\"225\" frameborder=\"0\" allowfullscreen=\"allowfullscreen\" data-mce-fragment=\"1\"><\/iframe><\/div>\n<div class=\"ample\">Direcci\u00f3n:<br \/>\nFacultat de Filosofia, Geografia i Hist\u00f2ria<br \/>\nDepartament d&#8217;Antropologia Social, Hist\u00f2ria d&#8217;Am\u00e8rica i d&#8217;Africa<br \/>\nC\/Montalegre 6-8 2n pis.<br \/>\n08001 Barcelona<\/div>\n\n<div class=\"wpcf7 no-js\" id=\"wpcf7-f892-o1\" lang=\"ca\" dir=\"ltr\">\n<div class=\"screen-reader-response\"><p role=\"status\" aria-live=\"polite\" aria-atomic=\"true\"><\/p> <ul><\/ul><\/div>\n<form action=\"\/cinaf\/wp-json\/wp\/v2\/pages\/18#wpcf7-f892-o1\" method=\"post\" class=\"wpcf7-form init\" aria-label=\"Contact form\" novalidate=\"novalidate\" data-status=\"init\">\n<div style=\"display: none;\">\n<input type=\"hidden\" name=\"_wpcf7\" value=\"892\" \/>\n<input type=\"hidden\" name=\"_wpcf7_version\" value=\"5.9.8\" \/>\n<input type=\"hidden\" name=\"_wpcf7_locale\" value=\"ca\" \/>\n<input type=\"hidden\" name=\"_wpcf7_unit_tag\" value=\"wpcf7-f892-o1\" \/>\n<input type=\"hidden\" name=\"_wpcf7_container_post\" value=\"0\" \/>\n<input type=\"hidden\" name=\"_wpcf7_posted_data_hash\" value=\"\" \/>\n<\/div>\n<p><label> Nombre (obligatorio)<br \/>\n<span class=\"wpcf7-form-control-wrap\" data-name=\"your-name\"><input size=\"40\" maxlength=\"400\" class=\"wpcf7-form-control wpcf7-text wpcf7-validates-as-required\" aria-required=\"true\" aria-invalid=\"false\" value=\"\" type=\"text\" name=\"your-name\" \/><\/span> <\/label>\n<\/p>\n<p><label> Apellidos (obligatorio)<br \/>\n<span class=\"wpcf7-form-control-wrap\" data-name=\"your-surname\"><input size=\"40\" maxlength=\"400\" class=\"wpcf7-form-control wpcf7-text wpcf7-validates-as-required\" aria-required=\"true\" aria-invalid=\"false\" value=\"\" type=\"text\" name=\"your-surname\" \/><\/span> <\/label>\n<\/p>\n<p><label> Email (obligatorio)<br \/>\n<span class=\"wpcf7-form-control-wrap\" data-name=\"your-email\"><input size=\"40\" maxlength=\"400\" class=\"wpcf7-form-control wpcf7-email wpcf7-validates-as-required wpcf7-text wpcf7-validates-as-email\" aria-required=\"true\" aria-invalid=\"false\" value=\"\" type=\"email\" name=\"your-email\" \/><\/span> <\/label>\n<\/p>\n<p><label> Asunto<br \/>\n<span class=\"wpcf7-form-control-wrap\" data-name=\"your-subject\"><input size=\"40\" maxlength=\"400\" class=\"wpcf7-form-control wpcf7-text\" aria-invalid=\"false\" value=\"\" type=\"text\" name=\"your-subject\" \/><\/span> <\/label>\n<\/p>\n<p><label> Mensaje<br \/>\n<span class=\"wpcf7-form-control-wrap\" data-name=\"your-message\"><textarea cols=\"40\" rows=\"10\" maxlength=\"2000\" class=\"wpcf7-form-control wpcf7-textarea\" aria-invalid=\"false\" name=\"your-message\"><\/textarea><\/span> <\/label>\n<\/p>\n<p><input class=\"wpcf7-form-control wpcf7-submit has-spinner\" type=\"submit\" value=\"Enviar\" \/>\n<\/p><div class=\"wpcf7-response-output\" aria-hidden=\"true\"><\/div>\n<\/form>\n<\/div>\n\n","protected":false},"excerpt":{"rendered":"<p>Secretaria del Departament d&#8217;Antropologia Social, Hist\u00f2ria d&#8217;Am\u00e8rica i d&#8217;Africa Tel. 934037773 Fax. 934037774 Gemma Orobitg (coordinadora del CINAF) Tel.934037759 Email: cinafub@gmail.com Direcci\u00f3n: Facultat de Filosofia, Geografia i Hist\u00f2ria Departament d&#8217;Antropologia Social, Hist\u00f2ria d&#8217;Am\u00e8rica i d&#8217;Africa C\/Montalegre 6-8 2n pis. 08001 Barcelona<\/p>\n","protected":false},"author":1,"featured_media":0,"parent":0,"menu_order":0,"comment_status":"closed","ping_status":"closed","template":"","meta":{"generate_page_header":"","footnotes":""},"class_list":["post-18","page","type-page","status-publish"],"_links":{"self":[{"href":"https:\/\/www.ub.edu\/cinaf\/wp-json\/wp\/v2\/pages\/18"}],"collection":[{"href":"https:\/\/www.ub.edu\/cinaf\/wp-json\/wp\/v2\/pages"}],"about":[{"href":"https:\/\/www.ub.edu\/cinaf\/wp-json\/wp\/v2\/types\/page"}],"author":[{"embeddable":true,"href":"https:\/\/www.ub.edu\/cinaf\/wp-json\/wp\/v2\/users\/1"}],"replies":[{"embeddable":true,"href":"https:\/\/www.ub.edu\/cinaf\/wp-json\/wp\/v2\/comments?post=18"}],"version-history":[{"count":17,"href":"https:\/\/www.ub.edu\/cinaf\/wp-json\/wp\/v2\/pages\/18\/revisions"}],"predecessor-version":[{"id":3008,"href":"https:\/\/www.ub.edu\/cinaf\/wp-json\/wp\/v2\/pages\/18\/revisions\/3008"}],"wp:attachment":[{"href":"https:\/\/www.ub.edu\/cinaf\/wp-json\/wp\/v2\/media?parent=18"}],"curies":[{"name":"wp","href":"https:\/\/api.w.org\/{rel}","templated":true}]}}