{"id":1952,"date":"2021-07-22T19:32:53","date_gmt":"2021-07-22T19:32:53","guid":{"rendered":"http:\/\/www.ub.edu\/cinaf\/?page_id=1952"},"modified":"2025-09-19T09:56:14","modified_gmt":"2025-09-19T09:56:14","slug":"impacte","status":"publish","type":"page","link":"https:\/\/www.ub.edu\/cinaf\/impacte\/","title":{"rendered":"IMPACTE"},"content":{"rendered":"<h3 style=\"text-align: justify;\"><strong>Premsa<\/strong><\/h3>\n<h4 style=\"text-align: justify;\"><strong>2025<\/strong><\/h4>\n<p>(2025) Arregui, An\u00edbal G. <a href=\"https:\/\/lab.cccb.org\/ca\/la-ciutat-contradomesticada-barcelona-i-els-porcs-senglars\/\">La ciutat contradomesticada: Barcelona i els porcs senglars<\/a>. CCCB LAB<\/p>\n<p style=\"text-align: justify;\">(2025) Martinez, M\u00f2nica. <a href=\"https:\/\/mediosindigenas.ub.edu\/emergencia-migratoria-y-pueblos-indigenas-gunayala-panama-ante-el-retorno-de-migrantes\/\">Emergencia migratoria y pueblos ind\u00edgenas: Gunayala (Panam\u00e1) ante el retorno de migrantes.<\/a> Medios Ind\u00edgenas Lab.<\/p>\n<p style=\"text-align: justify;\">(2025) Arregui, An\u00edbal G. <a href=\"https:\/\/mediosindigenas.ub.edu\/el-impacto-del-encuentro-y-el-pacto-etnografico\/\">El impacto del encuentro y el pacto etnogr\u00e1fico: un di\u00e1logo de\u00a0Davi Kopenawa y Ana Maria Machado (moderado por An\u00edbal G. Arregui)<\/a>. Medios Ind\u00edgenas Lab.<\/p>\n<p style=\"text-align: justify;\">(2025) Pe\u00f1uelas, Anna. <a href=\"https:\/\/mediosindigenas.ub.edu\/disparidad-en-las-reacciones-de-los-ngabe-ante-la-amenaza-de-donald-trump-de-retomar-el-control-del-canal-de-panama\/\">Disparidad en las reacciones de los ng\u00e4be ante la amenaza de Donald Trump de retomar el control del Canal de Panam\u00e1<\/a>. Medios Ind\u00edgenas Lab.<\/p>\n<p style=\"text-align: justify;\">(2025) Orobitg, Gemma. <a href=\"https:\/\/mediosindigenas.ub.edu\/embera-del-rio-chagres-frente-asamblea-nacional-de-panama-en-defensa-del-derecho-a-la-consulta\/\">Ember\u00e1 del r\u00edo Chagres ante la Asamblea Nacional de Panam\u00e1 en defensa del derecho a la consulta<\/a>. Medios Ind\u00edgenas Lab.<\/p>\n<p style=\"text-align: justify;\">(2025) Arregui, An\u00edbal G. <a href=\"https:\/\/mediosindigenas.ub.edu\/nukuri-kahtiro-turi-el-mundo-vegetal-conversacion-con-joao-paulo-lima-barreto-y-karen-shiratori\/\">Nukuri kahtiro turi: el mundo vegetal. Conversaci\u00f3n con Jo\u00e3o Paulo Lima Barreto y Karen Shiratori<\/a>. Medios Ind\u00edgenas Lab.<\/p>\n<p style=\"text-align: justify;\">(2025) Celigueta, Gemma. <a href=\"https:\/\/mediosindigenas.ub.edu\/festival-y-exposicion-de-arte-por-el-lago-atitlan-qatee-ya-arte-conciencia-y-ecologia-profunda-de-atitlan\/\">Festival y Exposici\u00f3n de arte por el Lago Atitl\u00e1n &#8220;QATEE YA\u2019: ARTE, CONCIENCIA Y ECOLOG\u00cdA PROFUNDA DE ATITL\u00c1N&#8221;<\/a>. Medios Ind\u00edgenas Lab.<\/p>\n<h4 style=\"text-align: justify;\"><strong>2024<\/strong><\/h4>\n<p>(2024) Arregui, An\u00edbal G. <a href=\"https:\/\/mediosindigenas.ub.edu\/los-secretos-de-la-jurema\/\">Los secretos de la jurema<\/a>. Medios Ind\u00edgenas Lab.<\/p>\n<p style=\"text-align: justify;\">(2024) Orobitg, Gemma.<a href=\"https:\/\/mediosindigenas.ub.edu\/no-soportamos-mas-esta-discriminacion-este-desprecio-de-parte-del-gobierno-de-panama-las-comunidades-embera-del-rio-chagres-exigen-la-derogacion-o-la-negociacion-de-los-cobros-por\/\">&#8220;Para que se nos escuche&#8221;: comunidades ember\u00e1 del r\u00edo Chagres exigen la derogaci\u00f3n o la negociaci\u00f3n de los cobros por servicios ambientales<\/a>. Medios Ind\u00edgenas Lab.<\/p>\n<p style=\"text-align: justify;\">(2024) Orobitg, Gemma. <a href=\"https:\/\/mediosindigenas.ub.edu\/la-memoria-es-un-permanente-campo-de-batalla-conversacion-con-irma-a-velasquez-nimatuj-periodista-y-antropologa-maya-kiche-de-guatemala\/\">\u201cLa memoria es un permanente campo de batalla\u201d. Conversaci\u00f3n con Irma A. Vel\u00e1squez Nimatuj, periodista y antrop\u00f3loga Maya K\u2019iche de Guatemala<\/a>. Medios Ind\u00edgenas Lab.<\/p>\n<p style=\"text-align: justify;\">(2024) Orobitg, Gemma. <a href=\"https:\/\/mediosindigenas.ub.edu\/donde-estan-nuestros-derechos-como-pueblos-originarios-en-panama-comunidades-indigenas-dentro-del-regimen-de-los-parques-nacionales-argumentos-para-un-debate-no-resuelto\/\">&#8220;\u00bfD\u00f3nde est\u00e1n nuestros derechos como pueblos originarios en Panam\u00e1?&#8221; Comunidades ind\u00edgenas dentro del r\u00e9gimen de los Parques Nacionales: argumentos para un debate no resuelto. Medios Ind\u00edgenas Lab<\/a>. Medios Ind\u00edgenas Lab.<\/p>\n<p style=\"text-align: justify;\">(2024) Orobitg, Gemma. <a href=\"https:\/\/mediosindigenas.ub.edu\/lideresa-embera-denuncia-cobros-injustificados-por-servicios-ambientales-y-alerta-de-sus-consecuencias-negativas-para-las-comunidades-indigenas-y-para-el-cuidado-de-la-madre-tierra\/\">Andrea Lino, lideresa ember\u00e1, alza la voz contra cobros injustificados por servicios ambientales y resalta su impacto perjudicial en las comunidades y en la Madre Tierra<\/a>. Medios Ind\u00edgenas Lab.<\/p>\n<p style=\"text-align: justify;\">(2024) Izard, Gabriel. <a href=\"https:\/\/mediosindigenas.ub.edu\/extractivismo-resistencia-y-adaptacion-activacion-patrimonial-garifuna-en-el-contexto-turistico-en-belize\/\">Extractivismo, resistencia y adaptaci\u00f3n: Activaci\u00f3n patrimonial Gar\u00edfuna en el contexto tur\u00edstico en Belize<\/a>. Medios Ind\u00edgenas Lab.<\/p>\n<p style=\"text-align: justify;\">(2024) Mart\u00ednez, M\u00f2nica. <a href=\"https:\/\/mediosindigenas.ub.edu\/panama-dice-no-a-la-mineria-fuerte-oposicion-al-extractivismo-y-a-la-corrupcion-de-las-elites-politicas\/\">Panam\u00e1 dice no a la miner\u00eda. Fuerte oposici\u00f3n al extractivismo y a la corrupci\u00f3n de las \u00e9lites pol\u00edticas<\/a>. Medios Ind\u00edgenas Lab.<\/p>\n<p style=\"text-align: justify;\">(2024) Pe\u00f1uelas, Anna. <a href=\"https:\/\/mediosindigenas.ub.edu\/cambios-en-los-tiempos-de-movilidad-de-los-ngabe-de-panama\/\">Cambios en los tiempos de movilidad de los ng\u00e4be de Panam\u00e1<\/a>. Medios Ind\u00edgenas Lab.<\/p>\n<p style=\"text-align: justify;\">(2024) Mart\u00ednez, M\u00f2nica. <a href=\"https:\/\/mediosindigenas.ub.edu\/crisis-sanitaria-por-falta-de-control-de-vectores-en-panama\/\">Crisis sanitaria por falta de control de vectores en Panam\u00e1<\/a>. Medios Ind\u00edgenas Lab.<\/p>\n<h4 style=\"text-align: justify;\"><strong>2023<\/strong><\/h4>\n<p style=\"text-align: justify;\">(2023) Orobitg, Gemma. <a href=\"https:\/\/mediosindigenas.ub.edu\/conversatorio-en-la-universidad-de-panama-investigacion-etnografica-colaborativa-y-recursos-digitales-para-el-estudio-de-los-medios-y-la-comunicacion-indigenas\/\">Conversatorio en la Universidad de Panam\u00e1. Investigaci\u00f3n etnogr\u00e1fica colaborativa y recursos digitales para el estudio de los medios y la comunicaci\u00f3n ind\u00edgenas<\/a>. Medios Ind\u00edgenas Lab.<\/p>\n<p style=\"text-align: justify;\"><strong>2021<\/strong><\/p>\n<p style=\"text-align: justify;\">(2021) Canals, Roger. <a href=\"https:\/\/www.nuvol.com\/llibres\/assaig\/la-pandemia-ens-ha-tornat-mes-individualistes-146482\">&#8220;La pand\u00e8mia ens ha tornat m\u00e9s individualistes?&#8221;<\/a>.\u00a0N\u00favol.<\/p>\n<p style=\"text-align: justify;\">(2021) Huenchumil, Paula. Entrevista a Gemma Orobitg y a M\u00f3nica Martinez, proyecto MEDIOS INDIGENAS, marzo 2021, <a href=\"https:\/\/interferencia.cl\/articulos\/el-mapa-que-muestra-los-medios-de-comunicacion-indigena-en-america-latina\">&#8220;El mapa que muestra los medios de comunicaci\u00f3n ind\u00edgena en Am\u00e9rica Latina&#8221;<\/a>, Interferencia.<\/p>\n<h4 style=\"text-align: justify;\"><strong>2020<\/strong><\/h4>\n<p style=\"text-align: justify;\">(2020). Antona, Jes\u00fas (mayo) <a href=\"http:\/\/mediosindigenas.ub.edu\/2020\/05\/22\/los-mapuche-y-el-coronavirus-a-traves-de-sus-medios-informativos\/\">\u201cLos Mapuche y el coronavirus a trav\u00e9s de sus medios\u201d<\/a>, Medios Ind\u00edgenas. Comunicaci\u00f3n y Patrimonio.<\/p>\n<p style=\"text-align: justify;\">(2020). Arregui, An\u00edbal G. (septiembre) <a href=\"http:\/\/mediosindigenas.ub.edu\/2020\/09\/09\/descolonizar-los-cuerpos-en-tiempos-de-pandemia\/\">\u201cDescolonizar los cuerpo en tiempos de pandemia\u201d<\/a>, Medios ind\u00edgenas. Comunicaci\u00f3n y Patrimonio.<\/p>\n<p style=\"text-align: justify;\">(2020). Canals, Roger (mayo) <a href=\"http:\/\/mediosindigenas.ub.edu\/2020\/05\/16\/la-web-medios-indigenas-una-plataforma-para-la-investigacion-la-difusion-y-la-comunicacion\/\">\u201cLa web MEDIOS IND\u00cdGENAS: una plataforma para la investigaci\u00f3n, la difusi\u00f3n y la comunicaci\u00f3n\u201d<\/a>, Medios Ind\u00edgenas. Comunicaci\u00f3n y Patrimonio<\/p>\n<p style=\"text-align: justify;\">(2020). Canals, Roger (mayo) <a href=\"http:\/\/mediosindigenas.ub.edu\/2020\/05\/22\/notas-sobre-el-covid-19-y-los-cultos-afroamericanos\/\">\u201cNotas sobre el COVID y los cultos afroamericanos\u201d<\/a>, Medios Ind\u00edgenas. Comunicaci\u00f3n y Patrimonio.<\/p>\n<p style=\"text-align: justify;\">(2020). Canals, Roger.<a href=\"https:\/\/www.nuvol.com\/llibres\/assaig\/els-sacrificis-de-la-pandemia-136027\">&#8220;Els sacrificis de la pand\u00e8mia&#8221;<\/a>.\u00a0N\u00favol.<\/p>\n<p style=\"text-align: justify;\">(2020). Mart\u00ednez Mauri, M\u00f2nica (abril 2020) <a href=\"http:\/\/mediosindigenas.ub.edu\/2020\/04\/14\/neggisige-quedateencasa-en-panama-frenar-el-covid19-desde-los-medios-en-lengua-guna\/\">\u201cFrenar el COVID desde los medio en lengua guna\u201d<\/a>, Medios ind\u00edgenas. Comunicaci\u00f3n y Patrimonio.<\/p>\n<p style=\"text-align: justify;\">(2020). Pe\u00f1uelas, Anna (octubre) <a href=\"http:\/\/mediosindigenas.ub.edu\/2020\/10\/07\/costa-rica-y-panama-movilidad-indigena-en-tiempos-de-pandemina\/\">&#8220;Costa Rica y Panam\u00e1. Movilidad ind\u00edgena en tiempos de pandemia&#8221;,<\/a>\u00a0Medios ind\u00edgenas. Comunicaci\u00f3n y Patrimonio.<\/p>\n<p style=\"text-align: justify;\">(2020). Pe\u00f1uelas, Anna (octubre) <a href=\"http:\/\/mediosindigenas.ub.edu\/2020\/10\/07\/uso-de-las-redes-sociales-para-promover-y-ensenar-lenguas-indigenas-en-tiempos-de-covid\/\">&#8220;Uso de redes sociales para promover y ense\u00f1ar lenguas ind\u00edgenas en tiempos de COVID&#8221;<\/a>, Medios ind\u00edgenas. Comunicaci\u00f3n y Patrimonio.<\/p>\n<p style=\"text-align: justify;\">(2020). P\u00e9rez Gal\u00e1n, Beatriz (abril) <a href=\"http:\/\/mediosindigenas.ub.edu\/2020\/04\/25\/la-comunicacion-indigena-un-derecho-en-construccion-notas-sobre-la-elaboracion-de-un-proyecto-documental-colaborativo\/\">\u201cLa comunicaci\u00f3n ind\u00edgena: un derecho en construcci\u00f3n. Notas sobre la elaboraci\u00f3n de unproyecto documental colaborativo\u201d<\/a>, Medios Ind\u00edgenas. Comunicaci\u00f3n y Patrimonio<\/p>\n<h4 style=\"text-align: justify;\"><strong>2019<\/strong><\/h4>\n<p style=\"text-align: justify;\">(2019). Alonso, Tania y Orobitg, Gemma (octubre) <a href=\"https:\/\/www.bloglenovo.es\/medios-indigenas\/\">\u201c Medios locales con un mensaje global\u201d<\/a>, Blog LENOVO<\/p>\n<p style=\"text-align: justify;\">(2019). Izard, Gabriel (septiembre) <a href=\"http:\/\/mediosindigenas.ub.edu\/2019\/09\/20\/colombia-4o-festival-internacional-de-cine-comunitarios-afro-kunta-kinte\/\">\u201cCuarto festival Internacional de cine comunitario afro Kunta Kinte\u201d<\/a>, Medios Ind\u00edgenas. Comunicaci\u00f3n y Patrimonio<\/p>\n<p style=\"text-align: justify;\">(2019). Orobitg, Gemma (agosto) <a href=\"http:\/\/mediosindigenas.ub.edu\/2019\/08\/26\/2844\/\">\u201cLa comunicaci\u00f3n ind\u00edgena: una pr\u00e1ctica descolonizadora y para impulsar las lenguas ind\u00edgenas\u201d<\/a>, Medios Ind\u00edgenas. Comunicaci\u00f3n y Patrimonio<\/p>\n<p style=\"text-align: justify;\">(2019). Orobitg, Gemma (agosto) <a href=\"http:\/\/mediosindigenas.ub.edu\/2019\/08\/05\/medios-de-comunicacion-comunitarios-y-consultas-comunitarias-de-buena-fe-en-guatemala\/\">\u201cMedios de comunicaci\u00f3n comunitarios y consultas de Buena Fe en Guatemala\u201d<\/a>, Medios Ind\u00edgenas. Comunicaci\u00f3n y Patrimonio<\/p>\n<p style=\"text-align: justify;\">(2019). Orobitg, G. &amp; Mart\u00ednez, M. <a href=\"https:\/\/theconversation.com\/internet-fortalece-a-las-comunidades-indigenas-110251\">\u201cInternet fortalece a las comunidades ind\u00edgenas\u201d<\/a>, The Conversation.<\/p>\n<h3 style=\"text-align: justify;\"><strong>Programes (\u00e0udio)<br \/>\n<\/strong><\/h3>\n<p style=\"text-align: justify;\">Hilando sociedad. Atarraya de saberes. Escuela Radiofon\u00edca del Choc\u00f3. Programa colombia cient\u00edfica. Reconstrucci\u00f3n del tejido social en zonas del posconflicto en Colombia. Programa: Mundos nocturnos, presagios y advertencias.<\/p>\n<p><a href=\"https:\/\/reconstrucciondeltejidosocial.com\/hilando\/playlists\/\">Programa 12: Programa dedicado a los sue\u00f1os como huella de la violencia, la interpretaci\u00f3n de los sue\u00f1os y su significado. <\/a>Nuestra investigadora Gemma Orobitg nos habla sobre el sue\u00f1o en las culturas ind\u00edgenas. Los Pume: \u201cpara vivir bien es preciso so\u00f1ar bien\u201d.<\/p>\n<div style=\"text-align: justify;\"><\/div>\n","protected":false},"excerpt":{"rendered":"<p>Premsa 2025 (2025) Arregui, An\u00edbal G. La ciutat contradomesticada: Barcelona i els porcs senglars. CCCB LAB (2025) Martinez, M\u00f2nica. Emergencia migratoria y pueblos ind\u00edgenas: Gunayala (Panam\u00e1) ante el retorno de migrantes. Medios Ind\u00edgenas Lab. (2025) Arregui, An\u00edbal G. El impacto del encuentro y el pacto etnogr\u00e1fico: un di\u00e1logo de\u00a0Davi Kopenawa y Ana Maria Machado (moderado &#8230; <a title=\"IMPACTE\" class=\"read-more\" href=\"https:\/\/www.ub.edu\/cinaf\/impacte\/\">Llegeix-ne m\u00e9s<\/a><\/p>\n","protected":false},"author":1,"featured_media":0,"parent":0,"menu_order":0,"comment_status":"closed","ping_status":"closed","template":"","meta":{"generate_page_header":"","footnotes":""},"class_list":["post-1952","page","type-page","status-publish"],"_links":{"self":[{"href":"https:\/\/www.ub.edu\/cinaf\/wp-json\/wp\/v2\/pages\/1952"}],"collection":[{"href":"https:\/\/www.ub.edu\/cinaf\/wp-json\/wp\/v2\/pages"}],"about":[{"href":"https:\/\/www.ub.edu\/cinaf\/wp-json\/wp\/v2\/types\/page"}],"author":[{"embeddable":true,"href":"https:\/\/www.ub.edu\/cinaf\/wp-json\/wp\/v2\/users\/1"}],"replies":[{"embeddable":true,"href":"https:\/\/www.ub.edu\/cinaf\/wp-json\/wp\/v2\/comments?post=1952"}],"version-history":[{"count":11,"href":"https:\/\/www.ub.edu\/cinaf\/wp-json\/wp\/v2\/pages\/1952\/revisions"}],"predecessor-version":[{"id":3331,"href":"https:\/\/www.ub.edu\/cinaf\/wp-json\/wp\/v2\/pages\/1952\/revisions\/3331"}],"wp:attachment":[{"href":"https:\/\/www.ub.edu\/cinaf\/wp-json\/wp\/v2\/media?parent=1952"}],"curies":[{"name":"wp","href":"https:\/\/api.w.org\/{rel}","templated":true}]}}