{"id":2298,"date":"2024-06-13T15:06:07","date_gmt":"2024-06-13T15:06:07","guid":{"rendered":"http:\/\/www.ub.edu\/cinaf\/?page_id=2298"},"modified":"2026-03-03T14:57:09","modified_gmt":"2026-03-03T14:57:09","slug":"linea-1-antropologia-visual-multimodal","status":"publish","type":"page","link":"https:\/\/www.ub.edu\/cinaf\/cinaf\/linea-1-antropologia-visual-multimodal\/","title":{"rendered":"L\u00ednea 1. Antropologia visual i multimodal"},"content":{"rendered":"<p style=\"text-align: justify;\"><img loading=\"lazy\" decoding=\"async\" class=\"wp-image-2327 alignleft\" src=\"http:\/\/www.ub.edu\/cinaf\/wp-content\/uploads\/2024\/06\/Linea-1_Antropologia-visual-e1718383683773.jpg\" alt=\"\" width=\"300\" height=\"225\" \/><span style=\"font-weight: 400;\"><strong>Coordinaci\u00f3:<\/strong> Roger Canals Vilageliu<\/span><\/p>\n<p style=\"text-align: justify;\">Entenem l\u2019antropologia visual en un sentit ampli: com una antropologia de les imatges i com una antropologia a trav\u00e9s de les imatges, que usa m\u00e8todes visuals d\u2019investigaci\u00f3 social. Per \u201cantropologia multi-modal\u201d ens referim a una antropologia que combina experimentalment diferents formes d\u2019investigaci\u00f3 i escriptura (imatge, text, so) fent un \u00fas actiu de les xarxes socials i amb clara vocaci\u00f3 p\u00fablica. \u00c9s des de la perspectiva de l\u2019antropologia visual i multi-modal que volem abordar un dels debats principals del nostre present: el que t\u00e9 a veure amb la desinformaci\u00f3, la manipulaci\u00f3 visual i les imatges falses (Fake). Aquests temes han estat relativament treballats des dels estudis de comunicaci\u00f3 i media per\u00f2 poc des d\u2019una vessant antropol\u00f2gica. Ens preguntarem pels criteris d\u2019autentificaci\u00f3 i de verificaci\u00f3 de les imatges que tenen grups socials i culturals espec\u00edfics tot posant en relaci\u00f3 imatges religioses, cient\u00edfiques i socials. Un dels conceptes clau aqu\u00ed \u00e9s el de \u201cconfian\u00e7a\u201d, i concretament de confian\u00e7a visual. Aquesta reflexi\u00f3 entronca amb una tradici\u00f3 d\u2019estudis dins del CINAF al voltant de les imatges religioses en contextos ind\u00edgenes i afroamericans, les xarxes socials i la comunicaci\u00f3. De fet, una part important d\u2019aquesta recerca es dur\u00e0 a terme amb comunitats afrodescendents al Carib. Tamb\u00e9 realitzarem treball de camp a Europa i a l\u2019\u00cdndia, a fi de potenciar una dimensi\u00f3 comparativa que el CINAF sempre ha tingut des dels seus inicis.<!-- notionvc: 1f4ad874-c465-4ace-b2d0-9b31b041d7cb --><br \/>\n<!-- notionvc: 77869d96-546b-4546-9901-c6048df159b0 --><\/p>\n<p>&nbsp;<\/p>\n","protected":false},"excerpt":{"rendered":"<p>Coordinaci\u00f3: Roger Canals Vilageliu Entenem l\u2019antropologia visual en un sentit ampli: com una antropologia de les imatges i com una antropologia a trav\u00e9s de les imatges, que usa m\u00e8todes visuals d\u2019investigaci\u00f3 social. Per \u201cantropologia multi-modal\u201d ens referim a una antropologia que combina experimentalment diferents formes d\u2019investigaci\u00f3 i escriptura (imatge, text, so) fent un \u00fas actiu &#8230; <a title=\"L\u00ednea 1. Antropologia visual i multimodal\" class=\"read-more\" href=\"https:\/\/www.ub.edu\/cinaf\/cinaf\/linea-1-antropologia-visual-multimodal\/\">Llegeix-ne m\u00e9s<\/a><\/p>\n","protected":false},"author":1,"featured_media":0,"parent":6,"menu_order":0,"comment_status":"closed","ping_status":"closed","template":"","meta":{"generate_page_header":"","footnotes":""},"class_list":["post-2298","page","type-page","status-publish"],"_links":{"self":[{"href":"https:\/\/www.ub.edu\/cinaf\/wp-json\/wp\/v2\/pages\/2298"}],"collection":[{"href":"https:\/\/www.ub.edu\/cinaf\/wp-json\/wp\/v2\/pages"}],"about":[{"href":"https:\/\/www.ub.edu\/cinaf\/wp-json\/wp\/v2\/types\/page"}],"author":[{"embeddable":true,"href":"https:\/\/www.ub.edu\/cinaf\/wp-json\/wp\/v2\/users\/1"}],"replies":[{"embeddable":true,"href":"https:\/\/www.ub.edu\/cinaf\/wp-json\/wp\/v2\/comments?post=2298"}],"version-history":[{"count":11,"href":"https:\/\/www.ub.edu\/cinaf\/wp-json\/wp\/v2\/pages\/2298\/revisions"}],"predecessor-version":[{"id":2544,"href":"https:\/\/www.ub.edu\/cinaf\/wp-json\/wp\/v2\/pages\/2298\/revisions\/2544"}],"up":[{"embeddable":true,"href":"https:\/\/www.ub.edu\/cinaf\/wp-json\/wp\/v2\/pages\/6"}],"wp:attachment":[{"href":"https:\/\/www.ub.edu\/cinaf\/wp-json\/wp\/v2\/media?parent=2298"}],"curies":[{"name":"wp","href":"https:\/\/api.w.org\/{rel}","templated":true}]}}