{"id":3299,"date":"2025-09-18T16:09:58","date_gmt":"2025-09-18T16:09:58","guid":{"rendered":"https:\/\/www.ub.edu\/cinaf\/?page_id=3299"},"modified":"2026-03-18T12:27:57","modified_gmt":"2026-03-18T12:27:57","slug":"tallers-formatius","status":"publish","type":"page","link":"https:\/\/www.ub.edu\/cinaf\/activitats\/tallers-formatius\/","title":{"rendered":"Tallers formatius"},"content":{"rendered":"<p class=\"p1\">Els tallers formatius del CINAF s\u2019adrecen a estudiants de grau i postgrau amb l\u2019objectiu de compartir el treball que es desenvolupa en les diverses l\u00ednies de recerca del grup. Aquests tallers reforcen la formaci\u00f3 te\u00f2rica i metodol\u00f2gica de l\u2019alumnat i els apropen a una recerca constru\u00efda des de les perspectives i propostes de les poblacions ind\u00edgenes i afrodescendents davant els grans reptes de la nostra contemporane\u00eftat.<\/p>\n<h3><strong>2026<\/strong><\/h3>\n<p><span class=\"a_GcMg font-feature-liga-off font-feature-clig-off font-feature-calt-off text-decoration-none text-strikethrough-none\"><a href=\"https:\/\/www.ub.edu\/cinaf\/wp-content\/uploads\/2026\/03\/Dibuixar-per-mirar-antropologicament-realitats-plurals.png\">Dibuixar per mirar antropol\u00f2gicament realitats plurals.<\/a> <span style=\"color: #008000;\">Monica Mart\u00ednez Mauri,<\/span> CINAF-UB.<\/span><\/p>\n<div id='gallery-1' class='gallery galleryid-3299 gallery-columns-3 gallery-size-medium'><figure class='gallery-item'>\n\t\t\t<div class='gallery-icon landscape'>\n\t\t\t\t<a href='https:\/\/www.ub.edu\/cinaf\/activitats\/tallers-formatius\/dibuixar-per-mirar-antropologicament-realitats-plurals\/#main'><img loading=\"lazy\" decoding=\"async\" width=\"300\" height=\"169\" src=\"https:\/\/www.ub.edu\/cinaf\/wp-content\/uploads\/2026\/03\/Dibuixar-per-mirar-antropologicament-realitats-plurals-300x169.png\" class=\"attachment-medium size-medium\" alt=\"\" aria-describedby=\"gallery-1-3907\" \/><\/a>\n\t\t\t<\/div>\n\t\t\t\t<figcaption class='wp-caption-text gallery-caption' id='gallery-1-3907'>\n\t\t\t\t7\n\t\t\t\t<\/figcaption><\/figure>\n\t\t<\/div>\n\n<h3><strong>2025<\/strong><\/h3>\n<p><span class=\"a_GcMg font-feature-liga-off font-feature-clig-off font-feature-calt-off text-decoration-none text-strikethrough-none\"><a href=\"https:\/\/www.ub.edu\/cinaf\/wp-content\/uploads\/2025\/11\/Xamanisme-femeni-Lexperiencia-Tsachila-de-lEquador.png\">Xamanisme femen\u00ed? L\u2019experi\u00e8ncia Tsachila de l\u2019Equador<\/a>. <span style=\"color: #008000;\">Montserrat Ventura i Oller, <\/span>UAB.<\/span><\/p>\n<p><span class=\"a_GcMg font-feature-liga-off font-feature-clig-off font-feature-calt-off text-decoration-none text-strikethrough-none\"><a href=\"https:\/\/www.ub.edu\/cinaf\/wp-content\/uploads\/2025\/11\/Terreny-recerca-i-accio.-Presentacio-dels-Projectes-IndiRec-AlterNativa-Intercanvi-amb-Pobles-Indigenes-CINAF-UB.png\">Terreny, recerca i acci\u00f3. Presentaci\u00f3 dels Projectes IndiRec (AlterNativa Intercanvi amb Pobles Ind\u00edgenes \/ CINAF-UB). <\/a><\/span><\/p>\n<p><span class=\"a_GcMg font-feature-liga-off font-feature-clig-off font-feature-calt-off text-decoration-none text-strikethrough-none\"><a href=\"https:\/\/www.ub.edu\/cinaf\/wp-content\/uploads\/2025\/11\/La-formacion-de-linguistas-comunitarixs-una-experiencia-desde-el-pueblo-mixe.png\">La formaci\u00f3n de ling\u00fcistas comunitarixs, una experiencia desde el pueblo mixe.<\/a> <\/span><span style=\"color: #339966;\"><span class=\"a_GcMg font-feature-liga-off font-feature-clig-off font-feature-calt-off text-decoration-none text-strikethrough-none\">Tonantzin D\u00edaz Robles, <\/span><\/span><span class=\"a_GcMg font-feature-liga-off font-feature-clig-off font-feature-calt-off text-decoration-none text-strikethrough-none\">Colectivo Mixe.<\/span><\/p>\n<p><a href=\"https:\/\/www.ub.edu\/cinaf\/wp-content\/uploads\/2025\/10\/LIndiFest-Festival-de-Cinema-Indigena-de-Barcelona-a-la-UB.png\">L&#8217;IndiFest (Festival de Cinema Ind\u00edgena de Barcelona) a la UB<\/a>. <span style=\"color: #339966;\">Projeccions: <span class=\"a_GcMg font-feature-liga-off font-feature-clig-off font-feature-calt-off text-decoration-none text-strikethrough-none\">&#8220;Sukande Kas\u00e1k\u00e1&#8221; i &#8220;Uq\u2019axik b\u2019e&#8221;.<\/span><\/span><\/p>\n<p><a href=\"https:\/\/www.ub.edu\/cinaf\/wp-content\/uploads\/2025\/10\/Etnografia-en-los-bordes-de-la-dominicanidad.jpg\">Etnograf\u00eda en los bordes de la dominicanidad<\/a>. <span style=\"color: #339966;\">Daniela Triml-Chifflard<\/span>, Philipps Universit\u00e4t-Marburg.<\/p>\n<p><a href=\"https:\/\/www.ub.edu\/cinaf\/wp-content\/uploads\/2025\/10\/Etnografia-en-Mesoamerica.-De-la-cultura-al-patrimonio.jpg\">Etnograf\u00eda en Mesoam\u00e9rica: de la cultura al patrimonio<\/a>. <span style=\"color: #339966;\">Mar\u00eda del Carmen Castillo<\/span>, INAH (M\u00e9xico).<\/p>\n<div id='gallery-2' class='gallery galleryid-3299 gallery-columns-3 gallery-size-medium'><figure class='gallery-item'>\n\t\t\t<div class='gallery-icon landscape'>\n\t\t\t\t<a href='https:\/\/www.ub.edu\/cinaf\/activitats\/tallers-formatius\/etnografia-en-mesoamerica-de-la-cultura-al-patrimonio\/#main'><img loading=\"lazy\" decoding=\"async\" width=\"300\" height=\"169\" src=\"https:\/\/www.ub.edu\/cinaf\/wp-content\/uploads\/2025\/10\/Etnografia-en-Mesoamerica.-De-la-cultura-al-patrimonio-300x169.jpg\" class=\"attachment-medium size-medium\" alt=\"\" aria-describedby=\"gallery-2-3402\" \/><\/a>\n\t\t\t<\/div>\n\t\t\t\t<figcaption class='wp-caption-text gallery-caption' id='gallery-2-3402'>\n\t\t\t\t1\n\t\t\t\t<\/figcaption><\/figure><figure class='gallery-item'>\n\t\t\t<div class='gallery-icon landscape'>\n\t\t\t\t<a href='https:\/\/www.ub.edu\/cinaf\/activitats\/tallers-formatius\/etnografia-en-los-bordes-de-la-dominicanidad\/#main'><img loading=\"lazy\" decoding=\"async\" width=\"300\" height=\"169\" src=\"https:\/\/www.ub.edu\/cinaf\/wp-content\/uploads\/2025\/10\/Etnografia-en-los-bordes-de-la-dominicanidad-300x169.jpg\" class=\"attachment-medium size-medium\" alt=\"\" aria-describedby=\"gallery-2-3401\" \/><\/a>\n\t\t\t<\/div>\n\t\t\t\t<figcaption class='wp-caption-text gallery-caption' id='gallery-2-3401'>\n\t\t\t\t2\n\t\t\t\t<\/figcaption><\/figure><figure class='gallery-item'>\n\t\t\t<div class='gallery-icon landscape'>\n\t\t\t\t<a href='https:\/\/www.ub.edu\/cinaf\/activitats\/tallers-formatius\/lindifest-festival-de-cinema-indigena-de-barcelona-a-la-ub\/#main'><img loading=\"lazy\" decoding=\"async\" width=\"300\" height=\"169\" src=\"https:\/\/www.ub.edu\/cinaf\/wp-content\/uploads\/2025\/10\/LIndiFest-Festival-de-Cinema-Indigena-de-Barcelona-a-la-UB-300x169.png\" class=\"attachment-medium size-medium\" alt=\"\" aria-describedby=\"gallery-2-3395\" \/><\/a>\n\t\t\t<\/div>\n\t\t\t\t<figcaption class='wp-caption-text gallery-caption' id='gallery-2-3395'>\n\t\t\t\t3\n\t\t\t\t<\/figcaption><\/figure><figure class='gallery-item'>\n\t\t\t<div class='gallery-icon landscape'>\n\t\t\t\t<a href='https:\/\/www.ub.edu\/cinaf\/activitats\/tallers-formatius\/la-formacion-de-linguistas-comunitarixs-una-experiencia-desde-el-pueblo-mixe\/#main'><img loading=\"lazy\" decoding=\"async\" width=\"300\" height=\"169\" src=\"https:\/\/www.ub.edu\/cinaf\/wp-content\/uploads\/2025\/11\/La-formacion-de-linguistas-comunitarixs-una-experiencia-desde-el-pueblo-mixe-300x169.png\" class=\"attachment-medium size-medium\" alt=\"\" aria-describedby=\"gallery-2-3433\" \/><\/a>\n\t\t\t<\/div>\n\t\t\t\t<figcaption class='wp-caption-text gallery-caption' id='gallery-2-3433'>\n\t\t\t\t4\n\t\t\t\t<\/figcaption><\/figure><figure class='gallery-item'>\n\t\t\t<div class='gallery-icon landscape'>\n\t\t\t\t<a href='https:\/\/www.ub.edu\/cinaf\/activitats\/tallers-formatius\/terreny-recerca-i-accio-presentacio-dels-projectes-indirec-alternativa-intercanvi-amb-pobles-indigenes-cinaf-ub\/#main'><img loading=\"lazy\" decoding=\"async\" width=\"300\" height=\"169\" src=\"https:\/\/www.ub.edu\/cinaf\/wp-content\/uploads\/2025\/11\/Terreny-recerca-i-accio.-Presentacio-dels-Projectes-IndiRec-AlterNativa-Intercanvi-amb-Pobles-Indigenes-CINAF-UB-300x169.png\" class=\"attachment-medium size-medium\" alt=\"\" aria-describedby=\"gallery-2-3434\" \/><\/a>\n\t\t\t<\/div>\n\t\t\t\t<figcaption class='wp-caption-text gallery-caption' id='gallery-2-3434'>\n\t\t\t\t5\n\t\t\t\t<\/figcaption><\/figure><figure class='gallery-item'>\n\t\t\t<div class='gallery-icon landscape'>\n\t\t\t\t<a href='https:\/\/www.ub.edu\/cinaf\/activitats\/tallers-formatius\/xamanisme-femeni-lexperiencia-tsachila-de-lequador\/#main'><img loading=\"lazy\" decoding=\"async\" width=\"300\" height=\"169\" src=\"https:\/\/www.ub.edu\/cinaf\/wp-content\/uploads\/2025\/11\/Xamanisme-femeni-Lexperiencia-Tsachila-de-lEquador-300x169.png\" class=\"attachment-medium size-medium\" alt=\"\" aria-describedby=\"gallery-2-3493\" \/><\/a>\n\t\t\t<\/div>\n\t\t\t\t<figcaption class='wp-caption-text gallery-caption' id='gallery-2-3493'>\n\t\t\t\t6\n\t\t\t\t<\/figcaption><\/figure>\n\t\t<\/div>\n\n","protected":false},"excerpt":{"rendered":"<p>Els tallers formatius del CINAF s\u2019adrecen a estudiants de grau i postgrau amb l\u2019objectiu de compartir el treball que es desenvolupa en les diverses l\u00ednies de recerca del grup. Aquests tallers reforcen la formaci\u00f3 te\u00f2rica i metodol\u00f2gica de l\u2019alumnat i els apropen a una recerca constru\u00efda des de les perspectives i propostes de les poblacions &#8230; <a title=\"Tallers formatius\" class=\"read-more\" href=\"https:\/\/www.ub.edu\/cinaf\/activitats\/tallers-formatius\/\">Llegeix-ne m\u00e9s<\/a><\/p>\n","protected":false},"author":1,"featured_media":0,"parent":16,"menu_order":0,"comment_status":"closed","ping_status":"closed","template":"","meta":{"generate_page_header":"","footnotes":""},"class_list":["post-3299","page","type-page","status-publish"],"_links":{"self":[{"href":"https:\/\/www.ub.edu\/cinaf\/wp-json\/wp\/v2\/pages\/3299"}],"collection":[{"href":"https:\/\/www.ub.edu\/cinaf\/wp-json\/wp\/v2\/pages"}],"about":[{"href":"https:\/\/www.ub.edu\/cinaf\/wp-json\/wp\/v2\/types\/page"}],"author":[{"embeddable":true,"href":"https:\/\/www.ub.edu\/cinaf\/wp-json\/wp\/v2\/users\/1"}],"replies":[{"embeddable":true,"href":"https:\/\/www.ub.edu\/cinaf\/wp-json\/wp\/v2\/comments?post=3299"}],"version-history":[{"count":32,"href":"https:\/\/www.ub.edu\/cinaf\/wp-json\/wp\/v2\/pages\/3299\/revisions"}],"predecessor-version":[{"id":3908,"href":"https:\/\/www.ub.edu\/cinaf\/wp-json\/wp\/v2\/pages\/3299\/revisions\/3908"}],"up":[{"embeddable":true,"href":"https:\/\/www.ub.edu\/cinaf\/wp-json\/wp\/v2\/pages\/16"}],"wp:attachment":[{"href":"https:\/\/www.ub.edu\/cinaf\/wp-json\/wp\/v2\/media?parent=3299"}],"curies":[{"name":"wp","href":"https:\/\/api.w.org\/{rel}","templated":true}]}}