{"id":524,"date":"2017-06-26T14:16:04","date_gmt":"2017-06-26T14:16:04","guid":{"rendered":"http:\/\/www.ub.edu\/cinaf\/?page_id=524"},"modified":"2017-06-26T14:16:04","modified_gmt":"2017-06-26T14:16:04","slug":"individualitzacio-relacions-parentiu","status":"publish","type":"page","link":"https:\/\/www.ub.edu\/cinaf\/recerca\/projectes-de-recerca\/individualitzacio-relacions-parentiu\/","title":{"rendered":"La individualitzaci\u00f3 de les relacions de parentiu"},"content":{"rendered":"<p><strong>T\u00edtol del projecte<\/strong><\/p>\n<p>La individualitzaci\u00f3 de les relacions de parentiu. Un estudi antropol\u00f2gic<em>\u00a0<\/em><\/p>\n<p style=\"text-align: justify;\"><strong>Descripci\u00f3 del projecte<\/strong><\/p>\n<p style=\"text-align: justify;\">El primer objectiu d&#8217;aquest projecte \u00e9s analitzar el significat de l&#8217;individualisme en el context de les relacions de parentiu actuals. Si el parentiu \u00e9s un conjunt de relacions: com s&#8217;insereixen els individus en aquestes? L&#8217;esfera familiar moderna \u00e9s al mateix temps relacional i individualista, \u00e9s un espai social de &#8220;solidaritat difusa i duradora&#8221;\u00a0\u00a0i al mateix temps un context per al desenvolupament de l\u2019individualisme expressiu. La persona \u00e9s un agent de relacions, per\u00f2 al mateix temps les relacions de parentiu modernes impliquen un jo subjectiu. En el model de reproducci\u00f3 moderna les relacions de parentiu es caracteritzen per la seva pluralitat, diversitat i novetat, de forma que aquestes no v\u00e9nen donades necess\u00e0riament ni per la tradici\u00f3 ni per la natura. El segon objectiu \u00e9s una an\u00e0lisi sobre el concepte de canvi social en el context de les relacions de parentiu, ja que tot i que des del segle XIX es parla de la crisi i la inestabilitat de la fam\u00edlia, no hem assistit a la seva dissoluci\u00f3 radical, sin\u00f3 a la transformaci\u00f3 dels valors i significats en els quals es construeix.<\/p>\n<p><strong>Investigadors: <\/strong>Joan Bestard (UB), Roger Canals (UB), Carles Salazar (Universitat de Lleida), Silvia de Zordo (UB), Maria Isabel Ponferrada Arteaga (UAB), Enric Porqueres Gen\u00e9 (EHESS).<\/p>\n<p><strong>Entitat Finan\u00e7adora: <\/strong>Ministerio de Econom\u00eda y Competitividad<\/p>\n<p><strong>Finan\u00e7ament<\/strong>: 28.000 euros<\/p>\n<p><strong>Per\u00edode:<\/strong> 2014-2018<\/p>\n<p><strong>Publicacions associades a la investigaci\u00f3:<br \/>\n<\/strong>(2016) CANALS, R.; LEFKADITOU, THEODORA (2016). \u201cThe Individualization of Kinship Ties in a Transnational Context: Bahian-Capoeira Collectivities and Afro-Venezuelan Religious Groups\u201d. <em>In<\/em> M. Grazi &amp; T. Ferreira (eds.), <em>Mobility and Family in Transnational Space<\/em>, UK: Cambridge Scholars Publishing.<\/p>\n<p>&nbsp;<\/p>\n","protected":false},"excerpt":{"rendered":"<p>T\u00edtol del projecte La individualitzaci\u00f3 de les relacions de parentiu. Un estudi antropol\u00f2gic\u00a0 Descripci\u00f3 del projecte El primer objectiu d&#8217;aquest projecte \u00e9s analitzar el significat de l&#8217;individualisme en el context de les relacions de parentiu actuals. Si el parentiu \u00e9s un conjunt de relacions: com s&#8217;insereixen els individus en aquestes? L&#8217;esfera familiar moderna \u00e9s al &#8230; <a title=\"La individualitzaci\u00f3 de les relacions de parentiu\" class=\"read-more\" href=\"https:\/\/www.ub.edu\/cinaf\/recerca\/projectes-de-recerca\/individualitzacio-relacions-parentiu\/\">Llegeix-ne m\u00e9s<\/a><\/p>\n","protected":false},"author":1,"featured_media":0,"parent":278,"menu_order":0,"comment_status":"closed","ping_status":"closed","template":"","meta":{"generate_page_header":"","footnotes":""},"class_list":["post-524","page","type-page","status-publish"],"_links":{"self":[{"href":"https:\/\/www.ub.edu\/cinaf\/wp-json\/wp\/v2\/pages\/524"}],"collection":[{"href":"https:\/\/www.ub.edu\/cinaf\/wp-json\/wp\/v2\/pages"}],"about":[{"href":"https:\/\/www.ub.edu\/cinaf\/wp-json\/wp\/v2\/types\/page"}],"author":[{"embeddable":true,"href":"https:\/\/www.ub.edu\/cinaf\/wp-json\/wp\/v2\/users\/1"}],"replies":[{"embeddable":true,"href":"https:\/\/www.ub.edu\/cinaf\/wp-json\/wp\/v2\/comments?post=524"}],"version-history":[{"count":0,"href":"https:\/\/www.ub.edu\/cinaf\/wp-json\/wp\/v2\/pages\/524\/revisions"}],"up":[{"embeddable":true,"href":"https:\/\/www.ub.edu\/cinaf\/wp-json\/wp\/v2\/pages\/278"}],"wp:attachment":[{"href":"https:\/\/www.ub.edu\/cinaf\/wp-json\/wp\/v2\/media?parent=524"}],"curies":[{"name":"wp","href":"https:\/\/api.w.org\/{rel}","templated":true}]}}