{"id":574,"date":"2017-07-03T09:30:12","date_gmt":"2017-07-03T09:30:12","guid":{"rendered":"http:\/\/www.ub.edu\/cinaf\/?page_id=574"},"modified":"2017-07-31T14:28:36","modified_gmt":"2017-07-31T14:28:36","slug":"la-sang-i-la-gallina","status":"publish","type":"page","link":"https:\/\/www.ub.edu\/cinaf\/audiovisuals\/la-sang-i-la-gallina\/","title":{"rendered":"La sang i la gallina"},"content":{"rendered":"<p><strong>LA SANG I LA GALLINA<\/strong><\/p>\n<p><strong>T\u00edtol del Projecte:<\/strong> Les representacions de la deessa Mar\u00eda Lionza a Vene\u00e7uela<br \/>\n<strong>T\u00edtol de la pel.l\u00edcula: <\/strong>La sang i la gallina (<em>La sangre y la gallina, Le sang et la poule, The blood and the hen<\/em>)<br \/>\n<strong>Investigador\/Realitzador:<\/strong> Roger Canals Vilageliu<br \/>\n<strong>Edici\u00f3:<\/strong> Roger Canals Vilageliu<br \/>\n<strong>Producci\u00f3:<\/strong> CNRS-Images, EHESS<br \/>\n<strong>Duraci\u00f3:<\/strong> 13<br \/>\n<strong>Color, 4:3<\/strong><br \/>\n<strong>Per\u00edode de recerca i filmaci\u00f3:<\/strong> 2004-2008<\/p>\n<p><img loading=\"lazy\" decoding=\"async\" class=\"aligncenter size-full wp-image-575\" src=\"http:\/\/www.ub.edu\/cinaf\/wp-content\/uploads\/2017\/07\/av3.jpg\" alt=\"\" width=\"600\" height=\"151\" \/><\/p>\n<p style=\"text-align: justify;\"><strong>Sinopsi de la pel.l\u00edcula<\/strong><br \/>\nEn una humil casa situada a les afores de Maracaibo (Vene\u00e7uela), John, un medium del culte a Maria Lionza, i Javier, el seu assistent, es disposen a iniciar un ritual de curaci\u00f3. La persona malalta \u00e9s Josefina, una dona de seixanta anys d&#8217;edat que pateix de mal de cap, malsons i ansietat. John considera que la causa d\u2019aquests mals \u00e9s un esperit maligne que ha entrat en el cos de Josefina. El que cal fer doncs \u00e9s expulsar-lo. Per fer fora aquesta mal esperit, John dur\u00e0 a terme diverses t\u00e8cniques rituals com ara les oracions, l&#8217;\u00fas de &#8220;p\u00f3lvora sagrada&#8221; o el sacrifici d&#8217;una gallina. Amb un estil directe i observacional, aquest curtmetratge ens transporta al cor del culte a Mar\u00eda Lionza, una de les religions m\u00e9s importants en la societat vene\u00e7olana contempor\u00e0nia, tot mostrant-nos la complexitat d\u2019una creen\u00e7a on podem trobar elements procedents del catolicisme, dels cultes africans, de la tradici\u00f3 amer\u00edndia o de l&#8217;espiritisme, entre d\u2019altres.<\/p>\n<p style=\"text-align: justify;\"><strong>Film seleccionat pels seg\u00fcents festivals<\/strong><br \/>\n<em>-L\u2019Autre et le sacr\u00e9. Mus\u00e9e de l\u2019Homme de Paris (25-2-2009; 23-2-2011).<\/em><br \/>\n<em>-Ethnocineca. Ethnographic and Documentary Film Festival Vienna (\u00c0ustria).<\/em><\/p>\n<p style=\"text-align: justify;\"><strong>Descripci\u00f3 del Projecte<\/strong><br \/>\nAquesta curtmetratge \u00e9s l\u2019\u00faltim dels tres treballs visuals que conformen la tesis <em>Imatges<\/em><em> del culte a Mar\u00eda Lionza. Un assaig d\u2019antropologia visual<\/em>, feta en cotutela entre l\u2019<em>Ecole des Hautes Etudes en Sciences Sociales <\/em>de Par\u00eds (EHESS) i la Universitat de Barcelona (UB) entre el 2004 i el 2008.\u00a0 <a href=\"http:\/\/www.ub.edu\/cinaf\/wp-content\/uploads\/2017\/07\/av3.pdf\" target=\"_blank\" rel=\"noopener\">(+ informaci\u00f3)<\/a><\/p>\n<p><span style=\"border-radius: 2px; text-indent: 20px; width: auto; padding: 0px 4px 0px 0px; text-align: center; font: bold 11px\/20px 'Helvetica Neue',Helvetica,sans-serif; color: #ffffff; background: #bd081c  no-repeat scroll 3px 50% \/ 14px 14px; position: absolute; opacity: 1; z-index: 8675309; display: none; cursor: pointer;\">Save<\/span><\/p>\n","protected":false},"excerpt":{"rendered":"<p>LA SANG I LA GALLINA T\u00edtol del Projecte: Les representacions de la deessa Mar\u00eda Lionza a Vene\u00e7uela T\u00edtol de la pel.l\u00edcula: La sang i la gallina (La sangre y la gallina, Le sang et la poule, The blood and the hen) Investigador\/Realitzador: Roger Canals Vilageliu Edici\u00f3: Roger Canals Vilageliu Producci\u00f3: CNRS-Images, EHESS Duraci\u00f3: 13 Color, &#8230; <a title=\"La sang i la gallina\" class=\"read-more\" href=\"https:\/\/www.ub.edu\/cinaf\/audiovisuals\/la-sang-i-la-gallina\/\">Llegeix-ne m\u00e9s<\/a><\/p>\n","protected":false},"author":1,"featured_media":0,"parent":14,"menu_order":3,"comment_status":"closed","ping_status":"closed","template":"","meta":{"generate_page_header":"","footnotes":""},"class_list":["post-574","page","type-page","status-publish"],"_links":{"self":[{"href":"https:\/\/www.ub.edu\/cinaf\/wp-json\/wp\/v2\/pages\/574"}],"collection":[{"href":"https:\/\/www.ub.edu\/cinaf\/wp-json\/wp\/v2\/pages"}],"about":[{"href":"https:\/\/www.ub.edu\/cinaf\/wp-json\/wp\/v2\/types\/page"}],"author":[{"embeddable":true,"href":"https:\/\/www.ub.edu\/cinaf\/wp-json\/wp\/v2\/users\/1"}],"replies":[{"embeddable":true,"href":"https:\/\/www.ub.edu\/cinaf\/wp-json\/wp\/v2\/comments?post=574"}],"version-history":[{"count":1,"href":"https:\/\/www.ub.edu\/cinaf\/wp-json\/wp\/v2\/pages\/574\/revisions"}],"predecessor-version":[{"id":837,"href":"https:\/\/www.ub.edu\/cinaf\/wp-json\/wp\/v2\/pages\/574\/revisions\/837"}],"up":[{"embeddable":true,"href":"https:\/\/www.ub.edu\/cinaf\/wp-json\/wp\/v2\/pages\/14"}],"wp:attachment":[{"href":"https:\/\/www.ub.edu\/cinaf\/wp-json\/wp\/v2\/media?parent=574"}],"curies":[{"name":"wp","href":"https:\/\/api.w.org\/{rel}","templated":true}]}}