{"id":1768,"date":"2020-01-11T02:14:25","date_gmt":"2020-01-11T02:14:25","guid":{"rendered":"http:\/\/www.ub.edu\/comhodiria\/?page_id=1768"},"modified":"2020-01-11T02:28:27","modified_gmt":"2020-01-11T02:28:27","slug":"blog","status":"publish","type":"page","link":"https:\/\/www.ub.edu\/comhodiria\/blog\/","title":{"rendered":"Blog"},"content":{"rendered":"\t\t<div data-elementor-type=\"wp-page\" data-elementor-id=\"1768\" class=\"elementor elementor-1768\">\n\t\t\t\t\t\t<section class=\"elementor-section elementor-top-section elementor-element elementor-element-4a8e6c4 elementor-section-boxed elementor-section-height-default elementor-section-height-default\" data-id=\"4a8e6c4\" data-element_type=\"section\">\n\t\t\t\t\t\t<div class=\"elementor-container elementor-column-gap-default\">\n\t\t\t\t\t<div class=\"elementor-column elementor-col-100 elementor-top-column elementor-element elementor-element-bb0804a\" data-id=\"bb0804a\" data-element_type=\"column\">\n\t\t\t<div class=\"elementor-widget-wrap elementor-element-populated\">\n\t\t\t\t\t\t<div class=\"elementor-element elementor-element-00cc6de eael-dual-header-content-align-center elementor-widget elementor-widget-eael-dual-color-header\" data-id=\"00cc6de\" data-element_type=\"widget\" data-widget_type=\"eael-dual-color-header.default\">\n\t\t\t\t<div class=\"elementor-widget-container\">\n\t\t\t\t\t\t\t\t<div class=\"eael-dual-header\">\n\t\t\t\t<h2 class=\"title eael-dch-title\"><span class=\"eael-dch-title-text eael-dch-title-lead lead solid-color\">Blog<\/span> <span class=\"eael-dch-title-text\"><\/span><\/h2>\t\t\t<\/div>\n\n\t\t\t\t\t\t<\/div>\n\t\t\t\t<\/div>\n\t\t\t\t\t<\/div>\n\t\t<\/div>\n\t\t\t\t\t<\/div>\n\t\t<\/section>\n\t\t\t\t<section class=\"elementor-section elementor-top-section elementor-element elementor-element-26e8a41 elementor-section-boxed elementor-section-height-default elementor-section-height-default\" data-id=\"26e8a41\" data-element_type=\"section\">\n\t\t\t\t\t\t<div class=\"elementor-container elementor-column-gap-default\">\n\t\t\t\t\t<div class=\"elementor-column elementor-col-100 elementor-top-column elementor-element elementor-element-c466062\" data-id=\"c466062\" data-element_type=\"column\">\n\t\t\t<div class=\"elementor-widget-wrap elementor-element-populated\">\n\t\t\t\t\t\t<div class=\"elementor-element elementor-element-96f6b4e elementor-widget elementor-widget-eael-post-timeline\" data-id=\"96f6b4e\" data-element_type=\"widget\" data-widget_type=\"eael-post-timeline.default\">\n\t\t\t\t<div class=\"elementor-widget-container\">\n\t\t\t\t\t<div id=\"eael-post-timeline-96f6b4e\" class=\"eael-post-timeline timeline-layout-default eael-post-timeline-arrow-\">\n            <div class=\"eael-post-timeline eael-post-appender eael-post-appender-96f6b4e\"><article class=\"eael-timeline-post eael-timeline-column\">\n    <div class=\"eael-timeline-bullet\"><\/div>\n    <div class=\"eael-timeline-post-inner\">\n        <a class=\"eael-timeline-post-link\" href=\"https:\/\/www.ub.edu\/comhodiria\/cristian-olive-els-joves-son-generadors-de-nou-llenguatge-i-com-a-docents-hem-daprofitar-ho\/\" title=\"Cristian Oliv\u00e9: \u00abEls joves s\u00f3n generadors de nou llenguatge i com a docents hem d&#8217;aprofitar-ho\u00bb\">\n            <time datetime=\"desembre 21, 2021\">desembre 21, 2021<\/time>\n            <div class=\"eael-timeline-post-image  attachment-full size-full\" style=\"background-image: url(https:\/\/www.ub.edu\/comhodiria\/wp-content\/uploads\/2021\/12\/9G42X4KC_400x400.jpg);\"><\/div><div class=\"eael-timeline-post-title\">\n                    <h2 class=\"eael-timeline-post-title-text\">Cristian Oliv\u00e9: \u00abEls joves s\u00f3n generadors de nou llenguatge i com a docents hem d&#8217;aprofitar-ho\u00bb<\/h2>\n                <\/div><\/a>\n    <\/div>\n<\/article><article class=\"eael-timeline-post eael-timeline-column\">\n    <div class=\"eael-timeline-bullet\"><\/div>\n    <div class=\"eael-timeline-post-inner\">\n        <a class=\"eael-timeline-post-link\" href=\"https:\/\/www.ub.edu\/comhodiria\/guillem-sala-la-cultura-quan-se-subordina-a-un-projecte-politic-o-moral-es-devalua\/\" title=\"Guillem Sala: \u00abLa cultura, quan se subordina a un projecte pol\u00edtic o moral, es devalua\u00bb\">\n            <time datetime=\"febrer 2, 2021\">febrer 2, 2021<\/time>\n            <div class=\"eael-timeline-post-image  attachment-full size-full\" style=\"background-image: url(https:\/\/www.ub.edu\/comhodiria\/wp-content\/uploads\/2021\/02\/Guillem-Sala.jpg);\"><\/div><div class=\"eael-timeline-post-title\">\n                    <h2 class=\"eael-timeline-post-title-text\">Guillem Sala: \u00abLa cultura, quan se subordina a un projecte pol\u00edtic o moral, es devalua\u00bb<\/h2>\n                <\/div><\/a>\n    <\/div>\n<\/article><article class=\"eael-timeline-post eael-timeline-column\">\n    <div class=\"eael-timeline-bullet\"><\/div>\n    <div class=\"eael-timeline-post-inner\">\n        <a class=\"eael-timeline-post-link\" href=\"https:\/\/www.ub.edu\/comhodiria\/marta-rojals-la-fixacio-per-la-versemblanca-em-fa-escriure-en-un-conflicte-permanent\/\" title=\"Marta Rojals: \u00abLa fixaci\u00f3 per la versemblan\u00e7a em fa escriure en un conflicte permanent\u00bb\">\n            <time datetime=\"desembre 29, 2020\">desembre 29, 2020<\/time>\n            <div class=\"eael-timeline-post-image  attachment-full size-full\" style=\"background-image: url(https:\/\/www.ub.edu\/comhodiria\/wp-content\/uploads\/2020\/12\/rojals.jpeg);\"><\/div><div class=\"eael-timeline-post-title\">\n                    <h2 class=\"eael-timeline-post-title-text\">Marta Rojals: \u00abLa fixaci\u00f3 per la versemblan\u00e7a em fa escriure en un conflicte permanent\u00bb<\/h2>\n                <\/div><\/a>\n    <\/div>\n<\/article><article class=\"eael-timeline-post eael-timeline-column\">\n    <div class=\"eael-timeline-bullet\"><\/div>\n    <div class=\"eael-timeline-post-inner\">\n        <a class=\"eael-timeline-post-link\" href=\"https:\/\/www.ub.edu\/comhodiria\/francesc-bernat-els-joves-son-els-responsables-del-canvi-linguistic\/\" title=\"Francesc Bernat: \u00abEls joves s\u00f3n els responsables del canvi ling\u00fc\u00edstic\u00bb\">\n            <time datetime=\"desembre 17, 2019\">desembre 17, 2019<\/time>\n            <div class=\"eael-timeline-post-image  attachment-full size-full\" style=\"background-image: url(https:\/\/www.ub.edu\/comhodiria\/wp-content\/uploads\/2019\/12\/Captura-de-Pantalla-2020-01-11-a-les-1.58.43.png);\"><\/div><div class=\"eael-timeline-post-title\">\n                    <h2 class=\"eael-timeline-post-title-text\">Francesc Bernat: \u00abEls joves s\u00f3n els responsables del canvi ling\u00fc\u00edstic\u00bb<\/h2>\n                <\/div><\/a>\n    <\/div>\n<\/article><article class=\"eael-timeline-post eael-timeline-column\">\n    <div class=\"eael-timeline-bullet\"><\/div>\n    <div class=\"eael-timeline-post-inner\">\n        <a class=\"eael-timeline-post-link\" href=\"https:\/\/www.ub.edu\/comhodiria\/neus-nogue-laparicio-de-registres-nous-sempre-es-bona-per-a-les-llengues-vol-dir-que-son-capaces-dadaptar-se-a-situacions-de-comunicacio-noves\/\" title=\"Neus Nogu\u00e9: \u00abL&#8217;aparici\u00f3 de registres nous sempre \u00e9s bona per a les lleng\u00fces: vol dir que s\u00f3n capaces d&#8217;adaptar-se a situacions de comunicaci\u00f3 noves\u00bb\">\n            <time datetime=\"desembre 17, 2019\">desembre 17, 2019<\/time>\n            <div class=\"eael-timeline-post-image  attachment-full size-full\" style=\"background-image: url(https:\/\/www.ub.edu\/comhodiria\/wp-content\/uploads\/2019\/12\/Captura-de-Pantalla-2020-01-11-a-les-2.03.07.png);\"><\/div><div class=\"eael-timeline-post-title\">\n                    <h2 class=\"eael-timeline-post-title-text\">Neus Nogu\u00e9: \u00abL&#8217;aparici\u00f3 de registres nous sempre \u00e9s bona per a les lleng\u00fces: vol dir que s\u00f3n capaces d&#8217;adaptar-se a situacions de comunicaci\u00f3 noves\u00bb<\/h2>\n                <\/div><\/a>\n    <\/div>\n<\/article><article class=\"eael-timeline-post eael-timeline-column\">\n    <div class=\"eael-timeline-bullet\"><\/div>\n    <div class=\"eael-timeline-post-inner\">\n        <a class=\"eael-timeline-post-link\" href=\"https:\/\/www.ub.edu\/comhodiria\/roc-casagran-quan-escric-procuro-buscar-lequilibri-entre-el-catala-que-es-parla-i-el-que-diu-la-norma\/\" title=\"Roc Casagran: \u00abQuan escric, procuro buscar l&#8217;equilibri entre el catal\u00e0 que es parla i el que diu la norma\u00bb\">\n            <time datetime=\"desembre 17, 2019\">desembre 17, 2019<\/time>\n            <div class=\"eael-timeline-post-image  attachment-full size-full\" style=\"background-image: url(https:\/\/www.ub.edu\/comhodiria\/wp-content\/uploads\/2019\/12\/Captura-de-Pantalla-2020-01-11-a-les-2.12.58.png);\"><\/div><div class=\"eael-timeline-post-title\">\n                    <h2 class=\"eael-timeline-post-title-text\">Roc Casagran: \u00abQuan escric, procuro buscar l&#8217;equilibri entre el catal\u00e0 que es parla i el que diu la norma\u00bb<\/h2>\n                <\/div><\/a>\n    <\/div>\n<\/article><article class=\"eael-timeline-post eael-timeline-column\">\n    <div class=\"eael-timeline-bullet\"><\/div>\n    <div class=\"eael-timeline-post-inner\">\n        <a class=\"eael-timeline-post-link\" href=\"https:\/\/www.ub.edu\/comhodiria\/f-xavier-vila-la-llengua-dels-joves-es-una-gran-dinamitzadora-del-canvi-linguistic\/\" title=\"F. Xavier Vila: \u00abLa llengua dels joves \u00e9s una gran dinamitzadora del canvi ling\u00fc\u00edstic\u00bb\">\n            <time datetime=\"desembre 17, 2019\">desembre 17, 2019<\/time>\n            <div class=\"eael-timeline-post-image  attachment-full size-full\" style=\"background-image: url(https:\/\/www.ub.edu\/comhodiria\/wp-content\/uploads\/2019\/12\/Captura-de-Pantalla-2020-01-11-a-les-2.11.11.png);\"><\/div><div class=\"eael-timeline-post-title\">\n                    <h2 class=\"eael-timeline-post-title-text\">F. Xavier Vila: \u00abLa llengua dels joves \u00e9s una gran dinamitzadora del canvi ling\u00fc\u00edstic\u00bb<\/h2>\n                <\/div><\/a>\n    <\/div>\n<\/article><article class=\"eael-timeline-post eael-timeline-column\">\n    <div class=\"eael-timeline-bullet\"><\/div>\n    <div class=\"eael-timeline-post-inner\">\n        <a class=\"eael-timeline-post-link\" href=\"https:\/\/www.ub.edu\/comhodiria\/pau-vidal-largot-juvenil-salimenta-del-contrast-amb-les-generacions-anteriors\/\" title=\"Pau Vidal: \u00abL&#8217;argot juvenil s&#8217;alimenta del contrast amb les generacions anteriors\u00bb\">\n            <time datetime=\"desembre 17, 2019\">desembre 17, 2019<\/time>\n            <div class=\"eael-timeline-post-image  attachment-full size-full\" style=\"background-image: url(https:\/\/www.ub.edu\/comhodiria\/wp-content\/uploads\/2019\/12\/Captura-de-Pantalla-2020-01-11-a-les-2.14.50.png);\"><\/div><div class=\"eael-timeline-post-title\">\n                    <h2 class=\"eael-timeline-post-title-text\">Pau Vidal: \u00abL&#8217;argot juvenil s&#8217;alimenta del contrast amb les generacions anteriors\u00bb<\/h2>\n                <\/div><\/a>\n    <\/div>\n<\/article><\/div>\n\t\t<\/div>            <div class=\"eael-load-more-button-wrap\">\n                <button class=\"eael-load-more-button\" id=\"eael-load-more-btn-96f6b4e\" data-widget-id=\"96f6b4e\" data-widget=\"96f6b4e\" data-page-id=\"1768\" data-template=\"{&quot;dir&quot;:&quot;lite&quot;,&quot;file_name&quot;:&quot;default.php&quot;,&quot;name&quot;:&quot;Post-Timeline&quot;}\" data-class=\"Essential_Addons_Elementor\\Elements\\Post_Timeline\" data-layout=\"\" data-page=\"1\" data-args=\"orderby=date&amp;order=desc&amp;ignore_sticky_posts=1&amp;post_status=publish&amp;posts_per_page=8&amp;offset=0&amp;post_type=post\" data-max-page=\"2\">\n                    <span class=\"eael-btn-loader button__loader\"><\/span>\n                    <span class=\"eael_load_more_text\">M\u00e9s<\/span>\n                <\/button>\n            <\/div>\n            \t\t\t\t<\/div>\n\t\t\t\t<\/div>\n\t\t\t\t\t<\/div>\n\t\t<\/div>\n\t\t\t\t\t<\/div>\n\t\t<\/section>\n\t\t\t\t<\/div>\n\t\t","protected":false},"excerpt":{"rendered":"<p>Blog Desembre 17, 2019 Francesc Bernat: \u00abEls joves s\u00f3n els responsables del canvi ling\u00fc\u00edstic\u00bb &nbsp; Desembre 17, 2019 Neus Nogu\u00e9: \u00abL\u2019aparici\u00f3 de registres nous sempre \u00e9s bona per a les lleng\u00fces: vol dir que s\u00f3n capaces d\u2019adaptar-se a situacions de comunicaci\u00f3 noves\u00bb &nbsp; Desembre 17, 2019 Roc Casagran: \u00abQuan escric, procuro buscar l\u2019equilibri entre el<a class=\"excerpt-read-more\" href=\"https:\/\/www.ub.edu\/comhodiria\/pau-vidal-largot-juvenil-salimenta-del-contrast-amb-les-generacions-anteriors\/\" title=\"ReadPau Vidal: \u00abL&#8217;argot juvenil s&#8217;alimenta del contrast amb les generacions anteriors\u00bb\">&#8230; Read more &raquo;<\/a><\/p>\n","protected":false},"author":1,"featured_media":0,"parent":0,"menu_order":0,"comment_status":"closed","ping_status":"closed","template":"template-full-width.php","meta":{"_monsterinsights_skip_tracking":false,"_monsterinsights_sitenote_active":false,"_monsterinsights_sitenote_note":"","_monsterinsights_sitenote_category":0,"footnotes":""},"class_list":["post-1768","page","type-page","status-publish","hentry"],"_links":{"self":[{"href":"https:\/\/www.ub.edu\/comhodiria\/wp-json\/wp\/v2\/pages\/1768","targetHints":{"allow":["GET"]}}],"collection":[{"href":"https:\/\/www.ub.edu\/comhodiria\/wp-json\/wp\/v2\/pages"}],"about":[{"href":"https:\/\/www.ub.edu\/comhodiria\/wp-json\/wp\/v2\/types\/page"}],"author":[{"embeddable":true,"href":"https:\/\/www.ub.edu\/comhodiria\/wp-json\/wp\/v2\/users\/1"}],"replies":[{"embeddable":true,"href":"https:\/\/www.ub.edu\/comhodiria\/wp-json\/wp\/v2\/comments?post=1768"}],"version-history":[{"count":3,"href":"https:\/\/www.ub.edu\/comhodiria\/wp-json\/wp\/v2\/pages\/1768\/revisions"}],"predecessor-version":[{"id":1774,"href":"https:\/\/www.ub.edu\/comhodiria\/wp-json\/wp\/v2\/pages\/1768\/revisions\/1774"}],"wp:attachment":[{"href":"https:\/\/www.ub.edu\/comhodiria\/wp-json\/wp\/v2\/media?parent=1768"}],"curies":[{"name":"wp","href":"https:\/\/api.w.org\/{rel}","templated":true}]}}