{"id":1184,"date":"2023-03-23T14:01:23","date_gmt":"2023-03-23T14:01:23","guid":{"rendered":"https:\/\/www.ub.edu\/community\/?page_id=1184"},"modified":"2024-04-22T08:13:14","modified_gmt":"2024-04-22T08:13:14","slug":"equip","status":"publish","type":"page","link":"https:\/\/www.ub.edu\/community\/ca\/equip\/","title":{"rendered":"Equip del projecte"},"content":{"rendered":"\n<p><strong>Darrere de tot projecte hi ha un equip de persones<\/strong>. Aquestes som les persones que treballem al projecte \u2018COMMUNITY\u2019 de la Universitat de Barcelona. Som persones compromeses amb l\u2019objectiu d\u2019afavorir la inclusi\u00f3 social de les persones refugiades a Barcelona i de millorar el seu benestar f\u00edsic i psicol\u00f2gic:<\/p>\n\n\n\n<div style=\"height:25px\" aria-hidden=\"true\" class=\"wp-block-spacer\"><\/div>\n\n\n\n<div class=\"wp-block-columns is-layout-flex wp-container-core-columns-is-layout-28f84493 wp-block-columns-is-layout-flex\">\n<div class=\"wp-block-column is-layout-flow wp-block-column-is-layout-flow\" style=\"flex-basis:33.33%\"><div class=\"wp-block-image is-style-rounded\">\n<figure class=\"aligncenter size-medium\"><img data-opt-id=60570670  fetchpriority=\"high\" decoding=\"async\" width=\"300\" height=\"300\" src=\"https:\/\/mlrs8jfvglcz.i.optimole.com\/cb:X94i.2946c\/w:300\/h:300\/q:mauto\/f:best\/https:\/\/www.ub.edu\/community\/wp-content\/uploads\/2023\/03\/francesc-busca_web.jpg\" alt=\"Francesc Busc\u00e0 Donet\" class=\"wp-image-1185\" srcset=\"https:\/\/mlrs8jfvglcz.i.optimole.com\/cb:X94i.2946c\/w:300\/h:300\/q:mauto\/f:best\/https:\/\/www.ub.edu\/community\/wp-content\/uploads\/2023\/03\/francesc-busca_web.jpg 300w, https:\/\/mlrs8jfvglcz.i.optimole.com\/cb:X94i.2946c\/w:150\/h:150\/q:mauto\/f:best\/https:\/\/www.ub.edu\/community\/wp-content\/uploads\/2023\/03\/francesc-busca_web.jpg 150w, https:\/\/mlrs8jfvglcz.i.optimole.com\/cb:X94i.2946c\/w:500\/h:500\/q:mauto\/f:best\/https:\/\/www.ub.edu\/community\/wp-content\/uploads\/2023\/03\/francesc-busca_web.jpg 500w\" sizes=\"(max-width: 300px) 100vw, 300px\" \/><\/figure>\n<\/div><\/div>\n\n\n\n<div class=\"wp-block-column is-layout-flow wp-block-column-is-layout-flow\" style=\"flex-basis:66.66%\">\n<h2 class=\"wp-block-heading\"><strong>Francesc Busc\u00e0 Donet<\/strong><\/h2>\n\n\n\n<p>Director del projecte.<\/p>\n\n\n\n<p>Professor Agregat del Departament de Did\u00e0ctiques Aplicades de la Facultat d\u2019Educaci\u00f3 de la Universitat de Barcelona. Membre del grup de recerca consolidat Grup d&#8217;Investigaci\u00f3 Social i Educativa de l&#8217;Activitat F\u00edsica i l&#8217;Esport (GISEAFE &#8211; Codi: 2021 SGR 01189).<\/p>\n<\/div>\n<\/div>\n\n\n\n<div style=\"height:25px\" aria-hidden=\"true\" class=\"wp-block-spacer\"><\/div>\n\n\n\n<div class=\"wp-block-columns is-layout-flex wp-container-core-columns-is-layout-28f84493 wp-block-columns-is-layout-flex\">\n<div class=\"wp-block-column is-layout-flow wp-block-column-is-layout-flow\" style=\"flex-basis:33.33%\"><div class=\"wp-block-image is-style-rounded\">\n<figure class=\"aligncenter size-medium\"><img data-opt-id=822750870  fetchpriority=\"high\" decoding=\"async\" width=\"300\" height=\"300\" src=\"https:\/\/mlrs8jfvglcz.i.optimole.com\/cb:X94i.2946c\/w:300\/h:300\/q:mauto\/f:best\/https:\/\/www.ub.edu\/community\/wp-content\/uploads\/2023\/03\/teresa-lleixa_web.jpg\" alt=\"Teresa Lleix\u00e0 Arribas\" class=\"wp-image-1190\" srcset=\"https:\/\/mlrs8jfvglcz.i.optimole.com\/cb:X94i.2946c\/w:300\/h:300\/q:mauto\/f:best\/https:\/\/www.ub.edu\/community\/wp-content\/uploads\/2023\/03\/teresa-lleixa_web.jpg 300w, https:\/\/mlrs8jfvglcz.i.optimole.com\/cb:X94i.2946c\/w:150\/h:150\/q:mauto\/f:best\/https:\/\/www.ub.edu\/community\/wp-content\/uploads\/2023\/03\/teresa-lleixa_web.jpg 150w, https:\/\/mlrs8jfvglcz.i.optimole.com\/cb:X94i.2946c\/w:500\/h:500\/q:mauto\/f:best\/https:\/\/www.ub.edu\/community\/wp-content\/uploads\/2023\/03\/teresa-lleixa_web.jpg 500w\" sizes=\"(max-width: 300px) 100vw, 300px\" \/><\/figure>\n<\/div><\/div>\n\n\n\n<div class=\"wp-block-column is-layout-flow wp-block-column-is-layout-flow\" style=\"flex-basis:66.66%\">\n<h2 class=\"wp-block-heading\"><strong>Teresa Lleix\u00e0 Arribas<\/strong><\/h2>\n\n\n\n<p>Membre de l\u2019equip de recerca del projecte.<\/p>\n\n\n\n<p>Catedr\u00e0tica d\u2019Universitat del Departament de Did\u00e0ctiques Aplicades de la Facultat d\u2019Educaci\u00f3 de la Universitat de Barcelona. Membre del grup de recerca consolidat Grup d&#8217;Investigaci\u00f3 Social i Educativa de l&#8217;Activitat F\u00edsica i l&#8217;Esport (GISEAFE &#8211; Codi: 2021 SGR 01189).<\/p>\n<\/div>\n<\/div>\n\n\n\n<div style=\"height:25px\" aria-hidden=\"true\" class=\"wp-block-spacer\"><\/div>\n\n\n\n<div class=\"wp-block-columns is-layout-flex wp-container-core-columns-is-layout-28f84493 wp-block-columns-is-layout-flex\">\n<div class=\"wp-block-column is-layout-flow wp-block-column-is-layout-flow\" style=\"flex-basis:33.33%\"><div class=\"wp-block-image is-style-rounded\">\n<figure class=\"aligncenter size-medium\"><img data-opt-id=962599159  fetchpriority=\"high\" decoding=\"async\" width=\"300\" height=\"300\" src=\"https:\/\/mlrs8jfvglcz.i.optimole.com\/cb:X94i.2946c\/w:300\/h:300\/q:mauto\/f:best\/https:\/\/www.ub.edu\/community\/wp-content\/uploads\/2023\/03\/marcelo-braz-vieira_web.jpg\" alt=\"Marcelo Braz Vieira\" class=\"wp-image-1193\" srcset=\"https:\/\/mlrs8jfvglcz.i.optimole.com\/cb:X94i.2946c\/w:300\/h:300\/q:mauto\/f:best\/https:\/\/www.ub.edu\/community\/wp-content\/uploads\/2023\/03\/marcelo-braz-vieira_web.jpg 300w, https:\/\/mlrs8jfvglcz.i.optimole.com\/cb:X94i.2946c\/w:150\/h:150\/q:mauto\/f:best\/https:\/\/www.ub.edu\/community\/wp-content\/uploads\/2023\/03\/marcelo-braz-vieira_web.jpg 150w, https:\/\/mlrs8jfvglcz.i.optimole.com\/cb:X94i.2946c\/w:500\/h:500\/q:mauto\/f:best\/https:\/\/www.ub.edu\/community\/wp-content\/uploads\/2023\/03\/marcelo-braz-vieira_web.jpg 500w\" sizes=\"(max-width: 300px) 100vw, 300px\" \/><\/figure>\n<\/div><\/div>\n\n\n\n<div class=\"wp-block-column is-layout-flow wp-block-column-is-layout-flow\" style=\"flex-basis:66.66%\">\n<h2 class=\"wp-block-heading\"><strong>Marcelo Braz Vieira<\/strong><\/h2>\n\n\n\n<p>Membre de l\u2019equip de recerca del projecte.<\/p>\n\n\n\n<p>Professor lector del Departament de Did\u00e0ctiques Aplicades de la Facultat d\u2019Educaci\u00f3 de la Universitat de Barcelona. Membre del grup de recerca consolidat Grup d&#8217;Investigaci\u00f3 Social i Educativa de l&#8217;Activitat F\u00edsica i l&#8217;Esport (GISEAFE &#8211; Codi: 2021 SGR 01189). Investigador principal del Grup d\u2019Innovaci\u00f3 Docent GID-MAEF en Metodologies Actives per a la Formaci\u00f3 del Professorat en Educaci\u00f3 F\u00edsica.<\/p>\n<\/div>\n<\/div>\n\n\n\n<div style=\"height:25px\" aria-hidden=\"true\" class=\"wp-block-spacer\"><\/div>\n\n\n\n<div class=\"wp-block-columns is-layout-flex wp-container-core-columns-is-layout-28f84493 wp-block-columns-is-layout-flex\">\n<div class=\"wp-block-column is-layout-flow wp-block-column-is-layout-flow\" style=\"flex-basis:33.33%\"><div class=\"wp-block-image is-style-rounded\">\n<figure class=\"aligncenter size-medium\"><img data-opt-id=680445695  data-opt-src=\"https:\/\/mlrs8jfvglcz.i.optimole.com\/cb:X94i.2946c\/w:300\/h:300\/q:mauto\/f:best\/https:\/\/www.ub.edu\/community\/wp-content\/uploads\/2023\/03\/nuria-carrete-marin_web.jpg\"  decoding=\"async\" width=\"300\" height=\"300\" src=\"https:\/\/mlrs8jfvglcz.i.optimole.com\/cb:X94i.2946c\/w:300\/h:300\/q:eco\/f:best\/https:\/\/www.ub.edu\/community\/wp-content\/uploads\/2023\/03\/nuria-carrete-marin_web.jpg\" alt=\"N\u00faria Carrete-Mar\u00edn\" class=\"wp-image-1196\" old-srcset=\"https:\/\/mlrs8jfvglcz.i.optimole.com\/cb:X94i.2946c\/w:300\/h:300\/q:mauto\/f:best\/https:\/\/www.ub.edu\/community\/wp-content\/uploads\/2023\/03\/nuria-carrete-marin_web.jpg 300w, https:\/\/mlrs8jfvglcz.i.optimole.com\/cb:X94i.2946c\/w:150\/h:150\/q:mauto\/f:best\/https:\/\/www.ub.edu\/community\/wp-content\/uploads\/2023\/03\/nuria-carrete-marin_web.jpg 150w, https:\/\/mlrs8jfvglcz.i.optimole.com\/cb:X94i.2946c\/w:500\/h:500\/q:mauto\/f:best\/https:\/\/www.ub.edu\/community\/wp-content\/uploads\/2023\/03\/nuria-carrete-marin_web.jpg 500w\" \/><noscript><img data-opt-id=680445695  decoding=\"async\" width=\"300\" height=\"300\" src=\"https:\/\/mlrs8jfvglcz.i.optimole.com\/cb:X94i.2946c\/w:300\/h:300\/q:mauto\/f:best\/https:\/\/www.ub.edu\/community\/wp-content\/uploads\/2023\/03\/nuria-carrete-marin_web.jpg\" alt=\"N\u00faria Carrete-Mar\u00edn\" class=\"wp-image-1196\" srcset=\"https:\/\/mlrs8jfvglcz.i.optimole.com\/cb:X94i.2946c\/w:300\/h:300\/q:mauto\/f:best\/https:\/\/www.ub.edu\/community\/wp-content\/uploads\/2023\/03\/nuria-carrete-marin_web.jpg 300w, https:\/\/mlrs8jfvglcz.i.optimole.com\/cb:X94i.2946c\/w:150\/h:150\/q:mauto\/f:best\/https:\/\/www.ub.edu\/community\/wp-content\/uploads\/2023\/03\/nuria-carrete-marin_web.jpg 150w, https:\/\/mlrs8jfvglcz.i.optimole.com\/cb:X94i.2946c\/w:500\/h:500\/q:mauto\/f:best\/https:\/\/www.ub.edu\/community\/wp-content\/uploads\/2023\/03\/nuria-carrete-marin_web.jpg 500w\" sizes=\"(max-width: 300px) 100vw, 300px\" \/></noscript><\/figure>\n<\/div><\/div>\n\n\n\n<div class=\"wp-block-column is-layout-flow wp-block-column-is-layout-flow\" style=\"flex-basis:66.66%\">\n<h2 class=\"wp-block-heading\"><strong>N\u00faria Carrete-Mar\u00edn<\/strong><\/h2>\n\n\n\n<p>Membre de l\u2019equip de recerca del projecte.<\/p>\n\n\n\n<p>Investigadora de la Facultat de Educaci\u00f3, Traducci\u00f3, l\u2019Esport i Psicologia de la UVic-UCC.<\/p>\n\n\n\n<p>Membre del grup de recerca consolidat en Investigaci\u00f3 Educativa de la UVic-UCC.<\/p>\n<\/div>\n<\/div>\n\n\n\n<div style=\"height:35px\" aria-hidden=\"true\" class=\"wp-block-spacer\"><\/div>\n\n\n\n<div class=\"wp-block-columns is-layout-flex wp-container-core-columns-is-layout-28f84493 wp-block-columns-is-layout-flex\">\n<div class=\"wp-block-column is-layout-flow wp-block-column-is-layout-flow\" style=\"flex-basis:33.33%\"><div class=\"wp-block-image is-style-rounded\">\n<figure class=\"aligncenter size-medium\"><img data-opt-id=1364072121  data-opt-src=\"https:\/\/mlrs8jfvglcz.i.optimole.com\/cb:X94i.2946c\/w:300\/h:300\/q:mauto\/f:best\/https:\/\/www.ub.edu\/community\/wp-content\/uploads\/2023\/03\/merche-rios_web.jpg\"  decoding=\"async\" width=\"300\" height=\"300\" src=\"https:\/\/mlrs8jfvglcz.i.optimole.com\/cb:X94i.2946c\/w:300\/h:300\/q:eco\/f:best\/https:\/\/www.ub.edu\/community\/wp-content\/uploads\/2023\/03\/merche-rios_web.jpg\" alt=\"Merche R\u00edos Hern\u00e1ndez\" class=\"wp-image-1199\" old-srcset=\"https:\/\/mlrs8jfvglcz.i.optimole.com\/cb:X94i.2946c\/w:300\/h:300\/q:mauto\/f:best\/https:\/\/www.ub.edu\/community\/wp-content\/uploads\/2023\/03\/merche-rios_web.jpg 300w, https:\/\/mlrs8jfvglcz.i.optimole.com\/cb:X94i.2946c\/w:150\/h:150\/q:mauto\/f:best\/https:\/\/www.ub.edu\/community\/wp-content\/uploads\/2023\/03\/merche-rios_web.jpg 150w, https:\/\/mlrs8jfvglcz.i.optimole.com\/cb:X94i.2946c\/w:500\/h:500\/q:mauto\/f:best\/https:\/\/www.ub.edu\/community\/wp-content\/uploads\/2023\/03\/merche-rios_web.jpg 500w\" \/><noscript><img data-opt-id=1364072121  decoding=\"async\" width=\"300\" height=\"300\" src=\"https:\/\/mlrs8jfvglcz.i.optimole.com\/cb:X94i.2946c\/w:300\/h:300\/q:mauto\/f:best\/https:\/\/www.ub.edu\/community\/wp-content\/uploads\/2023\/03\/merche-rios_web.jpg\" alt=\"Merche R\u00edos Hern\u00e1ndez\" class=\"wp-image-1199\" srcset=\"https:\/\/mlrs8jfvglcz.i.optimole.com\/cb:X94i.2946c\/w:300\/h:300\/q:mauto\/f:best\/https:\/\/www.ub.edu\/community\/wp-content\/uploads\/2023\/03\/merche-rios_web.jpg 300w, https:\/\/mlrs8jfvglcz.i.optimole.com\/cb:X94i.2946c\/w:150\/h:150\/q:mauto\/f:best\/https:\/\/www.ub.edu\/community\/wp-content\/uploads\/2023\/03\/merche-rios_web.jpg 150w, https:\/\/mlrs8jfvglcz.i.optimole.com\/cb:X94i.2946c\/w:500\/h:500\/q:mauto\/f:best\/https:\/\/www.ub.edu\/community\/wp-content\/uploads\/2023\/03\/merche-rios_web.jpg 500w\" sizes=\"(max-width: 300px) 100vw, 300px\" \/></noscript><\/figure>\n<\/div><\/div>\n\n\n\n<div class=\"wp-block-column is-layout-flow wp-block-column-is-layout-flow\" style=\"flex-basis:66.66%\">\n<h2 class=\"wp-block-heading\"><strong>Merche R\u00edos Hern\u00e1ndez<\/strong><\/h2>\n\n\n\n<p>Experta, assessora externa i creadora de les trobades socioesportives del projecte.<\/p>\n\n\n\n<p>Antiga professora del Departament de Did\u00e0ctiques Aplicades i coordinadora de les trobades socioesportives de la Universitat de Barcelona.<\/p>\n<\/div>\n<\/div>\n\n\n\n<div style=\"height:35px\" aria-hidden=\"true\" class=\"wp-block-spacer\"><\/div>\n\n\n\n<div class=\"wp-block-columns is-layout-flex wp-container-core-columns-is-layout-28f84493 wp-block-columns-is-layout-flex\">\n<div class=\"wp-block-column is-layout-flow wp-block-column-is-layout-flow\" style=\"flex-basis:33.33%\"><div class=\"wp-block-image is-style-rounded\">\n<figure class=\"aligncenter size-medium\"><img data-opt-id=735783276  data-opt-src=\"https:\/\/mlrs8jfvglcz.i.optimole.com\/cb:X94i.2946c\/w:300\/h:300\/q:mauto\/f:best\/https:\/\/www.ub.edu\/community\/wp-content\/uploads\/2024\/02\/carme-panchon-1.jpg\"  decoding=\"async\" width=\"300\" height=\"300\" src=\"https:\/\/mlrs8jfvglcz.i.optimole.com\/cb:X94i.2946c\/w:300\/h:300\/q:eco\/f:best\/https:\/\/www.ub.edu\/community\/wp-content\/uploads\/2024\/02\/carme-panchon-1.jpg\" alt=\"\" class=\"wp-image-3633\" old-srcset=\"https:\/\/mlrs8jfvglcz.i.optimole.com\/cb:X94i.2946c\/w:300\/h:300\/q:mauto\/f:best\/https:\/\/www.ub.edu\/community\/wp-content\/uploads\/2024\/02\/carme-panchon-1.jpg 300w, https:\/\/mlrs8jfvglcz.i.optimole.com\/cb:X94i.2946c\/w:150\/h:150\/q:mauto\/f:best\/https:\/\/www.ub.edu\/community\/wp-content\/uploads\/2024\/02\/carme-panchon-1.jpg 150w, https:\/\/mlrs8jfvglcz.i.optimole.com\/cb:X94i.2946c\/w:500\/h:500\/q:mauto\/f:best\/https:\/\/www.ub.edu\/community\/wp-content\/uploads\/2024\/02\/carme-panchon-1.jpg 500w\" \/><noscript><img data-opt-id=735783276  decoding=\"async\" width=\"300\" height=\"300\" src=\"https:\/\/mlrs8jfvglcz.i.optimole.com\/cb:X94i.2946c\/w:300\/h:300\/q:mauto\/f:best\/https:\/\/www.ub.edu\/community\/wp-content\/uploads\/2024\/02\/carme-panchon-1.jpg\" alt=\"\" class=\"wp-image-3633\" srcset=\"https:\/\/mlrs8jfvglcz.i.optimole.com\/cb:X94i.2946c\/w:300\/h:300\/q:mauto\/f:best\/https:\/\/www.ub.edu\/community\/wp-content\/uploads\/2024\/02\/carme-panchon-1.jpg 300w, https:\/\/mlrs8jfvglcz.i.optimole.com\/cb:X94i.2946c\/w:150\/h:150\/q:mauto\/f:best\/https:\/\/www.ub.edu\/community\/wp-content\/uploads\/2024\/02\/carme-panchon-1.jpg 150w, https:\/\/mlrs8jfvglcz.i.optimole.com\/cb:X94i.2946c\/w:500\/h:500\/q:mauto\/f:best\/https:\/\/www.ub.edu\/community\/wp-content\/uploads\/2024\/02\/carme-panchon-1.jpg 500w\" sizes=\"(max-width: 300px) 100vw, 300px\" \/></noscript><\/figure>\n<\/div><\/div>\n\n\n\n<div class=\"wp-block-column is-layout-flow wp-block-column-is-layout-flow\" style=\"flex-basis:66.66%\">\n<h2 class=\"wp-block-heading\"><strong>Carme Panch\u00f3n Iglesias<\/strong><\/h2>\n\n\n\n<p>Assessora externa del projecte.<\/p>\n\n\n\n<p>Membre del Departament de M\u00e8todes d&#8217;Investigaci\u00f3 i Diagn\u00f2stic en Educaci\u00f3 de la UB. Directora UB del projecte europeu \u201cRefugees education support in MENA countries-RESCUE\u201d (2016-2019). Coordinadora del grup de recerca GIA (Grup Inf\u00e0ncia i Adolesc\u00e8ncia) de l&#8217;Institut de Desenvolupament Professional \u2013 ICE, UB.<\/p>\n<\/div>\n<\/div>\n\n\n\n<div style=\"height:35px\" aria-hidden=\"true\" class=\"wp-block-spacer\"><\/div>\n\n\n\n<div class=\"wp-block-columns is-layout-flex wp-container-core-columns-is-layout-28f84493 wp-block-columns-is-layout-flex\">\n<div class=\"wp-block-column is-layout-flow wp-block-column-is-layout-flow\" style=\"flex-basis:33.33%\"><div class=\"wp-block-image is-style-rounded\">\n<figure class=\"aligncenter size-medium\"><img data-opt-id=1790042800  data-opt-src=\"https:\/\/mlrs8jfvglcz.i.optimole.com\/cb:X94i.2946c\/w:300\/h:300\/q:mauto\/f:best\/https:\/\/www.ub.edu\/community\/wp-content\/uploads\/2023\/03\/cati-jerez_web.jpg\"  decoding=\"async\" width=\"300\" height=\"300\" src=\"https:\/\/mlrs8jfvglcz.i.optimole.com\/cb:X94i.2946c\/w:300\/h:300\/q:eco\/f:best\/https:\/\/www.ub.edu\/community\/wp-content\/uploads\/2023\/03\/cati-jerez_web.jpg\" alt=\"Cati Jerez Paredero\" class=\"wp-image-1202\" old-srcset=\"https:\/\/mlrs8jfvglcz.i.optimole.com\/cb:X94i.2946c\/w:300\/h:300\/q:mauto\/f:best\/https:\/\/www.ub.edu\/community\/wp-content\/uploads\/2023\/03\/cati-jerez_web.jpg 300w, https:\/\/mlrs8jfvglcz.i.optimole.com\/cb:X94i.2946c\/w:150\/h:150\/q:mauto\/f:best\/https:\/\/www.ub.edu\/community\/wp-content\/uploads\/2023\/03\/cati-jerez_web.jpg 150w, https:\/\/mlrs8jfvglcz.i.optimole.com\/cb:X94i.2946c\/w:500\/h:500\/q:mauto\/f:best\/https:\/\/www.ub.edu\/community\/wp-content\/uploads\/2023\/03\/cati-jerez_web.jpg 500w\" \/><noscript><img data-opt-id=1790042800  decoding=\"async\" width=\"300\" height=\"300\" src=\"https:\/\/mlrs8jfvglcz.i.optimole.com\/cb:X94i.2946c\/w:300\/h:300\/q:mauto\/f:best\/https:\/\/www.ub.edu\/community\/wp-content\/uploads\/2023\/03\/cati-jerez_web.jpg\" alt=\"Cati Jerez Paredero\" class=\"wp-image-1202\" srcset=\"https:\/\/mlrs8jfvglcz.i.optimole.com\/cb:X94i.2946c\/w:300\/h:300\/q:mauto\/f:best\/https:\/\/www.ub.edu\/community\/wp-content\/uploads\/2023\/03\/cati-jerez_web.jpg 300w, https:\/\/mlrs8jfvglcz.i.optimole.com\/cb:X94i.2946c\/w:150\/h:150\/q:mauto\/f:best\/https:\/\/www.ub.edu\/community\/wp-content\/uploads\/2023\/03\/cati-jerez_web.jpg 150w, https:\/\/mlrs8jfvglcz.i.optimole.com\/cb:X94i.2946c\/w:500\/h:500\/q:mauto\/f:best\/https:\/\/www.ub.edu\/community\/wp-content\/uploads\/2023\/03\/cati-jerez_web.jpg 500w\" sizes=\"(max-width: 300px) 100vw, 300px\" \/></noscript><\/figure>\n<\/div><\/div>\n\n\n\n<div class=\"wp-block-column is-layout-flow wp-block-column-is-layout-flow\" style=\"flex-basis:66.66%\">\n<h2 class=\"wp-block-heading\"><strong>Cati Jerez Paredero<\/strong><\/h2>\n\n\n\n<p>Col\u00b7laboradora del projecte.<\/p>\n\n\n\n<p>Coordinadora del Programa de suport a persones refugiades i provinents de zones en conflicte de la Universitat de Barcelona, que coordina la Fundaci\u00f3 Solidaritat UB.<\/p>\n<\/div>\n<\/div>\n\n\n\n<div style=\"height:35px\" aria-hidden=\"true\" class=\"wp-block-spacer\"><\/div>\n\n\n\n<div class=\"wp-block-columns is-layout-flex wp-container-core-columns-is-layout-28f84493 wp-block-columns-is-layout-flex\">\n<div class=\"wp-block-column is-layout-flow wp-block-column-is-layout-flow\" style=\"flex-basis:33.33%\"><div class=\"wp-block-image is-style-rounded\">\n<figure class=\"aligncenter size-medium\"><img data-opt-id=1099357646  data-opt-src=\"https:\/\/mlrs8jfvglcz.i.optimole.com\/cb:X94i.2946c\/w:300\/h:300\/q:mauto\/f:best\/https:\/\/www.ub.edu\/community\/wp-content\/uploads\/2023\/03\/laura-tomas-canalis_web.jpg\"  decoding=\"async\" width=\"300\" height=\"300\" src=\"https:\/\/mlrs8jfvglcz.i.optimole.com\/cb:X94i.2946c\/w:300\/h:300\/q:eco\/f:best\/https:\/\/www.ub.edu\/community\/wp-content\/uploads\/2023\/03\/laura-tomas-canalis_web.jpg\" alt=\"Laura Tom\u00e0s Canal\u00eds\" class=\"wp-image-1205\" old-srcset=\"https:\/\/mlrs8jfvglcz.i.optimole.com\/cb:X94i.2946c\/w:300\/h:300\/q:mauto\/f:best\/https:\/\/www.ub.edu\/community\/wp-content\/uploads\/2023\/03\/laura-tomas-canalis_web.jpg 300w, https:\/\/mlrs8jfvglcz.i.optimole.com\/cb:X94i.2946c\/w:150\/h:150\/q:mauto\/f:best\/https:\/\/www.ub.edu\/community\/wp-content\/uploads\/2023\/03\/laura-tomas-canalis_web.jpg 150w, https:\/\/mlrs8jfvglcz.i.optimole.com\/cb:X94i.2946c\/w:500\/h:500\/q:mauto\/f:best\/https:\/\/www.ub.edu\/community\/wp-content\/uploads\/2023\/03\/laura-tomas-canalis_web.jpg 500w\" \/><noscript><img data-opt-id=1099357646  decoding=\"async\" width=\"300\" height=\"300\" src=\"https:\/\/mlrs8jfvglcz.i.optimole.com\/cb:X94i.2946c\/w:300\/h:300\/q:mauto\/f:best\/https:\/\/www.ub.edu\/community\/wp-content\/uploads\/2023\/03\/laura-tomas-canalis_web.jpg\" alt=\"Laura Tom\u00e0s Canal\u00eds\" class=\"wp-image-1205\" srcset=\"https:\/\/mlrs8jfvglcz.i.optimole.com\/cb:X94i.2946c\/w:300\/h:300\/q:mauto\/f:best\/https:\/\/www.ub.edu\/community\/wp-content\/uploads\/2023\/03\/laura-tomas-canalis_web.jpg 300w, https:\/\/mlrs8jfvglcz.i.optimole.com\/cb:X94i.2946c\/w:150\/h:150\/q:mauto\/f:best\/https:\/\/www.ub.edu\/community\/wp-content\/uploads\/2023\/03\/laura-tomas-canalis_web.jpg 150w, https:\/\/mlrs8jfvglcz.i.optimole.com\/cb:X94i.2946c\/w:500\/h:500\/q:mauto\/f:best\/https:\/\/www.ub.edu\/community\/wp-content\/uploads\/2023\/03\/laura-tomas-canalis_web.jpg 500w\" sizes=\"(max-width: 300px) 100vw, 300px\" \/></noscript><\/figure>\n<\/div><\/div>\n\n\n\n<div class=\"wp-block-column is-layout-flow wp-block-column-is-layout-flow\" style=\"flex-basis:66.66%\">\n<h2 class=\"wp-block-heading\"><strong>Laura Tom\u00e0s Canal\u00eds<\/strong><\/h2>\n\n\n\n<p>Educadora de les trobades socioesportives del projecte.<\/p>\n\n\n\n<p>Mestra d\u2019Educaci\u00f3 F\u00edsica i Educadora Social. Durant anys ha combinat la seva tasca com a mestra d\u2019Educaci\u00f3 F\u00edsica a l&#8217;Escola Decroly de Barcelona amb la implementaci\u00f3 de trobades socioesportives entre alumnat universitari i col\u00b7lectius en situaci\u00f3 de risc d&#8217;exclusi\u00f3 social. Membre del grup d\u2019estudi \u201cInclusi\u00f3 d\u2019alumnat amb discapacitat en Educaci\u00f3 F\u00edsica Escolar\u201d de l\u2019IDP-ICE de la Universitat de Barcelona.<\/p>\n<\/div>\n<\/div>\n\n\n\n<div style=\"height:25px\" aria-hidden=\"true\" class=\"wp-block-spacer\"><\/div>\n\n\n\n<div class=\"wp-block-columns is-layout-flex wp-container-core-columns-is-layout-28f84493 wp-block-columns-is-layout-flex\">\n<div class=\"wp-block-column is-layout-flow wp-block-column-is-layout-flow\" style=\"flex-basis:33.33%\"><div class=\"wp-block-image is-style-rounded\">\n<figure class=\"aligncenter size-medium\"><img data-opt-id=955259824  data-opt-src=\"https:\/\/mlrs8jfvglcz.i.optimole.com\/cb:X94i.2946c\/w:300\/h:300\/q:mauto\/f:best\/https:\/\/www.ub.edu\/community\/wp-content\/uploads\/2023\/03\/raul-sanchez_web.jpg\"  decoding=\"async\" width=\"300\" height=\"300\" src=\"https:\/\/mlrs8jfvglcz.i.optimole.com\/cb:X94i.2946c\/w:300\/h:300\/q:eco\/f:best\/https:\/\/www.ub.edu\/community\/wp-content\/uploads\/2023\/03\/raul-sanchez_web.jpg\" alt=\"Ra\u00fal S\u00e1nchez Mart\u00ednez\" class=\"wp-image-1208\" old-srcset=\"https:\/\/mlrs8jfvglcz.i.optimole.com\/cb:X94i.2946c\/w:300\/h:300\/q:mauto\/f:best\/https:\/\/www.ub.edu\/community\/wp-content\/uploads\/2023\/03\/raul-sanchez_web.jpg 300w, https:\/\/mlrs8jfvglcz.i.optimole.com\/cb:X94i.2946c\/w:150\/h:150\/q:mauto\/f:best\/https:\/\/www.ub.edu\/community\/wp-content\/uploads\/2023\/03\/raul-sanchez_web.jpg 150w, https:\/\/mlrs8jfvglcz.i.optimole.com\/cb:X94i.2946c\/w:500\/h:500\/q:mauto\/f:best\/https:\/\/www.ub.edu\/community\/wp-content\/uploads\/2023\/03\/raul-sanchez_web.jpg 500w\" \/><noscript><img data-opt-id=955259824  decoding=\"async\" width=\"300\" height=\"300\" src=\"https:\/\/mlrs8jfvglcz.i.optimole.com\/cb:X94i.2946c\/w:300\/h:300\/q:mauto\/f:best\/https:\/\/www.ub.edu\/community\/wp-content\/uploads\/2023\/03\/raul-sanchez_web.jpg\" alt=\"Ra\u00fal S\u00e1nchez Mart\u00ednez\" class=\"wp-image-1208\" srcset=\"https:\/\/mlrs8jfvglcz.i.optimole.com\/cb:X94i.2946c\/w:300\/h:300\/q:mauto\/f:best\/https:\/\/www.ub.edu\/community\/wp-content\/uploads\/2023\/03\/raul-sanchez_web.jpg 300w, https:\/\/mlrs8jfvglcz.i.optimole.com\/cb:X94i.2946c\/w:150\/h:150\/q:mauto\/f:best\/https:\/\/www.ub.edu\/community\/wp-content\/uploads\/2023\/03\/raul-sanchez_web.jpg 150w, https:\/\/mlrs8jfvglcz.i.optimole.com\/cb:X94i.2946c\/w:500\/h:500\/q:mauto\/f:best\/https:\/\/www.ub.edu\/community\/wp-content\/uploads\/2023\/03\/raul-sanchez_web.jpg 500w\" sizes=\"(max-width: 300px) 100vw, 300px\" \/></noscript><\/figure>\n<\/div><\/div>\n\n\n\n<div class=\"wp-block-column is-layout-flow wp-block-column-is-layout-flow\" style=\"flex-basis:66.66%\">\n<h2 class=\"wp-block-heading\"><strong>Ra\u00fal S\u00e1nchez Mart\u00ednez<\/strong><\/h2>\n\n\n\n<p>T\u00e8cnic de comunicaci\u00f3 del projecte.<\/p>\n\n\n\n<p>Enginyer T\u00e8cnic en Inform\u00e0tica de Gesti\u00f3 per la Universitat Aut\u00f2noma de Barcelona. Ha treballat en diversos projectes de la Universitat de Barcelona com a t\u00e8cnic de comunicaci\u00f3, dissenyador gr\u00e0fic, programador web i gestor de m\u00e0rqueting.<\/p>\n<\/div>\n<\/div>\n","protected":false},"excerpt":{"rendered":"<p>Darrere de tot projecte hi ha un equip de persones. Aquestes som les persones que treballem al projecte \u2018COMMUNITY\u2019 de la Universitat de Barcelona. Som persones compromeses amb l\u2019objectiu d\u2019afavorir la inclusi\u00f3 social de les persones refugiades a Barcelona i de millorar el seu benestar f\u00edsic i psicol\u00f2gic: Francesc Busc\u00e0 [&hellip;]<\/p>\n","protected":false},"author":1,"featured_media":0,"parent":0,"menu_order":0,"comment_status":"closed","ping_status":"closed","template":"","meta":{"_themeisle_gutenberg_block_has_review":false,"footnotes":""},"class_list":["post-1184","page","type-page","status-publish","hentry"],"_links":{"self":[{"href":"https:\/\/www.ub.edu\/community\/ca\/wp-json\/wp\/v2\/pages\/1184","targetHints":{"allow":["GET"]}}],"collection":[{"href":"https:\/\/www.ub.edu\/community\/ca\/wp-json\/wp\/v2\/pages"}],"about":[{"href":"https:\/\/www.ub.edu\/community\/ca\/wp-json\/wp\/v2\/types\/page"}],"author":[{"embeddable":true,"href":"https:\/\/www.ub.edu\/community\/ca\/wp-json\/wp\/v2\/users\/1"}],"replies":[{"embeddable":true,"href":"https:\/\/www.ub.edu\/community\/ca\/wp-json\/wp\/v2\/comments?post=1184"}],"version-history":[{"count":15,"href":"https:\/\/www.ub.edu\/community\/ca\/wp-json\/wp\/v2\/pages\/1184\/revisions"}],"predecessor-version":[{"id":3684,"href":"https:\/\/www.ub.edu\/community\/ca\/wp-json\/wp\/v2\/pages\/1184\/revisions\/3684"}],"wp:attachment":[{"href":"https:\/\/www.ub.edu\/community\/ca\/wp-json\/wp\/v2\/media?parent=1184"}],"curies":[{"name":"wp","href":"https:\/\/api.w.org\/{rel}","templated":true}]}}