{"id":1227,"date":"2023-03-27T12:15:28","date_gmt":"2023-03-27T12:15:28","guid":{"rendered":"https:\/\/www.ub.edu\/community\/?page_id=1227"},"modified":"2023-05-29T10:44:57","modified_gmt":"2023-05-29T10:44:57","slug":"esport-inclusiu","status":"publish","type":"page","link":"https:\/\/www.ub.edu\/community\/ca\/esport-inclusiu\/","title":{"rendered":"Persones refugiades i esport inclusiu"},"content":{"rendered":"\n<p>En el <a href=\"https:\/\/www.ub.edu\/community\/ca\/projecte\/\" data-type=\"page\" data-id=\"1000\">projecte \u2018COMMUNITY\u2019<\/a> fem servir una metodologia basada en l&#8217;activitat esportiva per afavorir la inclusi\u00f3 social de les persones refugiades i sol\u00b7licitants d&#8217;asil a la seva comunitat d&#8217;acollida, aix\u00ed com per facilitar-ne la seva salut f\u00edsica i psicol\u00f2gica. <strong>Creiem en l&#8217;esport com a eina de transformaci\u00f3 social.<\/strong><\/p>\n\n\n\n<div style=\"height:75px\" aria-hidden=\"true\" class=\"wp-block-spacer\"><\/div>\n\n\n\n<div class=\"wp-block-cover alignfull\"><span aria-hidden=\"true\" class=\"wp-block-cover__background has-background-dim-70 has-background-dim wp-block-cover__gradient-background has-background-gradient\" style=\"background:linear-gradient(135deg,rgb(0,42,75) 0%,rgb(77,29,0) 100%)\"><\/span><img data-opt-id=1224987537  fetchpriority=\"high\" decoding=\"async\" width=\"2000\" height=\"1125\" class=\"wp-block-cover__image-background wp-image-1256\" alt=\"Participants d'una trobada socioesportiva de la Universitat de Barcelona.\" src=\"https:\/\/mlrs8jfvglcz.i.optimole.com\/cb:X94i.2946c\/w:auto\/h:auto\/q:mauto\/f:best\/https:\/\/www.ub.edu\/community\/wp-content\/uploads\/2023\/03\/22112019-GMG_0591_web.jpg\" style=\"object-position:50% 28%\" data-object-fit=\"cover\" data-object-position=\"50% 28%\" srcset=\"https:\/\/mlrs8jfvglcz.i.optimole.com\/cb:X94i.2946c\/w:1920\/h:1080\/q:mauto\/f:best\/https:\/\/www.ub.edu\/community\/wp-content\/uploads\/2023\/03\/22112019-GMG_0591_web.jpg 2000w, https:\/\/mlrs8jfvglcz.i.optimole.com\/cb:X94i.2946c\/w:300\/h:169\/q:mauto\/f:best\/https:\/\/www.ub.edu\/community\/wp-content\/uploads\/2023\/03\/22112019-GMG_0591_web.jpg 300w, https:\/\/mlrs8jfvglcz.i.optimole.com\/cb:X94i.2946c\/w:1024\/h:576\/q:mauto\/f:best\/https:\/\/www.ub.edu\/community\/wp-content\/uploads\/2023\/03\/22112019-GMG_0591_web.jpg 1024w, https:\/\/mlrs8jfvglcz.i.optimole.com\/cb:X94i.2946c\/w:768\/h:432\/q:mauto\/f:best\/https:\/\/www.ub.edu\/community\/wp-content\/uploads\/2023\/03\/22112019-GMG_0591_web.jpg 768w, https:\/\/mlrs8jfvglcz.i.optimole.com\/cb:X94i.2946c\/w:1536\/h:864\/q:mauto\/f:best\/https:\/\/www.ub.edu\/community\/wp-content\/uploads\/2023\/03\/22112019-GMG_0591_web.jpg 1536w\" sizes=\"(max-width: 750px) 100vw, 750px\" \/><div class=\"wp-block-cover__inner-container is-layout-flow wp-block-cover-is-layout-flow\">\n<div class=\"wp-block-buttons is-content-justification-center is-layout-flex wp-container-core-buttons-is-layout-a89b3969 wp-block-buttons-is-layout-flex\">\n<div class=\"wp-block-button cm-fons-fosc\"><a class=\"wp-block-button__link wp-element-button\" href=\"#persones-refugiades\"><i class=\"fas fa-people-roof\"><\/i> Persones refugiades<\/a><\/div>\n\n\n\n<div class=\"wp-block-button cm-fons-fosc\"><a class=\"wp-block-button__link wp-element-button\" href=\"#beneficis-esport\"><i class=\"fas fa-hand-holding-heart\"><\/i> Beneficis de l&#8217;esport<\/a><\/div>\n\n\n\n<div class=\"wp-block-button cm-fons-fosc\"><a class=\"wp-block-button__link wp-element-button\" href=\"#transformacio-social\"><i class=\"fas fa-hands-holding-circle\"><\/i> Transformaci\u00f3 social<\/a><\/div>\n<\/div>\n<\/div><\/div>\n\n\n\n<div style=\"height:75px\" aria-hidden=\"true\" id=\"persones-refugiades\" class=\"wp-block-spacer\"><\/div>\n\n\n\n<h2 class=\"wp-block-heading\"><i class=\"fas fa-people-roof\"><\/i> <strong>Persones refugiades i sol\u00b7licitants d\u2019asil<\/strong><\/h2>\n\n\n\n<p>En 2021 es comptabilitzaven <strong>m\u00e9s de 80 milions de persones al m\u00f3n que s&#8217;havien despla\u00e7at for\u00e7osament<\/strong> de les seves resid\u00e8ncies, segons l&#8217;Alt Comissionat de Nacions Unides per als Refugiats (ACNUR). S\u00f3n persones que es veuen obligades a fugir dels seus pa\u00efsos d\u2019origen <strong>a la recerca de refugi i seguretat en un altre pa\u00eds<\/strong>. Fugen a causa de conflictes armats, de la persecuci\u00f3 o de la viol\u00e8ncia.<\/p>\n\n\n\n<blockquote class=\"wp-block-quote cm-fons-cometes is-layout-flow wp-block-quote-is-layout-flow\">\n<p>L&#8217;asil \u00e9s &#8220;el dret que t\u00e9 tota persona a buscar protecci\u00f3 fora del seu pa\u00eds quan fuig a conseq\u00fc\u00e8ncia d&#8217;un conflicte o una persecuci\u00f3 que posa en perill la seva vida per la seva ra\u00e7a, religi\u00f3, g\u00e8nere, orientaci\u00f3 sexual, grup social, nacionalitat o opini\u00f3 pol\u00edtica. \u00c9s a dir, la persona t\u00e9 temors fundats de perdre la vida.&#8221;<\/p>\n<cite>ACNUR<\/cite><\/blockquote>\n\n\n\n<p>Una part important d\u2019aquestes persones migra als pa\u00efsos de la Uni\u00f3 Europea com espai segur on desenvolupar les seves vides. En la majoria dels casos, arriben a una nova comunitat on no tenen vincles socials i on desconeixen la cultura i l\u2019idioma. Aix\u00f2 les situa en <strong>una posici\u00f3 d\u2019alta vulnerabilitat que les pot convertir en persones en risc d\u2019exclusi\u00f3 social<\/strong>.<\/p>\n\n\n\n<p>Aquestes circumst\u00e0ncies, sumades als incidents traum\u00e0tics que viuen en els seus viatges fins a arribar a les comunitats d\u2019acollida i al fort sentiment de desarrelament causat per haver deixat els seus pa\u00efsos d\u2019origen, tenen <strong>un gran impacte en la seva salut mental<\/strong>. Aquest impacte es veu agreujat a causa de l\u2019estr\u00e8s que suposa el proc\u00e9s d\u2019adaptaci\u00f3 a una nova comunitat i l\u2019enfrontament amb les difer\u00e8ncies culturals.<\/p>\n\n\n\n<p>Per aquest motiu, una de les maneres principals d\u2019ajudar les persones refugiades en la inclusi\u00f3 social a les seves comunitats d\u2019acollida \u00e9s<strong> proporcionant-los el suport necessari per recuperar i mantenir la seva salut mental<\/strong>.<\/p>\n\n\n\n<blockquote class=\"wp-block-quote cm-fons-cometes is-layout-flow wp-block-quote-is-layout-flow\">\n<p>&#8220;En cas de persecuci\u00f3, tota persona t\u00e9 dret a buscar asil, i a gaudir d&#8217;ell, en qualsevol pa\u00eds.<\/p>\n\n\n\n<p>&#8220;Aquest dret no podr\u00e0 ser invocat contra una acci\u00f3 judicial realment originada per delictes comuns o per actes oposats als prop\u00f2sits i principis de les Nacions Unides.&#8221;<\/p>\n<cite>Article 14 de la Declaraci\u00f3 Universal dels Drets Humans<\/cite><\/blockquote>\n\n\n\n<div style=\"height:75px\" aria-hidden=\"true\" id=\"beneficis-esport\" class=\"wp-block-spacer\"><\/div>\n\n\n\n<div class=\"wp-block-cover alignfull cm-fons-fosc\"><span aria-hidden=\"true\" class=\"wp-block-cover__background has-background-dim-80 has-background-dim wp-block-cover__gradient-background has-background-gradient\" style=\"background:linear-gradient(135deg,rgb(0,42,75) 0%,rgb(77,29,0) 100%)\"><\/span><img data-opt-id=1073510696  fetchpriority=\"high\" decoding=\"async\" width=\"2000\" height=\"1125\" class=\"wp-block-cover__image-background wp-image-1238\" alt=\"Persones refugiades i volunt\u00e0ries fent esport en una trobada socioesportiva.\" src=\"https:\/\/mlrs8jfvglcz.i.optimole.com\/cb:X94i.2946c\/w:auto\/h:auto\/q:mauto\/f:best\/https:\/\/www.ub.edu\/community\/wp-content\/uploads\/2023\/03\/21112019-GMG_9843_web.jpg\" data-object-fit=\"cover\" srcset=\"https:\/\/mlrs8jfvglcz.i.optimole.com\/cb:X94i.2946c\/w:1920\/h:1080\/q:mauto\/f:best\/https:\/\/www.ub.edu\/community\/wp-content\/uploads\/2023\/03\/21112019-GMG_9843_web.jpg 2000w, https:\/\/mlrs8jfvglcz.i.optimole.com\/cb:X94i.2946c\/w:300\/h:169\/q:mauto\/f:best\/https:\/\/www.ub.edu\/community\/wp-content\/uploads\/2023\/03\/21112019-GMG_9843_web.jpg 300w, https:\/\/mlrs8jfvglcz.i.optimole.com\/cb:X94i.2946c\/w:1024\/h:576\/q:mauto\/f:best\/https:\/\/www.ub.edu\/community\/wp-content\/uploads\/2023\/03\/21112019-GMG_9843_web.jpg 1024w, https:\/\/mlrs8jfvglcz.i.optimole.com\/cb:X94i.2946c\/w:768\/h:432\/q:mauto\/f:best\/https:\/\/www.ub.edu\/community\/wp-content\/uploads\/2023\/03\/21112019-GMG_9843_web.jpg 768w, https:\/\/mlrs8jfvglcz.i.optimole.com\/cb:X94i.2946c\/w:1536\/h:864\/q:mauto\/f:best\/https:\/\/www.ub.edu\/community\/wp-content\/uploads\/2023\/03\/21112019-GMG_9843_web.jpg 1536w\" sizes=\"(max-width: 750px) 100vw, 750px\" \/><div class=\"wp-block-cover__inner-container is-layout-flow wp-block-cover-is-layout-flow\">\n<h2 class=\"wp-block-heading has-text-align-left has-white-color has-text-color\"><i class=\"fas fa-hand-holding-heart\"><\/i> <strong>El paper benefici\u00f3s de l&#8217;activitat f\u00edsica i esportiva<\/strong><\/h2>\n\n\n\n<div class=\"wp-block-columns is-layout-flex wp-container-core-columns-is-layout-28f84493 wp-block-columns-is-layout-flex\">\n<div class=\"wp-block-column is-layout-flow wp-block-column-is-layout-flow\">\n<p class=\"has-white-color has-text-color\">La pr\u00e0ctica d\u2019activitat esportiva <strong>fomenta el desenvolupament psicosocial i motriu de les persones<\/strong>, a m\u00e9s de facilitar-ne el benestar f\u00edsic. Millora l\u2019autoestima, la confian\u00e7a, l\u2019assumpci\u00f3 de responsabilitats i la capacitat de treball en equip, entre d\u2019altres capacitats.<\/p>\n\n\n\n<p class=\"has-white-color has-text-color\">A l\u2019hora de jugar, no hi ha distinci\u00f3 entre persones. No importa la ra\u00e7a, religi\u00f3, g\u00e8nere, orientaci\u00f3 sexual, nacionalitat o opini\u00f3 pol\u00edtica, ni la condici\u00f3 social o econ\u00f2mica. Per aix\u00f2, <strong>la pr\u00e0ctica d\u2019activitat f\u00edsica es proposa com un m\u00e8tode saludable per ajudar les persones refugiades a superar les divisions culturals a qu\u00e8 s\u2019enfronten a la seva comunitat d\u2019acollida<\/strong>.<\/p>\n\n\n\n<p>Si, a m\u00e9s a m\u00e9s, en comptes de parlar d\u2019esport competitiu, parlem de jocs motors cooperatius, l\u2019activitat esportiva esdev\u00e9 un mitj\u00e0 d\u2019interacci\u00f3 que facilita la comunicaci\u00f3, la interrelaci\u00f3 i la socialitzaci\u00f3 entre persones. Si aquesta activitat es comparteix entre persones refugiades i membres de la comunitat d\u2019acollida, com es el cas de les <a href=\"https:\/\/www.ub.edu\/community\/ca\/trobades\/\" data-type=\"page\" data-id=\"697\">Trobades Socioesportives del projecte \u2018COMMUNITY\u2019<\/a>, <strong>s\u2019afavoreix tamb\u00e9 el coneixement i la comprensi\u00f3 m\u00fatua entre les dues comunitats<\/strong>.<\/p>\n<\/div>\n\n\n\n<div class=\"wp-block-column is-vertically-aligned-center is-layout-flow wp-block-column-is-layout-flow\"><div class=\"wp-block-image\">\n<figure class=\"aligncenter size-large\"><img data-opt-id=762590879  fetchpriority=\"high\" decoding=\"async\" width=\"1024\" height=\"576\" src=\"https:\/\/mlrs8jfvglcz.i.optimole.com\/cb:X94i.2946c\/w:1024\/h:576\/q:mauto\/f:best\/https:\/\/www.ub.edu\/community\/wp-content\/uploads\/2023\/03\/21112019-GMG_9843_web.jpg\" alt=\"Persones refugiades i volunt\u00e0ries fent esport en una trobada socioesportiva.\" class=\"wp-image-1238\" srcset=\"https:\/\/mlrs8jfvglcz.i.optimole.com\/cb:X94i.2946c\/w:1024\/h:576\/q:mauto\/f:best\/https:\/\/www.ub.edu\/community\/wp-content\/uploads\/2023\/03\/21112019-GMG_9843_web.jpg 1024w, https:\/\/mlrs8jfvglcz.i.optimole.com\/cb:X94i.2946c\/w:300\/h:169\/q:mauto\/f:best\/https:\/\/www.ub.edu\/community\/wp-content\/uploads\/2023\/03\/21112019-GMG_9843_web.jpg 300w, https:\/\/mlrs8jfvglcz.i.optimole.com\/cb:X94i.2946c\/w:768\/h:432\/q:mauto\/f:best\/https:\/\/www.ub.edu\/community\/wp-content\/uploads\/2023\/03\/21112019-GMG_9843_web.jpg 768w, https:\/\/mlrs8jfvglcz.i.optimole.com\/cb:X94i.2946c\/w:1536\/h:864\/q:mauto\/f:best\/https:\/\/www.ub.edu\/community\/wp-content\/uploads\/2023\/03\/21112019-GMG_9843_web.jpg 1536w, https:\/\/mlrs8jfvglcz.i.optimole.com\/cb:X94i.2946c\/w:1920\/h:1080\/q:mauto\/f:best\/https:\/\/www.ub.edu\/community\/wp-content\/uploads\/2023\/03\/21112019-GMG_9843_web.jpg 2000w\" sizes=\"(max-width: 750px) 100vw, 750px\" \/><figcaption class=\"wp-element-caption\"><em>Persones refugiades i volunt\u00e0ries fent esport en una <a href=\"https:\/\/www.ub.edu\/community\/ca\/trobades\/\" data-type=\"page\" data-id=\"697\">Trobada Socioesportiva<\/a>. (Fotografia de Gl\u00f2ria Mora Gallego).<\/em><\/figcaption><\/figure>\n<\/div><\/div>\n<\/div>\n<\/div><\/div>\n\n\n\n<div style=\"height:75px\" aria-hidden=\"true\" id=\"transformacio-social\" class=\"wp-block-spacer\"><\/div>\n\n\n\n<h2 class=\"wp-block-heading\"><i class=\"fas fa-hands-holding-circle\"><\/i> <strong>L&#8217;esport com a eina d\u2019inclusi\u00f3 i transformaci\u00f3 social<\/strong><\/h2>\n\n\n\n<p>L\u2019esport inclusiu cooperatiu, desenvolupat com a espai segur, <strong>proporciona una sensaci\u00f3 de seguretat i comoditat, facilita les interaccions socials positives entre grups culturalment diferents i els ajuda a connectar entre ells<\/strong>. Fet que tamb\u00e9 els pot portar a apreciar els diferents valors culturals d&#8217;altres persones.<\/p>\n\n\n\n<p>L\u2019activitat esportiva d\u00f3na a les persones refugiades l\u2019oportunitat de <strong>tornar a sentir-se humanes i d\u2019oblidar els sentiments d\u2019a\u00efllament<\/strong> que produeix la manca d\u2019acc\u00e9s als serveis de la societat d\u2019acollida. Alleuja les emocions negatives i l\u2019estr\u00e8s provocats per la falta de control de les seves vides, substituint-los per una sensaci\u00f3 de relaxaci\u00f3 i energia, alhora que fomenta l\u2019aprenentatge d\u2019habilitats que s\u00f3n transferibles a la seva vida quotidiana.<\/p>\n\n\n\n<blockquote class=\"wp-block-quote cm-fons-cometes is-layout-flow wp-block-quote-is-layout-flow\">\n<p>&#8220;L&#8217;esport t\u00e9 el poder d&#8217;inspirar. T\u00e9 el poder d&#8217;unir a la gent com poques coses el tenen. L&#8217;esport pot crear esperan\u00e7a on va haver-hi nom\u00e9s desesperan\u00e7a. \u00c9s m\u00e9s poder\u00f3s que el govern per trencar barreres racials&#8221;.<\/p>\n<cite>Nelson Mandela<\/cite><\/blockquote>\n\n\n\n<p>Per tots aquests motius, l\u2019activitat f\u00edsica <strong>facilita la salut mental i f\u00edsica de les persones refugiades, afavoreix la seva inclusi\u00f3 social a les comunitats d\u2019acollida<\/strong>, i millora la seva capacitat d\u2019adaptaci\u00f3, de resoluci\u00f3 de problemes i de conviv\u00e8ncia. En conseq\u00fc\u00e8ncia, millora el seu benestar i qualitat de vida.<\/p>\n\n\n\n<p>Al mateix temps, <strong>les persones de la comunitat d\u2019acollida que comparteixen l\u2019activitat amb elles canvien la manera de veure les persones refugiades, trencant els prejudicis<\/strong> i treballant, des d\u2019un punt de vista cr\u00edtic i constructiu, q\u00fcestions com el racisme i la discriminaci\u00f3.<\/p>\n\n\n\n<p>L\u2019esport, doncs, desenvolupat en un context adequat i sota la supervisi\u00f3 de professionals formats en models d\u2019intervenci\u00f3 socioeducativa basats en la cooperaci\u00f3 i el treball en equip, <strong>es converteix en una eina impulsora de canvi i transformaci\u00f3 social<\/strong>.<\/p>\n\n\n\n<div class=\"wp-block-columns is-layout-flex wp-container-core-columns-is-layout-28f84493 wp-block-columns-is-layout-flex\">\n<div class=\"wp-block-column is-layout-flow wp-block-column-is-layout-flow\" style=\"flex-basis:66.66%\">\n<p>Aquesta manera d\u2019entendre l\u2019esport \u00e9s la que apliquem a les<a href=\"https:\/\/www.ub.edu\/community\/ca\/trobades\/\"> Trobades Socioesportives de la Universitat de Barcelona<\/a>. Si en vols saber m\u00e9s, aqu\u00ed t&#8217;ho expliquem amb profunditat.<\/p>\n<\/div>\n\n\n\n<div class=\"wp-block-column is-layout-flow wp-block-column-is-layout-flow\" style=\"flex-basis:33.33%\">\n<div class=\"wp-block-buttons is-content-justification-center is-layout-flex wp-container-core-buttons-is-layout-a89b3969 wp-block-buttons-is-layout-flex\">\n<div class=\"wp-block-button\"><a class=\"wp-block-button__link wp-element-button\" href=\"https:\/\/www.ub.edu\/community\/ca\/trobades\/\"><i class=\"fas fa-plus\"><\/i> Informaci\u00f3<\/a><\/div>\n<\/div>\n<\/div>\n<\/div>\n\n\n\n<div style=\"height:50px\" aria-hidden=\"true\" class=\"wp-block-spacer\"><\/div>\n\n\n\n<figure class=\"wp-block-image size-large\"><img data-opt-id=1661397570  data-opt-src=\"https:\/\/mlrs8jfvglcz.i.optimole.com\/cb:X94i.2946c\/w:1024\/h:576\/q:mauto\/f:best\/https:\/\/www.ub.edu\/community\/wp-content\/uploads\/2023\/03\/22112019-GMG_0591_web.jpg\"  decoding=\"async\" width=\"1024\" height=\"576\" src=\"https:\/\/mlrs8jfvglcz.i.optimole.com\/cb:X94i.2946c\/w:1024\/h:576\/q:eco\/f:best\/https:\/\/www.ub.edu\/community\/wp-content\/uploads\/2023\/03\/22112019-GMG_0591_web.jpg\" alt=\"Participants d'una Trobada Socioesportiva de la Universitat de Barcelona.\" class=\"wp-image-1256\" old-srcset=\"https:\/\/mlrs8jfvglcz.i.optimole.com\/cb:X94i.2946c\/w:1024\/h:576\/q:mauto\/f:best\/https:\/\/www.ub.edu\/community\/wp-content\/uploads\/2023\/03\/22112019-GMG_0591_web.jpg 1024w, https:\/\/mlrs8jfvglcz.i.optimole.com\/cb:X94i.2946c\/w:300\/h:169\/q:mauto\/f:best\/https:\/\/www.ub.edu\/community\/wp-content\/uploads\/2023\/03\/22112019-GMG_0591_web.jpg 300w, https:\/\/mlrs8jfvglcz.i.optimole.com\/cb:X94i.2946c\/w:768\/h:432\/q:mauto\/f:best\/https:\/\/www.ub.edu\/community\/wp-content\/uploads\/2023\/03\/22112019-GMG_0591_web.jpg 768w, https:\/\/mlrs8jfvglcz.i.optimole.com\/cb:X94i.2946c\/w:1536\/h:864\/q:mauto\/f:best\/https:\/\/www.ub.edu\/community\/wp-content\/uploads\/2023\/03\/22112019-GMG_0591_web.jpg 1536w, https:\/\/mlrs8jfvglcz.i.optimole.com\/cb:X94i.2946c\/w:1920\/h:1080\/q:mauto\/f:best\/https:\/\/www.ub.edu\/community\/wp-content\/uploads\/2023\/03\/22112019-GMG_0591_web.jpg 2000w\" \/><noscript><img data-opt-id=1661397570  decoding=\"async\" width=\"1024\" height=\"576\" src=\"https:\/\/mlrs8jfvglcz.i.optimole.com\/cb:X94i.2946c\/w:1024\/h:576\/q:mauto\/f:best\/https:\/\/www.ub.edu\/community\/wp-content\/uploads\/2023\/03\/22112019-GMG_0591_web.jpg\" alt=\"Participants d'una Trobada Socioesportiva de la Universitat de Barcelona.\" class=\"wp-image-1256\" srcset=\"https:\/\/mlrs8jfvglcz.i.optimole.com\/cb:X94i.2946c\/w:1024\/h:576\/q:mauto\/f:best\/https:\/\/www.ub.edu\/community\/wp-content\/uploads\/2023\/03\/22112019-GMG_0591_web.jpg 1024w, https:\/\/mlrs8jfvglcz.i.optimole.com\/cb:X94i.2946c\/w:300\/h:169\/q:mauto\/f:best\/https:\/\/www.ub.edu\/community\/wp-content\/uploads\/2023\/03\/22112019-GMG_0591_web.jpg 300w, https:\/\/mlrs8jfvglcz.i.optimole.com\/cb:X94i.2946c\/w:768\/h:432\/q:mauto\/f:best\/https:\/\/www.ub.edu\/community\/wp-content\/uploads\/2023\/03\/22112019-GMG_0591_web.jpg 768w, https:\/\/mlrs8jfvglcz.i.optimole.com\/cb:X94i.2946c\/w:1536\/h:864\/q:mauto\/f:best\/https:\/\/www.ub.edu\/community\/wp-content\/uploads\/2023\/03\/22112019-GMG_0591_web.jpg 1536w, https:\/\/mlrs8jfvglcz.i.optimole.com\/cb:X94i.2946c\/w:1920\/h:1080\/q:mauto\/f:best\/https:\/\/www.ub.edu\/community\/wp-content\/uploads\/2023\/03\/22112019-GMG_0591_web.jpg 2000w\" sizes=\"(max-width: 750px) 100vw, 750px\" \/></noscript><figcaption class=\"wp-element-caption\"><em>Participants d&#8217;una <a href=\"https:\/\/www.ub.edu\/community\/ca\/trobades\/\" data-type=\"page\" data-id=\"697\">Trobada Socioesportiva de la Universitat de Barcelona<\/a>. (Fotografia de Gl\u00f2ria Mora Gallego).<\/em><\/figcaption><\/figure>\n","protected":false},"excerpt":{"rendered":"<p>En el projecte \u2018COMMUNITY\u2019 fem servir una metodologia basada en l&#8217;activitat esportiva per afavorir la inclusi\u00f3 social de les persones refugiades i sol\u00b7licitants d&#8217;asil a la seva comunitat d&#8217;acollida, aix\u00ed com per facilitar-ne la seva salut f\u00edsica i psicol\u00f2gica. Creiem en l&#8217;esport com a eina de transformaci\u00f3 social. Persones refugiades [&hellip;]<\/p>\n","protected":false},"author":1,"featured_media":1238,"parent":0,"menu_order":0,"comment_status":"closed","ping_status":"closed","template":"","meta":{"_themeisle_gutenberg_block_has_review":false,"footnotes":""},"class_list":["post-1227","page","type-page","status-publish","has-post-thumbnail","hentry"],"_links":{"self":[{"href":"https:\/\/www.ub.edu\/community\/ca\/wp-json\/wp\/v2\/pages\/1227","targetHints":{"allow":["GET"]}}],"collection":[{"href":"https:\/\/www.ub.edu\/community\/ca\/wp-json\/wp\/v2\/pages"}],"about":[{"href":"https:\/\/www.ub.edu\/community\/ca\/wp-json\/wp\/v2\/types\/page"}],"author":[{"embeddable":true,"href":"https:\/\/www.ub.edu\/community\/ca\/wp-json\/wp\/v2\/users\/1"}],"replies":[{"embeddable":true,"href":"https:\/\/www.ub.edu\/community\/ca\/wp-json\/wp\/v2\/comments?post=1227"}],"version-history":[{"count":57,"href":"https:\/\/www.ub.edu\/community\/ca\/wp-json\/wp\/v2\/pages\/1227\/revisions"}],"predecessor-version":[{"id":2302,"href":"https:\/\/www.ub.edu\/community\/ca\/wp-json\/wp\/v2\/pages\/1227\/revisions\/2302"}],"wp:featuredmedia":[{"embeddable":true,"href":"https:\/\/www.ub.edu\/community\/ca\/wp-json\/wp\/v2\/media\/1238"}],"wp:attachment":[{"href":"https:\/\/www.ub.edu\/community\/ca\/wp-json\/wp\/v2\/media?parent=1227"}],"curies":[{"name":"wp","href":"https:\/\/api.w.org\/{rel}","templated":true}]}}