{"id":251,"date":"2021-04-21T12:08:28","date_gmt":"2021-04-21T12:08:28","guid":{"rendered":"https:\/\/www.ub.edu\/community\/?page_id=251"},"modified":"2023-12-22T08:29:07","modified_gmt":"2023-12-22T08:29:07","slug":"vine-a-les-trobades","status":"publish","type":"page","link":"https:\/\/www.ub.edu\/community\/ca\/vine-a-les-trobades\/","title":{"rendered":"Vine a les Trobades Socioesportives"},"content":{"rendered":"\n<h2 class=\"wp-block-heading cm-h2\">Vols viure una experi\u00e8ncia divertida i enriquidora mentre fas exercici i coneixes gent?<\/h2>\n\n\n\n<p>Les nostres trobades <strong>s\u00f3n gratu\u00eftes<\/strong> i, en elles, persones refugiades i persones volunt\u00e0ries comparteixen <strong>jocs esportius<\/strong> per a millorar habilitats interpersonals i trencar juntes prejudicis.<\/p>\n\n\n\n<div class=\"wp-block-buttons is-content-justification-center is-layout-flex wp-container-core-buttons-is-layout-a89b3969 wp-block-buttons-is-layout-flex\">\n<div class=\"wp-block-button\"><a class=\"wp-block-button__link wp-element-button\" href=\"#apuntat\">Apuntar-me a les trobades!<\/a><\/div>\n<\/div>\n\n\n\n<div style=\"height:25px\" aria-hidden=\"true\" class=\"wp-block-spacer\"><\/div>\n\n\n\n<p>Aquestes trobades formen part del <strong>projecte \u2018COMMUNITY\u2019<\/strong> de la Universitat de Barcelona, que t\u00e9 l\u2019objectiu d\u2019afavorir la <strong>inclusi\u00f3 social<\/strong> de les persones refugiades a Barcelona mitjan\u00e7ant l\u2019activitat f\u00edsica i l\u2019esport.<\/p>\n\n\n\n<div class=\"wp-block-columns is-layout-flex wp-container-core-columns-is-layout-28f84493 wp-block-columns-is-layout-flex\">\n<div class=\"wp-block-column is-layout-flow wp-block-column-is-layout-flow\">\n<p class=\"has-text-align-center cm-icons cm-text-secondary\"><i class=\"fas fa-user\"><\/i><\/p>\n\n\n\n<p class=\"has-text-align-center has-medium-font-size\"><strong>Qui?<\/strong><\/p>\n\n\n\n<p class=\"has-text-align-center\" style=\"font-size:16px\">Les trobades estan dirigides a <strong>persones refugiades<\/strong>, estudiants d\u2019universitat, persones volunt\u00e0ries, professionals i entitats.<\/p>\n<\/div>\n\n\n\n<div class=\"wp-block-column is-layout-flow wp-block-column-is-layout-flow\">\n<p class=\"has-text-align-center cm-icons cm-text-primary\"><i class=\"fas fa-location-dot\"><\/i><\/p>\n\n\n\n<p class=\"has-text-align-center has-medium-font-size\"><strong>On?<\/strong><\/p>\n\n\n\n<p class=\"has-text-align-center\" style=\"font-size:16px\">Ens reunim a la pista poliesportiva del <strong>CEM Can Ricart, situat al Carrer Sant Oleguer, 10, de Barcelona<\/strong> (Metro L2-L3 Paral\u00b7lel, L3 Drassanes o L3 Liceu).<\/p>\n<\/div>\n\n\n\n<div class=\"wp-block-column is-layout-flow wp-block-column-is-layout-flow\">\n<p class=\"has-text-align-center cm-icons cm-text-tertiary\"><i class=\"fas fa-clock\"><\/i><\/p>\n\n\n\n<p class=\"has-text-align-center has-medium-font-size\"><strong>Quan?<\/strong><\/p>\n\n\n\n<p class=\"has-text-align-center\" style=\"font-size:16px\">Les Trobades Socioesportives tenen lloc cada <strong>dimecres, de 16:00 a 18:30 h<\/strong>, amb l\u2019educadora esportiva Laura Tom\u00e0s.<\/p>\n<\/div>\n<\/div>\n\n\n\n<div class=\"wp-block-columns is-layout-flex wp-container-core-columns-is-layout-28f84493 wp-block-columns-is-layout-flex\">\n<div class=\"wp-block-column is-layout-flow wp-block-column-is-layout-flow\">\n<p class=\"has-text-align-center cm-icons cm-text-secondary\"><i class=\"fas fa-earth-americas\"><\/i><\/p>\n\n\n\n<p style=\"font-size:16px\"><strong>Si ets una persona refugiada<\/strong><\/p>\n\n\n\n<p style=\"font-size:15px\">&#8211; Far\u00e0s noves amistats.<br>&#8211; Podr\u00e0s practicar el catal\u00e0 i el castell\u00e0.<br>&#8211; T\u2019oblidar\u00e0s dels problemes passant una estona divertida.<br>&#8211; Coneixer\u00e0s una mica millor la nostra cultura.<br>&#8211; Millorar\u00e0s la teva capacitat d&#8217;adaptaci\u00f3.<br>&#8211; Aprendr\u00e0s a treballar en equip, a resoldre problemes i a aconseguir objectius.<br>&#8211; Far\u00e0s exercici divertint-te.<br>&#8211; Millorar\u00e0 la teva qualitat de vida.<br>&#8211; Obtindr\u00e0s una acreditaci\u00f3 \u00fatil per a l\u2019arrelament.<\/p>\n<\/div>\n\n\n\n<div class=\"wp-block-column is-layout-flow wp-block-column-is-layout-flow\">\n<p class=\"has-text-align-center cm-icons cm-text-primary\"><i class=\"fas fa-hand-holding-heart\"><\/i><\/p>\n\n\n\n<p style=\"font-size:16px\"><strong>Si ets una persona volunt\u00e0ria<\/strong><\/p>\n\n\n\n<p style=\"font-size:15px\">&#8211; Coneixer\u00e0s gent mentre fas exercici.<br>&#8211; Millorar\u00e0s les habilitats interpersonals, la capacitat de resoldre problemes i de treballar en equip.<br>&#8211; Podr\u00e0s practicar lleng\u00fces estrangeres.<br>&#8211; T\u2019ho passar\u00e0s b\u00e9 mentre fas un servei a la societat.<br>&#8211; Desenvolupar\u00e0s una actitud oberta a la diversitat.<br>&#8211; Treballar\u00e0s temes com l\u2019apoderament, la interculturalitat, la gesti\u00f3 positiva de conflictes, el racisme o la discriminaci\u00f3.<\/p>\n<\/div>\n\n\n\n<div class=\"wp-block-column is-layout-flow wp-block-column-is-layout-flow\">\n<p class=\"has-text-align-center cm-icons cm-text-tertiary\"><i class=\"fas fa-people-arrows\"><\/i><\/p>\n\n\n\n<p style=\"font-size:16px\"><strong>Si ets estudiant o professional<\/strong><\/p>\n\n\n\n<p style=\"font-size:15px\">&#8211; Aprendr\u00e0s a dissenyar activitats socioeducatives mitjan\u00e7ant jocs motors.<br>&#8211; Podr\u00e0s planificar processos d&#8217;aprenentatge en context d\u2019exclusi\u00f3 social.<br>&#8211; Coneixer\u00e0s t\u00e8cniques de dinamitzaci\u00f3 de grup.<br>&#8211; Podr\u00e0s dirigir processos did\u00e0ctics amb estrat\u00e8gies de foment de l&#8217;aprenentatge i de la socialitzaci\u00f3.<br>&#8211; Comprovar\u00e0s l\u2019efectivitat de la intervenci\u00f3 socioeducativa i de l\u2019activitat f\u00edsica com a recursos pedag\u00f2gics.<\/p>\n<\/div>\n<\/div>\n\n\n\n<div style=\"height:25px\" aria-hidden=\"true\" class=\"wp-block-spacer\"><\/div>\n\n\n\n<p>Si vols venir a divertir-te amb nosaltres, nom\u00e9s has d\u2019emplenar aquest formulari i et contactarem el m\u00e9s aviat possible:<\/p>\n\n\n\n<h2 class=\"wp-block-heading\" id=\"apuntat\">Apunta-t&#8217;hi!<\/h2>\n\n\n\n<p>El projecte \u2018COMMUNITY\u2019 ha finalitzat i, amb ell, les Trobades Socioesportives. Aquest projecte s\u2019ha desenvolupat al llarg de 3 anys (2021 a 2023) i la darrera Trobada ha tingut lloc el 20 de desembre de 2023.<\/p>\n\n\n\n<p>Nom\u00e9s podem donar gr\u00e0cies a totes les persones participants i entitats que heu donat suport a aquesta iniciativa per fomentar la inclusi\u00f3 social de les persones refugiades. Sense tots i totes vosaltres no hauria estat possible. Moltes gr\u00e0cies! Esperem veure-us en futures iniciatives.<\/p>\n","protected":false},"excerpt":{"rendered":"<p>Vols viure una experi\u00e8ncia divertida i enriquidora mentre fas exercici i coneixes gent? Les nostres trobades s\u00f3n gratu\u00eftes i, en elles, persones refugiades i persones volunt\u00e0ries comparteixen jocs esportius per a millorar habilitats interpersonals i trencar juntes prejudicis. Aquestes trobades formen part del projecte \u2018COMMUNITY\u2019 de la Universitat de Barcelona, [&hellip;]<\/p>\n","protected":false},"author":1,"featured_media":0,"parent":0,"menu_order":0,"comment_status":"closed","ping_status":"closed","template":"","meta":{"_themeisle_gutenberg_block_has_review":false,"footnotes":""},"class_list":["post-251","page","type-page","status-publish","hentry"],"_links":{"self":[{"href":"https:\/\/www.ub.edu\/community\/ca\/wp-json\/wp\/v2\/pages\/251","targetHints":{"allow":["GET"]}}],"collection":[{"href":"https:\/\/www.ub.edu\/community\/ca\/wp-json\/wp\/v2\/pages"}],"about":[{"href":"https:\/\/www.ub.edu\/community\/ca\/wp-json\/wp\/v2\/types\/page"}],"author":[{"embeddable":true,"href":"https:\/\/www.ub.edu\/community\/ca\/wp-json\/wp\/v2\/users\/1"}],"replies":[{"embeddable":true,"href":"https:\/\/www.ub.edu\/community\/ca\/wp-json\/wp\/v2\/comments?post=251"}],"version-history":[{"count":104,"href":"https:\/\/www.ub.edu\/community\/ca\/wp-json\/wp\/v2\/pages\/251\/revisions"}],"predecessor-version":[{"id":3550,"href":"https:\/\/www.ub.edu\/community\/ca\/wp-json\/wp\/v2\/pages\/251\/revisions\/3550"}],"wp:attachment":[{"href":"https:\/\/www.ub.edu\/community\/ca\/wp-json\/wp\/v2\/media?parent=251"}],"curies":[{"name":"wp","href":"https:\/\/api.w.org\/{rel}","templated":true}]}}