{"id":2577,"date":"2023-11-28T08:32:18","date_gmt":"2023-11-28T08:32:18","guid":{"rendered":"https:\/\/www.ub.edu\/community\/?page_id=2577"},"modified":"2023-12-21T09:44:34","modified_gmt":"2023-12-21T09:44:34","slug":"2-seminari","status":"publish","type":"page","link":"https:\/\/www.ub.edu\/community\/ca\/2-seminari\/","title":{"rendered":"Seminari \u201cInclusi\u00f3 social de persones refugiades mitjan\u00e7ant l&#8217;activitat f\u00edsica i l&#8217;esport\u201d"},"content":{"rendered":"\n<h2 class=\"wp-block-heading\">Barcelona, 13 de desembre de 2023<\/h2>\n\n\n\n<p>Us convidem al seminari de cloenda del <a href=\"https:\/\/www.ub.edu\/community\/ca\/projecte\/\" data-type=\"page\" data-id=\"1000\">projecte COMMUNITY<\/a>, en el qual es presentaran els principals resultats, s\u2019abordaran els <strong>reptes actuals i futurs respecte la inclusi\u00f3 social de les persones refugiades<\/strong> i debatrem sobre potencials estrat\u00e8gies d\u2019aplicaci\u00f3 i sostenibilitat de la metodologia socioesportiva.<\/p>\n\n\n\n<p>El projecte COMMUNITY, <strong>liderat per la Universitat de Barcelona<\/strong> i finan\u00e7at per la Comissi\u00f3 Europea, \u00e9s una iniciativa que ha abordat, al llarg dels darrers anys, els obstacles de la inclusi\u00f3 social de les persones en situaci\u00f3 de refugi i asil des de l\u2019activitat f\u00edsica i l\u2019esport col\u00b7laboratiu.<\/p>\n\n\n\n<p>Reptes com el racisme, la discriminaci\u00f3, la segregaci\u00f3 i la xenof\u00f2bia, s\u2019han tractat des de una successi\u00f3 de Trobades Socioesportives, des d\u2019on s\u2019han treballat temes com l\u2019apoderament, la conviv\u00e8ncia o la interculturalitat.<\/p>\n\n\n\n<p>El projecte ha adre\u00e7at els seg\u00fcents objectius:<\/p>\n\n\n\n<ol class=\"ticss-04389712 wp-block-list\">\n<li><strong>Millorar el coneixement i la comprensi\u00f3 m\u00fatua<\/strong> entre les persones refugiades i les comunitats d&#8217;acollida.<\/li>\n\n\n\n<li><strong>Abordar q\u00fcestions com l&#8217;apoderament, la conviv\u00e8ncia,<\/strong> la gesti\u00f3 positiva de conflictes, la participaci\u00f3 directa, el pensament cr\u00edtic, la interculturalitat i les relacions intergeneracionals.<\/li>\n\n\n\n<li><strong>Facilitar el benestar f\u00edsic i promoure la participaci\u00f3 directa<\/strong> de les comunitats d&#8217;acollida en enfocaments innovadors per a la integraci\u00f3 social dels refugiats mitjan\u00e7ant esports i activitats f\u00edsiques.<\/li>\n<\/ol>\n\n\n\n<div class=\"wp-block-columns is-layout-flex wp-container-core-columns-is-layout-28f84493 wp-block-columns-is-layout-flex\">\n<div class=\"wp-block-column is-layout-flow wp-block-column-is-layout-flow\">\n<p class=\"has-text-align-center cm-icons cm-text-secondary\"><i class=\"fas fa-user\"><\/i><\/p>\n\n\n\n<h4 class=\"wp-block-heading has-text-align-center\">Qui?<\/h4>\n\n\n\n<p><span style=\"font-size: revert; color: initial;\"><strong>Personal docent i investigador<\/strong>.<\/span><\/p>\n\n\n\n<p><span style=\"font-size: revert; color: initial;\"><strong>Professionals que treballen amb persones en situaci\u00f3 o risc d\u2019exclusi\u00f3<\/strong> i, en particular, persones refugiades i sol\u00b7licitants d\u2019asil.<\/span><\/p>\n\n\n\n<p><span style=\"font-size: revert; color: initial;\"><strong>Professionals i estudiants<\/strong> de l\u2019educaci\u00f3, la pedagogia, el treball i l\u2019assist\u00e8ncia social, la psicologia, l\u2019educaci\u00f3 f\u00edsica i l\u2019esport.<\/span><\/p>\n<\/div>\n\n\n\n<div class=\"wp-block-column is-layout-flow wp-block-column-is-layout-flow\">\n<p class=\"has-text-align-center cm-icons cm-text-primary\"><i class=\"fas fa-calendar-check\"><\/i><\/p>\n\n\n\n<h4 class=\"wp-block-heading has-text-align-center\">Quan?<\/h4>\n\n\n\n<p><strong>Dimecres 13 de desembre de 2023, de 9 a 14 hores<\/strong>.<\/p>\n\n\n\n<div style=\"height:25px\" aria-hidden=\"true\" class=\"wp-block-spacer\"><\/div>\n\n\n\n<p class=\"has-text-align-center cm-icons cm-text-primary\"><i class=\"fas fa-wifi\"><\/i><\/p>\n\n\n\n<h4 class=\"wp-block-heading has-text-align-center\">Modalitat<\/h4>\n\n\n\n<p><strong>Presencial o en l\u00ednia<\/strong>.<\/p>\n<\/div>\n\n\n\n<div class=\"wp-block-column is-layout-flow wp-block-column-is-layout-flow\">\n<p class=\"has-text-align-center cm-icons cm-text-tertiary\"><i class=\"fas fa-location-dot\"><\/i><\/p>\n\n\n\n<h4 class=\"wp-block-heading has-text-align-center\">On?<\/h4>\n\n\n\n<p><strong>Aula Ram\u00f3n y Cajal. Edifici hist\u00f2ric de la Universitat de Barcelona<\/strong>.<br>Gran Via de les Corts Catalanes, 585, 08007 Barcelona (metro L1 i L2 Universitat; tren Pla\u00e7a de Catalunya).<\/p>\n<\/div>\n<\/div>\n\n\n\n<div style=\"height:50px\" aria-hidden=\"true\" class=\"wp-block-spacer\"><\/div>\n\n\n\n<div class=\"wp-block-cover alignfull cm-fons-fosc\"><span aria-hidden=\"true\" class=\"wp-block-cover__background has-background-dim-70 has-background-dim wp-block-cover__gradient-background has-background-gradient\" style=\"background:linear-gradient(135deg,rgb(0,42,75) 0%,rgb(77,29,0) 100%)\"><\/span><img data-opt-id=1224987537  fetchpriority=\"high\" decoding=\"async\" width=\"2000\" height=\"1125\" class=\"wp-block-cover__image-background wp-image-1256\" alt=\"Persones refugiades i volunt\u00e0ries en una Trobada Socioesportiva\" src=\"https:\/\/mlrs8jfvglcz.i.optimole.com\/cb:X94i.2946c\/w:auto\/h:auto\/q:mauto\/f:best\/https:\/\/www.ub.edu\/community\/wp-content\/uploads\/2023\/03\/22112019-GMG_0591_web.jpg\" data-object-fit=\"cover\" srcset=\"https:\/\/mlrs8jfvglcz.i.optimole.com\/cb:X94i.2946c\/w:1920\/h:1080\/q:mauto\/f:best\/https:\/\/www.ub.edu\/community\/wp-content\/uploads\/2023\/03\/22112019-GMG_0591_web.jpg 2000w, https:\/\/mlrs8jfvglcz.i.optimole.com\/cb:X94i.2946c\/w:300\/h:169\/q:mauto\/f:best\/https:\/\/www.ub.edu\/community\/wp-content\/uploads\/2023\/03\/22112019-GMG_0591_web.jpg 300w, https:\/\/mlrs8jfvglcz.i.optimole.com\/cb:X94i.2946c\/w:1024\/h:576\/q:mauto\/f:best\/https:\/\/www.ub.edu\/community\/wp-content\/uploads\/2023\/03\/22112019-GMG_0591_web.jpg 1024w, https:\/\/mlrs8jfvglcz.i.optimole.com\/cb:X94i.2946c\/w:768\/h:432\/q:mauto\/f:best\/https:\/\/www.ub.edu\/community\/wp-content\/uploads\/2023\/03\/22112019-GMG_0591_web.jpg 768w, https:\/\/mlrs8jfvglcz.i.optimole.com\/cb:X94i.2946c\/w:1536\/h:864\/q:mauto\/f:best\/https:\/\/www.ub.edu\/community\/wp-content\/uploads\/2023\/03\/22112019-GMG_0591_web.jpg 1536w\" sizes=\"(max-width: 750px) 100vw, 750px\" \/><div class=\"wp-block-cover__inner-container is-layout-constrained wp-block-cover-is-layout-constrained\">\n<div class=\"wp-block-buttons is-content-justification-center is-layout-flex wp-container-core-buttons-is-layout-a89b3969 wp-block-buttons-is-layout-flex\">\n<div class=\"wp-block-button\"><a class=\"wp-block-button__link has-text-align-center wp-element-button\" href=\"#destinataris\"><i class=\"fas fa-user\"><\/i> Destinataris<\/a><\/div>\n\n\n\n<div class=\"wp-block-button\"><a class=\"wp-block-button__link has-text-align-center wp-element-button\" href=\"#objectius\"><i class=\"fas fa-bullseye\"><\/i> Objectius<\/a><\/div>\n\n\n\n<div class=\"wp-block-button\"><a class=\"wp-block-button__link has-text-align-center wp-element-button\" href=\"#programa\"><i class=\"fas fa-clipboard-list\"><\/i> Programa<\/a><\/div>\n\n\n\n<div class=\"wp-block-button\"><a class=\"wp-block-button__link has-text-align-center wp-element-button\" href=\"#materials\"><i class=\"fas fa-file-pdf\"><\/i> Materials<\/a><\/div>\n\n\n\n<div class=\"wp-block-button\"><a class=\"wp-block-button__link has-text-align-center wp-element-button\" href=\"#premsa\"><i class=\"fas fa-newspaper\"><\/i> Recull de premsa<\/a><\/div>\n\n\n\n<div class=\"wp-block-button cm-btn-cta\"><a class=\"wp-block-button__link has-text-align-center wp-element-button\" href=\"#inscripcio\"><i class=\"fas fa-pen-clip\"><\/i> Inscriu-t&#8217;hi!<\/a><\/div>\n<\/div>\n<\/div><\/div>\n\n\n\n<div style=\"height:75px\" aria-hidden=\"true\" id=\"destinataris\" class=\"wp-block-spacer\"><\/div>\n\n\n\n<h2 class=\"wp-block-heading\"><i class=\"fas fa-user\"><\/i> Destinataris<\/h2>\n\n\n\n<p>Personal docent i investigador d\u2019universitats i centres educatius de tota Catalunya.<\/p>\n\n\n\n<p>Professionals que treballen amb persones en situaci\u00f3 o risc d\u2019exclusi\u00f3.<\/p>\n\n\n\n<p>Professionals d\u2019entitats que treballen amb persones refugiades, sol\u00b7licitants d\u2019asil o en situaci\u00f3 assimilable: ONG, fundacions, associacions, serveis socials&#8230;<\/p>\n\n\n\n<p>Professionals i estudiants de l\u2019\u00e0mbit de l\u2019educaci\u00f3, la pedagogia, el treball i l\u2019assist\u00e8ncia social, la psicologia, l\u2019educaci\u00f3 f\u00edsica i l\u2019esport.<\/p>\n\n\n\n<div style=\"height:75px\" aria-hidden=\"true\" id=\"objectius\" class=\"wp-block-spacer\"><\/div>\n\n\n\n<h2 class=\"wp-block-heading\"><i class=\"fas fa-bullseye\"><\/i> Objectius<\/h2>\n\n\n\n<p><strong>Presentar<\/strong>:<br>&#8211; Els principals resultats del projecte COMMUNITY.<br>&#8211; Un conjunt d\u2019eines perqu\u00e8 professionals i entitats puguin dissenyar, implementar i avaluar Trobades Socioesportives.<\/p>\n\n\n\n<p><strong>Intercanviar bones pr\u00e0ctiques<\/strong> entre organitzacions socials, ONG i grups comunitaris involucrats en iniciatives relacionades amb la inclusi\u00f3 social de persones refugiades mitjan\u00e7ant l&#8217;activitat f\u00edsica.<\/p>\n\n\n\n<p><strong>Reflexionar i debatre<\/strong> sobre:<br>&#8211; L\u2019\u00fas de l\u2019activitat f\u00edsica i l\u2019esport com a eines pedag\u00f2giques de transformaci\u00f3 social envers les persones refugiades i sol\u00b7licitants d\u2019asil.<br>&#8211; Potencials estrat\u00e8gies d\u2019aplicaci\u00f3 i sostenibilitat de la intervenci\u00f3 socioeducativa basada en l&#8217;activitat f\u00edsica.<br>&#8211; Els reptes actuals i futurs respecte la inclusi\u00f3 social de persones refugiades a les comunitats d&#8217;acollida.<\/p>\n\n\n\n<div style=\"height:75px\" aria-hidden=\"true\" id=\"programa\" class=\"wp-block-spacer\"><\/div>\n\n\n\n<h2 class=\"wp-block-heading\"><i class=\"fas fa-clipboard-list\"><\/i> Programa<\/h2>\n\n\n\n<p>Dimecres 13 de desembre de 2023, de 9 a 14 hores.<\/p>\n\n\n\n<ul class=\"ticss-841d6fbb wp-block-list\">\n<li class=\"ticss-0d3dfe21\"><strong>9:00 h &#8211; Comencem!<\/strong><br><em>Registre de participants.<\/em><\/li>\n\n\n\n<li><strong>9:30 h &#8211; Presentaci\u00f3 del seminari<br><\/strong><em>La Universitat de Barcelona, una universitat compromesa amb la inclusi\u00f3 social.<\/em><\/li>\n\n\n\n<li><strong>10:00 h &#8211; Presentaci\u00f3 del projecte<br><\/strong><em>Qu\u00e8 \u00e9s COMMUNITY?<\/em><br><strong>Francesc Busc\u00e0<\/strong>  |  Professor Agregat del Departament de Did\u00e0ctiques Aplicades de la Facultat d\u2019Educaci\u00f3 de la Universitat de Barcelona i Investigador Principal del projecte COMMUNITY.<\/li>\n\n\n\n<li><strong>10:30 h &#8211; Activitats i metodologies<br><\/strong><em>Qu\u00e8 s\u00f3n i com han funcionat les Trobades Socioesportives?<\/em><br><strong>Francesc Busc\u00e0<\/strong>  |  Professor Agregat del Departament de Did\u00e0ctiques Aplicades de la Facultat d\u2019Educaci\u00f3 de la Universitat de Barcelona i Investigador Principal del projecte COMMUNITY.<br><strong>Laura Tom\u00e0s<\/strong>  |  Mestra d\u2019Educaci\u00f3 F\u00edsica, Educadora Social i Educadora de les Trobades Socioesportives del projecte COMMUNITY.<\/li>\n\n\n\n<li><strong>11:00 h &#8211; Descansem!<\/strong><br><em>Coffee break i Networking.<\/em><\/li>\n\n\n\n<li><strong>11:30 h &#8211; Di\u00e0leg. Qu\u00e8 en pensen els participants de les Trobades Socioesportives?<\/strong><br><em>Conversem amb persones refugiades, estudiants i persones volunt\u00e0ries que han participat a les Trobades Socioesportives.<\/em><br>Moderadora  |  <strong>Laura Tom\u00e0s<\/strong><\/li>\n\n\n\n<li><strong>12:00 h &#8211; Taula Rodona<\/strong><br><em>Diferents entitats socials que treballen la inclusi\u00f3 social des de l\u2019activitat f\u00edsica comparteixen les seves experi\u00e8ncies, bones pr\u00e0ctiques i potencials aplicacions de la metodologia.<\/em><br><strong>La Rotllana<\/strong>  |  Associaci\u00f3 sense \u00e0nim de lucre que treballa pels infants i joves des de l\u2019educaci\u00f3 no formal. Des de l\u2019educaci\u00f3 en el lleure, la cultura, la cooperaci\u00f3 internacional, l\u2019esport i l\u2019acci\u00f3 sociocomunit\u00e0ria, treballen per promoure la igualtat i el respecte a la diversitat.<br><strong>Refugees Welcome<\/strong>  |  Organitzaci\u00f3 sense \u00e0nim de lucre amb una s\u00f2lida experi\u00e8ncia en el camp de la inclusi\u00f3 social. Treballen per promoure un canvi cultural i un nou model d\u2019acollida.<br><strong>Torn de paraula obert al p\u00fablic<\/strong>  |  Vine i participa!<\/li>\n\n\n\n<li><strong>13:00 h &#8211; Finalitzem!<\/strong><br><em>Recull de conclusions.<\/em><\/li>\n<\/ul>\n\n\n\n<div style=\"height:75px\" aria-hidden=\"true\" id=\"materials\" class=\"wp-block-spacer\"><\/div>\n\n\n\n<h2 class=\"wp-block-heading\"><i class=\"fas fa-file-pdf\"><\/i> Materials<\/h2>\n\n\n\n<ul class=\"ticss-150e677e wp-block-list\">\n<li><a href=\"https:\/\/www.ub.edu\/community\/wp-content\/uploads\/2023\/12\/final-seminar_presentation-community-project.pdf\" target=\"_blank\" rel=\"noreferrer noopener\">Diapositives &#8220;Presentaci\u00f3 del projecte &#8216;COMMUNITY'&#8221;<\/a><\/li>\n\n\n\n<li><a href=\"https:\/\/www.ub.edu\/community\/wp-content\/uploads\/2023\/12\/final-seminar_results-community-project.pdf\" target=\"_blank\" rel=\"noreferrer noopener\">Diapositives &#8220;Resultats del projecte &#8216;COMMUNITY'&#8221;<\/a><\/li>\n<\/ul>\n\n\n\n<div style=\"height:75px\" aria-hidden=\"true\" id=\"premsa\" class=\"wp-block-spacer\"><\/div>\n\n\n\n<h2 class=\"wp-block-heading\"><i class=\"fas fa-newspaper\"><\/i> Recull de premsa<\/h2>\n\n\n\n<ul class=\"ticss-2ffd1976 wp-block-list\">\n<li>19 de desembre 2023 &#8211; Projecte &#8216;COMMUNITY&#8217;<br><a href=\"https:\/\/www.ub.edu\/community\/ca\/2023\/12\/19\/persones-de-40-paisos-participen-al-projecte-community-ub-que-promou-la-inclusio-social-de-persones-refugiades-a-traves-de-lesport\/\">Persones de 40 pa\u00efsos participen al projecte \u2018COMMUNITY\u2019 UB que promou la inclusi\u00f3 social de persones refugiades a trav\u00e9s de l\u2019esport<\/a><\/li>\n\n\n\n<li>14 de desembre 2023 &#8211; Fundaci\u00f3 Solidaritat UB<br><a href=\"https:\/\/www.solidaritat.ub.edu\/cronica-ub-refugi-2023\/\" target=\"_blank\" rel=\"noreferrer noopener\">La Universitat de Barcelona comparteix la seva experi\u00e8ncia en acollida i inclusi\u00f3 social de persones refugiades<\/a><\/li>\n\n\n\n<li>4 de desembre 2023 &#8211; Projecte &#8216;COMMUNITY&#8217;<br><a href=\"https:\/\/www.ub.edu\/community\/ca\/2023\/12\/04\/la-ub-organitza-el-seminari-inclusio-social-de-persones-refugiades-mitjancant-lactivitat-fisica-i-lesport\/\">La UB organitza el seminari \u201cInclusi\u00f3 social de persones refugiades mitjan\u00e7ant l\u2019activitat f\u00edsica i l\u2019esport\u201d<\/a><\/li>\n\n\n\n<li>29 de novembre 2023 &#8211; Fundaci\u00f3 Solidaritat UB<br><a href=\"https:\/\/www.solidaritat.ub.edu\/community-seminari-final\/\" target=\"_blank\" rel=\"noreferrer noopener\">El seminari final de COMMUNITY abordar\u00e0 els reptes en la inclusi\u00f3 social de les persones refugiades<\/a><\/li>\n\n\n\n<li>1 de desembre 2023 &#8211; Qu\u00e8DeQu\u00e8<br><a href=\"https:\/\/quedeque.barcelona\/agenda\/inclusio-social-de-persones-refugiades-mitjancant-lactivitat-fisica-i-lesport\" target=\"_blank\" rel=\"noreferrer noopener\">Inclusi\u00f3 social de persones refugiades mitjan\u00e7ant l\u2019activitat f\u00edsica i l\u2019esport<\/a><\/li>\n\n\n\n<li>1 de desembre de 2023 &#8211; XarxaNet<br><a href=\"https:\/\/xarxanet.org\/agenda\/seminari-inclusio-social-de-persones-refugiades-mitjancant-lactivitat-fisica-i-lesport\" target=\"_blank\" rel=\"noreferrer noopener\">Seminari &#8216;Inclusi\u00f3 social de persones refugiades mitjan\u00e7ant l\u2019activitat f\u00edsica i l\u2019esport&#8217;<\/a><\/li>\n\n\n\n<li>1 de desembre de 2023 &#8211; Inter.com<br><a href=\"https:\/\/intercom.lafede.cat\/activitats\/inclusio-social-de-persones-refugiades-mitjancant-lactivitat-fisica-i-lesport\" target=\"_blank\" rel=\"noreferrer noopener\">Inclusi\u00f3 social de persones refugiades mitjan\u00e7ant l\u2019activitat f\u00edsica i l\u2019esport<\/a><\/li>\n\n\n\n<li>1 de desembre 2023 &#8211; Institut de Desenvolupament Professional de la Universitat de Barcelona<br><a href=\"https:\/\/www.ub.edu\/idp\/web\/ca\/noticies\/el-seminari-final-de-community-abordara-els-reptes-en-la-inclusio-social-de-les-persones\" target=\"_blank\" rel=\"noreferrer noopener\">El seminari final de COMMUNITY abordar\u00e0 els reptes en la inclusi\u00f3 social de les persones refugiades<\/a><\/li>\n<\/ul>\n\n\n\n<div style=\"height:75px\" aria-hidden=\"true\" id=\"inscripcio\" class=\"wp-block-spacer\"><\/div>\n\n\n\n<h2 class=\"wp-block-heading\"><i class=\"fas fa-pen-clip\"><\/i> Inscriu-t&#8217;hi!<\/h2>\n\n\n\n<p>Aquest esdeveniment va tenir lloc el 13 de desembre de 2023, per la qual cosa ja no \u00e9s possible la inscripci\u00f3.<\/p>\n","protected":false},"excerpt":{"rendered":"<p>Barcelona, 13 de desembre de 2023 Us convidem al seminari de cloenda del projecte COMMUNITY, en el qual es presentaran els principals resultats, s\u2019abordaran els reptes actuals i futurs respecte la inclusi\u00f3 social de les persones refugiades i debatrem sobre potencials estrat\u00e8gies d\u2019aplicaci\u00f3 i sostenibilitat de la metodologia socioesportiva. El [&hellip;]<\/p>\n","protected":false},"author":1,"featured_media":0,"parent":0,"menu_order":0,"comment_status":"closed","ping_status":"closed","template":"","meta":{"_themeisle_gutenberg_block_has_review":false,"footnotes":""},"class_list":["post-2577","page","type-page","status-publish","hentry"],"_links":{"self":[{"href":"https:\/\/www.ub.edu\/community\/ca\/wp-json\/wp\/v2\/pages\/2577","targetHints":{"allow":["GET"]}}],"collection":[{"href":"https:\/\/www.ub.edu\/community\/ca\/wp-json\/wp\/v2\/pages"}],"about":[{"href":"https:\/\/www.ub.edu\/community\/ca\/wp-json\/wp\/v2\/types\/page"}],"author":[{"embeddable":true,"href":"https:\/\/www.ub.edu\/community\/ca\/wp-json\/wp\/v2\/users\/1"}],"replies":[{"embeddable":true,"href":"https:\/\/www.ub.edu\/community\/ca\/wp-json\/wp\/v2\/comments?post=2577"}],"version-history":[{"count":45,"href":"https:\/\/www.ub.edu\/community\/ca\/wp-json\/wp\/v2\/pages\/2577\/revisions"}],"predecessor-version":[{"id":3506,"href":"https:\/\/www.ub.edu\/community\/ca\/wp-json\/wp\/v2\/pages\/2577\/revisions\/3506"}],"wp:attachment":[{"href":"https:\/\/www.ub.edu\/community\/ca\/wp-json\/wp\/v2\/media?parent=2577"}],"curies":[{"name":"wp","href":"https:\/\/api.w.org\/{rel}","templated":true}]}}